{"id":102214,"date":"2023-07-10T14:14:52","date_gmt":"2023-07-10T12:14:52","guid":{"rendered":"https:\/\/www.sp-ps.ch\/?page_id=102214"},"modified":"2026-03-31T11:57:44","modified_gmt":"2026-03-31T09:57:44","slug":"science-education-et-culture","status":"publish","type":"page","link":"https:\/\/www.sp-ps.ch\/fr\/parti\/commissions-thematiques\/science-education-et-culture\/","title":{"rendered":"Commission th\u00e9matique &#8220;Science, \u00e9ducation et culture&#8221;"},"content":{"rendered":"\t\t<div data-elementor-type=\"wp-page\" data-elementor-id=\"102214\" class=\"elementor elementor-102214 elementor-102213\" data-elementor-post-type=\"page\">\n\t\t\t\t\t\t<section class=\"elementor-section elementor-top-section elementor-element elementor-element-ccc6dfb elementor-section-boxed elementor-section-height-default elementor-section-height-default\" data-id=\"ccc6dfb\" data-element_type=\"section\" data-settings=\"{&quot;jet_parallax_layout_list&quot;:[],&quot;background_background&quot;:&quot;classic&quot;}\">\n\t\t\t\t\t\t<div class=\"elementor-container elementor-column-gap-wide\">\n\t\t\t\t\t<div class=\"elementor-column elementor-col-100 elementor-top-column elementor-element elementor-element-b6c0fd3\" data-id=\"b6c0fd3\" data-element_type=\"column\">\n\t\t\t<div class=\"elementor-widget-wrap elementor-element-populated\">\n\t\t\t\t\t\t<div class=\"elementor-element elementor-element-0fe5bc5 elementor-widget elementor-widget-heading\" data-id=\"0fe5bc5\" data-element_type=\"widget\" data-widget_type=\"heading.default\">\n\t\t\t\t<div class=\"elementor-widget-container\">\n\t\t\t\t\t<h1 class=\"elementor-heading-title elementor-size-default\">Commission th\u00e9matique \u00abScience, \u00e9ducation et culture\u00bb<\/h1>\t\t\t\t<\/div>\n\t\t\t\t<\/div>\n\t\t\t\t<div class=\"elementor-element elementor-element-7cb0d56 elementor-widget elementor-widget-jet-breadcrumbs\" data-id=\"7cb0d56\" data-element_type=\"widget\" data-widget_type=\"jet-breadcrumbs.default\">\n\t\t\t\t<div class=\"elementor-widget-container\">\n\t\t\t\t\t<div class=\"elementor-jet-breadcrumbs jet-blocks\">\n\t\t<div class=\"jet-breadcrumbs\">\n\t\t<div class=\"jet-breadcrumbs__content\">\n\t\t<div class=\"jet-breadcrumbs__wrap\">\n\t\t<\/div>\n\t\t<\/div>\n\t\t<\/div><\/div>\t\t\t\t<\/div>\n\t\t\t\t<\/div>\n\t\t\t\t\t<\/div>\n\t\t<\/div>\n\t\t\t\t\t<\/div>\n\t\t<\/section>\n\t\t\t\t<section class=\"elementor-section elementor-top-section elementor-element elementor-element-a8e558a elementor-section-boxed elementor-section-height-default elementor-section-height-default\" data-id=\"a8e558a\" data-element_type=\"section\" data-settings=\"{&quot;jet_parallax_layout_list&quot;:[]}\">\n\t\t\t\t\t\t<div class=\"elementor-container elementor-column-gap-wide\">\n\t\t\t\t\t<div class=\"elementor-column elementor-col-100 elementor-top-column elementor-element elementor-element-195e017\" data-id=\"195e017\" data-element_type=\"column\">\n\t\t\t<div class=\"elementor-widget-wrap elementor-element-populated\">\n\t\t\t\t\t\t<div class=\"elementor-element elementor-element-c04b11b elementor-widget elementor-widget-spps_person_grid\" data-id=\"c04b11b\" data-element_type=\"widget\" id=\"Themenkommission-Wissenschaft-Bildung-Kultur\" data-widget_type=\"spps_person_grid.default\">\n\t\t\t\t<div class=\"elementor-widget-container\">\n\t\t\t\t\t<div class=\"button-list-wrapper \"><div class=\"button-list-container\"><div class=\"persons persons-grid-2\"><div class=\"persons-items\"><div class=\"persons-item\"><div class=\"person-container\"><div class=\"person-portrait\"><a href=\"https:\/\/www.sp-ps.ch\/fr\/person\/emmanuel-amoos\/\"><img decoding=\"async\" src=\"https:\/\/www.sp-ps.ch\/wp-content\/uploads\/2021\/06\/VS_NR_2023_PS_Amoos_Emmanuel_2097-G-600x600.jpg?v=1698920172\" alt=\"Emmanuel Amoos\" loading=\"lazy\"><\/a><\/div><div class=\"person-content\"><a href=\"https:\/\/www.sp-ps.ch\/fr\/person\/emmanuel-amoos\/\" class=\"person-name\"><p><strong>Emmanuel Amoos<\/strong><\/p><\/a><p class=\"person-position\">Conseiller national VS<\/p><ul class=\"person-kontakt list-pills list-pills-grey\"><li><a href=\"mailto:emmanuel.amoos@parl.ch\">E-Mail<\/a><\/li><\/ul><\/div><\/div><\/div><div class=\"persons-item\"><div class=\"person-container\"><div class=\"person-portrait\"><a href=\"https:\/\/www.sp-ps.ch\/fr\/person\/sandro-liniger\/\"><img decoding=\"async\" src=\"https:\/\/www.sp-ps.ch\/wp-content\/uploads\/2019\/11\/Bild-Sandro-600x600.jpg?v=1764065095\" alt=\"Sandro Liniger\" loading=\"lazy\"><\/a><\/div><div class=\"person-content\"><a href=\"https:\/\/www.sp-ps.ch\/fr\/person\/sandro-liniger\/\" class=\"person-name\"><p><strong>Sandro Liniger<\/strong><\/p><\/a><p class=\"person-position\">Conseiller specialis\u00e9 (CSEC) &amp; secr\u00e9taire international<\/p><ul class=\"person-kontakt list-pills list-pills-grey\"><li><a href=\"tel:+41313296964\">+41 31 329 69 64<\/a><\/li><li><a href=\"mailto:sandro.liniger@spschweiz.ch\">E-Mail<\/a><\/li><\/ul><\/div><\/div><\/div><div class=\"persons-item\"><div class=\"person-container\"><div class=\"person-portrait\"><a href=\"https:\/\/www.sp-ps.ch\/fr\/person\/gisela-widmer-reichlin\/\"><img decoding=\"async\" src=\"https:\/\/www.sp-ps.ch\/wp-content\/uploads\/2023\/07\/gisela-widmer-reichlin-600x600.jpg?v=1688981003\" alt=\"Gisela Widmer Reichlin\" loading=\"lazy\"><\/a><\/div><div class=\"person-content\"><a href=\"https:\/\/www.sp-ps.ch\/fr\/person\/gisela-widmer-reichlin\/\" class=\"person-name\"><p><strong>Gisela Widmer Reichlin<\/strong><\/p><\/a><p class=\"person-position\">Deput\u00e9e en Gran Conseil LU et Municipale \u00e0 Adligenswil<\/p><\/div><\/div><\/div><\/div><\/div><\/div><\/div>\t\t\t\t<\/div>\n\t\t\t\t<\/div>\n\t\t\t\t<div class=\"elementor-element elementor-element-f682a4f elementor-widget elementor-widget-heading\" data-id=\"f682a4f\" data-element_type=\"widget\" data-widget_type=\"heading.default\">\n\t\t\t\t<div class=\"elementor-widget-container\">\n\t\t\t\t\t<h2 class=\"elementor-heading-title elementor-size-medium\">Br\u00e8ve description des travaux de la commission<\/h2>\t\t\t\t<\/div>\n\t\t\t\t<\/div>\n\t\t\t\t<div class=\"elementor-element elementor-element-7dc9bcd elementor-widget elementor-widget-spps_title_text\" data-id=\"7dc9bcd\" data-element_type=\"widget\" data-widget_type=\"spps_title_text.default\">\n\t\t\t\t<div class=\"elementor-widget-container\">\n\t\t\t\t\t<div class=\"title-text-wrapper \"><div class=\"title-text-container\"><div class=\"title-text-text\"><ul><li><strong>Egalit\u00e9 des chances : acc\u00e8s \u00e0 l\u2019\u00e9ducation pour toutes et tous<\/strong> : Am\u00e9liorer les chances de formaton pour toutes et tous en am\u00e9liorant l\u2019int\u00e9gration, l\u2019encouragement pr\u00e9coce, les \u00e9coles \u00e0 horaire continu ou l\u2019acc\u00e8s aux bourses d\u2019\u00e9tudes. Formation de haute qualit\u00e9 pour le corps enseignant, bonnes condition de travail.<\/li><li><strong>Formation professionnelle \u2013 \u00e9ducation : <\/strong>Des places d\u2019apprentissage pour toutes et tous, pas de dipl\u00f4me sans possibilit\u00e9 de passerelle, bonne gestion des cas de maladie, offres de soutien.<\/li><li><strong>Grande qualit\u00e9 de l\u2019enseignement sup\u00e9rieur : <\/strong>Offre de formation orient\u00e9e vers l\u2019avenir dans les universit\u00e9s, les EPF, les hautes \u00e9coles sp\u00e9cialis\u00e9es, promotion cib\u00e9e des femmes, bons taux d\u2019encadrement, promotion de la coop\u00e9ration internationale, pousuite des programmes de formation, d\u2019\u00e9change et de recherche avec l\u2019UE, harmonisation du syst\u00e8me de bourses.<\/li><li><strong>Formation continue, perfectionnement et rattrapage : <\/strong>Formation ax\u00e9e sur la p\u00e9nurie de sp\u00e9cialistes et de main d\u2019oeuvre, apprentissage de comp\u00e9tences de base pour toutes les personnes adultes de toutes les origines, mod\u00e8les de financement pour les bas revenus.<\/li><li><strong>Science :<\/strong> Renforcement de la recherche fondamentale ind\u00e9pendante, bonnes confitions de travail et perspectives d\u2019avenir pour le corps interm\u00e9diaire acad\u00e9mique, fin de la pr\u00e9carit\u00e9 !<\/li><li><strong>Culture : <\/strong>Promotion de la culture, Pro Helvetia, protection des biens culturels, libert\u00e9 artisitique, s\u00e9curit\u00e9 sociale des artistes.<\/li><\/ul><\/div><\/div><\/div>\t\t\t\t<\/div>\n\t\t\t\t<\/div>\n\t\t\t\t<div class=\"elementor-element elementor-element-4233806 elementor-widget elementor-widget-text-editor\" data-id=\"4233806\" data-element_type=\"widget\" data-widget_type=\"text-editor.default\">\n\t\t\t\t<div class=\"elementor-widget-container\">\n\t\t\t\t\t\t\t\t\t<p>Les r\u00e9unions ont g\u00e9n\u00e9ralement lieu pendant les sessions du Parlement f\u00e9d\u00e9ral. Les s\u00e9ances en ligne alterneront avec des rencontres au Palais f\u00e9d\u00e9ral afin de permettre au plus grand nombre de personnes int\u00e9ress\u00e9es d&#8217;y participer.<\/p>\t\t\t\t\t\t\t\t<\/div>\n\t\t\t\t<\/div>\n\t\t\t\t<div class=\"elementor-element elementor-element-a8c9a28 elementor-widget elementor-widget-spacer\" data-id=\"a8c9a28\" data-element_type=\"widget\" data-widget_type=\"spacer.default\">\n\t\t\t\t<div class=\"elementor-widget-container\">\n\t\t\t\t\t\t\t<div class=\"elementor-spacer\">\n\t\t\t<div class=\"elementor-spacer-inner\"><\/div>\n\t\t<\/div>\n\t\t\t\t\t\t<\/div>\n\t\t\t\t<\/div>\n\t\t\t\t\t<\/div>\n\t\t<\/div>\n\t\t\t\t\t<\/div>\n\t\t<\/section>\n\t\t\t\t<section class=\"elementor-section elementor-top-section elementor-element elementor-element-a7198ad elementor-section-boxed elementor-section-height-default elementor-section-height-default\" data-id=\"a7198ad\" data-element_type=\"section\" data-settings=\"{&quot;jet_parallax_layout_list&quot;:[]}\">\n\t\t\t\t\t\t<div class=\"elementor-container elementor-column-gap-default\">\n\t\t\t\t\t<div class=\"elementor-column elementor-col-100 elementor-top-column elementor-element elementor-element-ed6c832\" data-id=\"ed6c832\" data-element_type=\"column\">\n\t\t\t<div class=\"elementor-widget-wrap elementor-element-populated\">\n\t\t\t\t\t\t<div class=\"elementor-element elementor-element-6c5deef elementor-widget elementor-widget-spps_call_to_action\" data-id=\"6c5deef\" data-element_type=\"widget\" data-widget_type=\"spps_call_to_action.default\">\n\t\t\t\t<div class=\"elementor-widget-container\">\n\t\t\t\t\t<div class=\"call-to-action-wrapper  \" style=\"background:#E4002B\" ><div class=\"call-to-action-title\"><h2>Interess\u00e9-e ?<\/h2><\/div><div class=\"call-to-action-container\"><div class=\"call-to-action-text\"><p>Ici tu peux t'inscrire pour la Commission \u00abScience, \u00e9ducation et culture\u00bb.<\/p>\n<p>Nous nous r\u00e9jouissons !<\/p>\n<\/div><div class=\"call-to-action-buttons call-to-action-buttons-left\"><div class=\"button-wrapper \"><a href=\"https:\/\/www.sp-ps.ch\/fr\/parti\/commissions-thematiques\/formulaire-dinscription-commissions-specialisees\/\"  target=\"_self\" class=\"button-link button-link-default\"  style='color:#E4002B' onMouseOver=\"this.style.color='white';this.style.background='#E4002B'\" onMouseOut=\"this.style.color='#E4002B';this.style.background='#EBEBEB'\">Formulaire d'inscription<\/a><\/div><\/div><\/div><\/div>\t\t\t\t<\/div>\n\t\t\t\t<\/div>\n\t\t\t\t\t<\/div>\n\t\t<\/div>\n\t\t\t\t\t<\/div>\n\t\t<\/section>\n\t\t\t\t<section class=\"elementor-section elementor-top-section elementor-element elementor-element-c90d6ef elementor-section-boxed elementor-section-height-default elementor-section-height-default\" data-id=\"c90d6ef\" data-element_type=\"section\" data-settings=\"{&quot;jet_parallax_layout_list&quot;:[]}\">\n\t\t\t\t\t\t<div class=\"elementor-container elementor-column-gap-default\">\n\t\t\t\t\t<div class=\"elementor-column elementor-col-100 elementor-top-column elementor-element elementor-element-bb93a81\" data-id=\"bb93a81\" data-element_type=\"column\">\n\t\t\t<div class=\"elementor-widget-wrap\">\n\t\t\t\t\t\t\t<\/div>\n\t\t<\/div>\n\t\t\t\t\t<\/div>\n\t\t<\/section>\n\t\t\t\t<\/div>\n\t\t","protected":false},"excerpt":{"rendered":"<p>Commission th\u00e9matique \u00abScience, \u00e9ducation et culture\u00bb Emmanuel Amoos Conseiller national VS E-Mail Sandro Liniger Conseiller specialis\u00e9 (CSEC) &amp; secr\u00e9taire international +41 31 329 69 64 E-Mail Gisela Widmer Reichlin Deput\u00e9e [&hellip;]<\/p>\n","protected":false},"author":23,"featured_media":0,"parent":30493,"menu_order":1,"comment_status":"closed","ping_status":"closed","template":"","meta":{"footnotes":""},"class_list":["post-102214","page","type-page","status-publish","hentry"],"_links":{"self":[{"href":"https:\/\/www.sp-ps.ch\/fr\/wp-json\/wp\/v2\/pages\/102214","targetHints":{"allow":["GET"]}}],"collection":[{"href":"https:\/\/www.sp-ps.ch\/fr\/wp-json\/wp\/v2\/pages"}],"about":[{"href":"https:\/\/www.sp-ps.ch\/fr\/wp-json\/wp\/v2\/types\/page"}],"author":[{"embeddable":true,"href":"https:\/\/www.sp-ps.ch\/fr\/wp-json\/wp\/v2\/users\/23"}],"replies":[{"embeddable":true,"href":"https:\/\/www.sp-ps.ch\/fr\/wp-json\/wp\/v2\/comments?post=102214"}],"version-history":[{"count":21,"href":"https:\/\/www.sp-ps.ch\/fr\/wp-json\/wp\/v2\/pages\/102214\/revisions"}],"predecessor-version":[{"id":181344,"href":"https:\/\/www.sp-ps.ch\/fr\/wp-json\/wp\/v2\/pages\/102214\/revisions\/181344"}],"up":[{"embeddable":true,"href":"https:\/\/www.sp-ps.ch\/fr\/wp-json\/wp\/v2\/pages\/30493"}],"wp:attachment":[{"href":"https:\/\/www.sp-ps.ch\/fr\/wp-json\/wp\/v2\/media?parent=102214"}],"curies":[{"name":"wp","href":"https:\/\/api.w.org\/{rel}","templated":true}]}}