{"id":102371,"date":"2023-06-16T11:29:12","date_gmt":"2023-06-16T09:29:12","guid":{"rendered":"https:\/\/www.sp-ps.ch\/?page_id=102371"},"modified":"2026-03-31T12:01:35","modified_gmt":"2026-03-31T10:01:35","slug":"logement-et-politique-fonciere","status":"publish","type":"page","link":"https:\/\/www.sp-ps.ch\/fr\/parti\/commissions-thematiques\/logement-et-politique-fonciere\/","title":{"rendered":"Commission th\u00e9matique \u00abLogement et politique fonci\u00e8re\u00bb"},"content":{"rendered":"\t\t<div data-elementor-type=\"wp-page\" data-elementor-id=\"102371\" class=\"elementor elementor-102371 elementor-102370\" data-elementor-post-type=\"page\">\n\t\t\t\t\t\t<section class=\"elementor-section elementor-top-section elementor-element elementor-element-763d2f5 elementor-section-boxed elementor-section-height-default elementor-section-height-default\" data-id=\"763d2f5\" data-element_type=\"section\" data-settings=\"{&quot;jet_parallax_layout_list&quot;:[],&quot;background_background&quot;:&quot;classic&quot;}\">\n\t\t\t\t\t\t<div class=\"elementor-container elementor-column-gap-wide\">\n\t\t\t\t\t<div class=\"elementor-column elementor-col-100 elementor-top-column elementor-element elementor-element-d49c518\" data-id=\"d49c518\" data-element_type=\"column\">\n\t\t\t<div class=\"elementor-widget-wrap elementor-element-populated\">\n\t\t\t\t\t\t<div class=\"elementor-element elementor-element-cb27d09 elementor-widget elementor-widget-heading\" data-id=\"cb27d09\" data-element_type=\"widget\" data-widget_type=\"heading.default\">\n\t\t\t\t<div class=\"elementor-widget-container\">\n\t\t\t\t\t<h1 class=\"elementor-heading-title elementor-size-default\">Commission th\u00e9matique \u00ab&nbsp;Logement et politique fonci\u00e8re \u00bb<\/h1>\t\t\t\t<\/div>\n\t\t\t\t<\/div>\n\t\t\t\t<div class=\"elementor-element elementor-element-cd162d9 elementor-widget elementor-widget-jet-breadcrumbs\" data-id=\"cd162d9\" data-element_type=\"widget\" data-widget_type=\"jet-breadcrumbs.default\">\n\t\t\t\t<div class=\"elementor-widget-container\">\n\t\t\t\t\t<div class=\"elementor-jet-breadcrumbs jet-blocks\">\n\t\t<div class=\"jet-breadcrumbs\">\n\t\t<div class=\"jet-breadcrumbs__content\">\n\t\t<div class=\"jet-breadcrumbs__wrap\">\n\t\t<\/div>\n\t\t<\/div>\n\t\t<\/div><\/div>\t\t\t\t<\/div>\n\t\t\t\t<\/div>\n\t\t\t\t\t<\/div>\n\t\t<\/div>\n\t\t\t\t\t<\/div>\n\t\t<\/section>\n\t\t\t\t<section class=\"elementor-section elementor-top-section elementor-element elementor-element-068d80d elementor-section-full_width elementor-section-height-min-height elementor-section-height-default elementor-section-items-middle\" data-id=\"068d80d\" data-element_type=\"section\" data-settings=\"{&quot;jet_parallax_layout_list&quot;:[]}\">\n\t\t\t\t\t\t<div class=\"elementor-container elementor-column-gap-no\">\n\t\t\t\t\t<div class=\"elementor-column elementor-col-100 elementor-top-column elementor-element elementor-element-ac4dafb\" data-id=\"ac4dafb\" data-element_type=\"column\">\n\t\t\t<div class=\"elementor-widget-wrap\">\n\t\t\t\t\t\t\t<\/div>\n\t\t<\/div>\n\t\t\t\t\t<\/div>\n\t\t<\/section>\n\t\t\t\t<section class=\"elementor-section elementor-top-section elementor-element elementor-element-56faaef elementor-section-boxed elementor-section-height-default elementor-section-height-default\" data-id=\"56faaef\" data-element_type=\"section\" data-settings=\"{&quot;jet_parallax_layout_list&quot;:[]}\">\n\t\t\t\t\t\t<div class=\"elementor-container elementor-column-gap-wide\">\n\t\t\t\t\t<div class=\"elementor-column elementor-col-100 elementor-top-column elementor-element elementor-element-5ad660d\" data-id=\"5ad660d\" data-element_type=\"column\">\n\t\t\t<div class=\"elementor-widget-wrap elementor-element-populated\">\n\t\t\t\t\t\t<div class=\"elementor-element elementor-element-7dcfcce elementor-widget elementor-widget-spps_person_grid\" data-id=\"7dcfcce\" data-element_type=\"widget\" id=\"themenkommission-boden-und-wohnen\" data-widget_type=\"spps_person_grid.default\">\n\t\t\t\t<div class=\"elementor-widget-container\">\n\t\t\t\t\t<div class=\"button-list-wrapper \"><div class=\"button-list-container\"><div class=\"persons persons-grid-2\"><div class=\"persons-items\"><div class=\"persons-item\"><div class=\"person-container\"><div class=\"person-portrait\"><a href=\"https:\/\/www.sp-ps.ch\/fr\/person\/christian-dandres\/\"><img decoding=\"async\" src=\"https:\/\/www.sp-ps.ch\/wp-content\/uploads\/2019\/11\/GE_NR_2023_SP_Dandres_Christian_1577-G-600x600.jpg?v=1698937404\" alt=\"Christian Dandr\u00e8s\" loading=\"lazy\"><\/a><\/div><div class=\"person-content\"><a href=\"https:\/\/www.sp-ps.ch\/fr\/person\/christian-dandres\/\" class=\"person-name\"><p><strong>Christian Dandr\u00e8s<\/strong><\/p><\/a><p class=\"person-position\">Conseiller national GE<\/p><ul class=\"person-kontakt list-pills list-pills-grey\"><li><a href=\"mailto:christian.dandres@parl.ch\">E-Mail<\/a><\/li><\/ul><\/div><\/div><\/div><div class=\"persons-item\"><div class=\"person-container\"><div class=\"person-portrait\"><a href=\"https:\/\/www.sp-ps.ch\/fr\/person\/ronja-jansen\/\"><img decoding=\"async\" src=\"https:\/\/www.sp-ps.ch\/wp-content\/uploads\/2022\/06\/ronja-jansen-2-600x600.jpg?v=1659529664\" alt=\"Ronja Jansen\" loading=\"lazy\"><\/a><\/div><div class=\"person-content\"><a href=\"https:\/\/www.sp-ps.ch\/fr\/person\/ronja-jansen\/\" class=\"person-name\"><p><strong>Ronja Jansen<\/strong><\/p><\/a><p class=\"person-position\">Deput\u00e9e en Gran Conseil BL<\/p><\/div><\/div><\/div><div class=\"persons-item\"><div class=\"person-container\"><div class=\"person-portrait\"><a href=\"https:\/\/www.sp-ps.ch\/fr\/person\/carla-mueller\/\"><img decoding=\"async\" src=\"https:\/\/www.sp-ps.ch\/wp-content\/uploads\/2025\/05\/DSCF5712_low2-600x600.jpg?v=1748872196\" alt=\"Carla M\u00fcller\" loading=\"lazy\"><\/a><\/div><div class=\"person-content\"><a href=\"https:\/\/www.sp-ps.ch\/fr\/person\/carla-mueller\/\" class=\"person-name\"><p><strong>Carla M\u00fcller<\/strong><\/p><\/a><p class=\"person-position\">Conseill\u00e8re specialis\u00e9e (CIP & CAJ)<\/p><ul class=\"person-kontakt list-pills list-pills-grey\"><li><a href=\"tel:+41313296961\">+41 31 329 69 61<\/a><\/li><li><a href=\"mailto:carla.mueller@spschweiz.ch\">E-Mail<\/a><\/li><\/ul><\/div><\/div><\/div><\/div><\/div><\/div><\/div>\t\t\t\t<\/div>\n\t\t\t\t<\/div>\n\t\t\t\t<div class=\"elementor-element elementor-element-ddfb995 elementor-widget elementor-widget-text-editor\" data-id=\"ddfb995\" data-element_type=\"widget\" data-widget_type=\"text-editor.default\">\n\t\t\t\t<div class=\"elementor-widget-container\">\n\t\t\t\t\t\t\t\t\t<p>\u00ad\u00ad\u00ad\u00ad\u00ad\u00ad\u00ad\u00ad\u00ad\u00ad\u00ad\u00ad\u00ad\u00ad\u00ad\u00ad\u00ad\u00adLe sol est un bien pr\u00e9cieux qui doit \u00eatre \u00e0 la disposition de toutes et tous. Bien que l\u2019acc\u00e8s \u00e0 un logement abordable soit un droit humain \u2013 ce n\u2019est cependant pas le cas en Suisse.<\/p><p>C&#8217;est pourquoi le PS s&#8217;engage pour des loyers \u00e9quitables, pour un contr\u00f4le des prix du sol et pour la construction de logements d&#8217;utilit\u00e9 publique. Avec la Commission th\u00e9matique \u00abLogement et politique fonci\u00e8re\u00bb\u200b, nous voulons renforcer cet engagement. Nous voulons favoriser les \u00e9changes et r\u00e9unir des expert-es et des membres du parti int\u00e9ress\u00e9-es.<\/p><p>Les s\u00e9ances se tiennent entre deux et quatre fois par ann\u00e9e, g\u00e9n\u00e9ralement en ligne. Une r\u00e9union pr\u00e9sentielle est organis\u00e9e si possible une fois par an.<\/p>\t\t\t\t\t\t\t\t<\/div>\n\t\t\t\t<\/div>\n\t\t\t\t<div class=\"elementor-element elementor-element-1b98675 elementor-widget elementor-widget-spacer\" data-id=\"1b98675\" data-element_type=\"widget\" data-widget_type=\"spacer.default\">\n\t\t\t\t<div class=\"elementor-widget-container\">\n\t\t\t\t\t\t\t<div class=\"elementor-spacer\">\n\t\t\t<div class=\"elementor-spacer-inner\"><\/div>\n\t\t<\/div>\n\t\t\t\t\t\t<\/div>\n\t\t\t\t<\/div>\n\t\t\t\t\t<\/div>\n\t\t<\/div>\n\t\t\t\t\t<\/div>\n\t\t<\/section>\n\t\t\t\t<section class=\"elementor-section elementor-top-section elementor-element elementor-element-e3b5b54 elementor-section-boxed elementor-section-height-default elementor-section-height-default\" data-id=\"e3b5b54\" data-element_type=\"section\" data-settings=\"{&quot;jet_parallax_layout_list&quot;:[]}\">\n\t\t\t\t\t\t<div class=\"elementor-container elementor-column-gap-default\">\n\t\t\t\t\t<div class=\"elementor-column elementor-col-100 elementor-top-column elementor-element elementor-element-b6da72f\" data-id=\"b6da72f\" data-element_type=\"column\">\n\t\t\t<div class=\"elementor-widget-wrap elementor-element-populated\">\n\t\t\t\t\t\t<div class=\"elementor-element elementor-element-342d333 elementor-widget elementor-widget-spps_call_to_action\" data-id=\"342d333\" data-element_type=\"widget\" data-widget_type=\"spps_call_to_action.default\">\n\t\t\t\t<div class=\"elementor-widget-container\">\n\t\t\t\t\t<div class=\"call-to-action-wrapper  \" style=\"background:#E4002B\" ><div class=\"call-to-action-title\"><h2>Inter\u00e9ss\u00e9-e ?<\/h2><\/div><div class=\"call-to-action-container\"><div class=\"call-to-action-text\"><p>Ici, tu peux t'inscrire \u00e0 la commission th\u00e9matique \u00ab Logement et politique fonci\u00e8re \u00bb.<\/p><p>Nous nous r\u00e9jouissons!<\/p><\/div><div class=\"call-to-action-buttons call-to-action-buttons-left\"><div class=\"button-wrapper \"><a href=\"https:\/\/www.sp-ps.ch\/fr\/parti\/commissions-thematiques\/formulaire-dinscription-commissions-specialisees\/\"  target=\"_self\" class=\"button-link button-link-default\"  style='color:#E4002B' onMouseOver=\"this.style.color='white';this.style.background='#E4002B'\" onMouseOut=\"this.style.color='#E4002B';this.style.background='#EBEBEB'\">Formulaire d'inscription<\/a><\/div><\/div><\/div><\/div>\t\t\t\t<\/div>\n\t\t\t\t<\/div>\n\t\t\t\t\t<\/div>\n\t\t<\/div>\n\t\t\t\t\t<\/div>\n\t\t<\/section>\n\t\t\t\t<\/div>\n\t\t","protected":false},"excerpt":{"rendered":"<p>Commission th\u00e9matique \u00ab&nbsp;Logement et politique fonci\u00e8re \u00bb Christian Dandr\u00e8s Conseiller national GE E-Mail Ronja Jansen Deput\u00e9e en Gran Conseil BL Carla M\u00fcller Conseill\u00e8re specialis\u00e9e (CIP &#038; CAJ) +41 31 329 [&hellip;]<\/p>\n","protected":false},"author":23,"featured_media":0,"parent":30493,"menu_order":19,"comment_status":"closed","ping_status":"closed","template":"","meta":{"footnotes":""},"class_list":["post-102371","page","type-page","status-publish","hentry"],"_links":{"self":[{"href":"https:\/\/www.sp-ps.ch\/fr\/wp-json\/wp\/v2\/pages\/102371","targetHints":{"allow":["GET"]}}],"collection":[{"href":"https:\/\/www.sp-ps.ch\/fr\/wp-json\/wp\/v2\/pages"}],"about":[{"href":"https:\/\/www.sp-ps.ch\/fr\/wp-json\/wp\/v2\/types\/page"}],"author":[{"embeddable":true,"href":"https:\/\/www.sp-ps.ch\/fr\/wp-json\/wp\/v2\/users\/23"}],"replies":[{"embeddable":true,"href":"https:\/\/www.sp-ps.ch\/fr\/wp-json\/wp\/v2\/comments?post=102371"}],"version-history":[{"count":37,"href":"https:\/\/www.sp-ps.ch\/fr\/wp-json\/wp\/v2\/pages\/102371\/revisions"}],"predecessor-version":[{"id":181350,"href":"https:\/\/www.sp-ps.ch\/fr\/wp-json\/wp\/v2\/pages\/102371\/revisions\/181350"}],"up":[{"embeddable":true,"href":"https:\/\/www.sp-ps.ch\/fr\/wp-json\/wp\/v2\/pages\/30493"}],"wp:attachment":[{"href":"https:\/\/www.sp-ps.ch\/fr\/wp-json\/wp\/v2\/media?parent=102371"}],"curies":[{"name":"wp","href":"https:\/\/api.w.org\/{rel}","templated":true}]}}