{"id":102444,"date":"2023-06-19T16:28:51","date_gmt":"2023-06-19T14:28:51","guid":{"rendered":"https:\/\/www.sp-ps.ch\/?page_id=102444"},"modified":"2026-03-31T11:48:49","modified_gmt":"2026-03-31T09:48:49","slug":"environnement-energie-et-amenagement-du-territoire","status":"publish","type":"page","link":"https:\/\/www.sp-ps.ch\/fr\/parti\/commissions-thematiques\/environnement-energie-et-amenagement-du-territoire\/","title":{"rendered":"Commission th\u00e9matique &#8220;Environnement, \u00e9nergie et am\u00e9nagement du territoire&#8221;&#8221;"},"content":{"rendered":"\t\t<div data-elementor-type=\"wp-page\" data-elementor-id=\"102444\" class=\"elementor elementor-102444 elementor-102443\" data-elementor-post-type=\"page\">\n\t\t\t\t\t\t<section class=\"elementor-section elementor-top-section elementor-element elementor-element-78ea657 elementor-section-boxed elementor-section-height-default elementor-section-height-default\" data-id=\"78ea657\" data-element_type=\"section\" data-settings=\"{&quot;jet_parallax_layout_list&quot;:[],&quot;background_background&quot;:&quot;classic&quot;}\">\n\t\t\t\t\t\t<div class=\"elementor-container elementor-column-gap-wide\">\n\t\t\t\t\t<div class=\"elementor-column elementor-col-100 elementor-top-column elementor-element elementor-element-6e53a18\" data-id=\"6e53a18\" data-element_type=\"column\">\n\t\t\t<div class=\"elementor-widget-wrap elementor-element-populated\">\n\t\t\t\t\t\t<div class=\"elementor-element elementor-element-9ddeca8 elementor-widget elementor-widget-heading\" data-id=\"9ddeca8\" data-element_type=\"widget\" data-widget_type=\"heading.default\">\n\t\t\t\t<div class=\"elementor-widget-container\">\n\t\t\t\t\t<h1 class=\"elementor-heading-title elementor-size-default\">Commission th\u00e9matique \u00ab Environnement, \u00e9nergie et am\u00e9nagement du territoire \u00bb<\/h1>\t\t\t\t<\/div>\n\t\t\t\t<\/div>\n\t\t\t\t<div class=\"elementor-element elementor-element-7025e1f elementor-widget elementor-widget-jet-breadcrumbs\" data-id=\"7025e1f\" data-element_type=\"widget\" data-widget_type=\"jet-breadcrumbs.default\">\n\t\t\t\t<div class=\"elementor-widget-container\">\n\t\t\t\t\t<div class=\"elementor-jet-breadcrumbs jet-blocks\">\n\t\t<div class=\"jet-breadcrumbs\">\n\t\t<div class=\"jet-breadcrumbs__content\">\n\t\t<div class=\"jet-breadcrumbs__wrap\">\n\t\t<\/div>\n\t\t<\/div>\n\t\t<\/div><\/div>\t\t\t\t<\/div>\n\t\t\t\t<\/div>\n\t\t\t\t\t<\/div>\n\t\t<\/div>\n\t\t\t\t\t<\/div>\n\t\t<\/section>\n\t\t\t\t<section class=\"elementor-section elementor-top-section elementor-element elementor-element-d1d806d elementor-section-boxed elementor-section-height-default elementor-section-height-default\" data-id=\"d1d806d\" data-element_type=\"section\" data-settings=\"{&quot;jet_parallax_layout_list&quot;:[]}\">\n\t\t\t\t\t\t<div class=\"elementor-container elementor-column-gap-wide\">\n\t\t\t\t\t<div class=\"elementor-column elementor-col-100 elementor-top-column elementor-element elementor-element-767495a\" data-id=\"767495a\" data-element_type=\"column\">\n\t\t\t<div class=\"elementor-widget-wrap elementor-element-populated\">\n\t\t\t\t\t\t<div class=\"elementor-element elementor-element-5bb5b27 elementor-widget elementor-widget-spps_person_grid\" data-id=\"5bb5b27\" data-element_type=\"widget\" id=\"Fachkommission-Umwelt-Energie-und-Raumplanung\" data-widget_type=\"spps_person_grid.default\">\n\t\t\t\t<div class=\"elementor-widget-container\">\n\t\t\t\t\t<div class=\"button-list-wrapper \"><div class=\"button-list-container\"><div class=\"persons persons-grid-2\"><div class=\"persons-items\"><div class=\"persons-item\"><div class=\"person-container\"><div class=\"person-portrait\"><a href=\"https:\/\/www.sp-ps.ch\/fr\/person\/mathilde-crevoisier\/\"><img decoding=\"async\" src=\"https:\/\/www.sp-ps.ch\/wp-content\/uploads\/2022\/07\/JU_SR_2023_PS_Crevoisier_Mathilde_0421-G-600x600.jpg?v=1700564677\" alt=\"Mathilde  Crevoisier\" loading=\"lazy\"><\/a><\/div><div class=\"person-content\"><a href=\"https:\/\/www.sp-ps.ch\/fr\/person\/mathilde-crevoisier\/\" class=\"person-name\"><p><strong>Mathilde  Crevoisier<\/strong><\/p><\/a><p class=\"person-position\">Conseill\u00e8re aux \u00c9tats JU<\/p><ul class=\"person-kontakt list-pills list-pills-grey\"><li><a href=\"mailto:mathilde.crevoisier@parl.ch\">E-Mail<\/a><\/li><\/ul><\/div><\/div><\/div><div class=\"persons-item\"><div class=\"person-container\"><div class=\"person-portrait\"><a href=\"https:\/\/www.sp-ps.ch\/fr\/person\/peter-faessler-2\/\"><img decoding=\"async\" src=\"https:\/\/www.sp-ps.ch\/wp-content\/uploads\/2023\/06\/peter-faessler-600x600.jpg?v=1687184422\" alt=\"Peter F\u00e4ssler\" loading=\"lazy\"><\/a><\/div><div class=\"person-content\"><a href=\"https:\/\/www.sp-ps.ch\/fr\/person\/peter-faessler-2\/\" class=\"person-name\"><p><strong>Peter F\u00e4ssler<\/strong><\/p><\/a><p class=\"person-position\">Deput\u00e9 en Gran Conseil LU<\/p><\/div><\/div><\/div><\/div><\/div><\/div><\/div>\t\t\t\t<\/div>\n\t\t\t\t<\/div>\n\t\t\t\t<div class=\"elementor-element elementor-element-01d66b8 elementor-widget elementor-widget-heading\" data-id=\"01d66b8\" data-element_type=\"widget\" data-widget_type=\"heading.default\">\n\t\t\t\t<div class=\"elementor-widget-container\">\n\t\t\t\t\t<h2 class=\"elementor-heading-title elementor-size-medium\">Br\u00e8ve description du travail de la commission :<\/h2>\t\t\t\t<\/div>\n\t\t\t\t<\/div>\n\t\t\t\t<div class=\"elementor-element elementor-element-1f83559 elementor-widget elementor-widget-spps_title_text\" data-id=\"1f83559\" data-element_type=\"widget\" id=\"themenkommission-umwelt-energie-raumplanung\" data-widget_type=\"spps_title_text.default\">\n\t\t\t\t<div class=\"elementor-widget-container\">\n\t\t\t\t\t<div class=\"title-text-wrapper \"><div class=\"title-text-container\"><div class=\"title-text-text\"><div class=\"body\"><p>L'environnement, l'\u00e9nergie et l'am\u00e9nagement du territoire sont des th\u00e8mes fondamentaux pour la politique du PS. Dans notre commission th\u00e9matique, nous voulons r\u00e9unir des expert-es, des politicien-nes et des membres int\u00e9ress\u00e9-es au niveau national, cantonal et communal, partager nos connaissances et \u00e9laborer ensemble des interventions politiques ou d'autres propositions pour le parti. Les th\u00e8mes abord\u00e9s peuvent aller de la biodiversit\u00e9 dans l'agriculture \u00e0 la s\u00e9curit\u00e9 de l'approvisionnement \u00e9nerg\u00e9tique et \u00e0 la promotion de l'efficacit\u00e9 \u00e9nerg\u00e9tique, en passant par un am\u00e9nagement du territoire respectueux de l'\u00eatre humain, des technologies respectueuses du climat et une gestion prudente des ressources.<\/p><p>La Commission th\u00e9matique \"Environnement, \u00e9nergie et am\u00e9nagement du territoire\" dispose en outre d'une sous-commission \"Climat et \u00e9nergie\" qui s'occupe sp\u00e9cifiquement de ces th\u00e8mes. Plus d'informations \u00e0 ce sujet ci-dessous.<\/p><p>La commission th\u00e9matique \u00ab Environnement, \u00e9nergie et am\u00e9nagement du territoire \u00bb se r\u00e9unit quatre fois par an.<\/p><\/div><\/div><\/div><\/div>\t\t\t\t<\/div>\n\t\t\t\t<\/div>\n\t\t\t\t<div class=\"elementor-element elementor-element-66a9538 elementor-widget elementor-widget-heading\" data-id=\"66a9538\" data-element_type=\"widget\" data-widget_type=\"heading.default\">\n\t\t\t\t<div class=\"elementor-widget-container\">\n\t\t\t\t\t<h2 class=\"elementor-heading-title elementor-size-medium\">Sous-commission  \u00ab Clima et \u00e9nergie \u00bb<\/h2>\t\t\t\t<\/div>\n\t\t\t\t<\/div>\n\t\t\t\t<div class=\"elementor-element elementor-element-21ff53a elementor-widget elementor-widget-spps_person_grid\" data-id=\"21ff53a\" data-element_type=\"widget\" data-widget_type=\"spps_person_grid.default\">\n\t\t\t\t<div class=\"elementor-widget-container\">\n\t\t\t\t\t<div class=\"button-list-wrapper \"><div class=\"button-list-container\"><div class=\"persons persons-grid-2\"><div class=\"persons-items\"><div class=\"persons-item\"><div class=\"person-container\"><div class=\"person-portrait\"><a href=\"https:\/\/www.sp-ps.ch\/fr\/person\/leo-keller\/\"><img decoding=\"async\" src=\"https:\/\/www.sp-ps.ch\/wp-content\/uploads\/2023\/06\/leo-keller-600x600.jpg?v=1687269436\" alt=\"Leo Keller\" loading=\"lazy\"><\/a><\/div><div class=\"person-content\"><a href=\"https:\/\/www.sp-ps.ch\/fr\/person\/leo-keller\/\" class=\"person-name\"><p><strong>Leo Keller<\/strong><\/p><\/a><ul class=\"person-kontakt list-pills list-pills-grey\"><li><a href=\"mailto:info@energiespaargau.ch  \">E-Mail<\/a><\/li><\/ul><\/div><\/div><\/div><div class=\"persons-item\"><div class=\"person-container\"><div class=\"person-portrait\"><a href=\"https:\/\/www.sp-ps.ch\/fr\/person\/martin-reichlin\/\"><img decoding=\"async\" src=\"https:\/\/www.sp-ps.ch\/wp-content\/uploads\/2023\/06\/martin-reichlin-600x600.jpg?v=1687269534\" alt=\"Martin Reichlin\" loading=\"lazy\"><\/a><\/div><div class=\"person-content\"><a href=\"https:\/\/www.sp-ps.ch\/fr\/person\/martin-reichlin\/\" class=\"person-name\"><p><strong>Martin Reichlin<\/strong><\/p><\/a><ul class=\"person-kontakt list-pills list-pills-grey\"><li><a href=\"tel:+41418200429\">+41 41 820 04 29<\/a><\/li><li><a href=\"mailto:reichlin.m@bluewin.ch\">E-Mail<\/a><\/li><\/ul><\/div><\/div><\/div><\/div><\/div><\/div><\/div>\t\t\t\t<\/div>\n\t\t\t\t<\/div>\n\t\t\t\t<div class=\"elementor-element elementor-element-827d640 elementor-widget elementor-widget-spps_title_text\" data-id=\"827d640\" data-element_type=\"widget\" data-widget_type=\"spps_title_text.default\">\n\t\t\t\t<div class=\"elementor-widget-container\">\n\t\t\t\t\t<div class=\"title-text-wrapper \"><div class=\"title-text-container\"><div class=\"title-text-text\"><div class=\"body\"><p>La sous-commission se sp\u00e9cialise dans les th\u00e9matiques de l\u2019\u00e9nergie sous l\u2019angle du climat et se consid\u00e8re comme un regroupement de sp\u00e9cialistes partageant leurs connaissances. Cette sous-commission \u00e9labore des contributions sur des questions actuelles de politique climatique et \u00e9nerg\u00e9tique et les met \u00e0 disposition de la commission th\u00e9matique principale, du groupe parlementaire et des organes f\u00e9d\u00e9raux, cantonaux et communaux du parti. A ce jour, peuvent \u00eatre cit\u00e9es des contributions sur la strat\u00e9gie climatique, le plan en 10 points, la mise en r\u00e9seau avec les commissions correspondantes des partis cantonaux et des sections.<\/p><p>La sous-commission se r\u00e9unit environ huit fois par an, virtuellement ou physiquement.<\/p><p>D\u2019autres sp\u00e9cialistes sont toujours les bienvenu.e.s\u00a0!<\/p><\/div><\/div><\/div><\/div>\t\t\t\t<\/div>\n\t\t\t\t<\/div>\n\t\t\t\t<div class=\"elementor-element elementor-element-5ae94c7 elementor-widget elementor-widget-heading\" data-id=\"5ae94c7\" data-element_type=\"widget\" data-widget_type=\"heading.default\">\n\t\t\t\t<div class=\"elementor-widget-container\">\n\t\t\t\t\t<h2 class=\"elementor-heading-title elementor-size-medium\">Sous-commission  \u00ab Biodiversit\u00e9 \u00bb<\/h2>\t\t\t\t<\/div>\n\t\t\t\t<\/div>\n\t\t\t\t<div class=\"elementor-element elementor-element-47e3307 elementor-widget elementor-widget-spps_person_grid\" data-id=\"47e3307\" data-element_type=\"widget\" data-widget_type=\"spps_person_grid.default\">\n\t\t\t\t<div class=\"elementor-widget-container\">\n\t\t\t\t\t<div class=\"button-list-wrapper \"><div class=\"button-list-container\"><div class=\"persons persons-grid-2\"><div class=\"persons-items\"><div class=\"persons-item\"><div class=\"person-container\"><div class=\"person-portrait\"><a href=\"https:\/\/www.sp-ps.ch\/fr\/person\/christoph-kueffer\/\"><img decoding=\"async\" src=\"https:\/\/www.sp-ps.ch\/wp-content\/uploads\/2024\/06\/Christoph-Kueffer-600x600.png?v=1718889530\" alt=\"Christoph K\u00fcffer\" loading=\"lazy\"><\/a><\/div><div class=\"person-content\"><a href=\"https:\/\/www.sp-ps.ch\/fr\/person\/christoph-kueffer\/\" class=\"person-name\"><p><strong>Christoph K\u00fcffer<\/strong><\/p><\/a><\/div><\/div><\/div><\/div><\/div><\/div><\/div>\t\t\t\t<\/div>\n\t\t\t\t<\/div>\n\t\t\t\t<div class=\"elementor-element elementor-element-117a8bf elementor-widget elementor-widget-spps_title_text\" data-id=\"117a8bf\" data-element_type=\"widget\" data-widget_type=\"spps_title_text.default\">\n\t\t\t\t<div class=\"elementor-widget-container\">\n\t\t\t\t\t<div class=\"title-text-wrapper \"><div class=\"title-text-container\"><div class=\"title-text-text\"><p>La crise de la biodiversit\u00e9 est devenue l'un des plus grands d\u00e9fis de la soci\u00e9t\u00e9 et l'un des principaux th\u00e8mes de la politique environnementale. Parall\u00e8lement, la protection de la nature est en pleine mutation, ses pr\u00e9occupations n'ont souvent pas encore \u00e9t\u00e9 plac\u00e9es en t\u00eate de l'agenda politique et les comp\u00e9tences techniques font d\u00e9faut dans le quotidien politique. La sous-commission Biodiversit\u00e9 de la commission th\u00e9matique Environnement soutient le d\u00e9bat technique sur une politique de la biodiversit\u00e9 innovante, orient\u00e9e vers l'avenir et explicitement de gauche et sociale. Concr\u00e8tement :<\/p><ul><li>Les perspectives de la biodiversit\u00e9 et de la nature sont mises en \u00e9vidence dans les th\u00e8mes \u00e0 l'ordre du jour de la CT Environnement.<\/li><li>Des comp\u00e9tences sp\u00e9cialis\u00e9es sont mises \u00e0 disposition sur certains th\u00e8mes de politique de la biodiversit\u00e9 en cours.<\/li><li>L'identification pr\u00e9coce des th\u00e8mes pertinents de la politique de la biodiversit\u00e9 permet une mise \u00e0 l'agenda de la part du PS.<\/li><li>La discussion de fond sur une vision sp\u00e9cifique du PS sur la biodiversit\u00e9 est encourag\u00e9e, en particulier avec la participation des sections locales.<\/li><\/ul><\/div><\/div><\/div>\t\t\t\t<\/div>\n\t\t\t\t<\/div>\n\t\t\t\t<div class=\"elementor-element elementor-element-759ada9 elementor-widget elementor-widget-spacer\" data-id=\"759ada9\" data-element_type=\"widget\" data-widget_type=\"spacer.default\">\n\t\t\t\t<div class=\"elementor-widget-container\">\n\t\t\t\t\t\t\t<div class=\"elementor-spacer\">\n\t\t\t<div class=\"elementor-spacer-inner\"><\/div>\n\t\t<\/div>\n\t\t\t\t\t\t<\/div>\n\t\t\t\t<\/div>\n\t\t\t\t<div class=\"elementor-element elementor-element-e66b2f6 elementor-widget elementor-widget-spps_call_to_action\" data-id=\"e66b2f6\" data-element_type=\"widget\" data-widget_type=\"spps_call_to_action.default\">\n\t\t\t\t<div class=\"elementor-widget-container\">\n\t\t\t\t\t<div class=\"call-to-action-wrapper  \" style=\"background:#E4002B\" ><div class=\"call-to-action-title\"><h2>Int\u00e9ress\u00e9-e ?<\/h2><\/div><div class=\"call-to-action-container\"><div class=\"call-to-action-text\"><p>Ici, tu peux t'inscrire pour la Commission th\u00e9matique \u00ab Environnement, \u00e9nergie et am\u00e9nagement du territoire \u00bb.<\/p><p>Nous nous r\u00e9jouissons !<\/p><\/div><div class=\"call-to-action-buttons call-to-action-buttons-left\"><div class=\"button-wrapper \"><a href=\"https:\/\/www.sp-ps.ch\/fr\/parti\/commissions-thematiques\/formulaire-dinscription-commissions-specialisees\/\"  target=\"_self\" class=\"button-link button-link-default\"  style='color:#E4002B' onMouseOver=\"this.style.color='white';this.style.background='#E4002B'\" onMouseOut=\"this.style.color='#E4002B';this.style.background='#EBEBEB'\">Formulaire d'inscription<\/a><\/div><\/div><\/div><\/div>\t\t\t\t<\/div>\n\t\t\t\t<\/div>\n\t\t\t\t\t<\/div>\n\t\t<\/div>\n\t\t\t\t\t<\/div>\n\t\t<\/section>\n\t\t\t\t<\/div>\n\t\t","protected":false},"excerpt":{"rendered":"<p>Commission th\u00e9matique \u00ab Environnement, \u00e9nergie et am\u00e9nagement du territoire \u00bb Mathilde Crevoisier Conseill\u00e8re aux \u00c9tats JU E-Mail Peter F\u00e4ssler Deput\u00e9 en Gran Conseil LU Br\u00e8ve description du travail de la [&hellip;]<\/p>\n","protected":false},"author":23,"featured_media":0,"parent":30493,"menu_order":8,"comment_status":"closed","ping_status":"closed","template":"","meta":{"footnotes":""},"class_list":["post-102444","page","type-page","status-publish","hentry"],"_links":{"self":[{"href":"https:\/\/www.sp-ps.ch\/fr\/wp-json\/wp\/v2\/pages\/102444","targetHints":{"allow":["GET"]}}],"collection":[{"href":"https:\/\/www.sp-ps.ch\/fr\/wp-json\/wp\/v2\/pages"}],"about":[{"href":"https:\/\/www.sp-ps.ch\/fr\/wp-json\/wp\/v2\/types\/page"}],"author":[{"embeddable":true,"href":"https:\/\/www.sp-ps.ch\/fr\/wp-json\/wp\/v2\/users\/23"}],"replies":[{"embeddable":true,"href":"https:\/\/www.sp-ps.ch\/fr\/wp-json\/wp\/v2\/comments?post=102444"}],"version-history":[{"count":32,"href":"https:\/\/www.sp-ps.ch\/fr\/wp-json\/wp\/v2\/pages\/102444\/revisions"}],"predecessor-version":[{"id":181319,"href":"https:\/\/www.sp-ps.ch\/fr\/wp-json\/wp\/v2\/pages\/102444\/revisions\/181319"}],"up":[{"embeddable":true,"href":"https:\/\/www.sp-ps.ch\/fr\/wp-json\/wp\/v2\/pages\/30493"}],"wp:attachment":[{"href":"https:\/\/www.sp-ps.ch\/fr\/wp-json\/wp\/v2\/media?parent=102444"}],"curies":[{"name":"wp","href":"https:\/\/api.w.org\/{rel}","templated":true}]}}