{"id":102519,"date":"2023-06-27T17:01:55","date_gmt":"2023-06-27T15:01:55","guid":{"rendered":"https:\/\/www.sp-ps.ch\/?page_id=102519"},"modified":"2026-03-31T11:42:26","modified_gmt":"2026-03-31T09:42:26","slug":"transports-et-communication","status":"publish","type":"page","link":"https:\/\/www.sp-ps.ch\/fr\/parti\/commissions-thematiques\/transports-et-communication\/","title":{"rendered":"Commission th\u00e9matique &#8220;Transports et communication&#8221;"},"content":{"rendered":"\t\t<div data-elementor-type=\"wp-page\" data-elementor-id=\"102519\" class=\"elementor elementor-102519 elementor-102518\" data-elementor-post-type=\"page\">\n\t\t\t\t\t\t<section class=\"elementor-section elementor-top-section elementor-element elementor-element-098736a elementor-section-boxed elementor-section-height-default elementor-section-height-default\" data-id=\"098736a\" data-element_type=\"section\" data-settings=\"{&quot;jet_parallax_layout_list&quot;:[],&quot;background_background&quot;:&quot;classic&quot;}\">\n\t\t\t\t\t\t<div class=\"elementor-container elementor-column-gap-wide\">\n\t\t\t\t\t<div class=\"elementor-column elementor-col-100 elementor-top-column elementor-element elementor-element-a1433e3\" data-id=\"a1433e3\" data-element_type=\"column\">\n\t\t\t<div class=\"elementor-widget-wrap elementor-element-populated\">\n\t\t\t\t\t\t<div class=\"elementor-element elementor-element-4697d41 elementor-widget elementor-widget-heading\" data-id=\"4697d41\" data-element_type=\"widget\" data-widget_type=\"heading.default\">\n\t\t\t\t<div class=\"elementor-widget-container\">\n\t\t\t\t\t<h1 class=\"elementor-heading-title elementor-size-default\">Commission th\u00e9matique \u00ab Transports et communication \u00bb<\/h1>\t\t\t\t<\/div>\n\t\t\t\t<\/div>\n\t\t\t\t<div class=\"elementor-element elementor-element-002d1c7 elementor-widget elementor-widget-jet-breadcrumbs\" data-id=\"002d1c7\" data-element_type=\"widget\" data-widget_type=\"jet-breadcrumbs.default\">\n\t\t\t\t<div class=\"elementor-widget-container\">\n\t\t\t\t\t<div class=\"elementor-jet-breadcrumbs jet-blocks\">\n\t\t<div class=\"jet-breadcrumbs\">\n\t\t<div class=\"jet-breadcrumbs__content\">\n\t\t<div class=\"jet-breadcrumbs__wrap\">\n\t\t<\/div>\n\t\t<\/div>\n\t\t<\/div><\/div>\t\t\t\t<\/div>\n\t\t\t\t<\/div>\n\t\t\t\t\t<\/div>\n\t\t<\/div>\n\t\t\t\t\t<\/div>\n\t\t<\/section>\n\t\t\t\t<section class=\"elementor-section elementor-top-section elementor-element elementor-element-b5aa520 elementor-section-full_width elementor-section-height-min-height elementor-section-height-default elementor-section-items-middle\" data-id=\"b5aa520\" data-element_type=\"section\" data-settings=\"{&quot;jet_parallax_layout_list&quot;:[]}\">\n\t\t\t\t\t\t<div class=\"elementor-container elementor-column-gap-no\">\n\t\t\t\t\t<div class=\"elementor-column elementor-col-100 elementor-top-column elementor-element elementor-element-dc2bf3c\" data-id=\"dc2bf3c\" data-element_type=\"column\">\n\t\t\t<div class=\"elementor-widget-wrap\">\n\t\t\t\t\t\t\t<\/div>\n\t\t<\/div>\n\t\t\t\t\t<\/div>\n\t\t<\/section>\n\t\t\t\t<section class=\"elementor-section elementor-top-section elementor-element elementor-element-29711fc elementor-section-boxed elementor-section-height-default elementor-section-height-default\" data-id=\"29711fc\" data-element_type=\"section\" data-settings=\"{&quot;jet_parallax_layout_list&quot;:[]}\">\n\t\t\t\t\t\t<div class=\"elementor-container elementor-column-gap-wide\">\n\t\t\t\t\t<div class=\"elementor-column elementor-col-100 elementor-top-column elementor-element elementor-element-3189270\" data-id=\"3189270\" data-element_type=\"column\">\n\t\t\t<div class=\"elementor-widget-wrap elementor-element-populated\">\n\t\t\t\t\t\t<div class=\"elementor-element elementor-element-2b8443a elementor-widget elementor-widget-spps_person_grid\" data-id=\"2b8443a\" data-element_type=\"widget\" id=\"Themenkommission-Verkehr-und-Kommunikation\" data-widget_type=\"spps_person_grid.default\">\n\t\t\t\t<div class=\"elementor-widget-container\">\n\t\t\t\t\t<div class=\"button-list-wrapper \"><div class=\"button-list-container\"><div class=\"persons persons-grid-2\"><div class=\"persons-items\"><div class=\"persons-item\"><div class=\"person-container\"><div class=\"person-portrait\"><a href=\"https:\/\/www.sp-ps.ch\/fr\/person\/matthieu-jotterand\/\"><img decoding=\"async\" src=\"https:\/\/www.sp-ps.ch\/wp-content\/uploads\/2023\/06\/matthieu_jotterand-600x600.jpg?v=1709397611\" alt=\"Matthieu Jotterand\" loading=\"lazy\"><\/a><\/div><div class=\"person-content\"><a href=\"https:\/\/www.sp-ps.ch\/fr\/person\/matthieu-jotterand\/\" class=\"person-name\"><p><strong>Matthieu Jotterand<\/strong><\/p><\/a><p class=\"person-position\">D\u00e9put\u00e9 au Grand Conseil de Gen\u00e8ve <\/p><\/div><\/div><\/div><div class=\"persons-item\"><div class=\"person-container\"><div class=\"person-portrait\"><a href=\"https:\/\/www.sp-ps.ch\/fr\/person\/bruno-storni\/\"><img decoding=\"async\" src=\"https:\/\/www.sp-ps.ch\/wp-content\/uploads\/2015\/07\/TI_NR_2023_SP_Storni-Bruno-0000-ext-600x600.jpg?v=1699527536\" alt=\"Bruno Storni\" loading=\"lazy\"><\/a><\/div><div class=\"person-content\"><a href=\"https:\/\/www.sp-ps.ch\/fr\/person\/bruno-storni\/\" class=\"person-name\"><p><strong>Bruno Storni<\/strong><\/p><\/a><p class=\"person-position\">Conseiller national TI<\/p><ul class=\"person-kontakt list-pills list-pills-grey\"><li><a href=\"mailto:bruno.storni@parl.ch\">E-Mail<\/a><\/li><\/ul><\/div><\/div><\/div><\/div><\/div><\/div><\/div>\t\t\t\t<\/div>\n\t\t\t\t<\/div>\n\t\t\t\t<div class=\"elementor-element elementor-element-6c4aa58 elementor-widget elementor-widget-heading\" data-id=\"6c4aa58\" data-element_type=\"widget\" data-widget_type=\"heading.default\">\n\t\t\t\t<div class=\"elementor-widget-container\">\n\t\t\t\t\t<h2 class=\"elementor-heading-title elementor-size-medium\">Br\u00e8ve description du travail de la commission :<\/h2>\t\t\t\t<\/div>\n\t\t\t\t<\/div>\n\t\t\t\t<div class=\"elementor-element elementor-element-9e455f7 elementor-widget elementor-widget-spps_title_text\" data-id=\"9e455f7\" data-element_type=\"widget\" data-widget_type=\"spps_title_text.default\">\n\t\t\t\t<div class=\"elementor-widget-container\">\n\t\t\t\t\t<div class=\"title-text-wrapper \"><div class=\"title-text-container\"><div class=\"title-text-text\"><div class=\"body\"><p><strong>Trafic ferroviaire :<\/strong> financement sur le moyen et le long terme des infrastructures pour le trafic (surtout l\u2019entretien), paysage ferroviare, STEP 2030\/35, suite de la politique de transfert de la route au rail (liaison Nord-Sud comme le transport int\u00e9rieur de marchandises), transport des marchandises et des personnes.<\/p><p><strong>Trafic routier :<\/strong> principe de causalit\u00e9, internalisation des co\u00fbts, p\u00e9ages routiers (mobility pricing), nouveaux mod\u00e8les de financement, conditions de travail dans le transport routier des marchandises, promotion des v\u00e9hicules pauvres en \u00e9missions, trafic d\u2019agglom\u00e9ration, am\u00e9lioration de la r\u00e9partition modale.<\/p><p><strong>Trafic lent :<\/strong> promotion cons\u00e9quente du trafic lent (pi\u00e9tons et cyclistes).<\/p><p><strong>Service public :<\/strong> emplois et places d\u2019apprentissages, conditions de travail, lutte contre les privatisations et les autres types de lib\u00e9ralisation, Objectif : un service public de qualit\u00e9 pour toutes et tous dans toutes les r\u00e9gions.<\/p><p><strong>M\u00e9dias :<\/strong> promotion directe des m\u00e9dias et du journalisme englobant tous les types de m\u00e9dias, quatri\u00e8me pouvoir fort et ind\u00e9pendant.<\/p><p>\u00a0La Commission se r\u00e9unit 4 fois par ann\u00e9e.<\/p><\/div><\/div><\/div><\/div>\t\t\t\t<\/div>\n\t\t\t\t<\/div>\n\t\t\t\t<div class=\"elementor-element elementor-element-18b35cc elementor-widget elementor-widget-spacer\" data-id=\"18b35cc\" data-element_type=\"widget\" data-widget_type=\"spacer.default\">\n\t\t\t\t<div class=\"elementor-widget-container\">\n\t\t\t\t\t\t\t<div class=\"elementor-spacer\">\n\t\t\t<div class=\"elementor-spacer-inner\"><\/div>\n\t\t<\/div>\n\t\t\t\t\t\t<\/div>\n\t\t\t\t<\/div>\n\t\t\t\t\t<\/div>\n\t\t<\/div>\n\t\t\t\t\t<\/div>\n\t\t<\/section>\n\t\t\t\t<section class=\"elementor-section elementor-top-section elementor-element elementor-element-e3efa4f elementor-section-boxed elementor-section-height-default elementor-section-height-default\" data-id=\"e3efa4f\" data-element_type=\"section\" data-settings=\"{&quot;jet_parallax_layout_list&quot;:[]}\">\n\t\t\t\t\t\t<div class=\"elementor-container elementor-column-gap-default\">\n\t\t\t\t\t<div class=\"elementor-column elementor-col-100 elementor-top-column elementor-element elementor-element-8b6d503\" data-id=\"8b6d503\" data-element_type=\"column\">\n\t\t\t<div class=\"elementor-widget-wrap elementor-element-populated\">\n\t\t\t\t\t\t<div class=\"elementor-element elementor-element-f6fb6af elementor-widget elementor-widget-spps_call_to_action\" data-id=\"f6fb6af\" data-element_type=\"widget\" data-widget_type=\"spps_call_to_action.default\">\n\t\t\t\t<div class=\"elementor-widget-container\">\n\t\t\t\t\t<div class=\"call-to-action-wrapper  \" style=\"background:#E4002B\" ><div class=\"call-to-action-title\"><h2>Inter\u00e9ss\u00e9-e ?<\/h2><\/div><div class=\"call-to-action-container\"><div class=\"call-to-action-text\"><p>Ici tu peux t'inscrire pour la Commission th\u00e9matique \u00abTransports et communication\u00bb.<\/p>\n<p>Nous nous r\u00e9jouissons !<\/p>\n<\/div><div class=\"call-to-action-buttons call-to-action-buttons-left\"><div class=\"button-wrapper \"><a href=\"https:\/\/www.sp-ps.ch\/fr\/parti\/commissions-thematiques\/formulaire-dinscription-commissions-specialisees\/\"  target=\"_self\" class=\"button-link button-link-default\"  style='color:#E4002B' onMouseOver=\"this.style.color='white';this.style.background='#E4002B'\" onMouseOut=\"this.style.color='#E4002B';this.style.background='#EBEBEB'\">Formulaire d'inscription<\/a><\/div><\/div><\/div><\/div>\t\t\t\t<\/div>\n\t\t\t\t<\/div>\n\t\t\t\t\t<\/div>\n\t\t<\/div>\n\t\t\t\t\t<\/div>\n\t\t<\/section>\n\t\t\t\t<\/div>\n\t\t","protected":false},"excerpt":{"rendered":"<p>Commission th\u00e9matique \u00ab Transports et communication \u00bb Matthieu Jotterand D\u00e9put\u00e9 au Grand Conseil de Gen\u00e8ve Bruno Storni Conseiller national TI E-Mail Br\u00e8ve description du travail de la commission : Trafic [&hellip;]<\/p>\n","protected":false},"author":23,"featured_media":0,"parent":30493,"menu_order":16,"comment_status":"closed","ping_status":"closed","template":"","meta":{"footnotes":""},"class_list":["post-102519","page","type-page","status-publish","hentry"],"_links":{"self":[{"href":"https:\/\/www.sp-ps.ch\/fr\/wp-json\/wp\/v2\/pages\/102519","targetHints":{"allow":["GET"]}}],"collection":[{"href":"https:\/\/www.sp-ps.ch\/fr\/wp-json\/wp\/v2\/pages"}],"about":[{"href":"https:\/\/www.sp-ps.ch\/fr\/wp-json\/wp\/v2\/types\/page"}],"author":[{"embeddable":true,"href":"https:\/\/www.sp-ps.ch\/fr\/wp-json\/wp\/v2\/users\/23"}],"replies":[{"embeddable":true,"href":"https:\/\/www.sp-ps.ch\/fr\/wp-json\/wp\/v2\/comments?post=102519"}],"version-history":[{"count":25,"href":"https:\/\/www.sp-ps.ch\/fr\/wp-json\/wp\/v2\/pages\/102519\/revisions"}],"predecessor-version":[{"id":181307,"href":"https:\/\/www.sp-ps.ch\/fr\/wp-json\/wp\/v2\/pages\/102519\/revisions\/181307"}],"up":[{"embeddable":true,"href":"https:\/\/www.sp-ps.ch\/fr\/wp-json\/wp\/v2\/pages\/30493"}],"wp:attachment":[{"href":"https:\/\/www.sp-ps.ch\/fr\/wp-json\/wp\/v2\/media?parent=102519"}],"curies":[{"name":"wp","href":"https:\/\/api.w.org\/{rel}","templated":true}]}}