{"id":104488,"date":"2023-09-25T14:28:19","date_gmt":"2023-09-25T12:28:19","guid":{"rendered":"https:\/\/www.sp-ps.ch\/?page_id=104488"},"modified":"2026-01-29T11:50:58","modified_gmt":"2026-01-29T10:50:58","slug":"1-travail-des-sections","status":"publish","type":"page","link":"https:\/\/www.sp-ps.ch\/fr\/manuels-des-sections\/1-travail-des-sections\/","title":{"rendered":"Manuel des sections 1 \u00ab Travail des sections \u00bb"},"content":{"rendered":"\t\t<div data-elementor-type=\"wp-page\" data-elementor-id=\"104488\" class=\"elementor elementor-104488 elementor-104487\" data-elementor-post-type=\"page\">\n\t\t\t\t\t\t<section class=\"elementor-section elementor-top-section elementor-element elementor-element-1d2bca0 elementor-section-boxed elementor-section-height-default elementor-section-height-default\" data-id=\"1d2bca0\" data-element_type=\"section\" data-settings=\"{&quot;jet_parallax_layout_list&quot;:[],&quot;background_background&quot;:&quot;classic&quot;}\">\n\t\t\t\t\t\t<div class=\"elementor-container elementor-column-gap-wide\">\n\t\t\t\t\t<div class=\"elementor-column elementor-col-100 elementor-top-column elementor-element elementor-element-0bcc30c\" data-id=\"0bcc30c\" data-element_type=\"column\">\n\t\t\t<div class=\"elementor-widget-wrap elementor-element-populated\">\n\t\t\t\t\t\t<div class=\"elementor-element elementor-element-b811fae elementor-widget elementor-widget-heading\" data-id=\"b811fae\" data-element_type=\"widget\" data-widget_type=\"heading.default\">\n\t\t\t\t<div class=\"elementor-widget-container\">\n\t\t\t\t\t<h1 class=\"elementor-heading-title elementor-size-default\">Manuel des sections 1 \u00ab Travail des sections \u00bb<\/h1>\t\t\t\t<\/div>\n\t\t\t\t<\/div>\n\t\t\t\t<div class=\"elementor-element elementor-element-395a8b2 elementor-widget elementor-widget-jet-breadcrumbs\" data-id=\"395a8b2\" data-element_type=\"widget\" data-widget_type=\"jet-breadcrumbs.default\">\n\t\t\t\t<div class=\"elementor-widget-container\">\n\t\t\t\t\t<div class=\"elementor-jet-breadcrumbs jet-blocks\">\n\t\t<div class=\"jet-breadcrumbs\">\n\t\t<div class=\"jet-breadcrumbs__content\">\n\t\t<div class=\"jet-breadcrumbs__wrap\">\n\t\t<\/div>\n\t\t<\/div>\n\t\t<\/div><\/div>\t\t\t\t<\/div>\n\t\t\t\t<\/div>\n\t\t\t\t\t<\/div>\n\t\t<\/div>\n\t\t\t\t\t<\/div>\n\t\t<\/section>\n\t\t\t\t<section class=\"elementor-section elementor-top-section elementor-element elementor-element-61674ee elementor-section-boxed elementor-section-height-default elementor-section-height-default\" data-id=\"61674ee\" data-element_type=\"section\" data-settings=\"{&quot;jet_parallax_layout_list&quot;:[]}\">\n\t\t\t\t\t\t<div class=\"elementor-container elementor-column-gap-default\">\n\t\t\t\t\t<div class=\"elementor-column elementor-col-100 elementor-top-column elementor-element elementor-element-7cd398d\" data-id=\"7cd398d\" data-element_type=\"column\">\n\t\t\t<div class=\"elementor-widget-wrap elementor-element-populated\">\n\t\t\t\t\t\t<div class=\"elementor-element elementor-element-476b109 elementor-widget elementor-widget-spacer\" data-id=\"476b109\" data-element_type=\"widget\" data-widget_type=\"spacer.default\">\n\t\t\t\t<div class=\"elementor-widget-container\">\n\t\t\t\t\t\t\t<div class=\"elementor-spacer\">\n\t\t\t<div class=\"elementor-spacer-inner\"><\/div>\n\t\t<\/div>\n\t\t\t\t\t\t<\/div>\n\t\t\t\t<\/div>\n\t\t\t\t<div class=\"elementor-element elementor-element-e0c6d87 elementor-widget elementor-widget-spps_title_text\" data-id=\"e0c6d87\" data-element_type=\"widget\" data-widget_type=\"spps_title_text.default\">\n\t\t\t\t<div class=\"elementor-widget-container\">\n\t\t\t\t\t<div class=\"title-text-wrapper \"><div class=\"title-text-container\"><div class=\"title-text-text\"><p>La nouvelle version du manuel des sections 1 peut \u00eatre command\u00e9e gratuitement sous forme de brochure imprim\u00e9e au <a href=\"https:\/\/www.sp-ps.ch\/fr\/shop-sections\/\">Shop pour les sections du PS Suisse<\/a> ou \u00e0\u00a0<a href=\"mailto:info@pssuisse.ch\">info@pssuisse.ch<\/a><\/p><\/div><\/div><\/div>\t\t\t\t<\/div>\n\t\t\t\t<\/div>\n\t\t\t\t<div class=\"elementor-element elementor-element-b5e2770 elementor-widget elementor-widget-spps_button\" data-id=\"b5e2770\" data-element_type=\"widget\" data-widget_type=\"spps_button.default\">\n\t\t\t\t<div class=\"elementor-widget-container\">\n\t\t\t\t\t<div class=\"button-wrapper button-wrapper-center\"><a href=\"https:\/\/www.sp-ps.ch\/wp-content\/uploads\/2023\/12\/SPSchweiz_Sektionshandbuch_B1_FR_WEB.pdf\"  target=\"_self\" class=\"button-link button-link-download\" >Ici tu peux t\u00e9l\u00e9charger le nouveau manuel des sections 1 en PDF<\/a><\/div>\t\t\t\t<\/div>\n\t\t\t\t<\/div>\n\t\t\t\t\t<\/div>\n\t\t<\/div>\n\t\t\t\t\t<\/div>\n\t\t<\/section>\n\t\t\t\t<section class=\"elementor-section elementor-top-section elementor-element elementor-element-43fca17 elementor-section-boxed elementor-section-height-default elementor-section-height-default\" data-id=\"43fca17\" data-element_type=\"section\" data-settings=\"{&quot;jet_parallax_layout_list&quot;:[]}\">\n\t\t\t\t\t\t<div class=\"elementor-container elementor-column-gap-default\">\n\t\t\t\t\t<div class=\"elementor-column elementor-col-100 elementor-top-column elementor-element elementor-element-09de672\" data-id=\"09de672\" data-element_type=\"column\">\n\t\t\t<div class=\"elementor-widget-wrap elementor-element-populated\">\n\t\t\t\t\t\t<div class=\"elementor-element elementor-element-f0148bb elementor-widget elementor-widget-spps_button_list\" data-id=\"f0148bb\" data-element_type=\"widget\" data-widget_type=\"spps_button_list.default\">\n\t\t\t\t<div class=\"elementor-widget-container\">\n\t\t\t\t\t<div class=\"button-list-wrapper   \"><div class=\"button-list-title\"><h3>Documents relatifs au manuel 1  \u00ab Travail des sections \u00bb<\/h3><\/div><div class=\"button-list-container\"><div class=\"button-list-text\"><p>Ces documents sont con\u00e7us \u00e0 titre d\u2019exemples. En r\u00e8gle g\u00e9n\u00e9rale, ce ne sont pas des documents officiels du PS Suisse. Ils doivent \u00eatre adapt\u00e9s \u00e0 la situation et aux conditions locales.<\/p>\n<\/div><div class=\"button-list-items\"><div class=\"button-list-item\"><div class=\"button-wrapper \"><a href=\"https:\/\/www.sp-ps.ch\/wp-content\/uploads\/2024\/01\/FR_beispiel_statuten_SPS_januar24.docx\"  target=\"_self\" class=\"button-link button-link-default\" >a) Mod\u00e8le pour les statuts de section<span class=\"button-media-date\">04.07.2023<\/span><\/a><\/div><\/div><div class=\"button-list-item\"><div class=\"button-wrapper \"><a href=\"http:\/\/www.kalenderpedia.de\"  target=\"_self\" class=\"button-link button-link-default\" >b) Calendrier annuel ( lien externe )<span class=\"button-media-date\">04.07.2023<\/span><\/a><\/div><\/div><div class=\"button-list-item\"><div class=\"button-wrapper \"><a href=\"https:\/\/www.sp-ps.ch\/wp-content\/uploads\/2023\/11\/FR_musterjahresplanung_def-2.pdf\"  target=\"_self\" class=\"button-link button-link-default\" >c) Exemple de planification annuelle<span class=\"button-media-date\">04.07.2023<\/span><\/a><\/div><\/div><div class=\"button-list-item\"><div class=\"button-wrapper \"><a href=\"https:\/\/www.sp-ps.ch\/wp-content\/uploads\/2022\/11\/FR_willkommensbrief_neuzuzuegerinnen.docx\"  target=\"_self\" class=\"button-link button-link-default\" >d) Lettre de bienvenue des nouvelles et nouveaux arrivant-es au commune<span class=\"button-media-date\">15.04.2026<\/span><\/a><\/div><\/div><div class=\"button-list-item\"><div class=\"button-wrapper \"><a href=\"https:\/\/www.sp-ps.ch\/wp-content\/uploads\/2022\/11\/FR_willkommensbrief_eingebuergerte-1.docx\"  target=\"_self\" class=\"button-link button-link-default\" >e) Lettre de bienvenue pour les personnes r\u00e9cemment naturalis\u00e9es<span class=\"button-media-date\">15.04.2026<\/span><\/a><\/div><\/div><div class=\"button-list-item\"><div class=\"button-wrapper \"><a href=\"https:\/\/www.sp-ps.ch\/wp-content\/uploads\/2022\/11\/FR_willkommensbrief_neumitglieder.docx\"  target=\"_self\" class=\"button-link button-link-default\" >f) Lettre de bienvenue pour les nouvelles et nouveaux membres <span class=\"button-media-date\">15.04.2026<\/span><\/a><\/div><\/div><div class=\"button-list-item\"><div class=\"button-wrapper \"><a href=\"https:\/\/www.sp-ps.ch\/wp-content\/uploads\/2023\/12\/FR_vorlage_mitgliederbeitrag_einzug.docx\"  target=\"_self\" class=\"button-link button-link-default\" >g) Mod\u00e8le pour la cotisation des membres<span class=\"button-media-date\">04.07.2023<\/span><\/a><\/div><\/div><div class=\"button-list-item\"><div class=\"button-wrapper \"><a href=\"https:\/\/www.sp-ps.ch\/wp-content\/uploads\/2023\/12\/FR_vorlage_mitgliederbeitrag_mahnung.docx\"  target=\"_self\" class=\"button-link button-link-default\" >h) Mod\u00e8le pour le rappel de paiement de la cotisation<span class=\"button-media-date\">04.07.2023<\/span><\/a><\/div><\/div><div class=\"button-list-item\"><div class=\"button-wrapper \"><a href=\"https:\/\/www.sp-ps.ch\/wp-content\/uploads\/2023\/12\/FR_mustervereinbarung_kandidatinnen_exekutive.docx\"  target=\"_self\" class=\"button-link button-link-default\" >i) Mod\u00e8le d'accord entre le parti et le\/la mandataire<span class=\"button-media-date\">04.07.2023<\/span><\/a><\/div><\/div><div class=\"button-list-item\"><div class=\"button-wrapper \"><a href=\"https:\/\/www.sp-ps.ch\/wp-content\/uploads\/2023\/12\/FR_mustereinladung_sektionsversammlung.docx\"  target=\"_self\" class=\"button-link button-link-default\" >j) Exemple pour un ordre du jour d'une assembl\u00e9e g\u00e9n\u00e9rale<span class=\"button-media-date\">04.07.2023<\/span><\/a><\/div><\/div><div class=\"button-list-item\"><div class=\"button-wrapper \"><a href=\"https:\/\/www.sp-ps.ch\/wp-content\/uploads\/2023\/12\/FR_mustereinladung_vorstandssitzung.docx\"  target=\"_self\" class=\"button-link button-link-default\" >k) Exemple pour un ordre du jour d'une r\u00e9union de comit\u00e9<span class=\"button-media-date\">04.07.2023<\/span><\/a><\/div><\/div><div class=\"button-list-item\"><div class=\"button-wrapper \"><a href=\"https:\/\/www.sp-ps.ch\/wp-content\/uploads\/2023\/12\/FR_mustereinladung_hauptversammlung.docx\"  target=\"_self\" class=\"button-link button-link-default\" >l) Exemple pour un ordre du jour d'une assembl\u00e9e annuelle<span class=\"button-media-date\">04.07.2023<\/span><\/a><\/div><\/div><\/div><\/div><\/div>\t\t\t\t<\/div>\n\t\t\t\t<\/div>\n\t\t\t\t\t<\/div>\n\t\t<\/div>\n\t\t\t\t\t<\/div>\n\t\t<\/section>\n\t\t\t\t<\/div>\n\t\t","protected":false},"excerpt":{"rendered":"<p>Manuel des sections 1 \u00ab Travail des sections \u00bb La nouvelle version du manuel des sections 1 peut \u00eatre command\u00e9e gratuitement sous forme de brochure imprim\u00e9e au Shop pour les [&hellip;]<\/p>\n","protected":false},"author":23,"featured_media":0,"parent":67367,"menu_order":8,"comment_status":"closed","ping_status":"closed","template":"","meta":{"footnotes":""},"class_list":["post-104488","page","type-page","status-publish","hentry"],"_links":{"self":[{"href":"https:\/\/www.sp-ps.ch\/fr\/wp-json\/wp\/v2\/pages\/104488","targetHints":{"allow":["GET"]}}],"collection":[{"href":"https:\/\/www.sp-ps.ch\/fr\/wp-json\/wp\/v2\/pages"}],"about":[{"href":"https:\/\/www.sp-ps.ch\/fr\/wp-json\/wp\/v2\/types\/page"}],"author":[{"embeddable":true,"href":"https:\/\/www.sp-ps.ch\/fr\/wp-json\/wp\/v2\/users\/23"}],"replies":[{"embeddable":true,"href":"https:\/\/www.sp-ps.ch\/fr\/wp-json\/wp\/v2\/comments?post=104488"}],"version-history":[{"count":109,"href":"https:\/\/www.sp-ps.ch\/fr\/wp-json\/wp\/v2\/pages\/104488\/revisions"}],"predecessor-version":[{"id":177893,"href":"https:\/\/www.sp-ps.ch\/fr\/wp-json\/wp\/v2\/pages\/104488\/revisions\/177893"}],"up":[{"embeddable":true,"href":"https:\/\/www.sp-ps.ch\/fr\/wp-json\/wp\/v2\/pages\/67367"}],"wp:attachment":[{"href":"https:\/\/www.sp-ps.ch\/fr\/wp-json\/wp\/v2\/media?parent=104488"}],"curies":[{"name":"wp","href":"https:\/\/api.w.org\/{rel}","templated":true}]}}