{"id":104515,"date":"2023-09-25T15:24:22","date_gmt":"2023-09-25T13:24:22","guid":{"rendered":"https:\/\/www.sp-ps.ch\/?page_id=104515"},"modified":"2026-01-29T12:55:36","modified_gmt":"2026-01-29T11:55:36","slug":"2-campagnes-et-communication","status":"publish","type":"page","link":"https:\/\/www.sp-ps.ch\/fr\/manuels-des-sections\/2-campagnes-et-communication\/","title":{"rendered":"Manuel des sections 2 \u00ab Campagnes et communication \u00bb"},"content":{"rendered":"\t\t<div data-elementor-type=\"wp-page\" data-elementor-id=\"104515\" class=\"elementor elementor-104515 elementor-104514\" data-elementor-post-type=\"page\">\n\t\t\t\t\t\t<section class=\"elementor-section elementor-top-section elementor-element elementor-element-1d2bca0 elementor-section-boxed elementor-section-height-default elementor-section-height-default\" data-id=\"1d2bca0\" data-element_type=\"section\" data-settings=\"{&quot;jet_parallax_layout_list&quot;:[],&quot;background_background&quot;:&quot;classic&quot;}\">\n\t\t\t\t\t\t<div class=\"elementor-container elementor-column-gap-wide\">\n\t\t\t\t\t<div class=\"elementor-column elementor-col-100 elementor-top-column elementor-element elementor-element-0bcc30c\" data-id=\"0bcc30c\" data-element_type=\"column\">\n\t\t\t<div class=\"elementor-widget-wrap elementor-element-populated\">\n\t\t\t\t\t\t<div class=\"elementor-element elementor-element-b811fae elementor-widget elementor-widget-heading\" data-id=\"b811fae\" data-element_type=\"widget\" data-widget_type=\"heading.default\">\n\t\t\t\t<div class=\"elementor-widget-container\">\n\t\t\t\t\t<h1 class=\"elementor-heading-title elementor-size-default\">Manuel des sections 2 \u00ab Campagnes et communication \u00bb<\/h1>\t\t\t\t<\/div>\n\t\t\t\t<\/div>\n\t\t\t\t<div class=\"elementor-element elementor-element-395a8b2 elementor-widget elementor-widget-jet-breadcrumbs\" data-id=\"395a8b2\" data-element_type=\"widget\" data-widget_type=\"jet-breadcrumbs.default\">\n\t\t\t\t<div class=\"elementor-widget-container\">\n\t\t\t\t\t<div class=\"elementor-jet-breadcrumbs jet-blocks\">\n\t\t<div class=\"jet-breadcrumbs\">\n\t\t<div class=\"jet-breadcrumbs__content\">\n\t\t<div class=\"jet-breadcrumbs__wrap\">\n\t\t<\/div>\n\t\t<\/div>\n\t\t<\/div><\/div>\t\t\t\t<\/div>\n\t\t\t\t<\/div>\n\t\t\t\t\t<\/div>\n\t\t<\/div>\n\t\t\t\t\t<\/div>\n\t\t<\/section>\n\t\t\t\t<section class=\"elementor-section elementor-top-section elementor-element elementor-element-be30af5 elementor-section-boxed elementor-section-height-default elementor-section-height-default\" data-id=\"be30af5\" data-element_type=\"section\" data-settings=\"{&quot;jet_parallax_layout_list&quot;:[]}\">\n\t\t\t\t\t\t<div class=\"elementor-container elementor-column-gap-wide\">\n\t\t\t\t\t<div class=\"elementor-column elementor-col-100 elementor-top-column elementor-element elementor-element-53664ee\" data-id=\"53664ee\" data-element_type=\"column\">\n\t\t\t<div class=\"elementor-widget-wrap elementor-element-populated\">\n\t\t\t\t\t\t<div class=\"elementor-element elementor-element-6a41bf5 elementor-widget elementor-widget-spacer\" data-id=\"6a41bf5\" data-element_type=\"widget\" data-widget_type=\"spacer.default\">\n\t\t\t\t<div class=\"elementor-widget-container\">\n\t\t\t\t\t\t\t<div class=\"elementor-spacer\">\n\t\t\t<div class=\"elementor-spacer-inner\"><\/div>\n\t\t<\/div>\n\t\t\t\t\t\t<\/div>\n\t\t\t\t<\/div>\n\t\t\t\t\t<\/div>\n\t\t<\/div>\n\t\t\t\t\t<\/div>\n\t\t<\/section>\n\t\t\t\t<section class=\"elementor-section elementor-top-section elementor-element elementor-element-43fca17 elementor-section-boxed elementor-section-height-default elementor-section-height-default\" data-id=\"43fca17\" data-element_type=\"section\" data-settings=\"{&quot;jet_parallax_layout_list&quot;:[]}\">\n\t\t\t\t\t\t<div class=\"elementor-container elementor-column-gap-default\">\n\t\t\t\t\t<div class=\"elementor-column elementor-col-100 elementor-top-column elementor-element elementor-element-09de672\" data-id=\"09de672\" data-element_type=\"column\">\n\t\t\t<div class=\"elementor-widget-wrap elementor-element-populated\">\n\t\t\t\t\t\t<div class=\"elementor-element elementor-element-e0c6d87 elementor-widget elementor-widget-spps_title_text\" data-id=\"e0c6d87\" data-element_type=\"widget\" data-widget_type=\"spps_title_text.default\">\n\t\t\t\t<div class=\"elementor-widget-container\">\n\t\t\t\t\t<div class=\"title-text-wrapper \"><div class=\"title-text-container\"><div class=\"title-text-text\"><div class=\"body\"><div class=\"body\"><p>La nouvelle version du manuel des sections 2 peut \u00eatre command\u00e9e gratuitement sous forme de brochure imprim\u00e9e au <a href=\"https:\/\/www.sp-ps.ch\/fr\/shop-sections\/\">Shop pour les sections du PS Suisse<\/a> ou \u00e0\u00a0<a href=\"mailto:info@pssuisse.ch\">info@pssuisse.ch<\/a><strong><br \/><\/strong><\/p><\/div><\/div><\/div><\/div><\/div>\t\t\t\t<\/div>\n\t\t\t\t<\/div>\n\t\t\t\t<div class=\"elementor-element elementor-element-cff41e9 elementor-widget elementor-widget-spps_button\" data-id=\"cff41e9\" data-element_type=\"widget\" data-widget_type=\"spps_button.default\">\n\t\t\t\t<div class=\"elementor-widget-container\">\n\t\t\t\t\t<div class=\"button-wrapper button-wrapper-center\"><a href=\"https:\/\/www.sp-ps.ch\/wp-content\/uploads\/2026\/01\/SPSchweiz_Sektionshandbuch_B2_F_Web.pdf\"  target=\"_self\" class=\"button-link button-link-download\" >Ici tu peux t\u00e9l\u00e9charger le nouveau manuel des sections 2 en PDF<\/a><\/div>\t\t\t\t<\/div>\n\t\t\t\t<\/div>\n\t\t\t\t<div class=\"elementor-element elementor-element-48b4a0e elementor-widget elementor-widget-spacer\" data-id=\"48b4a0e\" data-element_type=\"widget\" data-widget_type=\"spacer.default\">\n\t\t\t\t<div class=\"elementor-widget-container\">\n\t\t\t\t\t\t\t<div class=\"elementor-spacer\">\n\t\t\t<div class=\"elementor-spacer-inner\"><\/div>\n\t\t<\/div>\n\t\t\t\t\t\t<\/div>\n\t\t\t\t<\/div>\n\t\t\t\t<div class=\"elementor-element elementor-element-9ac900b elementor-widget elementor-widget-spps_button_list\" data-id=\"9ac900b\" data-element_type=\"widget\" data-widget_type=\"spps_button_list.default\">\n\t\t\t\t<div class=\"elementor-widget-container\">\n\t\t\t\t\t<div class=\"button-list-wrapper   \"><div class=\"button-list-title\"><h3>Documents relatifs au manuel 2 \u00ab Campagnes et communication \u00bb<\/h3><\/div><div class=\"button-list-container\"><div class=\"button-list-text\"><p>Ces documents sont con\u00e7us \u00e0 titre d\u2019exemples. En r\u00e8gle g\u00e9n\u00e9rale, ce ne sont pas des documents officiels du PS Suisse. Ils doivent \u00eatre adapt\u00e9s \u00e0 la situation et aux conditions locales.<\/p>\n<\/div><div class=\"button-list-items\"><div class=\"button-list-item\"><div class=\"button-wrapper \"><a href=\"https:\/\/www.sp-ps.ch\/wp-content\/uploads\/2025\/10\/240816_Factsheet_media_F.pdf\"  target=\"_self\" class=\"button-link button-link-default\" >Fiche d\u2019information M\u00e9dias du PS Suisse<span class=\"button-media-date\">15.04.2026<\/span><\/a><\/div><\/div><div class=\"button-list-item\"><div class=\"button-wrapper \"><a href=\"https:\/\/www.sp-ps.ch\/wp-content\/uploads\/2025\/10\/Guide-SoMe_FR.pdf\"  target=\"_self\" class=\"button-link button-link-default\" >Guide des r\u00e9seaux sociaux pour les sections <span class=\"button-media-date\">15.04.2026<\/span><\/a><\/div><\/div><\/div><\/div><\/div>\t\t\t\t<\/div>\n\t\t\t\t<\/div>\n\t\t\t\t\t<\/div>\n\t\t<\/div>\n\t\t\t\t\t<\/div>\n\t\t<\/section>\n\t\t\t\t<\/div>\n\t\t","protected":false},"excerpt":{"rendered":"<p>Manuel des sections 2 \u00ab Campagnes et communication \u00bb La nouvelle version du manuel des sections 2 peut \u00eatre command\u00e9e gratuitement sous forme de brochure imprim\u00e9e au Shop pour les [&hellip;]<\/p>\n","protected":false},"author":23,"featured_media":0,"parent":67367,"menu_order":9,"comment_status":"closed","ping_status":"closed","template":"","meta":{"footnotes":""},"class_list":["post-104515","page","type-page","status-publish","hentry"],"_links":{"self":[{"href":"https:\/\/www.sp-ps.ch\/fr\/wp-json\/wp\/v2\/pages\/104515","targetHints":{"allow":["GET"]}}],"collection":[{"href":"https:\/\/www.sp-ps.ch\/fr\/wp-json\/wp\/v2\/pages"}],"about":[{"href":"https:\/\/www.sp-ps.ch\/fr\/wp-json\/wp\/v2\/types\/page"}],"author":[{"embeddable":true,"href":"https:\/\/www.sp-ps.ch\/fr\/wp-json\/wp\/v2\/users\/23"}],"replies":[{"embeddable":true,"href":"https:\/\/www.sp-ps.ch\/fr\/wp-json\/wp\/v2\/comments?post=104515"}],"version-history":[{"count":23,"href":"https:\/\/www.sp-ps.ch\/fr\/wp-json\/wp\/v2\/pages\/104515\/revisions"}],"predecessor-version":[{"id":177923,"href":"https:\/\/www.sp-ps.ch\/fr\/wp-json\/wp\/v2\/pages\/104515\/revisions\/177923"}],"up":[{"embeddable":true,"href":"https:\/\/www.sp-ps.ch\/fr\/wp-json\/wp\/v2\/pages\/67367"}],"wp:attachment":[{"href":"https:\/\/www.sp-ps.ch\/fr\/wp-json\/wp\/v2\/media?parent=104515"}],"curies":[{"name":"wp","href":"https:\/\/api.w.org\/{rel}","templated":true}]}}