{"id":104524,"date":"2023-09-25T15:41:14","date_gmt":"2023-09-25T13:41:14","guid":{"rendered":"https:\/\/www.sp-ps.ch\/?page_id=104524"},"modified":"2023-09-25T15:42:41","modified_gmt":"2023-09-25T13:42:41","slug":"3-membres","status":"publish","type":"page","link":"https:\/\/www.sp-ps.ch\/fr\/manuels-des-sections\/3-membres\/","title":{"rendered":"Manuel des sections 3 \u00ab Membres \u00bb"},"content":{"rendered":"\t\t<div data-elementor-type=\"wp-page\" data-elementor-id=\"104524\" class=\"elementor elementor-104524 elementor-104523\" data-elementor-post-type=\"page\">\n\t\t\t\t\t\t<section class=\"elementor-section elementor-top-section elementor-element elementor-element-1d2bca0 elementor-section-boxed elementor-section-height-default elementor-section-height-default\" data-id=\"1d2bca0\" data-element_type=\"section\" data-settings=\"{&quot;jet_parallax_layout_list&quot;:[],&quot;background_background&quot;:&quot;classic&quot;}\">\n\t\t\t\t\t\t<div class=\"elementor-container elementor-column-gap-wide\">\n\t\t\t\t\t<div class=\"elementor-column elementor-col-100 elementor-top-column elementor-element elementor-element-0bcc30c\" data-id=\"0bcc30c\" data-element_type=\"column\">\n\t\t\t<div class=\"elementor-widget-wrap elementor-element-populated\">\n\t\t\t\t\t\t<div class=\"elementor-element elementor-element-b811fae elementor-widget elementor-widget-heading\" data-id=\"b811fae\" data-element_type=\"widget\" data-widget_type=\"heading.default\">\n\t\t\t\t<div class=\"elementor-widget-container\">\n\t\t\t\t\t<h1 class=\"elementor-heading-title elementor-size-default\">Manuel des sections 3 \u00ab Membres \u00bb<\/h1>\t\t\t\t<\/div>\n\t\t\t\t<\/div>\n\t\t\t\t<div class=\"elementor-element elementor-element-395a8b2 elementor-widget elementor-widget-jet-breadcrumbs\" data-id=\"395a8b2\" data-element_type=\"widget\" data-widget_type=\"jet-breadcrumbs.default\">\n\t\t\t\t<div class=\"elementor-widget-container\">\n\t\t\t\t\t<div class=\"elementor-jet-breadcrumbs jet-blocks\">\n\t\t<div class=\"jet-breadcrumbs\">\n\t\t<div class=\"jet-breadcrumbs__content\">\n\t\t<div class=\"jet-breadcrumbs__wrap\">\n\t\t<\/div>\n\t\t<\/div>\n\t\t<\/div><\/div>\t\t\t\t<\/div>\n\t\t\t\t<\/div>\n\t\t\t\t\t<\/div>\n\t\t<\/div>\n\t\t\t\t\t<\/div>\n\t\t<\/section>\n\t\t\t\t<section class=\"elementor-section elementor-top-section elementor-element elementor-element-be30af5 elementor-section-boxed elementor-section-height-default elementor-section-height-default\" data-id=\"be30af5\" data-element_type=\"section\" data-settings=\"{&quot;jet_parallax_layout_list&quot;:[]}\">\n\t\t\t\t\t\t<div class=\"elementor-container elementor-column-gap-wide\">\n\t\t\t\t\t<div class=\"elementor-column elementor-col-100 elementor-top-column elementor-element elementor-element-53664ee\" data-id=\"53664ee\" data-element_type=\"column\">\n\t\t\t<div class=\"elementor-widget-wrap elementor-element-populated\">\n\t\t\t\t\t\t<div class=\"elementor-element elementor-element-9d91b3b elementor-widget elementor-widget-spacer\" data-id=\"9d91b3b\" data-element_type=\"widget\" data-widget_type=\"spacer.default\">\n\t\t\t\t<div class=\"elementor-widget-container\">\n\t\t\t\t\t\t\t<div class=\"elementor-spacer\">\n\t\t\t<div class=\"elementor-spacer-inner\"><\/div>\n\t\t<\/div>\n\t\t\t\t\t\t<\/div>\n\t\t\t\t<\/div>\n\t\t\t\t<div class=\"elementor-element elementor-element-e0c6d87 elementor-widget elementor-widget-spps_title_text\" data-id=\"e0c6d87\" data-element_type=\"widget\" data-widget_type=\"spps_title_text.default\">\n\t\t\t\t<div class=\"elementor-widget-container\">\n\t\t\t\t\t<div class=\"title-text-wrapper \"><div class=\"title-text-container\"><div class=\"title-text-text\"><p>Le manuel des sections 3 est en cours de r\u00e9vision. La version actuellement disponible peut \u00eatre command\u00e9e ici : <a href=\"mailto:info@pssuisse.ch\">info@pssuisse.ch<\/a><\/p>\n<\/div><\/div><\/div>\t\t\t\t<\/div>\n\t\t\t\t<\/div>\n\t\t\t\t\t<\/div>\n\t\t<\/div>\n\t\t\t\t\t<\/div>\n\t\t<\/section>\n\t\t\t\t<section class=\"elementor-section elementor-top-section elementor-element elementor-element-43fca17 elementor-section-boxed elementor-section-height-default elementor-section-height-default\" data-id=\"43fca17\" data-element_type=\"section\" data-settings=\"{&quot;jet_parallax_layout_list&quot;:[]}\">\n\t\t\t\t\t\t<div class=\"elementor-container elementor-column-gap-default\">\n\t\t\t\t\t<div class=\"elementor-column elementor-col-100 elementor-top-column elementor-element elementor-element-09de672\" data-id=\"09de672\" data-element_type=\"column\">\n\t\t\t<div class=\"elementor-widget-wrap elementor-element-populated\">\n\t\t\t\t\t\t<div class=\"elementor-element elementor-element-6e3eb9f elementor-widget elementor-widget-spps_button_list\" data-id=\"6e3eb9f\" data-element_type=\"widget\" data-widget_type=\"spps_button_list.default\">\n\t\t\t\t<div class=\"elementor-widget-container\">\n\t\t\t\t\t<div class=\"button-list-wrapper   \"><div class=\"button-list-title\"><h3>Documents relatifs au manuel 3 \u00ab Membres\u00bb<\/h3><\/div><div class=\"button-list-container\"><div class=\"button-list-text\"><p>Ces documents sont con\u00e7us \u00e0 titre d\u2019exemples. En r\u00e8gle g\u00e9n\u00e9rale, ce ne sont pas des documents officiels du PS Suisse. Ils doivent \u00eatre adapt\u00e9s \u00e0 la situation et aux conditions locales.<\/p>\n<\/div><div class=\"button-list-items\"><div class=\"button-list-item\"><div class=\"button-wrapper \"><a href=\"https:\/\/www.sp-ps.ch\/wp-content\/uploads\/2016\/12\/argumentarium_sp_mitgliedschaft.pdf\"  target=\"_self\" class=\"button-link button-link-default\" >Argumentarium f\u00fcr eine SP Mitgliedschaft<span class=\"button-media-date\">04.07.2023<\/span><\/a><\/div><\/div><div class=\"button-list-item\"><div class=\"button-wrapper \"><a href=\"https:\/\/www.sp-ps.ch\/wp-content\/uploads\/2016\/12\/def_gespraechsleitfaden_austritte.pdf\"  target=\"_self\" class=\"button-link button-link-default\" >Austrittstelefon (Gespr\u00e4chsleitfaden)<span class=\"button-media-date\">04.07.2023<\/span><\/a><\/div><\/div><div class=\"button-list-item\"><div class=\"button-wrapper \"><a href=\"https:\/\/www.sp-ps.ch\/sites\/default\/files\/documents\/def_begruessungsbrief_neumitglied.docx\"  target=\"_self\" class=\"button-link button-link-default\" >Begr\u00fcssungsbrief f\u00fcr Neumitglieder<span class=\"button-media-date\">04.07.2023<\/span><\/a><\/div><\/div><div class=\"button-list-item\"><div class=\"button-wrapper \"><a href=\"https:\/\/www.sp-ps.ch\/wp-content\/uploads\/2016\/12\/def_gespraechsleitfaden_begruessungstelefon.pdf\"  target=\"_self\" class=\"button-link button-link-default\" >Begr\u00fcssungstelefon (Gespr\u00e4chsleitfaden)<span class=\"button-media-date\">04.07.2023<\/span><\/a><\/div><\/div><div class=\"button-list-item\"><div class=\"button-wrapper \"><a href=\"https:\/\/www.sp-ps.ch\/sites\/default\/files\/documents\/def_ueberblick_begruessungstelefone.xlsx\"  target=\"_self\" class=\"button-link button-link-default\" >Begr\u00fcssungstelefone (\u00dcberblick als Excel-Liste)<span class=\"button-media-date\">04.07.2023<\/span><\/a><\/div><\/div><div class=\"button-list-item\"><div class=\"button-wrapper \"><a href=\"https:\/\/www.sp-ps.ch\/sites\/default\/files\/documents\/leitfaden_beste_kontakte_telefonieren.docx\"  target=\"_self\" class=\"button-link button-link-default\" >Beste Kontakte telefonieren (Gespr\u00e4chsleitfaden)<span class=\"button-media-date\">04.07.2023<\/span><\/a><\/div><\/div><div class=\"button-list-item\"><div class=\"button-wrapper \"><a href=\"https:\/\/www.sp-ps.ch\/wp-content\/uploads\/2016\/12\/def_bodenzeitung.pdf\"  target=\"_self\" class=\"button-link button-link-default\" >Bodenzeitung (Leitfaden)<span class=\"button-media-date\">04.07.2023<\/span><\/a><\/div><\/div><div class=\"button-list-item\"><div class=\"button-wrapper \"><a href=\"https:\/\/www.sp-ps.ch\/sites\/default\/files\/documents\/def_gespraechsleitfaden_zahlungserinnerung_mitgliederbeitrag.docx\"  target=\"_self\" class=\"button-link button-link-default\" >Gespr\u00e4chsleitfaden Zahlungserinnerung Mitgliederbeitrag<span class=\"button-media-date\">04.07.2023<\/span><\/a><\/div><\/div><div class=\"button-list-item\"><div class=\"button-wrapper \"><a href=\"https:\/\/www.sp-ps.ch\/sites\/default\/files\/documents\/def_geburtstagskarte_beispiel.docx\"  target=\"_self\" class=\"button-link button-link-default\" >Gl\u00fcckswunschkarte Geburtstag (Beispiel)<span class=\"button-media-date\">04.07.2023<\/span><\/a><\/div><\/div><div class=\"button-list-item\"><div class=\"button-wrapper \"><a href=\"https:\/\/www.sp-ps.ch\/sites\/default\/files\/documents\/def_musterbrief_zahlungserinnerung_mitgliederbeitrag.docx\"  target=\"_self\" class=\"button-link button-link-default\" >Musterbrief Zahlungserinnerung Mitgliederbeitrag<span class=\"button-media-date\">04.07.2023<\/span><\/a><\/div><\/div><div class=\"button-list-item\"><div class=\"button-wrapper \"><a href=\"https:\/\/www.sp-ps.ch\/wp-content\/uploads\/2016\/12\/def_begruessungsanlass_neumitglieder.pdf\"  target=\"_self\" class=\"button-link button-link-default\" >Neumitgliederanlass (Leitfaden)<span class=\"button-media-date\">04.07.2023<\/span><\/a><\/div><\/div><div class=\"button-list-item\"><div class=\"button-wrapper \"><a href=\"https:\/\/www.sp-ps.ch\/sites\/default\/files\/documents\/def_neuzuzuegerinnen.doc\"  target=\"_self\" class=\"button-link button-link-default\" >Willkommensbrief 'Neuzuz\u00fcgerInnen'<span class=\"button-media-date\">04.07.2023<\/span><\/a><\/div><\/div><\/div><\/div><\/div>\t\t\t\t<\/div>\n\t\t\t\t<\/div>\n\t\t\t\t\t<\/div>\n\t\t<\/div>\n\t\t\t\t\t<\/div>\n\t\t<\/section>\n\t\t\t\t<\/div>\n\t\t","protected":false},"excerpt":{"rendered":"<p>Manuel des sections 3 \u00ab Membres \u00bb Le manuel des sections 3 est en cours de r\u00e9vision. La version actuellement disponible peut \u00eatre command\u00e9e ici : info@pssuisse.ch Documents relatifs au [&hellip;]<\/p>\n","protected":false},"author":23,"featured_media":0,"parent":67367,"menu_order":10,"comment_status":"closed","ping_status":"closed","template":"","meta":{"footnotes":""},"class_list":["post-104524","page","type-page","status-publish","hentry"],"_links":{"self":[{"href":"https:\/\/www.sp-ps.ch\/fr\/wp-json\/wp\/v2\/pages\/104524","targetHints":{"allow":["GET"]}}],"collection":[{"href":"https:\/\/www.sp-ps.ch\/fr\/wp-json\/wp\/v2\/pages"}],"about":[{"href":"https:\/\/www.sp-ps.ch\/fr\/wp-json\/wp\/v2\/types\/page"}],"author":[{"embeddable":true,"href":"https:\/\/www.sp-ps.ch\/fr\/wp-json\/wp\/v2\/users\/23"}],"replies":[{"embeddable":true,"href":"https:\/\/www.sp-ps.ch\/fr\/wp-json\/wp\/v2\/comments?post=104524"}],"version-history":[{"count":5,"href":"https:\/\/www.sp-ps.ch\/fr\/wp-json\/wp\/v2\/pages\/104524\/revisions"}],"predecessor-version":[{"id":113676,"href":"https:\/\/www.sp-ps.ch\/fr\/wp-json\/wp\/v2\/pages\/104524\/revisions\/113676"}],"up":[{"embeddable":true,"href":"https:\/\/www.sp-ps.ch\/fr\/wp-json\/wp\/v2\/pages\/67367"}],"wp:attachment":[{"href":"https:\/\/www.sp-ps.ch\/fr\/wp-json\/wp\/v2\/media?parent=104524"}],"curies":[{"name":"wp","href":"https:\/\/api.w.org\/{rel}","templated":true}]}}