{"id":109720,"date":"2023-08-22T11:53:20","date_gmt":"2023-08-22T09:53:20","guid":{"rendered":"https:\/\/www.sp-ps.ch\/en-langage-simplifiee-nos-themes-de-campagne-electoral-en-un-clin-doeil\/"},"modified":"2023-08-22T16:26:34","modified_gmt":"2023-08-22T14:26:34","slug":"en-langage-simplifiee-nos-themes-de-campagne-electoral-en-un-clin-doeil","status":"publish","type":"page","link":"https:\/\/www.sp-ps.ch\/fr\/en-langage-simplifiee-nos-themes-de-campagne-electoral-en-un-clin-doeil\/","title":{"rendered":"En langage simplifi\u00e9e: nos th\u00e8mes de campagne \u00e9lectoral en un clin d&#8217;oeil"},"content":{"rendered":"\t\t<div data-elementor-type=\"wp-page\" data-elementor-id=\"109720\" class=\"elementor elementor-109720 elementor-109341\" data-elementor-post-type=\"page\">\n\t\t\t\t\t\t<section class=\"elementor-section elementor-top-section elementor-element elementor-element-15eacc3 elementor-section-boxed elementor-section-height-default elementor-section-height-default\" data-id=\"15eacc3\" data-element_type=\"section\" data-settings=\"{&quot;jet_parallax_layout_list&quot;:[],&quot;background_background&quot;:&quot;classic&quot;}\">\n\t\t\t\t\t\t<div class=\"elementor-container elementor-column-gap-wide\">\n\t\t\t\t\t<div class=\"elementor-column elementor-col-100 elementor-top-column elementor-element elementor-element-0026b62\" data-id=\"0026b62\" data-element_type=\"column\">\n\t\t\t<div class=\"elementor-widget-wrap elementor-element-populated\">\n\t\t\t\t\t\t<div class=\"elementor-element elementor-element-d923419 elementor-widget elementor-widget-heading\" data-id=\"d923419\" data-element_type=\"widget\" data-widget_type=\"heading.default\">\n\t\t\t\t<div class=\"elementor-widget-container\">\n\t\t\t\t\t<h1 class=\"elementor-heading-title elementor-size-default\">En langage simplifi\u00e9e: nos sujets en un clin d'oeil<\/h1>\t\t\t\t<\/div>\n\t\t\t\t<\/div>\n\t\t\t\t<div class=\"elementor-element elementor-element-d5c2b21 elementor-widget elementor-widget-jet-breadcrumbs\" data-id=\"d5c2b21\" data-element_type=\"widget\" data-widget_type=\"jet-breadcrumbs.default\">\n\t\t\t\t<div class=\"elementor-widget-container\">\n\t\t\t\t\t<div class=\"elementor-jet-breadcrumbs jet-blocks\">\n\t\t<div class=\"jet-breadcrumbs\">\n\t\t<div class=\"jet-breadcrumbs__content\">\n\t\t<div class=\"jet-breadcrumbs__wrap\">\n\t\t<\/div>\n\t\t<\/div>\n\t\t<\/div><\/div>\t\t\t\t<\/div>\n\t\t\t\t<\/div>\n\t\t\t\t\t<\/div>\n\t\t<\/div>\n\t\t\t\t\t<\/div>\n\t\t<\/section>\n\t\t\t\t<section class=\"elementor-section elementor-top-section elementor-element elementor-element-5898742 elementor-section-boxed elementor-section-height-default elementor-section-height-default\" data-id=\"5898742\" data-element_type=\"section\" data-settings=\"{&quot;jet_parallax_layout_list&quot;:[]}\">\n\t\t\t\t\t\t<div class=\"elementor-container elementor-column-gap-default\">\n\t\t\t\t\t<div class=\"elementor-column elementor-col-100 elementor-top-column elementor-element elementor-element-3ff471d\" data-id=\"3ff471d\" data-element_type=\"column\">\n\t\t\t<div class=\"elementor-widget-wrap\">\n\t\t\t\t\t\t\t<\/div>\n\t\t<\/div>\n\t\t\t\t\t<\/div>\n\t\t<\/section>\n\t\t\t\t<section class=\"elementor-section elementor-top-section elementor-element elementor-element-6d761df elementor-section-boxed elementor-section-height-default elementor-section-height-default\" data-id=\"6d761df\" data-element_type=\"section\" data-settings=\"{&quot;jet_parallax_layout_list&quot;:[]}\">\n\t\t\t\t\t\t<div class=\"elementor-container elementor-column-gap-default\">\n\t\t\t\t\t<div class=\"elementor-column elementor-col-100 elementor-top-column elementor-element elementor-element-8744278\" data-id=\"8744278\" data-element_type=\"column\">\n\t\t\t<div class=\"elementor-widget-wrap elementor-element-populated\">\n\t\t\t\t\t\t<div class=\"elementor-element elementor-element-b386512 elementor-widget elementor-widget-spps_button_list\" data-id=\"b386512\" data-element_type=\"widget\" data-widget_type=\"spps_button_list.default\">\n\t\t\t\t<div class=\"elementor-widget-container\">\n\t\t\t\t\t<div class=\"button-list-wrapper   \"><div class=\"button-list-title\"><h2>Le PS prend parti pour une Suisse solidaire<\/h2><\/div><div class=\"button-list-container\"><div class=\"button-list-text\"><h3>Explication des mots soulign\u00e9s<\/h3>\n<p>Certains mots dans le texte sont soulign\u00e9s. <br \/>Par exemple, <u>\u00e9galit\u00e9<\/u> ou <u>climat.<\/u> <br \/>Cela veut dire que ces mots sont expliqu\u00e9s <br \/>\u00e0 la fin du texte.<\/p>\n<h3>Nous prenons parti<\/h3>\n<p>Le PS a choisi un slogan pour les \u00e9lections. <br \/>Ce slogan, c\u2019est : Nous prenons parti. <br \/>Autrement dit\u00a0: Nous nous engageons.<\/p>\n<p>Le PS \u00e9crit par exemple : <br \/>Nous prenons parti pour l\u2019<u>\u00e9galit\u00e9.<\/u><\/p>\n<p>Cela veut dire :\u00a0 <br \/>Le PS s\u2019engage pour l\u2019<u>\u00e9galit\u00e9.<\/u><\/p>\n<p>Ou bien le PS \u00e9crit :<br \/>Nous prenons parti pour une Suisse solidaire.<\/p>\n<p>Cela veut dire :<br \/>Le PS s\u2019engage pour une Suisse qui ne laisse personne de c\u00f4t\u00e9.<\/p>\n<h3>\u00c9lections f\u00e9d\u00e9rales en octobre 2023<\/h3>\n<p>Les \u00e9lections f\u00e9d\u00e9rales auront lieu le 22 octobre 2023. <br \/>Ce jour-l\u00e0, le peuple suisse \u00e9lira le <u>Conseil national<\/u> et le <u>Conseil des \u00c9tats<\/u>.<\/p>\n<\/div><\/div><\/div>\t\t\t\t<\/div>\n\t\t\t\t<\/div>\n\t\t\t\t\t<\/div>\n\t\t<\/div>\n\t\t\t\t\t<\/div>\n\t\t<\/section>\n\t\t\t\t<section class=\"elementor-section elementor-top-section elementor-element elementor-element-23f6da8 elementor-section-boxed elementor-section-height-default elementor-section-height-default\" data-id=\"23f6da8\" data-element_type=\"section\" data-settings=\"{&quot;jet_parallax_layout_list&quot;:[]}\">\n\t\t\t\t\t\t<div class=\"elementor-container elementor-column-gap-default\">\n\t\t\t\t\t<div class=\"elementor-column elementor-col-100 elementor-top-column elementor-element elementor-element-974b3c2\" data-id=\"974b3c2\" data-element_type=\"column\">\n\t\t\t<div class=\"elementor-widget-wrap elementor-element-populated\">\n\t\t\t\t\t\t<div class=\"elementor-element elementor-element-343d01c elementor-widget elementor-widget-spps_title_text\" data-id=\"343d01c\" data-element_type=\"widget\" data-widget_type=\"spps_title_text.default\">\n\t\t\t\t<div class=\"elementor-widget-container\">\n\t\t\t\t\t<div class=\"title-text-wrapper wrapper-spacing-default\"><div class=\"title-text-title\"><h2>Pour quels sujets le PS s\u2019engage-t-il\u00a0?<\/h2><\/div><div class=\"title-text-container\"><div class=\"title-text-text\"><p class=\"capitostandard\"><span lang=\"FR-CH\">Le PS s\u2019engage pour trois sujets importants :<\/span><\/p>\n<\/div><\/div><\/div>\t\t\t\t<\/div>\n\t\t\t\t<\/div>\n\t\t\t\t\t<\/div>\n\t\t<\/div>\n\t\t\t\t\t<\/div>\n\t\t<\/section>\n\t\t\t\t<section class=\"elementor-section elementor-top-section elementor-element elementor-element-b80b631 elementor-section-boxed elementor-section-height-default elementor-section-height-default\" data-id=\"b80b631\" data-element_type=\"section\" data-settings=\"{&quot;jet_parallax_layout_list&quot;:[]}\">\n\t\t\t\t\t\t<div class=\"elementor-container elementor-column-gap-default\">\n\t\t\t\t\t<div class=\"elementor-column elementor-col-100 elementor-top-column elementor-element elementor-element-50fbabf\" data-id=\"50fbabf\" data-element_type=\"column\">\n\t\t\t<div class=\"elementor-widget-wrap elementor-element-populated\">\n\t\t\t\t\t\t<div class=\"elementor-element elementor-element-53ca170 elementor-widget elementor-widget-spps_title_text\" data-id=\"53ca170\" data-element_type=\"widget\" data-widget_type=\"spps_title_text.default\">\n\t\t\t\t<div class=\"elementor-widget-container\">\n\t\t\t\t\t<div class=\"title-text-wrapper \"><div class=\"title-text-title\"><h2>Nous prenons parti pour des loyers abordables, des primes d\u2019assurance-maladie moins ch\u00e8res et des rentes convenables.<\/h2><\/div><div class=\"title-text-container\"><div class=\"title-text-text\"><p>La population doit avoir assez d\u2019argent pour vivre.<br \/>La Suisse est un pays riche. <br \/>Mais beaucoup de gens n\u2019ont plus d\u2019argent \u00e0 la fin du mois. <br \/>Parce que la vie co\u00fbte toujours plus cher. <br \/>Par exemple :<\/p>\n<ul>\n<li>Le logement co\u00fbte plus cher.<\/li>\n<li>L\u2019assurance-maladie co\u00fbte plus cher.<\/li>\n<\/ul>\n<p>Nous nous engageons donc pour la population. <br \/>Pour que chaque personne ait assez d\u2019argent pour vivre.<\/p>\n<\/div><\/div><\/div>\t\t\t\t<\/div>\n\t\t\t\t<\/div>\n\t\t\t\t<div class=\"elementor-element elementor-element-40cf763 elementor-widget elementor-widget-spps_title_text\" data-id=\"40cf763\" data-element_type=\"widget\" data-widget_type=\"spps_title_text.default\">\n\t\t\t\t<div class=\"elementor-widget-container\">\n\t\t\t\t\t<div class=\"title-text-wrapper \"><div class=\"title-text-title\"><h2>Nous prenons parti pour l\u2019\u00e9galit\u00e9.<\/h2><\/div><div class=\"title-text-container\"><div class=\"title-text-text\"><p>Tout le monde a le droit d\u2019\u00eatre trait\u00e9 de la m\u00eame mani\u00e8re.<\/p>\n<p>Mais, l\u2019\u00e9galit\u00e9 n\u2019est pas toujours respect\u00e9e en Suisse. <br \/>Par exemple :<\/p>\n<ul>\n<li>Les femmes gagnent moins que les hommes.<\/li>\n<li>Les places dans les cr\u00e8ches sont trop ch\u00e8res.<\/li>\n<li>Les femmes et les <u>personnes queers<\/u> subissent des violences.<\/li>\n<\/ul>\n<p>&nbsp;<\/p>\n<p>Nous nous engageons :<\/p>\n<ul>\n<li>Pour que les femmes aient assez d\u2019argent \u00e0 la retraite.<\/li>\n<li>Pour que les parents arrivent \u00e0 payer la cr\u00e8che pour leur enfant.<\/li>\n<li>Pour que toutes les personnes soient trait\u00e9es de la m\u00eame mani\u00e8re.<\/li>\n<\/ul>\n<\/div><\/div><\/div>\t\t\t\t<\/div>\n\t\t\t\t<\/div>\n\t\t\t\t\t<\/div>\n\t\t<\/div>\n\t\t\t\t\t<\/div>\n\t\t<\/section>\n\t\t\t\t<section class=\"elementor-section elementor-top-section elementor-element elementor-element-1888258 elementor-section-boxed elementor-section-height-default elementor-section-height-default\" data-id=\"1888258\" data-element_type=\"section\" data-settings=\"{&quot;jet_parallax_layout_list&quot;:[]}\">\n\t\t\t\t\t\t<div class=\"elementor-container elementor-column-gap-default\">\n\t\t\t\t\t<div class=\"elementor-column elementor-col-100 elementor-top-column elementor-element elementor-element-ec2b766\" data-id=\"ec2b766\" data-element_type=\"column\">\n\t\t\t<div class=\"elementor-widget-wrap elementor-element-populated\">\n\t\t\t\t\t\t<div class=\"elementor-element elementor-element-56af798 elementor-widget elementor-widget-spps_title_text\" data-id=\"56af798\" data-element_type=\"widget\" data-widget_type=\"spps_title_text.default\">\n\t\t\t\t<div class=\"elementor-widget-container\">\n\t\t\t\t\t<div class=\"title-text-wrapper \"><div class=\"title-text-title\"><h2>Nous prenons parti pour le climat et tout ce qui est \u00e9nergie.<\/h2><\/div><div class=\"title-text-container\"><div class=\"title-text-text\"><p>Le <u>climat<\/u> doit \u00eatre prot\u00e9g\u00e9. <br \/>Et il faut assez d\u2019<u>\u00e9nergie<\/u> pour tout le monde.<\/p>\n<p>Nous nous engageons :<\/p>\n<ul>\n<li>Pour que les logements soient \u00e9quip\u00e9s de chauffages sans mazout.<\/li>\n<li>Pour que les transports publics soient d\u00e9velopp\u00e9s.<\/li>\n<li>Pour que la Suisse aide \u00e0 prot\u00e9ger le <u>climat<\/u> en cr\u00e9ant un fonds.<\/li>\n<\/ul>\n<\/div><\/div><\/div>\t\t\t\t<\/div>\n\t\t\t\t<\/div>\n\t\t\t\t\t<\/div>\n\t\t<\/div>\n\t\t\t\t\t<\/div>\n\t\t<\/section>\n\t\t\t\t<section class=\"elementor-section elementor-top-section elementor-element elementor-element-f8a62fb elementor-section-boxed elementor-section-height-default elementor-section-height-default\" data-id=\"f8a62fb\" data-element_type=\"section\" data-settings=\"{&quot;jet_parallax_layout_list&quot;:[]}\">\n\t\t\t\t\t\t<div class=\"elementor-container elementor-column-gap-default\">\n\t\t\t\t\t<div class=\"elementor-column elementor-col-100 elementor-top-column elementor-element elementor-element-b741429\" data-id=\"b741429\" data-element_type=\"column\">\n\t\t\t<div class=\"elementor-widget-wrap elementor-element-populated\">\n\t\t\t\t\t\t<div class=\"elementor-element elementor-element-1821c0d elementor-widget elementor-widget-spps_title_text\" data-id=\"1821c0d\" data-element_type=\"widget\" data-widget_type=\"spps_title_text.default\">\n\t\t\t\t<div class=\"elementor-widget-container\">\n\t\t\t\t\t<div class=\"title-text-wrapper wrapper-spacing-default\"><div class=\"title-text-title\"><h2>Le 22 octobre, votez pour le PS !<\/h2><\/div><div class=\"title-text-container\"><div class=\"title-text-text\"><p>En septembre, vous recevrez l\u2019enveloppe<br \/>qui contient les documents pour voter. <br \/>Dans cette enveloppe, vous trouverez le <u>bulletin \u00e9lectoral<\/u> du PS. <br \/>C\u2019est tr\u00e8s simple :<\/p>\n<ul>\n<li>Choisissez le <u>bulletin \u00e9lectoral<\/u> du PS.<\/li>\n<li>Placez-le dans la petite enveloppe de vote.<\/li>\n<li>Fermez la petite enveloppe.<\/li>\n<li>Signez la <u>carte de vote.<\/u><\/li>\n<li>Placez la petite enveloppe et la <u>carte de vote<\/u><br \/>dans la grande enveloppe.<\/li>\n<li>Fermez la grande enveloppe.<\/li>\n<li>Envoyez-la par la poste avant le 17 octobre.<\/li>\n<\/ul>\n<\/div><\/div><\/div>\t\t\t\t<\/div>\n\t\t\t\t<\/div>\n\t\t\t\t\t<\/div>\n\t\t<\/div>\n\t\t\t\t\t<\/div>\n\t\t<\/section>\n\t\t\t\t<section class=\"elementor-section elementor-top-section elementor-element elementor-element-813b314 elementor-section-boxed elementor-section-height-default elementor-section-height-default\" data-id=\"813b314\" data-element_type=\"section\" data-settings=\"{&quot;jet_parallax_layout_list&quot;:[]}\">\n\t\t\t\t\t\t<div class=\"elementor-container elementor-column-gap-default\">\n\t\t\t\t\t<div class=\"elementor-column elementor-col-100 elementor-top-column elementor-element elementor-element-e934c83\" data-id=\"e934c83\" data-element_type=\"column\">\n\t\t\t<div class=\"elementor-widget-wrap elementor-element-populated\">\n\t\t\t\t\t\t<div class=\"elementor-element elementor-element-fcc4ceb elementor-widget elementor-widget-spps_button_list\" data-id=\"fcc4ceb\" data-element_type=\"widget\" data-widget_type=\"spps_button_list.default\">\n\t\t\t\t<div class=\"elementor-widget-container\">\n\t\t\t\t\t<div class=\"button-list-wrapper wrapper-spacing-default  \"><div class=\"button-list-title\"><h2>Explication des mots soulign\u00e9s<\/h2><\/div><div class=\"button-list-container\"><div class=\"button-list-text\"><h3>Bulletin \u00e9lectoral<\/h3>\n<p>Le bulletin \u00e9lectoral est le document <br \/>que les \u00e9lecteurs utilisent pour voter.<\/p>\n<h3>Carte de vote<\/h3>\n<p>La carte de vote est la preuve<br \/>que vous avez le droit de voter.<br \/>Votre nom est inscrit sur la carte de vote.<\/p>\n<h3><strong>Climat<\/strong><\/h3>\n<p>Le temps varie beaucoup. <br \/>Parfois, il fait chaud. <br \/>Parfois, il pleut et il fait froid. <br \/>Parfois, il y a beaucoup de vent. <br \/>Ou, en hiver, il neige.<\/p>\n<p>Ensemble, tous les temps qu\u2019il fait<br \/>dans une r\u00e9gion forment le climat.<\/p>\n<h3>Conseil<strong> des \u00c9tats<\/strong><\/h3>\n<p>Le Conseil des \u00c9tats compte 46 personnes.<br \/>Ces personnes repr\u00e9sentent les cantons suisses.<\/p>\n<p>Chaque canton est repr\u00e9sent\u00e9 par une ou deux personnes au Conseil des \u00c9tats.<\/p>\n<h3>Conseil national<\/h3>\n<p>Le Conseil national compte 200 personnes.<br \/>Ces personnes repr\u00e9sentent le peuple suisse.<\/p>\n<p>Chaque canton compte un certain nombre de personnes au Conseil national.<\/p>\n<h3>\u00c9galit\u00e9<\/h3>\n<p>Toutes les personnes ont les m\u00eames droits. <br \/>Toutes les personnes sont trait\u00e9es de la m\u00eame mani\u00e8re.<\/p>\n<h3>\u00c9nergie<\/h3>\n<p>L\u2019\u00e9nergie, c\u2019est par exemple le mazout ou le gaz. <br \/>On utilise ces \u00e9nergies pour se chauffer, par exemple. <br \/>L\u2019\u00e9lectricit\u00e9 est aussi une \u00e9nergie.<\/p>\n<h3>Personnes queers<\/h3>\n<p>Queer est un mot anglais. <br \/>On le prononce ainsi : couir.<\/p>\n<p>Beaucoup de gens pensent<br \/>qu\u2019on est soit une femme soit un homme. <br \/>Et que les femmes aiment seulement les hommes. <br \/>Et que les hommes aiment seulement les femmes. <br \/>Mais ce n\u2019est pas vrai.<\/p>\n<p>Il y a une grande diversit\u00e9 de personnes. <br \/>Certaines personnes voient les choses autrement. <br \/>Certaines personnes aiment autrement. <br \/>Certaines personnes se sentent diff\u00e9rentes.<\/p>\n<p>Ces personnes sont alors appel\u00e9es personnes queers.<\/p>\n<h3>PS<\/h3>\n<p>PS veut dire Parti socialiste suisse.<\/p>\n<\/div><\/div><\/div>\t\t\t\t<\/div>\n\t\t\t\t<\/div>\n\t\t\t\t\t<\/div>\n\t\t<\/div>\n\t\t\t\t\t<\/div>\n\t\t<\/section>\n\t\t\t\t<\/div>\n\t\t","protected":false},"excerpt":{"rendered":"<p>En langage simplifi\u00e9e: nos sujets en un clin d&#8217;oeil Le PS prend parti pour une Suisse solidaire Explication des mots soulign\u00e9s Certains mots dans le texte sont soulign\u00e9s. Par exemple, [&hellip;]<\/p>\n","protected":false},"author":64,"featured_media":0,"parent":0,"menu_order":0,"comment_status":"closed","ping_status":"closed","template":"","meta":{"footnotes":""},"class_list":["post-109720","page","type-page","status-publish","hentry"],"_links":{"self":[{"href":"https:\/\/www.sp-ps.ch\/fr\/wp-json\/wp\/v2\/pages\/109720","targetHints":{"allow":["GET"]}}],"collection":[{"href":"https:\/\/www.sp-ps.ch\/fr\/wp-json\/wp\/v2\/pages"}],"about":[{"href":"https:\/\/www.sp-ps.ch\/fr\/wp-json\/wp\/v2\/types\/page"}],"author":[{"embeddable":true,"href":"https:\/\/www.sp-ps.ch\/fr\/wp-json\/wp\/v2\/users\/64"}],"replies":[{"embeddable":true,"href":"https:\/\/www.sp-ps.ch\/fr\/wp-json\/wp\/v2\/comments?post=109720"}],"version-history":[{"count":11,"href":"https:\/\/www.sp-ps.ch\/fr\/wp-json\/wp\/v2\/pages\/109720\/revisions"}],"predecessor-version":[{"id":109875,"href":"https:\/\/www.sp-ps.ch\/fr\/wp-json\/wp\/v2\/pages\/109720\/revisions\/109875"}],"wp:attachment":[{"href":"https:\/\/www.sp-ps.ch\/fr\/wp-json\/wp\/v2\/media?parent=109720"}],"curies":[{"name":"wp","href":"https:\/\/api.w.org\/{rel}","templated":true}]}}