{"id":112787,"date":"2023-09-13T16:12:14","date_gmt":"2023-09-13T14:12:14","guid":{"rendered":"https:\/\/www.sp-ps.ch\/svp-rechtsrutsch-zusammen-stoppen-vote-maschine-fr\/"},"modified":"2023-10-16T11:33:31","modified_gmt":"2023-10-16T09:33:31","slug":"arreter_udc","status":"publish","type":"page","link":"https:\/\/www.sp-ps.ch\/fr\/arreter_udc\/","title":{"rendered":"Arr\u00eatons ensemble le glissement \u00e0 droite vers l\u2019UDC"},"content":{"rendered":"\t\t<div data-elementor-type=\"wp-page\" data-elementor-id=\"112787\" class=\"elementor elementor-112787 elementor-112436\" data-elementor-post-type=\"page\">\n\t\t\t\t\t\t<section class=\"elementor-section elementor-top-section elementor-element elementor-element-8e76b50 elementor-section-boxed elementor-section-height-default elementor-section-height-default\" data-id=\"8e76b50\" data-element_type=\"section\" data-settings=\"{&quot;jet_parallax_layout_list&quot;:[]}\">\n\t\t\t\t\t\t<div class=\"elementor-container elementor-column-gap-default\">\n\t\t\t\t\t<div class=\"elementor-column elementor-col-100 elementor-top-column elementor-element elementor-element-17e116a\" data-id=\"17e116a\" data-element_type=\"column\">\n\t\t\t<div class=\"elementor-widget-wrap elementor-element-populated\">\n\t\t\t\t\t\t<div class=\"elementor-element elementor-element-14002f1 elementor-widget elementor-widget-elementor_spps_campaignheader_widget\" data-id=\"14002f1\" data-element_type=\"widget\" data-widget_type=\"elementor_spps_campaignheader_widget.default\">\n\t\t\t\t<div class=\"elementor-widget-container\">\n\t\t\t\t\t<header class=\"petitionHeader\">  <div class=\"petitionHeader__content\">      <h1 class=\"petitionHeader__title\">NOUS PRENONS PARTI POUR UNE SUISSE SOLIDAIRE      <\/h1>  <img decoding=\"async\"  alt=\"Hintergrundbild NOUS PRENONS PARTI POUR UNE SUISSE SOLIDAIRE\"        src=\"https:\/\/www.sp-ps.ch\/wp-content\/uploads\/2023\/09\/DSC_0187.jpg\"        sizes=\"100vw\"        class=\"petitionHeader__img\">    <div class=\"petitionHeader__introWrapper\">      <h2 class=\"petitionHeader__intro\">Merci pour le soutien !<\/h2>    <\/div>  <\/div><\/header>\t\t\t\t<\/div>\n\t\t\t\t<\/div>\n\t\t\t\t\t<\/div>\n\t\t<\/div>\n\t\t\t\t\t<\/div>\n\t\t<\/section>\n\t\t\t\t<section class=\"elementor-section elementor-top-section elementor-element elementor-element-579d717 petitionSign elementor-section-full_width elementor-section-height-default elementor-section-height-default\" data-id=\"579d717\" data-element_type=\"section\" data-settings=\"{&quot;jet_parallax_layout_list&quot;:[],&quot;background_background&quot;:&quot;classic&quot;}\">\n\t\t\t\t\t\t<div class=\"elementor-container elementor-column-gap-default\">\n\t\t\t\t\t<div class=\"elementor-column elementor-col-100 elementor-top-column elementor-element elementor-element-b9da002 petitionSign__content\" data-id=\"b9da002\" data-element_type=\"column\" data-settings=\"{&quot;background_background&quot;:&quot;classic&quot;}\">\n\t\t\t<div class=\"elementor-widget-wrap elementor-element-populated\">\n\t\t\t\t\t\t<section class=\"elementor-section elementor-inner-section elementor-element elementor-element-66c85d1 elementor-section-full_width elementor-section-height-default elementor-section-height-default\" data-id=\"66c85d1\" data-element_type=\"section\" data-settings=\"{&quot;jet_parallax_layout_list&quot;:[]}\">\n\t\t\t\t\t\t<div class=\"elementor-container elementor-column-gap-default\">\n\t\t\t\t\t<div class=\"elementor-column elementor-col-100 elementor-inner-column elementor-element elementor-element-e7c7e47\" data-id=\"e7c7e47\" data-element_type=\"column\">\n\t\t\t<div class=\"elementor-widget-wrap elementor-element-populated\">\n\t\t\t\t\t\t<div class=\"elementor-element elementor-element-33827f6 elementor-widget elementor-widget-text-editor\" data-id=\"33827f6\" data-element_type=\"widget\" data-widget_type=\"text-editor.default\">\n\t\t\t\t<div class=\"elementor-widget-container\">\n\t\t\t\t\t\t\t\t\t<p>Un glissement vers la droite menace lors des prochaines \u00e9lections prochaines. Mais si nous prenons le contre-pied agissons d\u00e8s maintenant, nous pouvons l\u2019\u00e9viter et rendre la Suisse plus solidaire sociale. C\u2019est important Et ceci est n\u00e9cessaire pour renforcer la protection du climat, l\u2019\u00e9galit\u00e9 et le pouvoir d\u2019achat !<\/p><p>Selon les politologues, les \u00e9lecteurs\/-trices de gauche et ind\u00e9cis-es pourraient justement oublier d\u2019aller voter lors de ces \u00e9lections. Avec des milliers de sympathisant-es, nous allons donc rappeler au plus grand nombre de personnes possibles de personnes de voter, que ce soit par t\u00e9l\u00e9phone, dans la rue ou en ligne. <strong>Pouvez-vous nous aider \u00e0 faire voter plus de gens ?<\/strong><\/p>\t\t\t\t\t\t\t\t<\/div>\n\t\t\t\t<\/div>\n\t\t\t\t\t<\/div>\n\t\t<\/div>\n\t\t\t\t\t<\/div>\n\t\t<\/section>\n\t\t\t\t<div class=\"elementor-element elementor-element-617fa9e elementor-widget elementor-widget-spacer\" data-id=\"617fa9e\" data-element_type=\"widget\" data-widget_type=\"spacer.default\">\n\t\t\t\t<div class=\"elementor-widget-container\">\n\t\t\t\t\t\t\t<div class=\"elementor-spacer\">\n\t\t\t<div class=\"elementor-spacer-inner\"><\/div>\n\t\t<\/div>\n\t\t\t\t\t\t<\/div>\n\t\t\t\t<\/div>\n\t\t\t\t<section class=\"elementor-section elementor-inner-section elementor-element elementor-element-4394bb6 elementor-section-boxed elementor-section-height-default elementor-section-height-default\" data-id=\"4394bb6\" data-element_type=\"section\" data-settings=\"{&quot;jet_parallax_layout_list&quot;:[],&quot;background_background&quot;:&quot;classic&quot;}\">\n\t\t\t\t\t\t<div class=\"elementor-container elementor-column-gap-default\">\n\t\t\t\t\t<div class=\"elementor-column elementor-col-100 elementor-inner-column elementor-element elementor-element-8ef335b\" data-id=\"8ef335b\" data-element_type=\"column\">\n\t\t\t<div class=\"elementor-widget-wrap elementor-element-populated\">\n\t\t\t\t\t\t<div class=\"elementor-element elementor-element-b790a8d elementor-widget elementor-widget-spps_title_text\" data-id=\"b790a8d\" data-element_type=\"widget\" data-widget_type=\"spps_title_text.default\">\n\t\t\t\t<div class=\"elementor-widget-container\">\n\t\t\t\t\t<div class=\"title-text-wrapper wrapper-spacing-small\"><div class=\"title-text-title\"><h3>Je souhaite rappeler de voter PS \u00e0 5 personnes<\/h3><\/div><div class=\"title-text-container\"><\/div><\/div>\t\t\t\t<\/div>\n\t\t\t\t<\/div>\n\t\t\t\t<div class=\"elementor-element elementor-element-0f4cd1b elementor-widget elementor-widget-spps_button\" data-id=\"0f4cd1b\" data-element_type=\"widget\" data-widget_type=\"spps_button.default\">\n\t\t\t\t<div class=\"elementor-widget-container\">\n\t\t\t\t\t<div class=\"button-wrapper button-wrapper-left\"><a href=\"https:\/\/api.whatsapp.com\/send?text=Salut%2C+demain%2C+c%27est+la+derni%C3%A8re+occasion+de+voter+par+correspondance.+Le+22+octobre%2C+tout+se+jouera+%3A+la+Suisse+de+l%E2%80%99UDC+l%E2%80%99emportera-t-elle+%3F+Ou+est-ce+que+c%E2%80%99est+la+Suisse+sociale+qui+gagne%2C+dans+laquelle+nous+d%C3%A9veloppons+la+protection+du+climat%2C+faisons+avancer+l%E2%80%99%C3%A9galit%C3%A9+et+renfor%C3%A7ons+le+pouvoir+d%E2%80%99achat+%3F+J%E2%80%99ai+pris+ma+d%C3%A9cision+et+j%E2%80%99ai+vot%C3%A9+PS%2C+pour+une+Suisse+sociale+%21+Voici+comment+tu+peux+rappeler+%C3%A0+tes+ami-es+d%E2%80%99aller+voter+%3A+www.sp-ps.ch%2Frappeler\"  target=\"_self\" class=\"button-link button-link-whatsapp\" >Par WhatsApp &nbsp;&nbsp;<i class=\"fab fa-whatsapp\"><\/i><\/a><\/div>\t\t\t\t<\/div>\n\t\t\t\t<\/div>\n\t\t\t\t<div class=\"elementor-element elementor-element-95c7bbb elementor-widget elementor-widget-spps_button\" data-id=\"95c7bbb\" data-element_type=\"widget\" data-widget_type=\"spps_button.default\">\n\t\t\t\t<div class=\"elementor-widget-container\">\n\t\t\t\t\t<div class=\"button-wrapper button-wrapper-left\"><a href=\"mailto:?subject=Arr%C3%AAtons%20ensemble%20le%20glissement%20%C3%A0%20droite%20vers%20l%E2%80%99UDC&body=Salut%2C%20%0A%0Aas-tu%20d%C3%A9j%C3%A0%20vot%C3%A9%20%3F%20Car%20le%2022%20octobre%2C%20tout%20se%20jouera%20%3A%20la%20Suisse%20de%20l%E2%80%99UDC%20l%E2%80%99emportera-t-elle%20%3F%20Ou%20est-ce%20que%20c%E2%80%99est%20la%20Suisse%20sociale%20qui%20gagne%2C%20dans%20laquelle%20nous%20d%C3%A9veloppons%20la%20protection%20du%20climat%2C%20faisons%20avancer%20l%E2%80%99%C3%A9galit%C3%A9%20et%20renfor%C3%A7ons%20le%20pouvoir%20d%E2%80%99achat%20%3F%20J%E2%80%99ai%20pris%20ma%20d%C3%A9cision%20et%20j%E2%80%99ai%20vot%C3%A9%20PS%2C%20pour%20une%20Suisse%20sociale%20%21%0A%0AVoici%20comment%20tu%20peux%20rappeler%20%C3%A0%20tes%20ami-es%20d%E2%80%99aller%20voter%20%3A%20https%3A%2F%2Fwww.sp-ps.ch%2Ffr%2Farreter_udc%2F%0A%0A%0A\"  target=\"_self\" class=\"button-link button-link-email\" >Par courrier&nbsp;&nbsp;<i class=\"fa fa-envelope\"><\/i><\/a><\/div>\t\t\t\t<\/div>\n\t\t\t\t<\/div>\n\t\t\t\t\t<\/div>\n\t\t<\/div>\n\t\t\t\t\t<\/div>\n\t\t<\/section>\n\t\t\t\t<section class=\"elementor-section elementor-inner-section elementor-element elementor-element-dd142d4 elementor-section-full_width elementor-section-height-default elementor-section-height-default\" data-id=\"dd142d4\" data-element_type=\"section\" data-settings=\"{&quot;jet_parallax_layout_list&quot;:[]}\">\n\t\t\t\t\t\t<div class=\"elementor-container elementor-column-gap-default\">\n\t\t\t\t\t<div class=\"elementor-column elementor-col-100 elementor-inner-column elementor-element elementor-element-6280ed1\" data-id=\"6280ed1\" data-element_type=\"column\">\n\t\t\t<div class=\"elementor-widget-wrap elementor-element-populated\">\n\t\t\t\t\t\t<div class=\"elementor-element elementor-element-609a71f elementor-widget elementor-widget-spacer\" data-id=\"609a71f\" data-element_type=\"widget\" data-widget_type=\"spacer.default\">\n\t\t\t\t<div class=\"elementor-widget-container\">\n\t\t\t\t\t\t\t<div class=\"elementor-spacer\">\n\t\t\t<div class=\"elementor-spacer-inner\"><\/div>\n\t\t<\/div>\n\t\t\t\t\t\t<\/div>\n\t\t\t\t<\/div>\n\t\t\t\t<div class=\"elementor-element elementor-element-d9e0e01 elementor-widget elementor-widget-spps_call_to_action\" data-id=\"d9e0e01\" data-element_type=\"widget\" data-widget_type=\"spps_call_to_action.default\">\n\t\t\t\t<div class=\"elementor-widget-container\">\n\t\t\t\t\t<div class=\"call-to-action-wrapper wrapper-spacing-small \" style=\"background:#E4002B\" ><div class=\"call-to-action-title\"><h3>Je souhaite partager un appel au vote<\/h3><\/div><div class=\"call-to-action-container\"><div class=\"call-to-action-buttons call-to-action-buttons-left\"><div class=\"button-wrapper \"><a href=\"https:\/\/fb.watch\/nj-vY2cwjf\/\"  target=\"_self\" class=\"button-link button-link-default\"  style='color:#E4002B' onMouseOver=\"this.style.color='white';this.style.background='#E4002B'\" onMouseOut=\"this.style.color='#E4002B';this.style.background='#EBEBEB'\">Facebook<\/a><\/div><div class=\"button-wrapper \"><a href=\"https:\/\/www.instagram.com\/reel\/Cxsw5WWIIYf\/?utm_source=ig_web_copy_link&igshid=MzRlODBiNWFlZA%3D%3D\"  target=\"_self\" class=\"button-link button-link-default\"  style='color:#E4002B' onMouseOver=\"this.style.color='white';this.style.background='#E4002B'\" onMouseOut=\"this.style.color='#E4002B';this.style.background='#EBEBEB'\">Instagram<\/a><\/div><\/div><\/div><\/div>\t\t\t\t<\/div>\n\t\t\t\t<\/div>\n\t\t\t\t<div class=\"elementor-element elementor-element-c4f4a7a elementor-widget elementor-widget-spacer\" data-id=\"c4f4a7a\" data-element_type=\"widget\" data-widget_type=\"spacer.default\">\n\t\t\t\t<div class=\"elementor-widget-container\">\n\t\t\t\t\t\t\t<div class=\"elementor-spacer\">\n\t\t\t<div class=\"elementor-spacer-inner\"><\/div>\n\t\t<\/div>\n\t\t\t\t\t\t<\/div>\n\t\t\t\t<\/div>\n\t\t\t\t<div class=\"elementor-element elementor-element-99feef8 elementor-widget elementor-widget-text-editor\" data-id=\"99feef8\" data-element_type=\"widget\" data-widget_type=\"text-editor.default\">\n\t\t\t\t<div class=\"elementor-widget-container\">\n\t\t\t\t\t\t\t\t\t<p>Pour la mobilisation finale, nous avons produit des vid\u00e9os afin d\u2019atteindre les \u00e9lectrices et \u00e9lecteurs de mani\u00e8re cibl\u00e9e. <strong>Pour pouvoir les promouvoir sur les r\u00e9seaux sociaux, nous avons besoin de dons.<\/strong><\/p>\t\t\t\t\t\t\t\t<\/div>\n\t\t\t\t<\/div>\n\t\t\t\t<div class=\"elementor-element elementor-element-88b18b4 elementor-widget elementor-widget-spps_button\" data-id=\"88b18b4\" data-element_type=\"widget\" data-widget_type=\"spps_button.default\">\n\t\t\t\t<div class=\"elementor-widget-container\">\n\t\t\t\t\t<div class=\"button-wrapper button-wrapper-left\"><a href=\"https:\/\/www.sp-ps.ch\/fr\/faire-un-don\/faire-un-don-pour-les-elections-2023\/\"  target=\"_self\" class=\"button-link button-link-default\" >Je souhaite aider avec un don.<\/a><\/div>\t\t\t\t<\/div>\n\t\t\t\t<\/div>\n\t\t\t\t\t<\/div>\n\t\t<\/div>\n\t\t\t\t\t<\/div>\n\t\t<\/section>\n\t\t\t\t\t<\/div>\n\t\t<\/div>\n\t\t\t\t\t<\/div>\n\t\t<\/section>\n\t\t\t\t<section class=\"elementor-section elementor-top-section elementor-element elementor-element-9da2b3b elementor-section-boxed elementor-section-height-default elementor-section-height-default\" data-id=\"9da2b3b\" data-element_type=\"section\" data-settings=\"{&quot;jet_parallax_layout_list&quot;:[],&quot;background_background&quot;:&quot;classic&quot;}\">\n\t\t\t\t\t\t\t<div class=\"elementor-background-overlay\"><\/div>\n\t\t\t\t\t\t\t<div class=\"elementor-container elementor-column-gap-default\">\n\t\t\t\t\t<div class=\"elementor-column elementor-col-66 elementor-top-column elementor-element elementor-element-ee7f245\" data-id=\"ee7f245\" data-element_type=\"column\">\n\t\t\t<div class=\"elementor-widget-wrap elementor-element-populated\">\n\t\t\t\t\t\t<div class=\"elementor-element elementor-element-4b4c67f elementor-widget__width-initial elementor-widget elementor-widget-spps_title_text\" data-id=\"4b4c67f\" data-element_type=\"widget\" data-widget_type=\"spps_title_text.default\">\n\t\t\t\t<div class=\"elementor-widget-container\">\n\t\t\t\t\t<div class=\"title-text-wrapper \"><div class=\"title-text-container\"><div class=\"title-text-text\"><p>Parti socialiste suisse<br \/><a href=\"mailto:info@pssuisse.ch\">info@pssuisse.ch<\/a><br \/><a title=\"Call 0313296969 via 3CX\" href=\"https:\/\/www.sp-ps.ch\/fr\/\" target=\"_blank\" rel=\"noopener\">031 329 69 69<\/a><\/p>\n<\/div><\/div><\/div>\t\t\t\t<\/div>\n\t\t\t\t<\/div>\n\t\t\t\t\t<\/div>\n\t\t<\/div>\n\t\t\t\t<div class=\"elementor-column elementor-col-33 elementor-top-column elementor-element elementor-element-f66cb4c\" data-id=\"f66cb4c\" data-element_type=\"column\">\n\t\t\t<div class=\"elementor-widget-wrap elementor-element-populated\">\n\t\t\t\t\t\t<div class=\"elementor-element elementor-element-34de0a3 elementor-widget elementor-widget-image\" data-id=\"34de0a3\" data-element_type=\"widget\" data-widget_type=\"image.default\">\n\t\t\t\t<div class=\"elementor-widget-container\">\n\t\t\t\t\t\t\t\t\t\t\t\t\t\t\t<img fetchpriority=\"high\" decoding=\"async\" width=\"800\" height=\"848\" src=\"https:\/\/www.sp-ps.ch\/wp-content\/uploads\/2022\/08\/PS_f_Logo_blanc-966x1024.png\" class=\"attachment-large size-large wp-image-31652\" alt=\"\" srcset=\"https:\/\/www.sp-ps.ch\/wp-content\/uploads\/2022\/08\/PS_f_Logo_blanc-966x1024.png 966w, https:\/\/www.sp-ps.ch\/wp-content\/uploads\/2022\/08\/PS_f_Logo_blanc-283x300.png 283w, https:\/\/www.sp-ps.ch\/wp-content\/uploads\/2022\/08\/PS_f_Logo_blanc-768x814.png 768w\" sizes=\"(max-width: 800px) 100vw, 800px\" \/>\t\t\t\t\t\t\t\t\t\t\t\t\t\t\t<\/div>\n\t\t\t\t<\/div>\n\t\t\t\t\t<\/div>\n\t\t<\/div>\n\t\t\t\t\t<\/div>\n\t\t<\/section>\n\t\t\t\t<\/div>\n\t\t","protected":false},"excerpt":{"rendered":"<p>NOUS PRENONS PARTI POUR UNE SUISSE SOLIDAIRE Merci pour le soutien ! Un glissement vers la droite menace lors des prochaines \u00e9lections prochaines. Mais si nous prenons le contre-pied agissons [&hellip;]<\/p>\n","protected":false},"author":4,"featured_media":0,"parent":0,"menu_order":0,"comment_status":"closed","ping_status":"closed","template":"elementor_canvas","meta":{"footnotes":""},"class_list":["post-112787","page","type-page","status-publish","hentry"],"_links":{"self":[{"href":"https:\/\/www.sp-ps.ch\/fr\/wp-json\/wp\/v2\/pages\/112787","targetHints":{"allow":["GET"]}}],"collection":[{"href":"https:\/\/www.sp-ps.ch\/fr\/wp-json\/wp\/v2\/pages"}],"about":[{"href":"https:\/\/www.sp-ps.ch\/fr\/wp-json\/wp\/v2\/types\/page"}],"author":[{"embeddable":true,"href":"https:\/\/www.sp-ps.ch\/fr\/wp-json\/wp\/v2\/users\/4"}],"replies":[{"embeddable":true,"href":"https:\/\/www.sp-ps.ch\/fr\/wp-json\/wp\/v2\/comments?post=112787"}],"version-history":[{"count":64,"href":"https:\/\/www.sp-ps.ch\/fr\/wp-json\/wp\/v2\/pages\/112787\/revisions"}],"predecessor-version":[{"id":115519,"href":"https:\/\/www.sp-ps.ch\/fr\/wp-json\/wp\/v2\/pages\/112787\/revisions\/115519"}],"wp:attachment":[{"href":"https:\/\/www.sp-ps.ch\/fr\/wp-json\/wp\/v2\/media?parent=112787"}],"curies":[{"name":"wp","href":"https:\/\/api.w.org\/{rel}","templated":true}]}}