{"id":114938,"date":"2023-10-09T12:02:12","date_gmt":"2023-10-09T10:02:12","guid":{"rendered":"https:\/\/www.sp-ps.ch\/?page_id=114938"},"modified":"2023-10-09T16:12:54","modified_gmt":"2023-10-09T14:12:54","slug":"faire-un-don-pour-le-referendum-contre-lextension-des-autoroutes","status":"publish","type":"page","link":"https:\/\/www.sp-ps.ch\/fr\/faire-un-don\/faire-un-don-pour-le-referendum-contre-lextension-des-autoroutes\/","title":{"rendered":"Faire un don pour le r\u00e9f\u00e9rendum contre l&#8217;extension des autoroutes !"},"content":{"rendered":"\t\t<div data-elementor-type=\"wp-post\" data-elementor-id=\"114938\" class=\"elementor elementor-114938 elementor-114937\" data-elementor-post-type=\"page\">\n\t\t\t\t\t\t<section class=\"elementor-section elementor-top-section elementor-element elementor-element-62f6b133e8df9 elementor-section-boxed elementor-section-height-default elementor-section-height-default\" data-id=\"62f6b133e8df9\" data-element_type=\"section\" data-settings=\"{&quot;jet_parallax_layout_list&quot;:[],&quot;background_background&quot;:&quot;classic&quot;}\">\n\t\t\t\t\t\t<div class=\"elementor-container elementor-column-gap-wide\">\n\t\t\t\t\t<div class=\"elementor-column elementor-col-100 elementor-top-column elementor-element elementor-element-62f6b133e8dfa\" data-id=\"62f6b133e8dfa\" data-element_type=\"column\">\n\t\t\t<div class=\"elementor-widget-wrap elementor-element-populated\">\n\t\t\t\t\t\t<div class=\"elementor-element elementor-element-62f6b133e8d6a elementor-widget elementor-widget-heading\" data-id=\"62f6b133e8d6a\" data-element_type=\"widget\" data-widget_type=\"heading.default\">\n\t\t\t\t<div class=\"elementor-widget-container\">\n\t\t\t\t\t<h1 class=\"elementor-heading-title elementor-size-default\">Faire un don pour le r\u00e9f\u00e9rendum contre l'extension des autoroutes !<\/h1>\t\t\t\t<\/div>\n\t\t\t\t<\/div>\n\t\t\t\t<div class=\"elementor-element elementor-element-62f6b133e8de1 elementor-widget elementor-widget-jet-breadcrumbs\" data-id=\"62f6b133e8de1\" data-element_type=\"widget\" data-widget_type=\"jet-breadcrumbs.default\">\n\t\t\t\t<div class=\"elementor-widget-container\">\n\t\t\t\t\t<div class=\"elementor-jet-breadcrumbs jet-blocks\">\n\t\t<div class=\"jet-breadcrumbs\">\n\t\t<div class=\"jet-breadcrumbs__content\">\n\t\t<div class=\"jet-breadcrumbs__wrap\">\n\t\t<\/div>\n\t\t<\/div>\n\t\t<\/div><\/div>\t\t\t\t<\/div>\n\t\t\t\t<\/div>\n\t\t\t\t<div class=\"elementor-element elementor-element-ec77c90 elementor-widget__width-initial elementor-widget elementor-widget-text-editor\" data-id=\"ec77c90\" data-element_type=\"widget\" data-widget_type=\"text-editor.default\">\n\t\t\t\t<div class=\"elementor-widget-container\">\n\t\t\t\t\t\t\t\t\t<p>Le lobby automobile s\u2019est impos\u00e9 au Parlement : les autoroutes suisses doivent \u00eatre am\u00e9nag\u00e9es pour un montant de 5,3 milliards de francs. Les projets pr\u00e9vus vont \u00e0 l\u2019encontre de la protection du climat et entra\u00eeneront un surcro\u00eet de trafic dans les villes concern\u00e9es. Soutenez-vous notre r\u00e9f\u00e9rendum contre l&#8217;extension des autoroutes en faisant un don ?<\/p>\t\t\t\t\t\t\t\t<\/div>\n\t\t\t\t<\/div>\n\t\t\t\t\t<\/div>\n\t\t<\/div>\n\t\t\t\t\t<\/div>\n\t\t<\/section>\n\t\t\t\t<section class=\"elementor-section elementor-top-section elementor-element elementor-element-62f6b133e8dfc elementor-section-boxed elementor-section-height-default elementor-section-height-default\" data-id=\"62f6b133e8dfc\" data-element_type=\"section\" data-settings=\"{&quot;jet_parallax_layout_list&quot;:[]}\">\n\t\t\t\t\t\t<div class=\"elementor-container elementor-column-gap-wide\">\n\t\t\t\t\t<div class=\"elementor-column elementor-col-100 elementor-top-column elementor-element elementor-element-62f6b133e8dfd\" data-id=\"62f6b133e8dfd\" data-element_type=\"column\">\n\t\t\t<div class=\"elementor-widget-wrap elementor-element-populated\">\n\t\t\t\t\t\t<div class=\"elementor-element elementor-element-62f6b133e8dfe elementor-widget elementor-widget-spacer\" data-id=\"62f6b133e8dfe\" data-element_type=\"widget\" data-widget_type=\"spacer.default\">\n\t\t\t\t<div class=\"elementor-widget-container\">\n\t\t\t\t\t\t\t<div class=\"elementor-spacer\">\n\t\t\t<div class=\"elementor-spacer-inner\"><\/div>\n\t\t<\/div>\n\t\t\t\t\t\t<\/div>\n\t\t\t\t<\/div>\n\t\t\t\t<div class=\"elementor-element elementor-element-0f1afa8 elementor-widget elementor-widget-html\" data-id=\"0f1afa8\" data-element_type=\"widget\" data-widget_type=\"html.default\">\n\t\t\t\t<div class=\"elementor-widget-container\">\n\t\t\t\t\t<div class=\"rnw-widget-container\"><\/div>\r\n<script src=\"https:\/\/tamaro.raisenow.com\/sp-schweiz\/latest\/widget.js\"><\/script>\r\n<script>\r\nwindow.rnw.tamaro.runWidget('.rnw-widget-container', {\r\n\r\n\t\/***************Settings**************\/\r\n\r\n\t\/\/ Sprache w\u00e4hlen (de,fr,it)\r\n\tlanguage: 'fr',\r\n\r\n\t\/\/ Kampagnen-ID setzen (Projekt-UID aus Sextant)\r\n\tpurposeDetails: {\r\n\t\tp1: {\r\n\t\t\tstored_campaign_id: 34112549,\r\n\t\t},\r\n\t},\r\n\r\n\t\/\/ Purpose (p1) in allen Sprachen hinterlegen\r\n\ttranslations: {\r\n\t\tde: {\r\n\t\t\tpurposes: {\r\n\t\t\t\tp1: 'Referendum gegen den Autobahn-Ausbau',\r\n\t\t\t},\r\n\t\t\tpayment_methods: {\r\n\t\t\t\tdd: 'Lastschriftenverfahren (LSV\/DD)',\r\n\t\t\t},\r\n\t\t\tpayment_form: {\r\n\t\t\t\tdatenschutz: '<\/br><\/br><\/br>Das Bundesgesetz \u00fcber die politischen Rechte (BPR) verbietet die Annahme von anonymen Spenden. Wir sind deshalb verpflichtet die Postadresse abzufragen. Mit deiner Spende erkl\u00e4rst du dich einverstanden, dass die SP dich auf dem Laufenden halten darf. Mehr dazu <a href=\"https:\/\/www.sp-ps.ch\/datenschutz-policy\/\" target=\"_blank\">hier<\/a>.',\r\n\t\t\t},\r\n\t\t},\r\n\t\tfr: {\r\n\t\t\tpurposes: {\r\n\t\t\t\tp1: 'r\u00e9f\u00e9rendum contre l\\'extension des autoroutes',\r\n\t\t\t},\r\n\t\t\tpayment_methods: {\r\n\t\t\t\tdd: 'Recouvrement direct (LSV\/DD)',\r\n\t\t\t},\r\n\t\t\tpayment_form: {\r\n\t\t\t\tdatenschutz: '<\/br><\/br><\/br>La loi f\u00e9d\u00e9rale sur les droits politiques (LDP) interdit la r\u00e9ception de dons anonymes. Nous avons donc l\\'obligation de demander l\\'adresse postale. En faisant un don, vous acceptez que le PS vous tienne au courant de ses activit\u00e9s. En savoir plus <a href=\"https:\/\/www.sp-ps.ch\/fr\/politique-de-protection-des-donnees\/\" target=\"_blank\">ici<\/a>.',\r\n\t\t\t},\r\n\t\t},\r\n\t\tit: {\r\n\t\t\tpurposes: {\r\n\t\t\t\tp1: 'il referendum contro l\\'ampliamento dell\\'autostrade',\r\n\t\t\t},\r\n\t\t\tpayment_methods: {\r\n\t\t\t\tdd: 'Addebito diretto (LSV\/DD)',\r\n\t\t\t},\r\n\t\t\tpayment_form: {\r\n\t\t\t\tdatenschutz: '<\/br><\/br><\/br>La Legge federale sui diritti politici (LDP) vieta l\\'accettazione di donazioni anonime. Siamo pertanto obbligati a richiedere l\\'indirizzo postale. Con la tua donazione accetti che il PS ti informi sulle sue attivit\u00e0. Maggiori informazioni <a href=\"https:\/\/www.sp-ps.ch\/datenschutz-policy\/\" target=\"_blank\">qui<\/a>.',\r\n\t\t\t},\r\n\t\t}, \r\n\t},\r\n\r\n\t\/\/ Standard-Betr\u00e4ge setzen\r\n\tamounts: [\r\n\t\t{\r\n\t\t\t\"if\": \"paymentType() == onetime\",\r\n\t\t\t\"then\": [45,90,180,400],\r\n\t\t},\r\n\t\t{\r\n\t\t\t\"if\": \"recurringInterval() == monthly && paymentType() == recurring\",\r\n\t\t\t\"then\": [10,20,30,50],\r\n\t\t},\r\n\t\t{\r\n\t\t\t\"if\": \"recurringInterval() == quarterly && paymentType() == recurring\",\r\n\t\t\t\"then\": [30,60,90,150],\r\n\t\t},\r\n\t\t{\r\n\t\t\t\"if\": \"recurringInterval() == semestral && paymentType() == recurring\",\r\n\t\t\t\"then\": [60,120,180,300],\r\n\t\t},\r\n\t\t{\r\n\t\t\t\"if\": \"recurringInterval() == yearly && paymentType() == recurring\",\r\n\t\t\t\"then\": [120,240,360,600],\r\n\t\t},\r\n\t],\r\n\r\n\t\/\/ Regelm\u00e4ssige Spenden aktivieren (optional) und Layout w\u00e4hlen (compact\/list)\r\n\tpaymentTypes: [\r\n\t\t'onetime',\r\n\t\t\/\/'recurring'\r\n\t],\r\n\trecurringIntervalsLayout: 'compact',\r\n\r\n\t\/\/ Stored_hidden_parameter aktivieren und setzen (optional)\r\n\tpaymentFormPrefill: {\r\n\t\tstored_customer_email_permission: true,\r\n\t\tstored_customer_donation_receipt: true,\r\n\t\tstored_customer_country: 'CH',\r\n\t\tstored_sxt_address_source: '1008',\r\n\t\tstored_sxt_product_id: '209933',\r\n\t\tstored_customer_salutation: 'mx',\r\n\t\tstored_customer_firstname: '[demovox_firstname]',\r\n\t\tstored_customer_lastname: '[demovox_lastname]',\r\n\t\tstored_customer_email: '[demovox_mail]',\r\n\t\tstored_customer_street: '[demovox_street]',\r\n\t\tstored_customer_street_number: '[demovox_street_no]',\r\n\t\tstored_customer_zip_code: '[demovox_zip]',\r\n\t\tstored_customer_city: '[demovox_city]',\r\n\t\t\/\/stored_hidden_parameter: 'myValue',\r\n\t},\r\n\r\n\t\/\/ Sonstige Konfigurationen (nur bei begr\u00fcndetem Bedarf anpassen)\r\n\ttestMode: false,\r\n\tdebug: false,\r\n\tpurposes: ['p1'],\r\n\tshowFields: {\r\n\t\t'stored_customer_email_permission': false,\r\n\t\t'stored_customer_donation_receipt': false,\r\n\t\t'stored_customer_birthdate': false\r\n\t},\r\n\tshowFooter: false,\r\n\tslots: {\r\n\t\tend: [{\r\n        \tcomponent: 'content',\r\n       \t\ttext_html: 'payment_form.datenschutz',\r\n\t\t}],\r\n\t},\r\n\t\/\/minimumCustomAmount: [15],\r\n\t\/\/allowCustomAmount: true,\r\n\t\/\/layout: 'list',\r\n})\r\n<\/script>\r\n\r\n<style>\r\n\t\/*Prim\u00e4rfarben anpassen (optional)*\/\r\n\t:root {\r\n\t\t--tamaro-primary-color: #E4002B;\r\n\t\t--tamaro-primary-color__hover: rgba(228,0,43,0.75);\r\n\t\t--tamaro-primary-bg-color: rgba(228,0,43,0.03);\r\n\t\t--tamaro-border-color: #b5b5b5;\r\n\t\t\/*font-size: inherit;*\/\r\n\t}      \r\n<\/style>\t\t\t\t<\/div>\n\t\t\t\t<\/div>\n\t\t\t\t\t<\/div>\n\t\t<\/div>\n\t\t\t\t\t<\/div>\n\t\t<\/section>\n\t\t\t\t<\/div>\n\t\t","protected":false},"excerpt":{"rendered":"<p>Faire un don pour le r\u00e9f\u00e9rendum contre l&#8217;extension des autoroutes ! Le lobby automobile s\u2019est impos\u00e9 au Parlement : les autoroutes suisses doivent \u00eatre am\u00e9nag\u00e9es pour un montant de 5,3 [&hellip;]<\/p>\n","protected":false},"author":74,"featured_media":0,"parent":30422,"menu_order":11,"comment_status":"open","ping_status":"closed","template":"","meta":{"footnotes":""},"class_list":["post-114938","page","type-page","status-publish","hentry"],"_links":{"self":[{"href":"https:\/\/www.sp-ps.ch\/fr\/wp-json\/wp\/v2\/pages\/114938","targetHints":{"allow":["GET"]}}],"collection":[{"href":"https:\/\/www.sp-ps.ch\/fr\/wp-json\/wp\/v2\/pages"}],"about":[{"href":"https:\/\/www.sp-ps.ch\/fr\/wp-json\/wp\/v2\/types\/page"}],"author":[{"embeddable":true,"href":"https:\/\/www.sp-ps.ch\/fr\/wp-json\/wp\/v2\/users\/74"}],"replies":[{"embeddable":true,"href":"https:\/\/www.sp-ps.ch\/fr\/wp-json\/wp\/v2\/comments?post=114938"}],"version-history":[{"count":14,"href":"https:\/\/www.sp-ps.ch\/fr\/wp-json\/wp\/v2\/pages\/114938\/revisions"}],"predecessor-version":[{"id":115007,"href":"https:\/\/www.sp-ps.ch\/fr\/wp-json\/wp\/v2\/pages\/114938\/revisions\/115007"}],"up":[{"embeddable":true,"href":"https:\/\/www.sp-ps.ch\/fr\/wp-json\/wp\/v2\/pages\/30422"}],"wp:attachment":[{"href":"https:\/\/www.sp-ps.ch\/fr\/wp-json\/wp\/v2\/media?parent=114938"}],"curies":[{"name":"wp","href":"https:\/\/api.w.org\/{rel}","templated":true}]}}