{"id":119552,"date":"2023-12-06T12:10:39","date_gmt":"2023-12-06T11:10:39","guid":{"rendered":"https:\/\/www.sp-ps.ch\/oui-a-la-13e-rente-avs\/"},"modified":"2024-02-08T11:28:01","modified_gmt":"2024-02-08T10:28:01","slug":"oui-a-la-13e-rente-avs","status":"publish","type":"page","link":"https:\/\/www.sp-ps.ch\/fr\/oui-a-la-13e-rente-avs\/","title":{"rendered":"OUI \u00e0 la 13e rente AVS"},"content":{"rendered":"\t\t<div data-elementor-type=\"wp-page\" data-elementor-id=\"119552\" class=\"elementor elementor-119552 elementor-119227\" data-elementor-post-type=\"page\">\n\t\t\t\t\t\t<section class=\"elementor-section elementor-top-section elementor-element elementor-element-0568e90 elementor-section-boxed elementor-section-height-default elementor-section-height-default\" data-id=\"0568e90\" data-element_type=\"section\" data-settings=\"{&quot;jet_parallax_layout_list&quot;:[]}\">\n\t\t\t\t\t\t<div class=\"elementor-container elementor-column-gap-default\">\n\t\t\t\t\t<div class=\"elementor-column elementor-col-100 elementor-top-column elementor-element elementor-element-0f64057\" data-id=\"0f64057\" data-element_type=\"column\">\n\t\t\t<div class=\"elementor-widget-wrap elementor-element-populated\">\n\t\t\t\t\t\t<div class=\"elementor-element elementor-element-8912804 elementor-widget elementor-widget-image\" data-id=\"8912804\" data-element_type=\"widget\" data-widget_type=\"image.default\">\n\t\t\t\t<div class=\"elementor-widget-container\">\n\t\t\t\t\t\t\t\t\t\t\t\t\t\t\t<img fetchpriority=\"high\" decoding=\"async\" width=\"2560\" height=\"1220\" src=\"https:\/\/www.sp-ps.ch\/wp-content\/uploads\/2024\/01\/SGB_AHV13_F12_f-scaled.jpeg\" class=\"attachment-full size-full wp-image-121416\" alt=\"\" srcset=\"https:\/\/www.sp-ps.ch\/wp-content\/uploads\/2024\/01\/SGB_AHV13_F12_f-scaled.jpeg 2560w, https:\/\/www.sp-ps.ch\/wp-content\/uploads\/2024\/01\/SGB_AHV13_F12_f-300x143.jpeg 300w, https:\/\/www.sp-ps.ch\/wp-content\/uploads\/2024\/01\/SGB_AHV13_F12_f-1024x488.jpeg 1024w, https:\/\/www.sp-ps.ch\/wp-content\/uploads\/2024\/01\/SGB_AHV13_F12_f-768x366.jpeg 768w, https:\/\/www.sp-ps.ch\/wp-content\/uploads\/2024\/01\/SGB_AHV13_F12_f-1536x732.jpeg 1536w, https:\/\/www.sp-ps.ch\/wp-content\/uploads\/2024\/01\/SGB_AHV13_F12_f-2048x976.jpeg 2048w, https:\/\/www.sp-ps.ch\/wp-content\/uploads\/2024\/01\/SGB_AHV13_F12_f-1000x478.jpeg 1000w\" sizes=\"(max-width: 2560px) 100vw, 2560px\" \/>\t\t\t\t\t\t\t\t\t\t\t\t\t\t\t<\/div>\n\t\t\t\t<\/div>\n\t\t\t\t\t<\/div>\n\t\t<\/div>\n\t\t\t\t\t<\/div>\n\t\t<\/section>\n\t\t\t\t<section class=\"elementor-section elementor-top-section elementor-element elementor-element-3fd5ea8 elementor-section-boxed elementor-section-height-default elementor-section-height-default\" data-id=\"3fd5ea8\" data-element_type=\"section\" data-settings=\"{&quot;jet_parallax_layout_list&quot;:[]}\">\n\t\t\t\t\t\t<div class=\"elementor-container elementor-column-gap-default\">\n\t\t\t\t\t<div class=\"elementor-column elementor-col-100 elementor-top-column elementor-element elementor-element-281ba66\" data-id=\"281ba66\" data-element_type=\"column\">\n\t\t\t<div class=\"elementor-widget-wrap\">\n\t\t\t\t\t\t\t<\/div>\n\t\t<\/div>\n\t\t\t\t\t<\/div>\n\t\t<\/section>\n\t\t\t\t<section class=\"elementor-section elementor-top-section elementor-element elementor-element-c13b4b0 elementor-section-boxed elementor-section-height-default elementor-section-height-default\" data-id=\"c13b4b0\" data-element_type=\"section\" data-settings=\"{&quot;jet_parallax_layout_list&quot;:[]}\">\n\t\t\t\t\t\t<div class=\"elementor-container elementor-column-gap-default\">\n\t\t\t\t\t<div class=\"elementor-column elementor-col-100 elementor-top-column elementor-element elementor-element-196e409\" data-id=\"196e409\" data-element_type=\"column\">\n\t\t\t<div class=\"elementor-widget-wrap elementor-element-populated\">\n\t\t\t\t\t\t<div class=\"elementor-element elementor-element-b1704da elementor-widget elementor-widget-spps_button_list\" data-id=\"b1704da\" data-element_type=\"widget\" data-widget_type=\"spps_button_list.default\">\n\t\t\t\t<div class=\"elementor-widget-container\">\n\t\t\t\t\t<div class=\"button-list-wrapper   \"><div class=\"button-list-title\"><h2>OUI \u00e0 la 13e rente AVS parce que les rentes ne suffisent plus<\/h2><\/div><div class=\"button-list-container\"><div class=\"button-list-text\"><p>Les rentes ne suffisent plus, car tout est plus cher. Les loyers, les primes d'assurance-maladie et les prix des denr\u00e9es alimentaires augmentent. Concr\u00e8tement, le rench\u00e9rissement grignotera un mois entier de rente aux retrait\u00e9-es d'ici fin 2024. La 13e rente AVS compense cette perte de pouvoir d'achat.<\/p><p><strong>Les moyens financiers sont disponibles<\/strong><\/p><p>Contrairement \u00e0 ce l\u2019on peut parfois entendre, l'AVS reste dans les chiffres noirs. Les sc\u00e9narios effrayants du camp bourgeois sont faux. La 13e rente AVS co\u00fbtera environ 4,1 milliards lors de son introduction. L'AVS peut supporter ces co\u00fbts suppl\u00e9mentaires, car la Conf\u00e9d\u00e9ration pr\u00e9voit des exc\u00e9dents d'un montant \u00e0 peu pr\u00e8s \u00e9quivalent pour 2026. Si des moyens suppl\u00e9mentaires devaient \u00eatre n\u00e9cessaires \u00e0 l'avenir, une cotisation salariale suppl\u00e9mentaire de 0,4\u00a0% suffirait. Une augmentation des rentes aussi avantageuse pour les travailleuses et travailleurs n'est possible que par le biais de l'AVS.<\/p><p><strong>Les rentes des caisses de pension baissent<\/strong><\/p><p>Depuis 10 ans, les rentes des caisses de pension ne cessent de baisser, principalement en raison du niveau des taux d'int\u00e9r\u00eat et de l'augmentation du rench\u00e9rissement. Les femmes sont particuli\u00e8rement touch\u00e9es, car elles assument souvent la responsabilit\u00e9 principale du travail de soins et doivent donc r\u00e9duire ou cesser compl\u00e8tement leur activit\u00e9 professionnelle. Il en r\u00e9sulte souvent qu'elles ne b\u00e9n\u00e9ficient pas ou peu d\u2019une rente du 2<sup>e<\/sup> pilier.<\/p><p><strong>Oui \u00e0 la 13e rente AVS <\/strong><\/p><p>Pour nous, il est clair que la perte de pouvoir d'achat dans les rentes doit \u00eatre compens\u00e9e. C'est pourquoi la Pr\u00e9sidence recommande au Conseil de parti du PS Suisse de dire OUI \u00e0 la 13e AVS.<\/p><p><strong>De quoi s\u2019agit-il concr\u00e8tement : <br \/><\/strong><\/p><p>Si l'initiative est accept\u00e9e, une 13e rente AVS sera vers\u00e9e \u00e0 toutes les personnes retrait\u00e9es actuelles et futures, au plus tard \u00e0 partir de 2026. Les b\u00e9n\u00e9ficiaires de prestations compl\u00e9mentaires recevront \u00e9galement cette rente suppl\u00e9mentaire. Cela permettra de compenser rapidement et efficacement la hausse des prix.<\/p><\/div><\/div><\/div>\t\t\t\t<\/div>\n\t\t\t\t<\/div>\n\t\t\t\t\t<\/div>\n\t\t<\/div>\n\t\t\t\t\t<\/div>\n\t\t<\/section>\n\t\t\t\t<section class=\"elementor-section elementor-top-section elementor-element elementor-element-249f04e elementor-section-boxed elementor-section-height-default elementor-section-height-default\" data-id=\"249f04e\" data-element_type=\"section\" data-settings=\"{&quot;jet_parallax_layout_list&quot;:[]}\">\n\t\t\t\t\t\t<div class=\"elementor-container elementor-column-gap-default\">\n\t\t\t\t\t<div class=\"elementor-column elementor-col-100 elementor-top-column elementor-element elementor-element-6a2380b\" data-id=\"6a2380b\" data-element_type=\"column\">\n\t\t\t<div class=\"elementor-widget-wrap elementor-element-populated\">\n\t\t\t\t\t\t<div class=\"elementor-element elementor-element-fdc26ed elementor-widget elementor-widget-spps_button\" data-id=\"fdc26ed\" data-element_type=\"widget\" data-widget_type=\"spps_button.default\">\n\t\t\t\t<div class=\"elementor-widget-container\">\n\t\t\t\t\t<div class=\"button-wrapper button-wrapper-left\"><a href=\"https:\/\/www.sp-ps.ch\/wp-content\/uploads\/2023\/11\/Argumentarium_AHVx13_DE.pdf\"  target=\"_self\" class=\"button-link button-link-default\" >Factsheet DE<\/a><\/div>\t\t\t\t<\/div>\n\t\t\t\t<\/div>\n\t\t\t\t<div class=\"elementor-element elementor-element-1e3f912 elementor-widget elementor-widget-spps_button\" data-id=\"1e3f912\" data-element_type=\"widget\" data-widget_type=\"spps_button.default\">\n\t\t\t\t<div class=\"elementor-widget-container\">\n\t\t\t\t\t<div class=\"button-wrapper button-wrapper-left\"><a href=\"https:\/\/www.sp-ps.ch\/wp-content\/uploads\/2023\/11\/Argumentaire_AVSx13_FR.pdf\"  target=\"_self\" class=\"button-link button-link-default\" >Factsheet FR<\/a><\/div>\t\t\t\t<\/div>\n\t\t\t\t<\/div>\n\t\t\t\t\t<\/div>\n\t\t<\/div>\n\t\t\t\t\t<\/div>\n\t\t<\/section>\n\t\t\t\t<\/div>\n\t\t","protected":false},"excerpt":{"rendered":"<p>OUI \u00e0 la 13e rente AVS parce que les rentes ne suffisent plus Les rentes ne suffisent plus, car tout est plus cher. Les loyers, les primes d&#8217;assurance-maladie et les [&hellip;]<\/p>\n","protected":false},"author":69,"featured_media":0,"parent":0,"menu_order":0,"comment_status":"closed","ping_status":"closed","template":"","meta":{"footnotes":""},"class_list":["post-119552","page","type-page","status-publish","hentry"],"_links":{"self":[{"href":"https:\/\/www.sp-ps.ch\/fr\/wp-json\/wp\/v2\/pages\/119552","targetHints":{"allow":["GET"]}}],"collection":[{"href":"https:\/\/www.sp-ps.ch\/fr\/wp-json\/wp\/v2\/pages"}],"about":[{"href":"https:\/\/www.sp-ps.ch\/fr\/wp-json\/wp\/v2\/types\/page"}],"author":[{"embeddable":true,"href":"https:\/\/www.sp-ps.ch\/fr\/wp-json\/wp\/v2\/users\/69"}],"replies":[{"embeddable":true,"href":"https:\/\/www.sp-ps.ch\/fr\/wp-json\/wp\/v2\/comments?post=119552"}],"version-history":[{"count":20,"href":"https:\/\/www.sp-ps.ch\/fr\/wp-json\/wp\/v2\/pages\/119552\/revisions"}],"predecessor-version":[{"id":123714,"href":"https:\/\/www.sp-ps.ch\/fr\/wp-json\/wp\/v2\/pages\/119552\/revisions\/123714"}],"wp:attachment":[{"href":"https:\/\/www.sp-ps.ch\/fr\/wp-json\/wp\/v2\/media?parent=119552"}],"curies":[{"name":"wp","href":"https:\/\/api.w.org\/{rel}","templated":true}]}}