{"id":122125,"date":"2024-01-18T14:06:12","date_gmt":"2024-01-18T13:06:12","guid":{"rendered":"https:\/\/www.sp-ps.ch\/?page_id=122125"},"modified":"2025-03-19T08:56:18","modified_gmt":"2025-03-19T07:56:18","slug":"groupe-egalite","status":"publish","type":"page","link":"https:\/\/www.sp-ps.ch\/fr\/faire-un-don\/groupe-egalite\/","title":{"rendered":"Groupe \u00e9galit\u00e9"},"content":{"rendered":"\t\t<div data-elementor-type=\"wp-post\" data-elementor-id=\"122125\" class=\"elementor elementor-122125 elementor-122124\" data-elementor-post-type=\"page\">\n\t\t\t\t\t\t<section class=\"elementor-section elementor-top-section elementor-element elementor-element-62f6b11f03ee2 elementor-section-boxed elementor-section-height-default elementor-section-height-default\" data-id=\"62f6b11f03ee2\" data-element_type=\"section\" data-settings=\"{&quot;jet_parallax_layout_list&quot;:[],&quot;background_background&quot;:&quot;classic&quot;}\">\n\t\t\t\t\t\t<div class=\"elementor-container elementor-column-gap-wide\">\n\t\t\t\t\t<div class=\"elementor-column elementor-col-100 elementor-top-column elementor-element elementor-element-62f6b11f03ee4\" data-id=\"62f6b11f03ee4\" data-element_type=\"column\">\n\t\t\t<div class=\"elementor-widget-wrap elementor-element-populated\">\n\t\t\t\t\t\t<div class=\"elementor-element elementor-element-62f6b11f03e6b elementor-widget elementor-widget-heading\" data-id=\"62f6b11f03e6b\" data-element_type=\"widget\" data-widget_type=\"heading.default\">\n\t\t\t\t<div class=\"elementor-widget-container\">\n\t\t\t\t\t<h1 class=\"elementor-heading-title elementor-size-default\">Devenez membre du Groupe \u00e9galit\u00e9 d\u00e8s maintenant ! <\/h1>\t\t\t\t<\/div>\n\t\t\t\t<\/div>\n\t\t\t\t<div class=\"elementor-element elementor-element-62f6b11f03ed0 elementor-widget elementor-widget-jet-breadcrumbs\" data-id=\"62f6b11f03ed0\" data-element_type=\"widget\" data-widget_type=\"jet-breadcrumbs.default\">\n\t\t\t\t<div class=\"elementor-widget-container\">\n\t\t\t\t\t<div class=\"elementor-jet-breadcrumbs jet-blocks\">\n\t\t<div class=\"jet-breadcrumbs\">\n\t\t<div class=\"jet-breadcrumbs__content\">\n\t\t<div class=\"jet-breadcrumbs__wrap\">\n\t\t<\/div>\n\t\t<\/div>\n\t\t<\/div><\/div>\t\t\t\t<\/div>\n\t\t\t\t<\/div>\n\t\t\t\t<div class=\"elementor-element elementor-element-d298702 elementor-widget__width-initial elementor-widget elementor-widget-text-editor\" data-id=\"d298702\" data-element_type=\"widget\" data-widget_type=\"text-editor.default\">\n\t\t\t\t<div class=\"elementor-widget-container\">\n\t\t\t\t\t\t\t\t\t<p>En tant que membre du Groupe \u00e9galit\u00e9, vous vous engagez r\u00e9guli\u00e8rement pour l\u2019\u00e9galit\u00e9 en faisant un don.<\/p>\t\t\t\t\t\t\t\t<\/div>\n\t\t\t\t<\/div>\n\t\t\t\t\t<\/div>\n\t\t<\/div>\n\t\t\t\t\t<\/div>\n\t\t<\/section>\n\t\t\t\t<section class=\"elementor-section elementor-top-section elementor-element elementor-element-62f6b11f03ee6 elementor-section-boxed elementor-section-height-default elementor-section-height-default\" data-id=\"62f6b11f03ee6\" data-element_type=\"section\" data-settings=\"{&quot;jet_parallax_layout_list&quot;:[]}\">\n\t\t\t\t\t\t<div class=\"elementor-container elementor-column-gap-wide\">\n\t\t\t\t\t<div class=\"elementor-column elementor-col-100 elementor-top-column elementor-element elementor-element-62f6b11f03ee7\" data-id=\"62f6b11f03ee7\" data-element_type=\"column\">\n\t\t\t<div class=\"elementor-widget-wrap elementor-element-populated\">\n\t\t\t\t\t\t<div class=\"elementor-element elementor-element-36061cd elementor-widget elementor-widget-image\" data-id=\"36061cd\" data-element_type=\"widget\" data-widget_type=\"image.default\">\n\t\t\t\t<div class=\"elementor-widget-container\">\n\t\t\t\t\t\t\t\t\t\t\t\t\t\t\t<img fetchpriority=\"high\" decoding=\"async\" width=\"3154\" height=\"2263\" src=\"https:\/\/www.sp-ps.ch\/wp-content\/uploads\/2024\/01\/Illustration-Gruppe-Gleichstellung-zugeschnitten.png\" class=\"attachment-full size-full wp-image-122141\" alt=\"\" srcset=\"https:\/\/www.sp-ps.ch\/wp-content\/uploads\/2024\/01\/Illustration-Gruppe-Gleichstellung-zugeschnitten.png 3154w, https:\/\/www.sp-ps.ch\/wp-content\/uploads\/2024\/01\/Illustration-Gruppe-Gleichstellung-zugeschnitten-300x215.png 300w, https:\/\/www.sp-ps.ch\/wp-content\/uploads\/2024\/01\/Illustration-Gruppe-Gleichstellung-zugeschnitten-1024x735.png 1024w, https:\/\/www.sp-ps.ch\/wp-content\/uploads\/2024\/01\/Illustration-Gruppe-Gleichstellung-zugeschnitten-768x551.png 768w, https:\/\/www.sp-ps.ch\/wp-content\/uploads\/2024\/01\/Illustration-Gruppe-Gleichstellung-zugeschnitten-1536x1102.png 1536w, https:\/\/www.sp-ps.ch\/wp-content\/uploads\/2024\/01\/Illustration-Gruppe-Gleichstellung-zugeschnitten-2048x1469.png 2048w\" sizes=\"(max-width: 3154px) 100vw, 3154px\" \/>\t\t\t\t\t\t\t\t\t\t\t\t\t\t\t<\/div>\n\t\t\t\t<\/div>\n\t\t\t\t<div class=\"elementor-element elementor-element-7fb6e47 elementor-widget elementor-widget-spps_button\" data-id=\"7fb6e47\" data-element_type=\"widget\" data-widget_type=\"spps_button.default\">\n\t\t\t\t<div class=\"elementor-widget-container\">\n\t\t\t\t\t<div class=\"button-wrapper button-wrapper-left\"><a href=\"#anmelden\"  target=\"_self\" class=\"button-link button-link-default\" >Acc\u00e8s direct \u00e0 l\u2019inscription au Groupe \u00e9galit\u00e9<\/a><\/div>\t\t\t\t<\/div>\n\t\t\t\t<\/div>\n\t\t\t\t<div class=\"elementor-element elementor-element-a6ef7eb elementor-widget elementor-widget-text-editor\" data-id=\"a6ef7eb\" data-element_type=\"widget\" data-widget_type=\"text-editor.default\">\n\t\t\t\t<div class=\"elementor-widget-container\">\n\t\t\t\t\t\t\t\t\t<p>Rejoignez d\u00e8s maintenant le Groupe \u00e9galit\u00e9 et soutenez ainsi nos campagnes et projets politiques en faveur de l\u2019\u00e9galit\u00e9. En tant que membre du Groupe \u00e9galit\u00e9, vous devenez un soutien important sur la voie de l\u2019\u00e9galit\u00e9. Il vous suffit de choisir l\u2019intervalle de paiement, le montant et le moyen de paiement&#8230; et le tour est jou\u00e9, vous voil\u00e0 digne parrain ou digne marraine de ce projet\u00a0! Merci de votre engagement et de votre confiance\u00a0!<\/p><p><strong>Projets actuels soutenus par le Groupe \u00e9galit\u00e9\u00a0: <\/strong><\/p>\t\t\t\t\t\t\t\t<\/div>\n\t\t\t\t<\/div>\n\t\t\t\t<div class=\"elementor-element elementor-element-e2d0684 elementor-widget elementor-widget-accordion\" data-id=\"e2d0684\" data-element_type=\"widget\" data-widget_type=\"accordion.default\">\n\t\t\t\t<div class=\"elementor-widget-container\">\n\t\t\t\t\t\t\t<div class=\"elementor-accordion\">\n\t\t\t\t\t\t\t<div class=\"elementor-accordion-item\">\n\t\t\t\t\t<div id=\"elementor-tab-title-2371\" class=\"elementor-tab-title\" data-tab=\"1\" role=\"button\" aria-controls=\"elementor-tab-content-2371\" aria-expanded=\"false\">\n\t\t\t\t\t\t\t\t\t\t\t\t\t<span class=\"elementor-accordion-icon elementor-accordion-icon-left\" aria-hidden=\"true\">\n\t\t\t\t\t\t\t\t\t\t\t\t\t\t\t<span class=\"elementor-accordion-icon-closed\"><i class=\"fas fa-plus\"><\/i><\/span>\n\t\t\t\t\t\t\t\t<span class=\"elementor-accordion-icon-opened\"><i class=\"fas fa-minus\"><\/i><\/span>\n\t\t\t\t\t\t\t\t\t\t\t\t\t\t<\/span>\n\t\t\t\t\t\t\t\t\t\t\t\t<a class=\"elementor-accordion-title\" tabindex=\"0\">R\u00e9f\u00e9rendum et votation sur la r\u00e9forme antisociale des caisses de pension<\/a>\n\t\t\t\t\t<\/div>\n\t\t\t\t\t<div id=\"elementor-tab-content-2371\" class=\"elementor-tab-content elementor-clearfix\" data-tab=\"1\" role=\"region\" aria-labelledby=\"elementor-tab-title-2371\"><p>Le Parlement a adopt\u00e9 une r\u00e9forme sur les caisses de pension qui entra\u00eene des diminutions de rentes. Le PS a lanc\u00e9 un r\u00e9f\u00e9rendum contre ce projet.<\/p><p><strong>La r\u00e9forme LPP a \u00e9t\u00e9 rejet\u00e9e le 22 septembre 2024 par plus de 67% des votant-es. Ce r\u00e9sultat est une victoire pour le pouvoir d\u2019achat de la population.<\/strong> La population ne s\u2019est pas laiss\u00e9 berner par la campagne \u00e0 plusieurs millions du camp bourgeois et de l\u2019industrie de la finance et des assurances.<\/p><\/div>\n\t\t\t\t<\/div>\n\t\t\t\t\t\t\t<div class=\"elementor-accordion-item\">\n\t\t\t\t\t<div id=\"elementor-tab-title-2372\" class=\"elementor-tab-title\" data-tab=\"2\" role=\"button\" aria-controls=\"elementor-tab-content-2372\" aria-expanded=\"false\">\n\t\t\t\t\t\t\t\t\t\t\t\t\t<span class=\"elementor-accordion-icon elementor-accordion-icon-left\" aria-hidden=\"true\">\n\t\t\t\t\t\t\t\t\t\t\t\t\t\t\t<span class=\"elementor-accordion-icon-closed\"><i class=\"fas fa-plus\"><\/i><\/span>\n\t\t\t\t\t\t\t\t<span class=\"elementor-accordion-icon-opened\"><i class=\"fas fa-minus\"><\/i><\/span>\n\t\t\t\t\t\t\t\t\t\t\t\t\t\t<\/span>\n\t\t\t\t\t\t\t\t\t\t\t\t<a class=\"elementor-accordion-title\" tabindex=\"0\">Initiative sur les cr\u00e8ches, pour une meilleure conciliation entre vie familiale et vie professionnelle<\/a>\n\t\t\t\t\t<\/div>\n\t\t\t\t\t<div id=\"elementor-tab-content-2372\" class=\"elementor-tab-content elementor-clearfix\" data-tab=\"2\" role=\"region\" aria-labelledby=\"elementor-tab-title-2372\"><p>Pour les familles, il est difficile de trouver des places de cr\u00e8che de qualit\u00e9 \u00e0 prix abordable. Cela conduit les femmes notamment \u00e0 abandonner, totalement ou partiellement, leur activit\u00e9 professionnelle afin de pouvoir assurer la garde de leurs enfants. L\u2019initiative pour les cr\u00e8ches a pour objectif de changer cela\u00a0: elle garantit un nombre suffisant de places de cr\u00e8che \u00e0 prix abordable et favorise ainsi la conciliation entre la vie familiale et la vie professionnelle. Il s\u2019agit l\u00e0 d\u2019une pi\u00e8ce majeure dans le puzzle de l\u2019\u00e9galit\u00e9.<\/p><p>L\u2019\u00e9t\u00e9 2023, nous avons pu remettre \u00e0 la Chancellerie f\u00e9d\u00e9rale le nombre de signatures requis pour l\u2019initiative sur les cr\u00e8ches.<\/p><\/div>\n\t\t\t\t<\/div>\n\t\t\t\t\t\t\t<div class=\"elementor-accordion-item\">\n\t\t\t\t\t<div id=\"elementor-tab-title-2373\" class=\"elementor-tab-title\" data-tab=\"3\" role=\"button\" aria-controls=\"elementor-tab-content-2373\" aria-expanded=\"false\">\n\t\t\t\t\t\t\t\t\t\t\t\t\t<span class=\"elementor-accordion-icon elementor-accordion-icon-left\" aria-hidden=\"true\">\n\t\t\t\t\t\t\t\t\t\t\t\t\t\t\t<span class=\"elementor-accordion-icon-closed\"><i class=\"fas fa-plus\"><\/i><\/span>\n\t\t\t\t\t\t\t\t<span class=\"elementor-accordion-icon-opened\"><i class=\"fas fa-minus\"><\/i><\/span>\n\t\t\t\t\t\t\t\t\t\t\t\t\t\t<\/span>\n\t\t\t\t\t\t\t\t\t\t\t\t<a class=\"elementor-accordion-title\" tabindex=\"0\">Divers<\/a>\n\t\t\t\t\t<\/div>\n\t\t\t\t\t<div id=\"elementor-tab-content-2373\" class=\"elementor-tab-content elementor-clearfix\" data-tab=\"3\" role=\"region\" aria-labelledby=\"elementor-tab-title-2373\"><p>Le Groupe \u00e9galit\u00e9 soutient des projets des Femmes socialistes suisses et du PS\u00a0queer.<\/p><\/div>\n\t\t\t\t<\/div>\n\t\t\t\t\t\t\t\t<\/div>\n\t\t\t\t\t\t<\/div>\n\t\t\t\t<\/div>\n\t\t\t\t<div class=\"elementor-element elementor-element-63580d9 elementor-widget elementor-widget-spacer\" data-id=\"63580d9\" data-element_type=\"widget\" data-widget_type=\"spacer.default\">\n\t\t\t\t<div class=\"elementor-widget-container\">\n\t\t\t\t\t\t\t<div class=\"elementor-spacer\">\n\t\t\t<div class=\"elementor-spacer-inner\"><\/div>\n\t\t<\/div>\n\t\t\t\t\t\t<\/div>\n\t\t\t\t<\/div>\n\t\t\t\t<div class=\"elementor-element elementor-element-0b1f91c elementor-widget elementor-widget-heading\" data-id=\"0b1f91c\" data-element_type=\"widget\" data-widget_type=\"heading.default\">\n\t\t\t\t<div class=\"elementor-widget-container\">\n\t\t\t\t\t<h2 class=\"elementor-heading-title elementor-size-default\">L\u2019essentiel en bref<\/h2>\t\t\t\t<\/div>\n\t\t\t\t<\/div>\n\t\t\t\t<div class=\"elementor-element elementor-element-d91051b elementor-widget elementor-widget-spacer\" data-id=\"d91051b\" data-element_type=\"widget\" data-widget_type=\"spacer.default\">\n\t\t\t\t<div class=\"elementor-widget-container\">\n\t\t\t\t\t\t\t<div class=\"elementor-spacer\">\n\t\t\t<div class=\"elementor-spacer-inner\"><\/div>\n\t\t<\/div>\n\t\t\t\t\t\t<\/div>\n\t\t\t\t<\/div>\n\t\t\t\t<div class=\"elementor-element elementor-element-f16fc20 elementor-widget elementor-widget-text-editor\" data-id=\"f16fc20\" data-element_type=\"widget\" data-widget_type=\"text-editor.default\">\n\t\t\t\t<div class=\"elementor-widget-container\">\n\t\t\t\t\t\t\t\t\t<ul><li>En tant que membre du Groupe \u00e9galit\u00e9, vous vous engagez r\u00e9guli\u00e8rement pour nos projets en mati\u00e8re d\u2019\u00e9galit\u00e9 en versant un montant que vous d\u00e9terminez vous-m\u00eame. Votre affiliation nous permet de jouir d\u2019une s\u00e9curit\u00e9 bienvenue en termes de planification. Nous utilisons vos dons pour des projets tels que l\u2019initiative sur les cr\u00e8ches ou pour obtenir des rentes \u00e9quitables pour les femmes.<\/li><li>Aux activit\u00e9s du Groupe \u00e9galit\u00e9, nous ajoutons en permanence de nouveaux projets d\u2019actualit\u00e9 en lien avec l\u2019\u00e9galit\u00e9 pour lesquels nous avons besoin d\u2019un soutien financier.<\/li><li>Nous vous informons r\u00e9guli\u00e8rement des progr\u00e8s des diff\u00e9rentes campagnes. N\u2019h\u00e9sitez pas \u00e0 nous faire part de vos id\u00e9es\u00a0!<\/li><li>Votre affiliation au Groupe \u00e9galit\u00e9 peut \u00eatre d\u00e9duite des imp\u00f4ts, comme tout autre don vers\u00e9 au\u00a0PS.<\/li><li>Si vous ne souhaitez plus faire partie de ce groupe pour des raisons financi\u00e8res ou autres, vous pouvez r\u00e9silier votre affiliation \u00e0 tout moment.<\/li><\/ul>\t\t\t\t\t\t\t\t<\/div>\n\t\t\t\t<\/div>\n\t\t\t\t<div class=\"elementor-element elementor-element-29e98e6 elementor-widget elementor-widget-menu-anchor\" data-id=\"29e98e6\" data-element_type=\"widget\" data-widget_type=\"menu-anchor.default\">\n\t\t\t\t<div class=\"elementor-widget-container\">\n\t\t\t\t\t\t\t<div class=\"elementor-menu-anchor\" id=\"anmelden\"><\/div>\n\t\t\t\t\t\t<\/div>\n\t\t\t\t<\/div>\n\t\t\t\t<div class=\"elementor-element elementor-element-21a5eec elementor-widget elementor-widget-spacer\" data-id=\"21a5eec\" data-element_type=\"widget\" data-widget_type=\"spacer.default\">\n\t\t\t\t<div class=\"elementor-widget-container\">\n\t\t\t\t\t\t\t<div class=\"elementor-spacer\">\n\t\t\t<div class=\"elementor-spacer-inner\"><\/div>\n\t\t<\/div>\n\t\t\t\t\t\t<\/div>\n\t\t\t\t<\/div>\n\t\t\t\t<div class=\"elementor-element elementor-element-8f11149 elementor-widget elementor-widget-heading\" data-id=\"8f11149\" data-element_type=\"widget\" data-widget_type=\"heading.default\">\n\t\t\t\t<div class=\"elementor-widget-container\">\n\t\t\t\t\t<h2 class=\"elementor-heading-title elementor-size-default\">Devenez membre du Groupe \u00e9galit\u00e9 d\u00e8s maintenant ! <\/h2>\t\t\t\t<\/div>\n\t\t\t\t<\/div>\n\t\t\t\t<div class=\"elementor-element elementor-element-4002cfc elementor-widget elementor-widget-spacer\" data-id=\"4002cfc\" data-element_type=\"widget\" data-widget_type=\"spacer.default\">\n\t\t\t\t<div class=\"elementor-widget-container\">\n\t\t\t\t\t\t\t<div class=\"elementor-spacer\">\n\t\t\t<div class=\"elementor-spacer-inner\"><\/div>\n\t\t<\/div>\n\t\t\t\t\t\t<\/div>\n\t\t\t\t<\/div>\n\t\t\t\t<div class=\"elementor-element elementor-element-e509e94 elementor-widget elementor-widget-html\" data-id=\"e509e94\" data-element_type=\"widget\" data-widget_type=\"html.default\">\n\t\t\t\t<div class=\"elementor-widget-container\">\n\t\t\t\t\t<div class=\"rnw-widget-container\"><\/div>\r\n<script src=\"https:\/\/tamaro.raisenow.com\/sp-schweiz\/latest\/widget.js\"><\/script>\r\n<script>\r\nwindow.rnw.tamaro.runWidget('.rnw-widget-container', {\r\n\r\n\t\/***************Settings**************\/\r\n\r\n\t\/\/ Sprache w\u00e4hlen (de,fr,it)\r\n\tlanguage: 'fr',\r\n\r\n\t\/\/ Kampagnen-ID setzen (Projekt-UID aus Sextant)\r\n\tpurposeDetails: {\r\n\t\tp1: {\r\n\t\t\tstored_campaign_id: 17835045,\r\n\t\t},\r\n\t},\r\n\r\n\t\/\/ Purpose (p1) in allen Sprachen hinterlegen\r\n\ttranslations: {\r\n\t\tde: {\r\n\t\t\tpurposes: {\r\n\t\t\t\tp1: 'Gruppe Gleichstellung',\r\n\t\t\t},\r\n\t\t\tpayment_methods: {\r\n\t\t\t\tdd: 'Lastschriftenverfahren (LSV\/DD)',\r\n\t\t\t},\r\n\t\t\tblocks: {\r\n\t\t\t\tpayment_amounts_and_intervals:  {\r\n            \t\tpayment_types: {\r\n             \t\t\tsetup_recurring_payment: 'Ich m\u00f6chte regelm\u00e4ssig spenden (Gruppe Gleichstellung)',\r\n            \t\t},\r\n            \t},\r\n          \t},\r\n          \tpayment_form: {\r\n\t\t\t\tdatenschutz: '<\/br><\/br><\/br>Das Bundesgesetz \u00fcber die politischen Rechte (BPR) verbietet die Annahme von anonymen Spenden. Wir sind deshalb verpflichtet die Postadresse abzufragen. Mit deiner Spende erkl\u00e4rst du dich einverstanden, dass die SP dich auf dem Laufenden halten darf. Mehr dazu <a href=\"https:\/\/www.sp-ps.ch\/datenschutz-policy\/\" target=\"_blank\">hier<\/a>.',\r\n\t\t\t},\r\n\t\t},\r\n\t\tfr: {\r\n\t\t\tpurposes: {\r\n\t\t\t\tp1: 'Groupe \u00e9galit\u00e9',\r\n\t\t\t},\r\n\t\t\tpayment_methods: {\r\n\t\t\t\tdd: 'Recouvrement direct (LSV\/DD)',\r\n\t\t\t},\r\n\t\t\tblocks: {\r\n\t\t\t\tpayment_amounts_and_intervals:  {\r\n            \t\tpayment_types: {\r\n             \t\t\tsetup_recurring_payment: 'Je souhaite mettre en place un paiement r\u00e9gulier (Groupe \u00e9galit\u00e9)',\r\n            \t\t},\r\n            \t},\r\n          \t},\r\n          \tpayment_form: {\r\n\t\t\t\tdatenschutz: '<\/br><\/br><\/br>La loi f\u00e9d\u00e9rale sur les droits politiques (LDP) interdit la r\u00e9ception de dons anonymes. Nous avons donc l\\'obligation de demander l\\'adresse postale. En faisant un don, vous acceptez que le PS vous tienne au courant de ses activit\u00e9s. En savoir plus <a href=\"https:\/\/www.sp-ps.ch\/fr\/politique-de-protection-des-donnees\/\" target=\"_blank\">ici<\/a>.',\r\n\t\t\t},\r\n\t\t},\r\n\t\tit: {\r\n\t\t\tpurposes: {\r\n\t\t\t\tp1: 'Gruppo parit\u00e0',\r\n\t\t\t},\r\n\t\t\tpayment_methods: {\r\n\t\t\t\tdd: 'Addebito diretto (LSV\/DD)',\r\n\t\t\t},\r\n\t\t\tblocks: {\r\n\t\t\t\tpayment_amounts_and_intervals:  {\r\n            \t\tpayment_types: {\r\n             \t\t\tsetup_recurring_payment: 'Voglio effettuare una donazione ricorrente (Gruppo parit\u00e0)',\r\n            \t\t},\r\n            \t},\r\n          \t},\r\n          \tpayment_form: {\r\n\t\t\t\tdatenschutz: '<\/br><\/br><\/br>La Legge federale sui diritti politici (LDP) vieta l\\'accettazione di donazioni anonime. Siamo pertanto obbligati a richiedere l\\'indirizzo postale. Con la tua donazione accetti che il PS ti informi sulle sue attivit\u00e0. Maggiori informazioni <a href=\"https:\/\/www.sp-ps.ch\/datenschutz-policy\/\" target=\"_blank\">qui<\/a>.',\r\n\t\t\t},\r\n\t\t}, \r\n\t},\r\n\r\n\t\/\/ Standard-Betr\u00e4ge setzen\r\n\tamounts: [\r\n\t\t{\r\n\t\t\t\"if\": \"paymentType() == onetime\",\r\n\t\t\t\"then\": [40,100,200,400],\r\n\t\t},\r\n\t\t{\r\n\t\t\t\"if\": \"recurringInterval() == monthly && paymentType() == recurring\",\r\n\t\t\t\"then\": [10,20,30,50],\r\n\t\t},\r\n\t\t{\r\n\t\t\t\"if\": \"recurringInterval() == quarterly && paymentType() == recurring\",\r\n\t\t\t\"then\": [30,60,90,150],\r\n\t\t},\r\n\t\t{\r\n\t\t\t\"if\": \"recurringInterval() == semestral && paymentType() == recurring\",\r\n\t\t\t\"then\": [60,120,180,300],\r\n\t\t},\r\n\t\t{\r\n\t\t\t\"if\": \"recurringInterval() == yearly && paymentType() == recurring\",\r\n\t\t\t\"then\": [120,240,360,600],\r\n\t\t},\r\n\t],\r\n\r\n\t\/\/ Regelm\u00e4ssige Spenden aktivieren (optional) und Layout w\u00e4hlen (compact\/list)\r\n\tpaymentTypes: [\r\n\t\t\/\/'onetime',\r\n\t\t'recurring'\r\n\t],\r\n\trecurringIntervalsLayout: 'list',\r\n\r\n\t\/\/ Stored_hidden_parameter aktivieren und setzen (optional)\r\n\tpaymentFormPrefill: {\r\n\t\tstored_customer_email_permission: true,\r\n\t\tstored_customer_donation_receipt: true,\r\n\t\tstored_customer_country: 'CH',\r\n\t\tstored_sxt_address_source: '1008',\r\n\t\tstored_sxt_product_id: '222221',\r\n\t\t\/\/stored_hidden_parameter: 'myValue',\r\n\t},\r\n\r\n\t\/\/ Sonstige Konfigurationen (nur bei begr\u00fcndetem Bedarf anpassen)\r\n\ttestMode: false,\r\n\tdebug: false,\r\n\tpurposes: ['p1'],\r\n\tshowFields: {\r\n\t\t'stored_customer_email_permission': false,\r\n\t\t'stored_customer_donation_receipt': false,\r\n\t\t'stored_customer_birthdate': false\r\n\t},\r\n\tshowFooter: false,\r\n\tslots: {\r\n\t\tend: [{\r\n        \tcomponent: 'content',\r\n       \t\ttext_html: 'payment_form.datenschutz',\r\n\t\t}],\r\n\t},\r\n\t\/\/minimumCustomAmount: [15],\r\n\t\/\/allowCustomAmount: true,\r\n\t\/\/layout: 'list',\r\n})\r\n<\/script>\r\n\r\n<style>\r\n\t\/*Prim\u00e4rfarben anpassen (optional)*\/\r\n\t:root {\r\n\t\t--tamaro-primary-color: #E4002B;\r\n\t\t--tamaro-primary-color__hover: rgba(228,0,43,0.75);\r\n\t\t--tamaro-primary-bg-color: rgba(228,0,43,0.03);\r\n\t\t--tamaro-border-color: #b5b5b5;\r\n\t\t\/*font-size: inherit;*\/\r\n\t}      \r\n<\/style>\t\t\t\t<\/div>\n\t\t\t\t<\/div>\n\t\t\t\t<div class=\"elementor-element elementor-element-8684de0 elementor-widget elementor-widget-spps_person_grid\" data-id=\"8684de0\" data-element_type=\"widget\" data-widget_type=\"spps_person_grid.default\">\n\t\t\t\t<div class=\"elementor-widget-container\">\n\t\t\t\t\t<div class=\"button-list-wrapper wrapper-spacing-default\"><div class=\"button-list-title\"><h2>Contact<\/h2><\/div><div class=\"button-list-container\"><div class=\"button-list-text\"><p>Si vous avez des questions, Regula-Sibylle Schweizer, responsable des dons permanents, se tient \u00e0 votre disposition.\u00a0<\/p><\/div><div class=\"persons persons-grid-1\"><div class=\"persons-items\"><div class=\"persons-item\"><div class=\"person-container\"><div class=\"person-portrait\"><a href=\"https:\/\/www.sp-ps.ch\/fr\/person\/regula-sibylle-schweizer\/\"><img decoding=\"async\" src=\"https:\/\/www.sp-ps.ch\/wp-content\/uploads\/2020\/09\/DSC_0887_quadratisch-600x600.jpg?v=1661332736\" alt=\"Regula-Sibylle Schweizer\" loading=\"lazy\"><\/a><\/div><div class=\"person-content\"><a href=\"https:\/\/www.sp-ps.ch\/fr\/person\/regula-sibylle-schweizer\/\" class=\"person-name\"><p><strong>Regula-Sibylle Schweizer<\/strong><\/p><\/a><p class=\"person-position\">Recherche de fonds &amp; Responsable des legs &amp; du groupe 2027<\/p><ul class=\"person-kontakt list-pills list-pills-grey\"><li><a href=\"tel:+41313296987\">+41 31 329 69 87<\/a><\/li><li><a href=\"mailto:regula.schweizer@spschweiz.ch\">E-Mail<\/a><\/li><\/ul><\/div><\/div><\/div><\/div><\/div><\/div><\/div>\t\t\t\t<\/div>\n\t\t\t\t<\/div>\n\t\t\t\t\t<\/div>\n\t\t<\/div>\n\t\t\t\t\t<\/div>\n\t\t<\/section>\n\t\t\t\t<\/div>\n\t\t","protected":false},"excerpt":{"rendered":"<p>Devenez membre du Groupe \u00e9galit\u00e9 d\u00e8s maintenant ! En tant que membre du Groupe \u00e9galit\u00e9, vous vous engagez r\u00e9guli\u00e8rement pour l\u2019\u00e9galit\u00e9 en faisant un don. Acc\u00e8s direct \u00e0 l\u2019inscription au [&hellip;]<\/p>\n","protected":false},"author":74,"featured_media":0,"parent":30422,"menu_order":2,"comment_status":"open","ping_status":"closed","template":"","meta":{"footnotes":""},"class_list":["post-122125","page","type-page","status-publish","hentry"],"_links":{"self":[{"href":"https:\/\/www.sp-ps.ch\/fr\/wp-json\/wp\/v2\/pages\/122125","targetHints":{"allow":["GET"]}}],"collection":[{"href":"https:\/\/www.sp-ps.ch\/fr\/wp-json\/wp\/v2\/pages"}],"about":[{"href":"https:\/\/www.sp-ps.ch\/fr\/wp-json\/wp\/v2\/types\/page"}],"author":[{"embeddable":true,"href":"https:\/\/www.sp-ps.ch\/fr\/wp-json\/wp\/v2\/users\/74"}],"replies":[{"embeddable":true,"href":"https:\/\/www.sp-ps.ch\/fr\/wp-json\/wp\/v2\/comments?post=122125"}],"version-history":[{"count":42,"href":"https:\/\/www.sp-ps.ch\/fr\/wp-json\/wp\/v2\/pages\/122125\/revisions"}],"predecessor-version":[{"id":156762,"href":"https:\/\/www.sp-ps.ch\/fr\/wp-json\/wp\/v2\/pages\/122125\/revisions\/156762"}],"up":[{"embeddable":true,"href":"https:\/\/www.sp-ps.ch\/fr\/wp-json\/wp\/v2\/pages\/30422"}],"wp:attachment":[{"href":"https:\/\/www.sp-ps.ch\/fr\/wp-json\/wp\/v2\/media?parent=122125"}],"curies":[{"name":"wp","href":"https:\/\/api.w.org\/{rel}","templated":true}]}}