{"id":128504,"date":"2024-04-04T11:25:25","date_gmt":"2024-04-04T09:25:25","guid":{"rendered":"https:\/\/www.sp-ps.ch\/non-a-linitiative-floue-sur-le-frein-aux-couts-2\/"},"modified":"2024-04-05T14:16:21","modified_gmt":"2024-04-05T12:16:21","slug":"non-a-linitiative-floue-sur-le-frein-aux-couts-2","status":"publish","type":"page","link":"https:\/\/www.sp-ps.ch\/fr\/non-a-linitiative-floue-sur-le-frein-aux-couts-2\/","title":{"rendered":"Non \u00e0 l\u2019initiative floue sur le frein aux co\u00fbts"},"content":{"rendered":"\t\t<div data-elementor-type=\"wp-page\" data-elementor-id=\"128504\" class=\"elementor elementor-128504 elementor-128489\" data-elementor-post-type=\"page\">\n\t\t\t\t\t\t<section class=\"elementor-section elementor-top-section elementor-element elementor-element-75b79e4 elementor-section-boxed elementor-section-height-default elementor-section-height-default\" data-id=\"75b79e4\" data-element_type=\"section\" data-settings=\"{&quot;jet_parallax_layout_list&quot;:[]}\">\n\t\t\t\t\t\t<div class=\"elementor-container elementor-column-gap-default\">\n\t\t\t\t\t<div class=\"elementor-column elementor-col-100 elementor-top-column elementor-element elementor-element-bbd06a6\" data-id=\"bbd06a6\" data-element_type=\"column\">\n\t\t\t<div class=\"elementor-widget-wrap elementor-element-populated\">\n\t\t\t\t\t\t<div class=\"elementor-element elementor-element-9d8b3f7 elementor-widget elementor-widget-spps_button_list\" data-id=\"9d8b3f7\" data-element_type=\"widget\" data-widget_type=\"spps_button_list.default\">\n\t\t\t\t<div class=\"elementor-widget-container\">\n\t\t\t\t\t<div class=\"button-list-wrapper wrapper-spacing-default  \"><div class=\"button-list-title\"><h2>Non \u00e0 l\u2019initiative floue sur le frein aux co\u00fbts<\/h2><\/div><div class=\"button-list-container\"><div class=\"button-list-text\"><p>&nbsp;<\/p>\n<p>L\u2019initiative sur le frein aux co\u00fbts veut que les d\u00e9penses de sant\u00e9 soient r\u00e9duites lorsqu\u2019elles augmentent plus fortement que la croissance \u00e9conomique. L\u2019initiative laisse toutefois au Parlement le soin de d\u00e9cider o\u00f9 et comment r\u00e9duire les d\u00e9penses. Or, les lobbies des groupes pharmaceutiques et des caisses-maladie y ont une grande influence. Le risque est donc que les coupes ne se fassent pas \u00e0 des endroits judicieux (par exemple dans le prix des m\u00e9dicaments), mais directement chez les patient-es et dans les soins. C\u2019est pourquoi il faut voter non \u00e0 l\u2019initiative sur le frein aux co\u00fbts le 9 juin.<\/p>\n<p>&nbsp;<\/p>\n<h3><strong>Quatre <\/strong><strong>raisons de voter non \u00e0 l\u2019initiative sur le frein aux co\u00fbts<\/strong><\/h3>\n<h4>1. L\u2019initiative m\u00e8ne \u00e0 une m\u00e9decine \u00e0 deux vitesses<\/h4>\n<p>L\u2019initiative sur le frein aux co\u00fbts ne pr\u00e9cise pas o\u00f9 les d\u00e9penses de sant\u00e9 doivent \u00eatre r\u00e9duites. En cas de oui, les \u00e9lectrices et \u00e9lecteurs laisseraient cette d\u00e9cision au Parlement. Il s\u2019est av\u00e9r\u00e9 par le pass\u00e9 que les d\u00e9cisions y sont souvent prises sous l\u2019influence du lobby pharmaceutique et des caisses-maladie. Ces milieux ont par exemple emp\u00each\u00e9 que les prix des m\u00e9dicaments ne baissent en Suisse, bien qu\u2019ils soient nettement trop \u00e9lev\u00e9s par rapport \u00e0 l\u2019\u00e9tranger.<\/p>\n<p>La crainte est donc que l\u2019initiative sur le frein aux co\u00fbts entra\u00eene des coupes dans l\u2019assurance de base pour les soins et les patient-es. Seuls ceux qui peuvent se permettre une assurance compl\u00e9mentaire co\u00fbteuse continueraient \u00e0 avoir acc\u00e8s \u00e0 des traitements de haute qualit\u00e9 et \u00e0 des d\u00e9lais d\u2019attente courts. Nous refusons cette m\u00e9decine \u00e0 deux vitesses.<\/p>\n<p>&nbsp;<\/p>\n<h4>2. Intervenir l\u00e0 o\u00f9 cela fait sens<\/h4>\n<p>Dans l\u2019ensemble, la Suisse dispose d\u2019un excellent syst\u00e8me de sant\u00e9. Il est clair que cela a un prix. Mais il est \u00e9galement clair que le gaspillage et l\u2019affairisme existent dans le secteur de la sant\u00e9. C\u2019est pourquoi le PS a pr\u00e9sent\u00e9 d\u00e8s septembre 2023 des <a href=\"https:\/\/www.sp-ps.ch\/wp-content\/uploads\/2023\/09\/230921_SP-Papier_Kostendaempfende-Massnahmen-im-Gesundheitswesen_F.pdf\">mesures concr\u00e8tes<\/a> pour y rem\u00e9dier : Il faut une baisse des prix des m\u00e9dicaments, un renforcement des soins de base avec plus de pr\u00e9vention, des mesures contre l\u2019augmentation des co\u00fbts chez les sp\u00e9cialistes ainsi que la fin de la logique de profit et de la pseudo-concurrence au sein des caisses maladie. Mais le lobby pharmaceutique et les caisses-maladie ont jusqu\u2019\u00e0 pr\u00e9sent bloqu\u00e9 ces mesures. L\u2019initiative sur le frein aux co\u00fbts ne r\u00e9sout pas ce probl\u00e8me, bien au contraire. Elle donne encore plus de pouvoir aux lobbyistes.<\/p>\n<p>&nbsp;<\/p>\n<h4>3. Les soins m\u00e9dicaux ne doivent pas d\u00e9pendre de la conjoncture \u00e9conomique<\/h4>\n<p>L'initiative de frein aux co\u00fbts lie les d\u00e9penses de sant\u00e9 \u00e0 l\u2019\u00e9volution \u00e9conomique. Or, les maladies sont plus fr\u00e9quentes lorsque l\u2019\u00e9conomie va mal. Le ch\u00f4mage, par exemple, constitue un risque majeur pour la sant\u00e9. L\u2019initiative sur le frein aux co\u00fbts limite le plus s\u00e9v\u00e8rement les soins de sant\u00e9 au moment o\u00f9 ils sont le plus n\u00e9cessaires. Un bon syst\u00e8me de sant\u00e9 s\u2019oriente sur les besoins des patients \u2013 pas sur la conjoncture.<\/p>\n<p>&nbsp;<\/p>\n<h4>4. Les soins sont d\u00e9j\u00e0 sous pression<\/h4>\n<p>C\u2019est au plus tard lors de la pand\u00e9mie de COVID-19 que nous avons tous remarqu\u00e9 l\u2019importance des soins et de l\u2019engagement important du personnel de sant\u00e9. Comme ces personnes n\u2019ont pas de lobby \u00e0 Berne, le risque est grand que l\u2019initiative sur le frein aux co\u00fbts les touche particuli\u00e8rement. Cela renforce la p\u00e9nurie de personnel qualifi\u00e9 dans le secteur de la sant\u00e9 et entra\u00eene des p\u00e9nuries de soins.<\/p>\n<\/div><\/div><\/div>\t\t\t\t<\/div>\n\t\t\t\t<\/div>\n\t\t\t\t\t<\/div>\n\t\t<\/div>\n\t\t\t\t\t<\/div>\n\t\t<\/section>\n\t\t\t\t<\/div>\n\t\t","protected":false},"excerpt":{"rendered":"<p>Non \u00e0 l\u2019initiative floue sur le frein aux co\u00fbts &nbsp; L\u2019initiative sur le frein aux co\u00fbts veut que les d\u00e9penses de sant\u00e9 soient r\u00e9duites lorsqu\u2019elles augmentent plus fortement que la [&hellip;]<\/p>\n","protected":false},"author":76,"featured_media":0,"parent":0,"menu_order":0,"comment_status":"closed","ping_status":"closed","template":"","meta":{"footnotes":""},"class_list":["post-128504","page","type-page","status-publish","hentry"],"_links":{"self":[{"href":"https:\/\/www.sp-ps.ch\/fr\/wp-json\/wp\/v2\/pages\/128504","targetHints":{"allow":["GET"]}}],"collection":[{"href":"https:\/\/www.sp-ps.ch\/fr\/wp-json\/wp\/v2\/pages"}],"about":[{"href":"https:\/\/www.sp-ps.ch\/fr\/wp-json\/wp\/v2\/types\/page"}],"author":[{"embeddable":true,"href":"https:\/\/www.sp-ps.ch\/fr\/wp-json\/wp\/v2\/users\/76"}],"replies":[{"embeddable":true,"href":"https:\/\/www.sp-ps.ch\/fr\/wp-json\/wp\/v2\/comments?post=128504"}],"version-history":[{"count":4,"href":"https:\/\/www.sp-ps.ch\/fr\/wp-json\/wp\/v2\/pages\/128504\/revisions"}],"predecessor-version":[{"id":128515,"href":"https:\/\/www.sp-ps.ch\/fr\/wp-json\/wp\/v2\/pages\/128504\/revisions\/128515"}],"wp:attachment":[{"href":"https:\/\/www.sp-ps.ch\/fr\/wp-json\/wp\/v2\/media?parent=128504"}],"curies":[{"name":"wp","href":"https:\/\/api.w.org\/{rel}","templated":true}]}}