{"id":130971,"date":"2024-04-23T16:48:54","date_gmt":"2024-04-23T14:48:54","guid":{"rendered":"https:\/\/www.sp-ps.ch\/en-langage-simplifie-non-a-la-votation-sur-la-vaccination-obligatoire\/"},"modified":"2024-04-23T16:48:59","modified_gmt":"2024-04-23T14:48:59","slug":"en-langage-simplifie-non-a-la-votation-sur-la-vaccination-obligatoire","status":"publish","type":"page","link":"https:\/\/www.sp-ps.ch\/fr\/en-langage-simplifie-non-a-la-votation-sur-la-vaccination-obligatoire\/","title":{"rendered":"En langage simplifi\u00e9 :  Non \u00e0 la votation sur la vaccination obligatoire"},"content":{"rendered":"\t\t<div data-elementor-type=\"wp-page\" data-elementor-id=\"130971\" class=\"elementor elementor-130971 elementor-130943\" data-elementor-post-type=\"page\">\n\t\t\t\t\t\t<section class=\"elementor-section elementor-top-section elementor-element elementor-element-e843b62 elementor-section-boxed elementor-section-height-default elementor-section-height-default\" data-id=\"e843b62\" data-element_type=\"section\" data-settings=\"{&quot;jet_parallax_layout_list&quot;:[]}\">\n\t\t\t\t\t\t<div class=\"elementor-container elementor-column-gap-default\">\n\t\t\t\t\t<div class=\"elementor-column elementor-col-100 elementor-top-column elementor-element elementor-element-a627676\" data-id=\"a627676\" data-element_type=\"column\">\n\t\t\t<div class=\"elementor-widget-wrap elementor-element-populated\">\n\t\t\t\t\t\t<div class=\"elementor-element elementor-element-2ceb106 elementor-widget elementor-widget-spps_button_list\" data-id=\"2ceb106\" data-element_type=\"widget\" data-widget_type=\"spps_button_list.default\">\n\t\t\t\t<div class=\"elementor-widget-container\">\n\t\t\t\t\t<div class=\"button-list-wrapper wrapper-spacing-default  \"><div class=\"button-list-title\"><h2>En langage simplifi\u00e9 :  Non \u00e0 la votation sur la vaccination obligatoire<\/h2><\/div><div class=\"button-list-container\"><div class=\"button-list-text\"><p>Votation du 9 juin 2024<\/p>\n<p>Le 9 juin 2024, la population suisse <br \/>vote sur la vaccination obligatoire.<\/p>\n<p><strong>Le PS dit NON<\/strong> \u00e0 cette votation. <br \/>PS veut dire Parti socialiste suisse.<\/p>\n<h3>Pourquoi on vote sur la vaccination\u00a0?<\/h3>\n<p>Un vaccin a \u00e9t\u00e9 produit pour lutter contre le Covid. <br \/>Ce vaccin a prot\u00e9g\u00e9 beaucoup de gens.<\/p>\n<p>Mais des personnes ont trouv\u00e9 que la vaccination n\u2019\u00e9tait pas une bonne chose. <br \/>Ces personnes pensent que les gens sont oblig\u00e9s de se faire vacciner.Ce n\u2019est pas vrai.<\/p>\n<p>Ces personnes veulent ajouter une r\u00e8gle dans la constitution.<\/p>\n<p>La constitution c\u2019est la loi la plus importante du pays. <br \/>Elle contient toutes les r\u00e8gles et toutes les obligations importantes <br \/>pour la population suisse. <br \/>Par exemple, il est \u00e9crit que\u00a0: toutes les personnes ont les m\u00eames droits.<\/p>\n<h3><strong>\u00a0<\/strong>Pourquoi le PS dit NON \u00e0 cette votation\u00a0?<\/h3>\n<p>La r\u00e8gle existe d\u00e9j\u00e0\u00a0:<br \/>personne n\u2019est vaccin\u00e9 contre sa volont\u00e9. <br \/>Autrement dit sans \u00eatre d\u2019accord.<\/p>\n<p>Cette votation est donc inutile.<\/p>\n<h3>Que pouvez-vous faire\u00a0?<\/h3>\n<p>Votez <strong>NON<\/strong> \u00e0 la votation sur la vaccination obligatoire le 9 juin 2024\u00a0!<\/p>\n<p>Sur le bulletin de vote, il est \u00e9crit\u00a0: <br \/>\u00ab\u00a0Acceptez-vous l\u2019initiative populaire \u00abPour la liberte\u0301 et l\u2019inte\u0301grite\u0301 physique\u00bb? \u00bb<\/p>\n<p>\u00c9crivez simplement\u00a0: <strong>Non<\/strong><\/p>\n<\/div><\/div><\/div>\t\t\t\t<\/div>\n\t\t\t\t<\/div>\n\t\t\t\t\t<\/div>\n\t\t<\/div>\n\t\t\t\t\t<\/div>\n\t\t<\/section>\n\t\t\t\t<\/div>\n\t\t","protected":false},"excerpt":{"rendered":"<p>En langage simplifi\u00e9 : Non \u00e0 la votation sur la vaccination obligatoire Votation du 9 juin 2024 Le 9 juin 2024, la population suisse vote sur la vaccination obligatoire. Le [&hellip;]<\/p>\n","protected":false},"author":64,"featured_media":0,"parent":0,"menu_order":0,"comment_status":"closed","ping_status":"closed","template":"","meta":{"footnotes":""},"class_list":["post-130971","page","type-page","status-publish","hentry"],"_links":{"self":[{"href":"https:\/\/www.sp-ps.ch\/fr\/wp-json\/wp\/v2\/pages\/130971","targetHints":{"allow":["GET"]}}],"collection":[{"href":"https:\/\/www.sp-ps.ch\/fr\/wp-json\/wp\/v2\/pages"}],"about":[{"href":"https:\/\/www.sp-ps.ch\/fr\/wp-json\/wp\/v2\/types\/page"}],"author":[{"embeddable":true,"href":"https:\/\/www.sp-ps.ch\/fr\/wp-json\/wp\/v2\/users\/64"}],"replies":[{"embeddable":true,"href":"https:\/\/www.sp-ps.ch\/fr\/wp-json\/wp\/v2\/comments?post=130971"}],"version-history":[{"count":1,"href":"https:\/\/www.sp-ps.ch\/fr\/wp-json\/wp\/v2\/pages\/130971\/revisions"}],"predecessor-version":[{"id":130972,"href":"https:\/\/www.sp-ps.ch\/fr\/wp-json\/wp\/v2\/pages\/130971\/revisions\/130972"}],"wp:attachment":[{"href":"https:\/\/www.sp-ps.ch\/fr\/wp-json\/wp\/v2\/media?parent=130971"}],"curies":[{"name":"wp","href":"https:\/\/api.w.org\/{rel}","templated":true}]}}