{"id":136023,"date":"2024-07-15T16:29:13","date_gmt":"2024-07-15T14:29:13","guid":{"rendered":"https:\/\/www.sp-ps.ch\/?page_id=136023"},"modified":"2024-08-22T17:52:57","modified_gmt":"2024-08-22T15:52:57","slug":"non-a-la-reforme-de-la-lpp","status":"publish","type":"page","link":"https:\/\/www.sp-ps.ch\/fr\/non-a-la-reforme-de-la-lpp\/","title":{"rendered":"Non \u00e0 la r\u00e9forme de la LPP"},"content":{"rendered":"\t\t<div data-elementor-type=\"wp-page\" data-elementor-id=\"136023\" class=\"elementor elementor-136023 elementor-136022\" data-elementor-post-type=\"page\">\n\t\t\t\t\t\t<section class=\"elementor-section elementor-top-section elementor-element elementor-element-702c13f elementor-section-boxed elementor-section-height-default elementor-section-height-default\" data-id=\"702c13f\" data-element_type=\"section\" data-settings=\"{&quot;jet_parallax_layout_list&quot;:[]}\">\n\t\t\t\t\t\t<div class=\"elementor-container elementor-column-gap-default\">\n\t\t\t\t\t<div class=\"elementor-column elementor-col-100 elementor-top-column elementor-element elementor-element-bd558d1\" data-id=\"bd558d1\" data-element_type=\"column\">\n\t\t\t<div class=\"elementor-widget-wrap elementor-element-populated\">\n\t\t\t\t\t\t<div class=\"elementor-element elementor-element-f41ff37 elementor-widget elementor-widget-spps_button_list\" data-id=\"f41ff37\" data-element_type=\"widget\" data-widget_type=\"spps_button_list.default\">\n\t\t\t\t<div class=\"elementor-widget-container\">\n\t\t\t\t\t<div class=\"button-list-wrapper wrapper-spacing-default  \"><div class=\"button-list-title\"><h2>Payer plus pour moins de rentes\u00a0?<\/h2><\/div><div class=\"button-list-container\"><div class=\"button-list-text\"><h2>Non \u00e0 la r\u00e9forme de la LPP<\/h2><p>\u00a0<\/p><p>Avec la r\u00e9forme de la LPP, les assur\u00e9-es versent des cotisations plus \u00e9lev\u00e9es \u00e0 leur caisse de pension, alors qu\u2019elles et ils pourraient perdre jusqu\u2019\u00e0 3200 francs par an de rente. C\u2019est avant tout l\u2019industrie de la finance qui en b\u00e9n\u00e9ficie\u00a0: les banquiers, les courtiers et les assurances continueront \u00e0 encaisser des milliards sur le dos des assur\u00e9-es. C\u2019est pour cela qu\u2019un non clair \u00e0 la r\u00e9forme de la LPP est n\u00e9cessaire le 22 septembre.<\/p><p>\u00a0<\/p><h3>C\u2019est pour toutes ces raisons que nous nous engageons pour un NON :<\/h3><ul><li><strong>Les rentes baissent\u00a0:<\/strong> avec ce projet, les assur\u00e9-es\u00a0pourraient perdre jusqu\u2019\u00e0 3200 francs de rentes par an, \u00e0 cause de l\u2019abaissement du taux de conversion \u2013\u00a0alors\u00a0que le pouvoir d\u2019achat de la population est d\u00e9j\u00e0 sous pression. Les salari\u00e9-es de plus de 50 ans sont particuli\u00e8rement concern\u00e9-es.\u00a0<\/li><li><strong>Le pouvoir d\u2019achat est affaibli\u00a0:<\/strong>\u00a0avec ce projet, les assur\u00e9-es versent des cotisations nettement plus \u00e9lev\u00e9es aux caisses de pension, ce qui affaiblit leur pouvoir d\u2019achat. Celles et ceux qui gagnent peu sont particuli\u00e8rement touch\u00e9-es\u00a0: les personnes qui disposent de peu de moyens devront verser chaque mois jusqu\u2019\u00e0 200 francs de plus \u00e0 leur caisse de pension. Arriv\u00e9es \u00e0 l\u2019\u00e2ge de la retraite, les personnes concern\u00e9es par cette hausse ne toucheront souvent pas plus d\u2019argent, malgr\u00e9 l\u2019augmentation de leur cotisation. Pourquoi\u00a0? Car ce qu\u2019elles \u00e9pargnent en plus leur est retir\u00e9 des prestations compl\u00e9mentaires.\u00a0<\/li><li><strong>Seule l\u2019industrie financi\u00e8re en profite :<\/strong>\u00a0les banquiers, les courtiers et les assurances encaissent des milliards provenant des caisses de pension \u2013 et ce sur le dos des assur\u00e9-es. Si la r\u00e9forme de la LPP est accept\u00e9e, l\u2019industrie financi\u00e8re s\u2019enrichira une nouvelle fois.\u00a0\u00a0<\/li><li><strong>De nombreuses femmes sont perdantes\u00a0:<\/strong> ce sont surtout les femmes avec des bas salaires qui devront \u00e0 l\u2019avenir cotiser nettement plus aux caisses de pension \u2013 sans pour autant recevoir une rente plus \u00e9lev\u00e9e \u00e0 la retraite. Ainsi, par exemple pour un grand nombre des coiffeuses de plus de 50 ans, il entra\u00eene une p\u00e9joration de leur situation\u2009!<\/li><li><strong>Pas de compensation du rench\u00e9rissement pour les rentes existantes\u00a0:\u00a0<\/strong>les rentes des caisses de pension des retrait\u00e9-es\u00a0actuel-les ne seront pas automatiquement adapt\u00e9es au rench\u00e9rissement. Depuis des d\u00e9cennies, le Parlement promet une solution \u00e0 cette situation, mais ce projet n\u2019en apporte aucune. Les rentes actuelles continueront donc \u00e0 perdre de la valeur.\u00a0<\/li><li><strong>La r\u00e9forme est inutile\u00a0:<\/strong> les caisses de pension se portent \u00e0 merveille. Elles ont d\u00e9j\u00e0 massivement r\u00e9duit leurs prestations au cours des derni\u00e8res ann\u00e9es, la redistribution des assur\u00e9-es vers les b\u00e9n\u00e9ficiaires de rentes a m\u00eame pris fin. Dans cette situation, une r\u00e9duction des rentes est totalement incompr\u00e9hensible.<\/li><\/ul><\/div><\/div><\/div>\t\t\t\t<\/div>\n\t\t\t\t<\/div>\n\t\t\t\t\t<\/div>\n\t\t<\/div>\n\t\t\t\t\t<\/div>\n\t\t<\/section>\n\t\t\t\t<\/div>\n\t\t","protected":false},"excerpt":{"rendered":"<p>Payer plus pour moins de rentes\u00a0? Non \u00e0 la r\u00e9forme de la LPP \u00a0 Avec la r\u00e9forme de la LPP, les assur\u00e9-es versent des cotisations plus \u00e9lev\u00e9es \u00e0 leur caisse [&hellip;]<\/p>\n","protected":false},"author":76,"featured_media":0,"parent":0,"menu_order":1,"comment_status":"closed","ping_status":"closed","template":"","meta":{"footnotes":""},"class_list":["post-136023","page","type-page","status-publish","hentry"],"_links":{"self":[{"href":"https:\/\/www.sp-ps.ch\/fr\/wp-json\/wp\/v2\/pages\/136023","targetHints":{"allow":["GET"]}}],"collection":[{"href":"https:\/\/www.sp-ps.ch\/fr\/wp-json\/wp\/v2\/pages"}],"about":[{"href":"https:\/\/www.sp-ps.ch\/fr\/wp-json\/wp\/v2\/types\/page"}],"author":[{"embeddable":true,"href":"https:\/\/www.sp-ps.ch\/fr\/wp-json\/wp\/v2\/users\/76"}],"replies":[{"embeddable":true,"href":"https:\/\/www.sp-ps.ch\/fr\/wp-json\/wp\/v2\/comments?post=136023"}],"version-history":[{"count":7,"href":"https:\/\/www.sp-ps.ch\/fr\/wp-json\/wp\/v2\/pages\/136023\/revisions"}],"predecessor-version":[{"id":140076,"href":"https:\/\/www.sp-ps.ch\/fr\/wp-json\/wp\/v2\/pages\/136023\/revisions\/140076"}],"wp:attachment":[{"href":"https:\/\/www.sp-ps.ch\/fr\/wp-json\/wp\/v2\/media?parent=136023"}],"curies":[{"name":"wp","href":"https:\/\/api.w.org\/{rel}","templated":true}]}}