{"id":136045,"date":"2024-07-15T17:35:54","date_gmt":"2024-07-15T15:35:54","guid":{"rendered":"https:\/\/www.sp-ps.ch\/?page_id=136045"},"modified":"2024-09-03T16:01:28","modified_gmt":"2024-09-03T14:01:28","slug":"oui-a-linitiative-biodiversite-ps-suisse","status":"publish","type":"page","link":"https:\/\/www.sp-ps.ch\/fr\/oui-a-linitiative-biodiversite-ps-suisse\/","title":{"rendered":"Oui \u00e0 l&#8217;Initiative biodiversit\u00e9 &#8211; PS Suisse"},"content":{"rendered":"\t\t<div data-elementor-type=\"wp-page\" data-elementor-id=\"136045\" class=\"elementor elementor-136045 elementor-136044\" data-elementor-post-type=\"page\">\n\t\t\t\t\t\t<section class=\"elementor-section elementor-top-section elementor-element elementor-element-35f82ac elementor-section-boxed elementor-section-height-default elementor-section-height-default\" data-id=\"35f82ac\" data-element_type=\"section\" data-settings=\"{&quot;jet_parallax_layout_list&quot;:[],&quot;background_background&quot;:&quot;classic&quot;}\">\n\t\t\t\t\t\t\t<div class=\"elementor-background-overlay\"><\/div>\n\t\t\t\t\t\t\t<div class=\"elementor-container elementor-column-gap-default\">\n\t\t\t\t\t<div class=\"elementor-column elementor-col-100 elementor-top-column elementor-element elementor-element-274bc43\" data-id=\"274bc43\" data-element_type=\"column\">\n\t\t\t<div class=\"elementor-widget-wrap elementor-element-populated\">\n\t\t\t\t\t\t<div class=\"elementor-element elementor-element-90c5b26 elementor-widget-mobile__width-inherit e-transform e-transform elementor-widget elementor-widget-elementor_spps_campaignheader_widget\" data-id=\"90c5b26\" data-element_type=\"widget\" data-settings=\"{&quot;_animation&quot;:&quot;none&quot;,&quot;_transform_translateX_effect&quot;:{&quot;unit&quot;:&quot;px&quot;,&quot;size&quot;:&quot;&quot;,&quot;sizes&quot;:[]},&quot;_transform_translateX_effect_tablet&quot;:{&quot;unit&quot;:&quot;px&quot;,&quot;size&quot;:&quot;&quot;,&quot;sizes&quot;:[]},&quot;_transform_translateX_effect_mobile&quot;:{&quot;unit&quot;:&quot;px&quot;,&quot;size&quot;:&quot;&quot;,&quot;sizes&quot;:[]},&quot;_transform_translateY_effect&quot;:{&quot;unit&quot;:&quot;px&quot;,&quot;size&quot;:&quot;&quot;,&quot;sizes&quot;:[]},&quot;_transform_translateY_effect_tablet&quot;:{&quot;unit&quot;:&quot;px&quot;,&quot;size&quot;:&quot;&quot;,&quot;sizes&quot;:[]},&quot;_transform_translateY_effect_mobile&quot;:{&quot;unit&quot;:&quot;px&quot;,&quot;size&quot;:&quot;&quot;,&quot;sizes&quot;:[]},&quot;_transform_scale_effect&quot;:{&quot;unit&quot;:&quot;px&quot;,&quot;size&quot;:&quot;&quot;,&quot;sizes&quot;:[]},&quot;_transform_scale_effect_tablet&quot;:{&quot;unit&quot;:&quot;px&quot;,&quot;size&quot;:&quot;&quot;,&quot;sizes&quot;:[]},&quot;_transform_scale_effect_mobile&quot;:{&quot;unit&quot;:&quot;px&quot;,&quot;size&quot;:&quot;&quot;,&quot;sizes&quot;:[]}}\" data-widget_type=\"elementor_spps_campaignheader_widget.default\">\n\t\t\t\t<div class=\"elementor-widget-container\">\n\t\t\t\t\t<header class=\"petitionHeader\">  <div class=\"petitionHeader__content\">      <h1 class=\"petitionHeader__title\">      <\/h1>  <img decoding=\"async\"  alt=\"Hintergrundbild \"        src=\"https:\/\/www.sp-ps.ch\/wp-content\/uploads\/2024\/07\/Parolenseite_Biodiversitaet_Flickr-scaled.jpg\"        sizes=\"100vw\"        class=\"petitionHeader__img\">    <div class=\"petitionHeader__introWrapper\">      <h2 class=\"petitionHeader__intro\"><\/h2>    <\/div>  <\/div><\/header>\t\t\t\t<\/div>\n\t\t\t\t<\/div>\n\t\t\t\t<div class=\"elementor-element elementor-element-414c55c elementor-absolute elementor-widget__width-auto elementor-widget-mobile__width-auto elementor-widget elementor-widget-text-editor\" data-id=\"414c55c\" data-element_type=\"widget\" data-settings=\"{&quot;_position&quot;:&quot;absolute&quot;}\" data-widget_type=\"text-editor.default\">\n\t\t\t\t<div class=\"elementor-widget-container\">\n\t\t\t\t\t\t\t\t\t<p><span style=\"color: #ffffff;\"><strong>OUI \u00c0 L&#8217;INITIATIVE BIODIVERSIT\u00c9\u00a0<\/strong><\/span><\/p><h2><span style=\"color: #ffffff;\">PROT\u00c9GER LE CLIMAT,<br \/>STOPPER L&#8217;EXTINCTION DES ESP\u00c8CES <\/span><u><\/u><\/h2>\t\t\t\t\t\t\t\t<\/div>\n\t\t\t\t<\/div>\n\t\t\t\t<div class=\"elementor-element elementor-element-292f791 elementor-widget elementor-widget-spps_button_list\" data-id=\"292f791\" data-element_type=\"widget\" data-widget_type=\"spps_button_list.default\">\n\t\t\t\t<div class=\"elementor-widget-container\">\n\t\t\t\t\t<div class=\"button-list-wrapper   \"><div class=\"button-list-title\"><h2>Oui \u00e0 l'Initiative biodiversit\u00e9<\/h2><\/div><div class=\"button-list-container\"><div class=\"button-list-text\"><p>La nature est notre source de vie. Elle assure une bonne eau potable, des sols fertiles et constitue le poumon vert de notre plan\u00e8te. Mais la biodiversit\u00e9 est de plus en plus menac\u00e9e dans le monde entier \u2014\u00a0et \u00e9galement en Suisse. Pr\u00e8s de la moiti\u00e9 des milieux naturels sont menac\u00e9s. Plus d\u2019un tiers des esp\u00e8ces animales et v\u00e9g\u00e9tales de Suisse sont menac\u00e9es ou ont d\u00e9j\u00e0 disparu. La biodiversit\u00e9 et la protection du climat vont de concert. Les for\u00eats et les tourbi\u00e8res\u00a0peuvent absorber du CO2, mais seulement si nous pr\u00e9servons ces \u00e9cosyst\u00e8mes vari\u00e9s chez nous aussi. C\u2019est ce que nous pouvons garantir en votant OUI \u00e0 l\u2019initiative biodiversit\u00e9.<\/p>\n<p>&nbsp;<\/p>\n<h3>Une nature saine pour nous et nos descendant-es<\/h3>\n<p>La biodiversit\u00e9 est le fondement de la vie. Nous, nos enfants et nos petits-enfants d\u00e9pendons de la sant\u00e9 et de la diversit\u00e9 de la nature. Des sols sains et des eaux vivantes sont la base de la fertilit\u00e9 des sols et de la propret\u00e9 de l\u2019eau potable. Pourtant, tout le monde remarque qu\u2019il y a chaque ann\u00e9e moins d\u2019insectes, moins de prairies fleuries et moins de cours d\u2019eau naturels. Avec l\u2019initiative biodiversit\u00e9, nous assurons un changement de direction\u2009: loin de la surexploitation de la nature, place \u00e0 une vie respectueuse des plantes et des esp\u00e8ces animales. En votant OUI \u00e0 l\u2019initiative biodiversit\u00e9, nous assumons notre responsabilit\u00e9 envers les g\u00e9n\u00e9rations actuelles et futures.<\/p>\n<p>&nbsp;<\/p>\n<h3>La biodiversit\u00e9 va mal en Suisse<\/h3>\n<p>En Suisse, la biodiversit\u00e9 se porte mal. En comparaison avec d\u2019autres pays industrialis\u00e9s, la Suisse pr\u00e9sente l\u2019un des plus grands nombres d\u2019esp\u00e8ces menac\u00e9es et les plus faibles surfaces prot\u00e9g\u00e9es. C\u2019est ce qu\u2019a constat\u00e9 l\u2019OCDE dans son rapport d\u2019examen environnemental. En une g\u00e9n\u00e9ration seulement, la masse des insectes a diminu\u00e9 de trois quarts. La disparition des insectes saute aux yeux depuis longtemps\u2009: plus de papillons dansant autour du lampadaire ni de nettoyage du pare-brise apr\u00e8s un trajet en voiture. Pourtant, les insectes sont vitaux pour la pollinisation des plantes et constituent le maillon le plus important de la cha\u00eene alimentaire des oiseaux et des poissons. Gr\u00e2ce \u00e0 l\u2019initiative biodiversit\u00e9, nous pouvons enfin aller de l\u2019avant et mettre davantage de surfaces et d\u2019esp\u00e8ces sous protection.<\/p>\n<p>&nbsp;<\/p>\n<h3>Faire face \u00e0\u00a0la crise climatique avec la biodiversit\u00e9<\/h3>\n<p>Seul un \u00e9cosyst\u00e8me intact, sans disparition d\u2019esp\u00e8ces, peut prot\u00e9ger contre les catastrophes environnementales telles que les inondations, les glissements de terrain ou les avalanches, comme le confirme le D\u00e9partement f\u00e9d\u00e9ral de l\u2019environnement, des transports, de l\u2019\u00e9nergie et de la communication (DETEC). La biodiversit\u00e9 est notre alli\u00e9e la plus solide pour nous adapter aux cons\u00e9quences du r\u00e9chauffement climatique. Ainsi, les rivi\u00e8res naturelles alimentent les nappes phr\u00e9atiques et, dans les zones urbaines, les toits v\u00e9g\u00e9talis\u00e9s, les arbres et les prairies aident \u00e0 lutter contre la chaleur et, en cas de fortes pluies, \u00e0 pr\u00e9venir les inondations.<\/p>\n<\/div><\/div><\/div>\t\t\t\t<\/div>\n\t\t\t\t<\/div>\n\t\t\t\t\t<\/div>\n\t\t<\/div>\n\t\t\t\t\t<\/div>\n\t\t<\/section>\n\t\t\t\t<\/div>\n\t\t","protected":false},"excerpt":{"rendered":"<p>OUI \u00c0 L&#8217;INITIATIVE BIODIVERSIT\u00c9\u00a0 PROT\u00c9GER LE CLIMAT,STOPPER L&#8217;EXTINCTION DES ESP\u00c8CES Oui \u00e0 l&#8217;Initiative biodiversit\u00e9 La nature est notre source de vie. Elle assure une bonne eau potable, des sols fertiles [&hellip;]<\/p>\n","protected":false},"author":76,"featured_media":0,"parent":0,"menu_order":1,"comment_status":"closed","ping_status":"closed","template":"","meta":{"footnotes":""},"class_list":["post-136045","page","type-page","status-publish","hentry"],"_links":{"self":[{"href":"https:\/\/www.sp-ps.ch\/fr\/wp-json\/wp\/v2\/pages\/136045","targetHints":{"allow":["GET"]}}],"collection":[{"href":"https:\/\/www.sp-ps.ch\/fr\/wp-json\/wp\/v2\/pages"}],"about":[{"href":"https:\/\/www.sp-ps.ch\/fr\/wp-json\/wp\/v2\/types\/page"}],"author":[{"embeddable":true,"href":"https:\/\/www.sp-ps.ch\/fr\/wp-json\/wp\/v2\/users\/76"}],"replies":[{"embeddable":true,"href":"https:\/\/www.sp-ps.ch\/fr\/wp-json\/wp\/v2\/comments?post=136045"}],"version-history":[{"count":14,"href":"https:\/\/www.sp-ps.ch\/fr\/wp-json\/wp\/v2\/pages\/136045\/revisions"}],"predecessor-version":[{"id":141620,"href":"https:\/\/www.sp-ps.ch\/fr\/wp-json\/wp\/v2\/pages\/136045\/revisions\/141620"}],"wp:attachment":[{"href":"https:\/\/www.sp-ps.ch\/fr\/wp-json\/wp\/v2\/media?parent=136045"}],"curies":[{"name":"wp","href":"https:\/\/api.w.org\/{rel}","templated":true}]}}