{"id":140964,"date":"2024-08-28T14:02:54","date_gmt":"2024-08-28T12:02:54","guid":{"rendered":"https:\/\/www.sp-ps.ch\/en-langage-simplifie-non-a-la-votation-sur-la-lpp\/"},"modified":"2024-08-28T14:03:00","modified_gmt":"2024-08-28T12:03:00","slug":"en-langage-simplifie-non-a-la-votation-sur-la-lpp","status":"publish","type":"page","link":"https:\/\/www.sp-ps.ch\/fr\/en-langage-simplifie-non-a-la-votation-sur-la-lpp\/","title":{"rendered":"En langage simplifi\u00e9 : NON \u00e0 la votation sur la LPP"},"content":{"rendered":"\t\t<div data-elementor-type=\"wp-page\" data-elementor-id=\"140964\" class=\"elementor elementor-140964 elementor-140945\" data-elementor-post-type=\"page\">\n\t\t\t\t\t\t<section class=\"elementor-section elementor-top-section elementor-element elementor-element-823051b elementor-section-boxed elementor-section-height-default elementor-section-height-default\" data-id=\"823051b\" data-element_type=\"section\" data-settings=\"{&quot;jet_parallax_layout_list&quot;:[]}\">\n\t\t\t\t\t\t<div class=\"elementor-container elementor-column-gap-default\">\n\t\t\t\t\t<div class=\"elementor-column elementor-col-100 elementor-top-column elementor-element elementor-element-f1e69da\" data-id=\"f1e69da\" data-element_type=\"column\">\n\t\t\t<div class=\"elementor-widget-wrap elementor-element-populated\">\n\t\t\t\t\t\t<div class=\"elementor-element elementor-element-f8e834d elementor-widget elementor-widget-spps_button_list\" data-id=\"f8e834d\" data-element_type=\"widget\" data-widget_type=\"spps_button_list.default\">\n\t\t\t\t<div class=\"elementor-widget-container\">\n\t\t\t\t\t<div class=\"button-list-wrapper wrapper-spacing-default  \"><div class=\"button-list-title\"><h2>En langage simplifi\u00e9 : NON \u00e0 la votation sur la LPP<\/h2><\/div><div class=\"button-list-container\"><div class=\"button-list-text\"><h3>C\u2019est quoi la LPP\u00a0?<\/h3>\n<p>La LPP, c\u2019est la loi sur les caisses de pension. <br \/>Une caisse de pension est une assurance.<\/p>\n<p>La plupart des personnes qui travaillent <br \/>sont assur\u00e9es par une caisse de pension.<br \/>Chaque mois, elles versent une petite part<br \/>de leur salaire \u00e0 cette caisse. <br \/>La caisse de pension g\u00e8re cet argent.<\/p>\n<p>\u00c0 la retraite, les personnes assur\u00e9es<br \/>re\u00e7oivent une rente de leur caisse de pension.<\/p>\n<p><strong>Votation du 22 septembre 2024<\/strong><\/p>\n<p>Le 22 septembre 2024, la population suisse <br \/>vote sur de nouvelles r\u00e8gles pour la LPP.<\/p>\n<p><strong>Le PS dit NON<\/strong> \u00e0 cette votation. <br \/>PS veut dire Parti socialiste suisse.<\/p>\n<h3>\u00a0<\/h3>\n<h3>On vote sur quoi\u00a0?<\/h3>\n<p>On vote sur de nouvelles r\u00e8gles pour les caisses de pension.<\/p>\n<h3>\u00a0<\/h3>\n<h3>Qu\u2019est-ce qui change avec ces nouvelles r\u00e8gles\u00a0?<\/h3>\n<p>Beaucoup de personnes vont verser plus d\u2019argent <br \/>chaque mois \u00e0 la caisse de pension. <br \/>Mais elles recevront quand m\u00eame <br \/>moins d\u2019argent \u00e0 la retraite.<\/p>\n<p>&nbsp;<\/p>\n<h3>Pourquoi le PS dit NON \u00e0 cette votation\u00a0?<\/h3>\n<ul>\n<li><strong>Les rentes seront moins \u00e9lev\u00e9es.<\/strong><\/li>\n<li><strong>Les personnes qui travaillent vont verser chaque mois<br \/>plus d\u2019argent dans leur caisse de pension.<\/strong> <br \/>Et elles auront moins d\u2019argent pour vivre.<\/li>\n<li><strong>Beaucoup de femmes sont concern\u00e9es. <br \/><\/strong>Les femmes avec un petit salaire vont verser <br \/>plus d\u2019argent dans leur caisse de pension<br \/>mais elles ne vont <strong>pas<\/strong> avoir une rente plus \u00e9lev\u00e9e \u00e0 la retraite.<\/li>\n<li><strong>Ces nouvelles r\u00e8gles sont<\/strong> <br \/>Les caisses de pension ont assez d\u2019argent. <br \/>Elles peuvent verser de bonnes rentes m\u00eame sans nouvelles r\u00e8gles.<\/li>\n<\/ul>\n<h3>\u00a0<\/h3>\n<h3>Que pouvez-vous faire\u00a0?<\/h3>\n<p>Votez <strong>NON<\/strong> \u00e0 la votation sur la LPP le 22 septembre 2024\u00a0!<\/p>\n<p>Sur le bulletin de vote, il est \u00e9crit\u00a0: <br \/>\u00ab\u00a0Acceptez-vous la modification du 17 mars 2023 de la loi f\u00e9d\u00e9rale sur la pr\u00e9voyance professionnelle vieillesse, survivants et invalidit\u00e9 (LPP) (r\u00e9forme de la pr\u00e9voyance professionnelle)\u00a0?\u00a0\u00bb<\/p>\n<p>\u00c9crivez simplement\u00a0: <strong>NON<\/strong><\/p>\n<\/div><\/div><\/div>\t\t\t\t<\/div>\n\t\t\t\t<\/div>\n\t\t\t\t\t<\/div>\n\t\t<\/div>\n\t\t\t\t\t<\/div>\n\t\t<\/section>\n\t\t\t\t<\/div>\n\t\t","protected":false},"excerpt":{"rendered":"<p>En langage simplifi\u00e9 : NON \u00e0 la votation sur la LPP C\u2019est quoi la LPP\u00a0? La LPP, c\u2019est la loi sur les caisses de pension. Une caisse de pension est [&hellip;]<\/p>\n","protected":false},"author":64,"featured_media":0,"parent":0,"menu_order":0,"comment_status":"closed","ping_status":"closed","template":"","meta":{"footnotes":""},"class_list":["post-140964","page","type-page","status-publish","hentry"],"_links":{"self":[{"href":"https:\/\/www.sp-ps.ch\/fr\/wp-json\/wp\/v2\/pages\/140964","targetHints":{"allow":["GET"]}}],"collection":[{"href":"https:\/\/www.sp-ps.ch\/fr\/wp-json\/wp\/v2\/pages"}],"about":[{"href":"https:\/\/www.sp-ps.ch\/fr\/wp-json\/wp\/v2\/types\/page"}],"author":[{"embeddable":true,"href":"https:\/\/www.sp-ps.ch\/fr\/wp-json\/wp\/v2\/users\/64"}],"replies":[{"embeddable":true,"href":"https:\/\/www.sp-ps.ch\/fr\/wp-json\/wp\/v2\/comments?post=140964"}],"version-history":[{"count":1,"href":"https:\/\/www.sp-ps.ch\/fr\/wp-json\/wp\/v2\/pages\/140964\/revisions"}],"predecessor-version":[{"id":140965,"href":"https:\/\/www.sp-ps.ch\/fr\/wp-json\/wp\/v2\/pages\/140964\/revisions\/140965"}],"wp:attachment":[{"href":"https:\/\/www.sp-ps.ch\/fr\/wp-json\/wp\/v2\/media?parent=140964"}],"curies":[{"name":"wp","href":"https:\/\/api.w.org\/{rel}","templated":true}]}}