{"id":146674,"date":"2024-10-31T09:07:30","date_gmt":"2024-10-31T08:07:30","guid":{"rendered":"https:\/\/www.sp-ps.ch\/en-langage-simplifie-non-aux-2-votations-sur-le-droit-du-bail\/"},"modified":"2024-10-31T09:07:34","modified_gmt":"2024-10-31T08:07:34","slug":"en-langage-simplifie-non-aux-2-votations-sur-le-droit-du-bail","status":"publish","type":"page","link":"https:\/\/www.sp-ps.ch\/fr\/en-langage-simplifie-non-aux-2-votations-sur-le-droit-du-bail\/","title":{"rendered":"En langage simplifi\u00e9 : NON aux 2 votations sur le droit du bail"},"content":{"rendered":"\t\t<div data-elementor-type=\"wp-page\" data-elementor-id=\"146674\" class=\"elementor elementor-146674 elementor-146642\" data-elementor-post-type=\"page\">\n\t\t\t\t\t\t<section class=\"elementor-section elementor-top-section elementor-element elementor-element-cfdbd4e elementor-section-boxed elementor-section-height-default elementor-section-height-default\" data-id=\"cfdbd4e\" data-element_type=\"section\" data-settings=\"{&quot;jet_parallax_layout_list&quot;:[]}\">\n\t\t\t\t\t\t<div class=\"elementor-container elementor-column-gap-default\">\n\t\t\t\t\t<div class=\"elementor-column elementor-col-100 elementor-top-column elementor-element elementor-element-04f2f0e\" data-id=\"04f2f0e\" data-element_type=\"column\">\n\t\t\t<div class=\"elementor-widget-wrap elementor-element-populated\">\n\t\t\t\t\t\t<div class=\"elementor-element elementor-element-3a85c91 elementor-widget elementor-widget-spps_button_list\" data-id=\"3a85c91\" data-element_type=\"widget\" data-widget_type=\"spps_button_list.default\">\n\t\t\t\t<div class=\"elementor-widget-container\">\n\t\t\t\t\t<div class=\"button-list-wrapper   \"><div class=\"button-list-title\"><h2>En langage simplifi\u00e9 : NON aux 2 votations sur le droit du bail<\/h2><\/div><div class=\"button-list-container\"><div class=\"button-list-text\"><p>&nbsp;<\/p>\n<h3>Le droit du bail, c\u2019est quoi\u00a0?<\/h3>\n<p>Le droit du bail r\u00e8gle tous les droits des locataires.<br \/>Les locataires sont les personnes qui louent un logement.<\/p>\n<p><strong>Votations du 24\u00a0novembre\u00a02024<\/strong><\/p>\n<p>Le 24\u00a0novembre\u00a02024, la population suisse <br \/>vote sur le droit du bail.<\/p>\n<p>Il y a 2 votations sur ce th\u00e8me.<\/p>\n<p><strong>Le PS dit NON<\/strong> \u00e0 ces 2 votations. <br \/>PS veut dire Parti socialiste suisse.<\/p>\n<p>&nbsp;<\/p>\n<h3>Pourquoi le PS dit NON \u00e0 ces votations\u00a0?<\/h3>\n<p>Les locataires ont moins de droits.<\/p>\n<ul>\n<li><strong>Les locataires sont moins prot\u00e9g\u00e9s contre un cong\u00e9. <br \/><\/strong>Les bailleurs peuvent plus facilement <br \/>donner cong\u00e9 aux locataires.<br \/>Le bailleur est la personne qui met le logement en location.<br \/>Donner cong\u00e9 veut dire mettre fin \u00e0 la location.<\/li>\n<li><strong>Les logements co\u00fbtent plus cher<br \/><\/strong>Les bailleurs peuvent plus facilement <br \/>augmenter le loyer.<\/li>\n<li><strong>Les bailleurs gagnent toujours plus d\u2019argent.<br \/><\/strong>Les loyers sont toujours plus \u00e9lev\u00e9s. <br \/>Les bailleurs gagnent toujours plus d\u2019argent. <br \/>Alors le PS dit\u00a0: \u00e7a suffit\u00a0!<\/li>\n<\/ul>\n<p>&nbsp;<\/p>\n<h3>Que pouvez-vous faire\u00a0?<\/h3>\n<p>Votez NON aux votations sur le droit du bail le 24\u00a0novembre\u00a02024\u00a0!<\/p>\n<p><strong>Important\u00a0:<\/strong> il y a 2 votations sur le droit du bail.<\/p>\n<p>\u00c9crivez <strong>NON<\/strong> en r\u00e9ponse aux 2 questions\u00a0!<\/p>\n<p>&nbsp;<\/p>\n<p><strong>Question 1<\/strong><\/p>\n<p>Sur le bulletin de vote, il est \u00e9crit\u00a0: <br \/>Acceptez-vous la modification du 29\u00a0septembre\u00a02023 du code des obligations (droit du bail\u00a0: sous-location)\u00a0?<\/p>\n<p>\u00c9crivez simplement\u00a0: <strong>NON<\/strong><\/p>\n<p>&nbsp;<\/p>\n<p><strong>Question 2<\/strong><\/p>\n<p>Sur le bulletin de vote, il est \u00e9crit\u00a0: <br \/>Acceptez-vous la modification du 29\u00a0septembre\u00a02023 du code des obligations (droit du bail\u00a0: r\u00e9siliation pour besoin propre)\u00a0?<\/p>\n<p>\u00c9crivez simplement\u00a0: <strong>NON<\/strong><\/p>\n<\/div><\/div><\/div>\t\t\t\t<\/div>\n\t\t\t\t<\/div>\n\t\t\t\t\t<\/div>\n\t\t<\/div>\n\t\t\t\t\t<\/div>\n\t\t<\/section>\n\t\t\t\t<\/div>\n\t\t","protected":false},"excerpt":{"rendered":"<p>En langage simplifi\u00e9 : NON aux 2 votations sur le droit du bail &nbsp; Le droit du bail, c\u2019est quoi\u00a0? Le droit du bail r\u00e8gle tous les droits des locataires.Les [&hellip;]<\/p>\n","protected":false},"author":64,"featured_media":0,"parent":0,"menu_order":0,"comment_status":"closed","ping_status":"closed","template":"","meta":{"footnotes":""},"class_list":["post-146674","page","type-page","status-publish","hentry"],"_links":{"self":[{"href":"https:\/\/www.sp-ps.ch\/fr\/wp-json\/wp\/v2\/pages\/146674","targetHints":{"allow":["GET"]}}],"collection":[{"href":"https:\/\/www.sp-ps.ch\/fr\/wp-json\/wp\/v2\/pages"}],"about":[{"href":"https:\/\/www.sp-ps.ch\/fr\/wp-json\/wp\/v2\/types\/page"}],"author":[{"embeddable":true,"href":"https:\/\/www.sp-ps.ch\/fr\/wp-json\/wp\/v2\/users\/64"}],"replies":[{"embeddable":true,"href":"https:\/\/www.sp-ps.ch\/fr\/wp-json\/wp\/v2\/comments?post=146674"}],"version-history":[{"count":1,"href":"https:\/\/www.sp-ps.ch\/fr\/wp-json\/wp\/v2\/pages\/146674\/revisions"}],"predecessor-version":[{"id":146675,"href":"https:\/\/www.sp-ps.ch\/fr\/wp-json\/wp\/v2\/pages\/146674\/revisions\/146675"}],"wp:attachment":[{"href":"https:\/\/www.sp-ps.ch\/fr\/wp-json\/wp\/v2\/media?parent=146674"}],"curies":[{"name":"wp","href":"https:\/\/api.w.org\/{rel}","templated":true}]}}