{"id":165025,"date":"2025-07-11T12:17:33","date_gmt":"2025-07-11T10:17:33","guid":{"rendered":"https:\/\/www.sp-ps.ch\/?page_id=165025"},"modified":"2025-09-10T08:12:25","modified_gmt":"2025-09-10T06:12:25","slug":"votation-sur-la-valeur-locative","status":"publish","type":"page","link":"https:\/\/www.sp-ps.ch\/fr\/votation-sur-la-valeur-locative\/","title":{"rendered":"Votation sur la valeur locative"},"content":{"rendered":"\t\t<div data-elementor-type=\"wp-page\" data-elementor-id=\"165025\" class=\"elementor elementor-165025 elementor-165024\" data-elementor-post-type=\"page\">\n\t\t\t\t\t\t<section class=\"elementor-section elementor-top-section elementor-element elementor-element-ad098da elementor-section-boxed elementor-section-height-default elementor-section-height-default\" data-id=\"ad098da\" data-element_type=\"section\" data-settings=\"{&quot;jet_parallax_layout_list&quot;:[],&quot;background_background&quot;:&quot;classic&quot;}\">\n\t\t\t\t\t\t\t<div class=\"elementor-background-overlay\"><\/div>\n\t\t\t\t\t\t\t<div class=\"elementor-container elementor-column-gap-default\">\n\t\t\t\t\t<div class=\"elementor-column elementor-col-100 elementor-top-column elementor-element elementor-element-b400f5b\" data-id=\"b400f5b\" data-element_type=\"column\">\n\t\t\t<div class=\"elementor-widget-wrap elementor-element-populated\">\n\t\t\t\t\t\t<div class=\"elementor-element elementor-element-2b33a45 elementor-widget elementor-widget-html\" data-id=\"2b33a45\" data-element_type=\"widget\" data-widget_type=\"html.default\">\n\t\t\t\t<div class=\"elementor-widget-container\">\n\t\t\t\t\t<h1 style = \"color:black\">Votation sur la valeur locative<\/h1>\t\t\t\t<\/div>\n\t\t\t\t<\/div>\n\t\t\t\t<div class=\"elementor-element elementor-element-bd7abc7 elementor-widget elementor-widget-spps_button_list\" data-id=\"bd7abc7\" data-element_type=\"widget\" data-widget_type=\"spps_button_list.default\">\n\t\t\t\t<div class=\"elementor-widget-container\">\n\t\t\t\t\t<div class=\"button-list-wrapper   \"><div class=\"button-list-container\"><div class=\"button-list-text\"><p>Votation sur la valeur locative Le 28 septembre 2025, le peuple votera sur le changement de syst\u00e8me de l\u2019imp\u00f4t immobilier. Ce changement associe la suppression de la valeur locative \u00e0 la possibilit\u00e9 pour les cantons d\u2019introduire un nouvel imp\u00f4t sur les r\u00e9sidences secondaires. Le changement de syst\u00e8me de l\u2019imp\u00f4t immobilier favorise les plus riches \u00e0 hauteur d\u2019environ deux milliards de francs. Les cantons ont d\u00e9j\u00e0 annonc\u00e9 qu'\u2019ls devraient augmenter les imp\u00f4ts de la classe moyenne en compensation. Concr\u00e8tement, les m\u00e9nages devront payer 500 francs de plus par an. Le canton du Tessin estime que ses imp\u00f4ts augmenteraient de 7,5 %. A Zurich, une hausse des imp\u00f4ts de 2 % est \u00e9voqu\u00e9e au niveau cantonal et communal.<\/p>\n<p><strong>Nous disons \u00ab NON \u00bb au changement de syst\u00e8me de l\u2019imp\u00f4t immobilier le 28 septembre !<\/strong><\/p>\n<\/div><\/div><\/div>\t\t\t\t<\/div>\n\t\t\t\t<\/div>\n\t\t\t\t<div class=\"elementor-element elementor-element-e19c576 elementor-widget elementor-widget-spps_button\" data-id=\"e19c576\" data-element_type=\"widget\" data-widget_type=\"spps_button.default\">\n\t\t\t\t<div class=\"elementor-widget-container\">\n\t\t\t\t\t<div class=\"button-wrapper button-wrapper-left\"><a href=\"https:\/\/www.sp-ps.ch\/fr\/non-au-changement-de-systeme-de-limpot-immobilier\/\"  target=\"_self\" class=\"button-link button-link-default\" >Cliquez ici pour en savoir plus<\/a><\/div>\t\t\t\t<\/div>\n\t\t\t\t<\/div>\n\t\t\t\t<div class=\"elementor-element elementor-element-3b41a6e elementor-widget elementor-widget-spps_button_list\" data-id=\"3b41a6e\" data-element_type=\"widget\" data-widget_type=\"spps_button_list.default\">\n\t\t\t\t<div class=\"elementor-widget-container\">\n\t\t\t\t\t<div class=\"button-list-wrapper   \"><div class=\"button-list-container\"><div class=\"button-list-text\"><p>&nbsp;<\/p>\n<p><strong>Souhaitez-vous soutenir cette campagne ?<\/strong><\/p>\n<\/div><\/div><\/div>\t\t\t\t<\/div>\n\t\t\t\t<\/div>\n\t\t\t\t<div class=\"elementor-element elementor-element-a52538b elementor-widget elementor-widget-spps_button\" data-id=\"a52538b\" data-element_type=\"widget\" data-widget_type=\"spps_button.default\">\n\t\t\t\t<div class=\"elementor-widget-container\">\n\t\t\t\t\t<div class=\"button-wrapper button-wrapper-left\"><a href=\"https:\/\/www.sp-ps.ch\/fr\/faire-un-don\/faire-un-don-contre-le-changement-de-systeme-de-limpot-immobilier\/?T=Webseite\/\"  target=\"_self\" class=\"button-link button-link-default\" >Faire un don<\/a><\/div>\t\t\t\t<\/div>\n\t\t\t\t<\/div>\n\t\t\t\t\t<\/div>\n\t\t<\/div>\n\t\t\t\t\t<\/div>\n\t\t<\/section>\n\t\t\t\t<section class=\"elementor-section elementor-top-section elementor-element elementor-element-8790f10 elementor-section-boxed elementor-section-height-default elementor-section-height-default\" data-id=\"8790f10\" data-element_type=\"section\" data-settings=\"{&quot;jet_parallax_layout_list&quot;:[]}\">\n\t\t\t\t\t\t<div class=\"elementor-container elementor-column-gap-default\">\n\t\t\t\t\t<div class=\"elementor-column elementor-col-100 elementor-top-column elementor-element elementor-element-6822d05\" data-id=\"6822d05\" data-element_type=\"column\">\n\t\t\t<div class=\"elementor-widget-wrap\">\n\t\t\t\t\t\t\t<\/div>\n\t\t<\/div>\n\t\t\t\t\t<\/div>\n\t\t<\/section>\n\t\t\t\t<\/div>\n\t\t","protected":false},"excerpt":{"rendered":"<p>Votation sur la valeur locative Votation sur la valeur locative Le 28 septembre 2025, le peuple votera sur le changement de syst\u00e8me de l\u2019imp\u00f4t immobilier. Ce changement associe la suppression [&hellip;]<\/p>\n","protected":false},"author":83,"featured_media":0,"parent":0,"menu_order":3,"comment_status":"closed","ping_status":"closed","template":"","meta":{"footnotes":""},"class_list":["post-165025","page","type-page","status-publish","hentry"],"_links":{"self":[{"href":"https:\/\/www.sp-ps.ch\/fr\/wp-json\/wp\/v2\/pages\/165025","targetHints":{"allow":["GET"]}}],"collection":[{"href":"https:\/\/www.sp-ps.ch\/fr\/wp-json\/wp\/v2\/pages"}],"about":[{"href":"https:\/\/www.sp-ps.ch\/fr\/wp-json\/wp\/v2\/types\/page"}],"author":[{"embeddable":true,"href":"https:\/\/www.sp-ps.ch\/fr\/wp-json\/wp\/v2\/users\/83"}],"replies":[{"embeddable":true,"href":"https:\/\/www.sp-ps.ch\/fr\/wp-json\/wp\/v2\/comments?post=165025"}],"version-history":[{"count":19,"href":"https:\/\/www.sp-ps.ch\/fr\/wp-json\/wp\/v2\/pages\/165025\/revisions"}],"predecessor-version":[{"id":168481,"href":"https:\/\/www.sp-ps.ch\/fr\/wp-json\/wp\/v2\/pages\/165025\/revisions\/168481"}],"wp:attachment":[{"href":"https:\/\/www.sp-ps.ch\/fr\/wp-json\/wp\/v2\/media?parent=165025"}],"curies":[{"name":"wp","href":"https:\/\/api.w.org\/{rel}","templated":true}]}}