{"id":167815,"date":"2025-08-27T15:25:00","date_gmt":"2025-08-27T13:25:00","guid":{"rendered":"https:\/\/www.sp-ps.ch\/en-langage-simplifie-non-a-la-modification-des-impots-sur-les-maisons-et-appartements\/"},"modified":"2025-08-27T15:40:20","modified_gmt":"2025-08-27T13:40:20","slug":"en-langage-simplifie-non-a-la-modification-des-impots-sur-les-maisons-et-appartements","status":"publish","type":"page","link":"https:\/\/www.sp-ps.ch\/fr\/en-langage-simplifie-non-a-la-modification-des-impots-sur-les-maisons-et-appartements\/","title":{"rendered":"En langage simplifi\u00e9 : NON \u00e0 la modification des imp\u00f4ts sur les maisons et appartements"},"content":{"rendered":"\t\t<div data-elementor-type=\"wp-page\" data-elementor-id=\"167815\" class=\"elementor elementor-167815 elementor-167810\" data-elementor-post-type=\"page\">\n\t\t\t\t\t\t<section class=\"elementor-section elementor-top-section elementor-element elementor-element-c021fca elementor-section-boxed elementor-section-height-default elementor-section-height-default\" data-id=\"c021fca\" data-element_type=\"section\" data-settings=\"{&quot;jet_parallax_layout_list&quot;:[]}\">\n\t\t\t\t\t\t<div class=\"elementor-container elementor-column-gap-default\">\n\t\t\t\t\t<div class=\"elementor-column elementor-col-100 elementor-top-column elementor-element elementor-element-e89bb98\" data-id=\"e89bb98\" data-element_type=\"column\">\n\t\t\t<div class=\"elementor-widget-wrap elementor-element-populated\">\n\t\t\t\t\t\t<div class=\"elementor-element elementor-element-201bab5 elementor-widget elementor-widget-spps_title_text\" data-id=\"201bab5\" data-element_type=\"widget\" data-widget_type=\"spps_title_text.default\">\n\t\t\t\t<div class=\"elementor-widget-container\">\n\t\t\t\t\t<div class=\"title-text-wrapper \"><div class=\"title-text-title\"><h2>En langage simplifi\u00e9 : NON \u00e0 la modification des imp\u00f4ts sur les maisons et appartements<\/h2><\/div><div class=\"title-text-container\"><div class=\"title-text-text\"><h3><strong>Vote NON le 28 septembre.<\/strong><\/h3>\n<p><strong>Sujet : Imp\u00f4ts sur les appartements et maisons<\/strong><\/p>\n<p>Les propri\u00e9taires de maisons en Suisse paient des imp\u00f4ts. <br \/>Ces imp\u00f4ts rapportent presque 2 milliards de francs par an. <br \/>Le gouvernement f\u00e9d\u00e9ral veut supprimer ces imp\u00f4ts.<\/p>\n<p>Les gouvernements cantonaux veulent conserver ces imp\u00f4ts.<\/p>\n<p><strong>Raisons<\/strong><\/p>\n<ol>\n<li>Le changement de la loi signifie : <br \/>les propri\u00e9taires paieront moins d'imp\u00f4ts. <br \/>Cela fera perdre 2 milliards de francs chaque ann\u00e9e. <br \/>Comme il manque beaucoup d\u2019argent, chaque famille devra payer 500 francs d\u2019imp\u00f4ts en plus par an.<\/li>\n<li>Les personnes riches avec des maisons \u00e9conomiseront beaucoup d'argent. <br \/>Les locataires et les familles paieront plus d'imp\u00f4ts. <br \/>Ce n'est pas juste.<\/li>\n<\/ol>\n<p><strong>Sur le papier est \u00e9crit\u00a0:<br \/><\/strong>\u00ab\u00a0Acceptez-vous l\u2019arr\u00eat\u00e9 f\u00e9d\u00e9ral du 20\u00a0d\u00e9cembre\u00a02024 relatif \u00e0 l\u2019imp\u00f4t immobilier cantonal sur les r\u00e9sidences secondaires ?\u00a0\u00bb<\/p>\n<p>\u00c9cris : NON<\/p>\n<\/div><\/div><\/div>\t\t\t\t<\/div>\n\t\t\t\t<\/div>\n\t\t\t\t\t<\/div>\n\t\t<\/div>\n\t\t\t\t\t<\/div>\n\t\t<\/section>\n\t\t\t\t<\/div>\n\t\t","protected":false},"excerpt":{"rendered":"<p>En langage simplifi\u00e9 : NON \u00e0 la modification des imp\u00f4ts sur les maisons et appartements Vote NON le 28 septembre. Sujet : Imp\u00f4ts sur les appartements et maisons Les propri\u00e9taires [&hellip;]<\/p>\n","protected":false},"author":64,"featured_media":0,"parent":0,"menu_order":0,"comment_status":"closed","ping_status":"closed","template":"","meta":{"footnotes":""},"class_list":["post-167815","page","type-page","status-publish","hentry"],"_links":{"self":[{"href":"https:\/\/www.sp-ps.ch\/fr\/wp-json\/wp\/v2\/pages\/167815","targetHints":{"allow":["GET"]}}],"collection":[{"href":"https:\/\/www.sp-ps.ch\/fr\/wp-json\/wp\/v2\/pages"}],"about":[{"href":"https:\/\/www.sp-ps.ch\/fr\/wp-json\/wp\/v2\/types\/page"}],"author":[{"embeddable":true,"href":"https:\/\/www.sp-ps.ch\/fr\/wp-json\/wp\/v2\/users\/64"}],"replies":[{"embeddable":true,"href":"https:\/\/www.sp-ps.ch\/fr\/wp-json\/wp\/v2\/comments?post=167815"}],"version-history":[{"count":6,"href":"https:\/\/www.sp-ps.ch\/fr\/wp-json\/wp\/v2\/pages\/167815\/revisions"}],"predecessor-version":[{"id":167828,"href":"https:\/\/www.sp-ps.ch\/fr\/wp-json\/wp\/v2\/pages\/167815\/revisions\/167828"}],"wp:attachment":[{"href":"https:\/\/www.sp-ps.ch\/fr\/wp-json\/wp\/v2\/media?parent=167815"}],"curies":[{"name":"wp","href":"https:\/\/api.w.org\/{rel}","templated":true}]}}