{"id":167841,"date":"2025-08-27T15:48:58","date_gmt":"2025-08-27T13:48:58","guid":{"rendered":"https:\/\/www.sp-ps.ch\/en-langage-simplifie-une-carte-didentite-electronique-personnelle-oui\/"},"modified":"2025-08-27T15:49:08","modified_gmt":"2025-08-27T13:49:08","slug":"en-langage-simplifie-une-carte-didentite-electronique-personnelle-oui","status":"publish","type":"page","link":"https:\/\/www.sp-ps.ch\/fr\/en-langage-simplifie-une-carte-didentite-electronique-personnelle-oui\/","title":{"rendered":"En langage simplifi\u00e9 : Une carte d&#8217;identit\u00e9 \u00e9lectronique personnelle? Oui !"},"content":{"rendered":"\t\t<div data-elementor-type=\"wp-page\" data-elementor-id=\"167841\" class=\"elementor elementor-167841 elementor-167836\" data-elementor-post-type=\"page\">\n\t\t\t\t\t\t<section class=\"elementor-section elementor-top-section elementor-element elementor-element-b6abd76 elementor-section-boxed elementor-section-height-default elementor-section-height-default\" data-id=\"b6abd76\" data-element_type=\"section\" data-settings=\"{&quot;jet_parallax_layout_list&quot;:[]}\">\n\t\t\t\t\t\t<div class=\"elementor-container elementor-column-gap-default\">\n\t\t\t\t\t<div class=\"elementor-column elementor-col-100 elementor-top-column elementor-element elementor-element-fe7734f\" data-id=\"fe7734f\" data-element_type=\"column\">\n\t\t\t<div class=\"elementor-widget-wrap elementor-element-populated\">\n\t\t\t\t\t\t<div class=\"elementor-element elementor-element-1544208 elementor-widget elementor-widget-spps_title_text\" data-id=\"1544208\" data-element_type=\"widget\" data-widget_type=\"spps_title_text.default\">\n\t\t\t\t<div class=\"elementor-widget-container\">\n\t\t\t\t\t<div class=\"title-text-wrapper \"><div class=\"title-text-title\"><h2>En langage simplifi\u00e9 : Une carte d'identit\u00e9 \u00e9lectronique personnelle? Oui !<\/h2><\/div><div class=\"title-text-container\"><div class=\"title-text-text\"><h3><strong>Vote le 28 septembre.<\/strong><\/h3>\n<p><strong>Th\u00e8me<\/strong> : Loi sur les informations personnelles \u00e9lectroniques.<\/p>\n<p><strong>Abr\u00e9viation<\/strong> : E-ID<\/p>\n<p>E signifie \u00e9lectronique.<\/p>\n<p>ID signifie identit\u00e9.<\/p>\n<p><strong>Avantages : <\/strong><\/p>\n<ul>\n<li>L'E-ID est s\u00e9curis\u00e9e.<\/li>\n<li>L'E-ID prot\u00e8ge les donn\u00e9es des personnes.<\/li>\n<li>Tout le monde peut obtenir une E-ID.<\/li>\n<li>L'E-ID est volontaire.<\/li>\n<li>L'E-ID est gratuite.<\/li>\n<li>L'\u00c9tat garantit la s\u00e9curit\u00e9 de l'E-ID.<\/li>\n<li>Tu as le contr\u00f4le sur tes donn\u00e9es.<\/li>\n<li>\u00c0 toi de d\u00e9cider :<\/li>\n<\/ul>\n<p>&nbsp;&nbsp;&nbsp; Utilise uniquement ta carte d'identit\u00e9.<\/p>\n<p>Ou utilise aussi l'E-ID.<\/p>\n<p><strong>L'E-ID est utilis\u00e9e pour&nbsp;:<\/strong><\/p>\n<ul>\n<li>Commander un permis de conduire sur Internet<\/li>\n<li>Montrer une pi\u00e8ce d'identit\u00e9 pour un achat en ligne<\/li>\n<li>Ouvrir un compte en ligne<\/li>\n<li>Montrer ton \u00e2ge pour des achats<\/li>\n<li>Passer moins de temps dans les administrations<\/li>\n<\/ul>\n<p><strong>Sur le papier est \u00e9crit&nbsp;:<br \/><\/strong>\u00ab&nbsp;Acceptez-vous la loi f\u00e9d\u00e9rale du 20&nbsp;d\u00e9cembre&nbsp;2024 sur l\u2019identit\u00e9 \u00e9lectronique et d\u2019autres moyens de preuves \u00e9lectroniques&nbsp;\u00bb<\/p>\n<p>\u00c9cris : OUI<\/p>\n<\/div><\/div><\/div>\t\t\t\t<\/div>\n\t\t\t\t<\/div>\n\t\t\t\t\t<\/div>\n\t\t<\/div>\n\t\t\t\t\t<\/div>\n\t\t<\/section>\n\t\t\t\t<\/div>\n\t\t","protected":false},"excerpt":{"rendered":"<p>En langage simplifi\u00e9 : Une carte d&#8217;identit\u00e9 \u00e9lectronique personnelle? Oui ! Vote le 28 septembre. Th\u00e8me : Loi sur les informations personnelles \u00e9lectroniques. Abr\u00e9viation : E-ID E signifie \u00e9lectronique. ID [&hellip;]<\/p>\n","protected":false},"author":64,"featured_media":0,"parent":0,"menu_order":0,"comment_status":"closed","ping_status":"closed","template":"","meta":{"footnotes":""},"class_list":["post-167841","page","type-page","status-publish","hentry"],"_links":{"self":[{"href":"https:\/\/www.sp-ps.ch\/fr\/wp-json\/wp\/v2\/pages\/167841","targetHints":{"allow":["GET"]}}],"collection":[{"href":"https:\/\/www.sp-ps.ch\/fr\/wp-json\/wp\/v2\/pages"}],"about":[{"href":"https:\/\/www.sp-ps.ch\/fr\/wp-json\/wp\/v2\/types\/page"}],"author":[{"embeddable":true,"href":"https:\/\/www.sp-ps.ch\/fr\/wp-json\/wp\/v2\/users\/64"}],"replies":[{"embeddable":true,"href":"https:\/\/www.sp-ps.ch\/fr\/wp-json\/wp\/v2\/comments?post=167841"}],"version-history":[{"count":3,"href":"https:\/\/www.sp-ps.ch\/fr\/wp-json\/wp\/v2\/pages\/167841\/revisions"}],"predecessor-version":[{"id":167844,"href":"https:\/\/www.sp-ps.ch\/fr\/wp-json\/wp\/v2\/pages\/167841\/revisions\/167844"}],"wp:attachment":[{"href":"https:\/\/www.sp-ps.ch\/fr\/wp-json\/wp\/v2\/media?parent=167841"}],"curies":[{"name":"wp","href":"https:\/\/api.w.org\/{rel}","templated":true}]}}