{"id":172144,"date":"2025-11-03T18:04:27","date_gmt":"2025-11-03T17:04:27","guid":{"rendered":"https:\/\/www.sp-ps.ch\/en-langage-simplifie-non-a-linitiative-service-citoyen\/"},"modified":"2025-11-03T18:04:33","modified_gmt":"2025-11-03T17:04:33","slug":"en-langage-simplifie-non-a-linitiative-service-citoyen","status":"publish","type":"page","link":"https:\/\/www.sp-ps.ch\/fr\/en-langage-simplifie-non-a-linitiative-service-citoyen\/","title":{"rendered":"En langage simplifi\u00e9: NON \u00e0 l&#8217;initiative Service citoyen"},"content":{"rendered":"\t\t<div data-elementor-type=\"wp-page\" data-elementor-id=\"172144\" class=\"elementor elementor-172144 elementor-172133\" data-elementor-post-type=\"page\">\n\t\t\t\t\t\t<section class=\"elementor-section elementor-top-section elementor-element elementor-element-3c11b8f elementor-section-boxed elementor-section-height-default elementor-section-height-default\" data-id=\"3c11b8f\" data-element_type=\"section\" data-settings=\"{&quot;jet_parallax_layout_list&quot;:[]}\">\n\t\t\t\t\t\t<div class=\"elementor-container elementor-column-gap-default\">\n\t\t\t\t\t<div class=\"elementor-column elementor-col-100 elementor-top-column elementor-element elementor-element-8374382\" data-id=\"8374382\" data-element_type=\"column\">\n\t\t\t<div class=\"elementor-widget-wrap elementor-element-populated\">\n\t\t\t\t\t\t<div class=\"elementor-element elementor-element-8c7edad elementor-widget elementor-widget-spps_button_list\" data-id=\"8c7edad\" data-element_type=\"widget\" data-widget_type=\"spps_button_list.default\">\n\t\t\t\t<div class=\"elementor-widget-container\">\n\t\t\t\t\t<div class=\"button-list-wrapper   \"><div class=\"button-list-title\"><h2>En langage simplifi\u00e9: NON \u00e0 l'initiative Service citoyen<\/h2><\/div><div class=\"button-list-container\"><div class=\"button-list-text\"><p>Il y a des mots difficiles dans le texte. <br \/>Il a un <u>trait<\/u> pour les reconna\u00eetre. <br \/>Il y a une d\u00e9finition \u00e0 la fin du texte.<\/p>\n<h3><strong>De quoi s\u2019agit-il&nbsp;?<\/strong><\/h3>\n<p>Certaines personnes veulent un <u>service<\/u> citoyen pour tout le monde :<br \/>Tous les jeunes <u>citoyennes et citoyens<\/u> doivent <br \/>travailler jusqu\u2019\u00e0 1 an pour peu d\u2019argent.<\/p>\n<p>\u00c0 l\u2019h\u00f4pital ou \u00e0 l\u2019\u00e9cole.<\/p>\n<p>C\u2019est un service pour la collectivit\u00e9.<\/p>\n<h3><strong>Le PS n\u2019en veut pas, car&nbsp;:<\/strong><\/h3>\n<ul>\n<li>Les femmes travaillent beaucoup sans recevoir d\u2019argent&nbsp;:<br \/>Elles s\u2019occupent des enfants.<br \/>Elles s\u2019occupent de la famille.<br \/>Elles s\u2019occupent de la maison.<\/li>\n<\/ul>\n<p>L\u2019id\u00e9e donne encore plus de travail aux femmes. <br \/>Ce n\u2019est pas bien.<\/p>\n<ul>\n<li>Les personnes qui travaillent dans les h\u00f4pitaux et les \u00e9coles ont suivi une formation. <br \/>\u00c0 l\u2019h\u00f4pital, nous avons besoin de plus de personnes avec une formation. <br \/>Les personnes qui font le service citoyen n\u2019ont pas suivi de formation pour travailler \u00e0 l\u2019h\u00f4pital.<br \/>Les personnes qui font le service citoyen ne sont pas pr\u00e9sentes \u00e0 leur travail. <br \/>Ce n\u2019est pas bien.\n<\/li>\n<li>Tout le monde travaille jusqu\u2019\u00e0 1 an et re\u00e7oit peu d\u2019argent.<br \/>Les <u>salaires<\/u> sont donc bas. <br \/>Les femmes re\u00e7oivent alors encore moins d\u2019argent.<br \/>C\u2019est mauvais pour les femmes.<\/li>\n<\/ul>\n<p><strong>Le PS dit NON <\/strong>\u00e0 cette votation.<\/p>\n<p>PS est l\u2019abr\u00e9viation de parti socialiste.<\/p>\n<h3><strong>Que peux-tu faire&nbsp;?<\/strong><\/h3>\n<p>Participe au vote.<\/p>\n<p><strong>Le bulletin de vote indique : <\/strong><\/p>\n<p>\u00ab&nbsp;Acceptez-vous l\u2019initiative populaire <br \/><em>Pour une Suisse qui s\u2019engage (initiative service citoyen)<\/em>&nbsp;\u00bb?<\/p>\n<p>\u00c9cris&nbsp;: NON<\/p>\n<p><strong>&nbsp;<\/strong><\/p>\n<h3><strong>D\u00e9finitions<\/strong><\/h3>\n<p><strong>Initiative &nbsp;&nbsp;&nbsp;&nbsp;&nbsp;&nbsp;&nbsp;&nbsp;&nbsp;&nbsp;&nbsp;&nbsp;&nbsp;&nbsp;&nbsp;&nbsp;&nbsp;&nbsp;&nbsp;&nbsp;&nbsp;&nbsp;&nbsp;&nbsp;&nbsp;&nbsp;&nbsp;&nbsp;&nbsp;<\/strong> <br \/>Une initiative est une proposition du peuple pour une nouvelle loi.<\/p>\n<p><strong>Service&nbsp;&nbsp;&nbsp;&nbsp;&nbsp;&nbsp;&nbsp;&nbsp;&nbsp;&nbsp;&nbsp;&nbsp;&nbsp;&nbsp;&nbsp;&nbsp;&nbsp;&nbsp;&nbsp;&nbsp;&nbsp;&nbsp;&nbsp;&nbsp;&nbsp;&nbsp;&nbsp;&nbsp;&nbsp;&nbsp;&nbsp;&nbsp;<\/strong> <br \/>Le travail pour tous et pour l\u2019environnement<\/p>\n<p><strong>Citoyennes et citoyens<br \/><\/strong>Les personnes qui habitent en Suisse avec une pi\u00e8ce d\u2019identit\u00e9 suisse<\/p>\n<p><strong>Salaires&nbsp;&nbsp;&nbsp;&nbsp;&nbsp;&nbsp;&nbsp;&nbsp;&nbsp;&nbsp;&nbsp;&nbsp;&nbsp;&nbsp;&nbsp;&nbsp;&nbsp;&nbsp;&nbsp;&nbsp;&nbsp;&nbsp;&nbsp;&nbsp;&nbsp;&nbsp;&nbsp;&nbsp;&nbsp;&nbsp;&nbsp;<\/strong> <br \/>Le salaire, c\u2019est de l\u2019argent pour le travail.<\/p>\n<\/div><\/div><\/div>\t\t\t\t<\/div>\n\t\t\t\t<\/div>\n\t\t\t\t\t<\/div>\n\t\t<\/div>\n\t\t\t\t\t<\/div>\n\t\t<\/section>\n\t\t\t\t<\/div>\n\t\t","protected":false},"excerpt":{"rendered":"<p>En langage simplifi\u00e9: NON \u00e0 l&#8217;initiative Service citoyen Il y a des mots difficiles dans le texte. Il a un trait pour les reconna\u00eetre. Il y a une d\u00e9finition \u00e0 [&hellip;]<\/p>\n","protected":false},"author":64,"featured_media":0,"parent":0,"menu_order":0,"comment_status":"closed","ping_status":"closed","template":"","meta":{"footnotes":""},"class_list":["post-172144","page","type-page","status-publish","hentry"],"_links":{"self":[{"href":"https:\/\/www.sp-ps.ch\/fr\/wp-json\/wp\/v2\/pages\/172144","targetHints":{"allow":["GET"]}}],"collection":[{"href":"https:\/\/www.sp-ps.ch\/fr\/wp-json\/wp\/v2\/pages"}],"about":[{"href":"https:\/\/www.sp-ps.ch\/fr\/wp-json\/wp\/v2\/types\/page"}],"author":[{"embeddable":true,"href":"https:\/\/www.sp-ps.ch\/fr\/wp-json\/wp\/v2\/users\/64"}],"replies":[{"embeddable":true,"href":"https:\/\/www.sp-ps.ch\/fr\/wp-json\/wp\/v2\/comments?post=172144"}],"version-history":[{"count":3,"href":"https:\/\/www.sp-ps.ch\/fr\/wp-json\/wp\/v2\/pages\/172144\/revisions"}],"predecessor-version":[{"id":172147,"href":"https:\/\/www.sp-ps.ch\/fr\/wp-json\/wp\/v2\/pages\/172144\/revisions\/172147"}],"wp:attachment":[{"href":"https:\/\/www.sp-ps.ch\/fr\/wp-json\/wp\/v2\/media?parent=172144"}],"curies":[{"name":"wp","href":"https:\/\/api.w.org\/{rel}","templated":true}]}}