{"id":173818,"date":"2025-11-26T13:40:09","date_gmt":"2025-11-26T12:40:09","guid":{"rendered":"https:\/\/www.sp-ps.ch\/?page_id=173818"},"modified":"2025-11-27T10:41:40","modified_gmt":"2025-11-27T09:41:40","slug":"initiative-argent-liquide","status":"publish","type":"page","link":"https:\/\/www.sp-ps.ch\/fr\/initiative-argent-liquide\/","title":{"rendered":"Initiative \u00abargent liquide\u00bb"},"content":{"rendered":"\t\t<div data-elementor-type=\"wp-page\" data-elementor-id=\"173818\" class=\"elementor elementor-173818 elementor-173817\" data-elementor-post-type=\"page\">\n\t\t\t\t\t\t<section class=\"elementor-section elementor-top-section elementor-element elementor-element-71319ce elementor-section-boxed elementor-section-height-default elementor-section-height-default\" data-id=\"71319ce\" data-element_type=\"section\" data-settings=\"{&quot;jet_parallax_layout_list&quot;:[]}\">\n\t\t\t\t\t\t<div class=\"elementor-container elementor-column-gap-default\">\n\t\t\t\t\t<div class=\"elementor-column elementor-col-100 elementor-top-column elementor-element elementor-element-9903be1\" data-id=\"9903be1\" data-element_type=\"column\">\n\t\t\t<div class=\"elementor-widget-wrap\">\n\t\t\t\t\t\t\t<\/div>\n\t\t<\/div>\n\t\t\t\t\t<\/div>\n\t\t<\/section>\n\t\t\t\t<section class=\"elementor-section elementor-top-section elementor-element elementor-element-12492b6 elementor-section-boxed elementor-section-height-default elementor-section-height-default\" data-id=\"12492b6\" data-element_type=\"section\" data-settings=\"{&quot;jet_parallax_layout_list&quot;:[]}\">\n\t\t\t\t\t\t<div class=\"elementor-container elementor-column-gap-default\">\n\t\t\t\t\t<div class=\"elementor-column elementor-col-100 elementor-top-column elementor-element elementor-element-e649a99\" data-id=\"e649a99\" data-element_type=\"column\">\n\t\t\t<div class=\"elementor-widget-wrap elementor-element-populated\">\n\t\t\t\t\t\t<div class=\"elementor-element elementor-element-206040f elementor-widget elementor-widget-spps_title_text\" data-id=\"206040f\" data-element_type=\"widget\" data-widget_type=\"spps_title_text.default\">\n\t\t\t\t<div class=\"elementor-widget-container\">\n\t\t\t\t\t<div class=\"title-text-wrapper wrapper-spacing-default\"><div class=\"title-text-title\"><h2>Initiative populaire \u00ab L'argent liquide, c'est la libert\u00e9 \u00bb et le contre-projet direct<\/h2><\/div><div class=\"title-text-container\"><div class=\"title-text-text\"><p>Avec l'initiative sur l'argent liquide, les initiant-es veulent que des pi\u00e8ces de monnaie ou des billets de banque soient toujours disponible en \u00ab quantit\u00e9 suffisante \u00bb. Dans le m\u00eame temps, un \u00e9ventuel remplacement de la monnaie nationale devrait \u00eatre soumis au peuple et aux cantons. <strong>Cette initiative, qui semble inoffensive, est toutefois formul\u00e9e de mani\u00e8re vague et superflue en raison des conditions juridiques d\u00e9j\u00e0 en vigueur.<\/strong> Nous rejetons donc l'initiative sur l'argent liquide et soutenons le contre-projet direct pour les raisons suivantes :<\/p><\/div><\/div><\/div>\t\t\t\t<\/div>\n\t\t\t\t<\/div>\n\t\t\t\t<div class=\"elementor-element elementor-element-875527b elementor-widget elementor-widget-spps_title_text\" data-id=\"875527b\" data-element_type=\"widget\" data-widget_type=\"spps_title_text.default\">\n\t\t\t\t<div class=\"elementor-widget-container\">\n\t\t\t\t\t<div class=\"title-text-wrapper wrapper-spacing-small\"><div class=\"title-text-title\"><h3>Initiative populaire inutile et formul\u00e9e de mani\u00e8re imprudente<\/h3><\/div><div class=\"title-text-container\"><div class=\"title-text-text\"><p>Les exigences de l\u2019initiative sont d\u00e9j\u00e0 satisfaites. Pour pouvoir remplacer le franc suisse comme monnaie, une modification de la Constitution approuv\u00e9e par le peuple et les cantons est d\u00e9j\u00e0 n\u00e9cessaire. De plus, la loi sur la Banque nationale oblige d\u00e9j\u00e0 aujourd'hui la Banque nationale suisse \u00e0 fournir des esp\u00e8ces en quantit\u00e9 suffisante.<\/p>\n<p>L'initiative manque de pr\u00e9cision. D'une part, le texte de l'initiative utilise un nom erron\u00e9 pour d\u00e9signer la monnaie nationale. D'autre part, la notion de \u00ab quantit\u00e9 suffisante \u00bb de pi\u00e8ces et de billets reste floue. Cela est d\u00e9licat sur le plan de la politique mon\u00e9taire.<\/p><\/div><\/div><\/div>\t\t\t\t<\/div>\n\t\t\t\t<\/div>\n\t\t\t\t<div class=\"elementor-element elementor-element-703553b elementor-widget elementor-widget-spps_title_text\" data-id=\"703553b\" data-element_type=\"widget\" data-widget_type=\"spps_title_text.default\">\n\t\t\t\t<div class=\"elementor-widget-container\">\n\t\t\t\t\t<div class=\"title-text-wrapper wrapper-spacing-small\"><div class=\"title-text-title\"><h3>OUI \u00e0 un contre-projet clair<\/h3><\/div><div class=\"title-text-container\"><div class=\"title-text-text\"><p>Le contre-projet abroge les dispositions d\u00e9j\u00e0 inscrites dans la Constitution. Conform\u00e9ment \u00e0 la volont\u00e9 des auteur-trices de l'initiative, le franc suisse est ainsi d\u00e9fini comme monnaie nationale et la disponibilit\u00e9 des esp\u00e8ces est davantage ancr\u00e9e dans la Constitution. Le PS Suisse peut soutenir ce compromis.<\/p><\/div><\/div><\/div>\t\t\t\t<\/div>\n\t\t\t\t<\/div>\n\t\t\t\t<div class=\"elementor-element elementor-element-1ca4869 elementor-widget elementor-widget-spps_title_text\" data-id=\"1ca4869\" data-element_type=\"widget\" data-widget_type=\"spps_title_text.default\">\n\t\t\t\t<div class=\"elementor-widget-container\">\n\t\t\t\t\t<div class=\"title-text-wrapper wrapper-spacing-small\"><div class=\"title-text-title\"><h3>Accessibilit\u00e9 technologiquement neutre des services<\/h3><\/div><div class=\"title-text-container\"><div class=\"title-text-text\"><p>L'utilisation de l\u2019argent liquide pr\u00e9sente des avantages incontestables. Les transactions avec des pi\u00e8ces ou des billets sont gratuites et accessibles m\u00eame aux personnes qui ont difficilement ou pas du tout acc\u00e8s aux moyens de paiement num\u00e9riques. Les enfants et les adultes qui n'ont pas de carte de cr\u00e9dit ou de smartphone b\u00e9n\u00e9ficient tout particuli\u00e8rement de la mise \u00e0 disposition d'esp\u00e8ces. Le contre-projet renforce en outre de mani\u00e8re symbolique l'acceptation de l\u2019argent liquide comme moyen de paiement et donc l'accessibilit\u00e9 des services payants.<\/p><\/div><\/div><\/div>\t\t\t\t<\/div>\n\t\t\t\t<\/div>\n\t\t\t\t\t<\/div>\n\t\t<\/div>\n\t\t\t\t\t<\/div>\n\t\t<\/section>\n\t\t\t\t<\/div>\n\t\t","protected":false},"excerpt":{"rendered":"<p>Initiative populaire \u00ab L&#8217;argent liquide, c&#8217;est la libert\u00e9 \u00bb et le contre-projet direct Avec l&#8217;initiative sur l&#8217;argent liquide, les initiant-es veulent que des pi\u00e8ces de monnaie ou des billets de [&hellip;]<\/p>\n","protected":false},"author":99,"featured_media":0,"parent":0,"menu_order":1,"comment_status":"closed","ping_status":"closed","template":"","meta":{"footnotes":""},"class_list":["post-173818","page","type-page","status-publish","hentry"],"_links":{"self":[{"href":"https:\/\/www.sp-ps.ch\/fr\/wp-json\/wp\/v2\/pages\/173818","targetHints":{"allow":["GET"]}}],"collection":[{"href":"https:\/\/www.sp-ps.ch\/fr\/wp-json\/wp\/v2\/pages"}],"about":[{"href":"https:\/\/www.sp-ps.ch\/fr\/wp-json\/wp\/v2\/types\/page"}],"author":[{"embeddable":true,"href":"https:\/\/www.sp-ps.ch\/fr\/wp-json\/wp\/v2\/users\/99"}],"replies":[{"embeddable":true,"href":"https:\/\/www.sp-ps.ch\/fr\/wp-json\/wp\/v2\/comments?post=173818"}],"version-history":[{"count":11,"href":"https:\/\/www.sp-ps.ch\/fr\/wp-json\/wp\/v2\/pages\/173818\/revisions"}],"predecessor-version":[{"id":173907,"href":"https:\/\/www.sp-ps.ch\/fr\/wp-json\/wp\/v2\/pages\/173818\/revisions\/173907"}],"wp:attachment":[{"href":"https:\/\/www.sp-ps.ch\/fr\/wp-json\/wp\/v2\/media?parent=173818"}],"curies":[{"name":"wp","href":"https:\/\/api.w.org\/{rel}","templated":true}]}}