{"id":178083,"date":"2026-02-02T14:34:56","date_gmt":"2026-02-02T13:34:56","guid":{"rendered":"https:\/\/www.sp-ps.ch\/en-langage-simplifie-oui-a-lmposition-individuelle-equitable\/"},"modified":"2026-02-02T15:24:34","modified_gmt":"2026-02-02T14:24:34","slug":"en-langage-simplifie-oui-a-lmposition-individuelle-equitable","status":"publish","type":"page","link":"https:\/\/www.sp-ps.ch\/fr\/en-langage-simplifie-oui-a-lmposition-individuelle-equitable\/","title":{"rendered":"En langage simplifi\u00e9 :  OUI \u00e0 l&#8217;mposition individuelle \u00e9quitable\u00a0"},"content":{"rendered":"<h2>En langage simplifi\u00e9 :  OUI \u00e0 l&#8217;mposition individuelle \u00e9quitable\u00a0<\/h2>\n<p>Il y a des mots difficiles dans le texte. <br \/>Il y a un <u>trait<\/u> pour les reconna\u00eetre. <br \/>Il y a des explications \u00e0 la fin du texte.<\/p>\n<h3><strong>De quoi \u00e7a parle\u00a0?<\/strong><\/h3>\n<p>Les personnes mari\u00e9es paient souvent plus d\u2019imp\u00f4ts que les personnes non mari\u00e9es.<\/p>\n<h3><strong>Le PS veut\u00a0:<\/strong><\/h3>\n<p><strong><u>L\u2019\u00e9galit\u00e9<\/u><\/strong>.<br \/>Les personnes mari\u00e9es paient plus d\u2019imp\u00f4ts que les personnes non mari\u00e9es.<br \/>C\u2019est pourquoi les femmes mari\u00e9es travaillent souvent peu ou pas du tout. <br \/>Les femmes sont d\u00e9pendantes de leur mari.<\/p>\n<p>Les femmes re\u00e7oivent moins d\u2019<u>AVS<\/u> quand elles sont \u00e2g\u00e9es. <br \/>C\u2019est pourquoi elles sont plus souvent pauvres quand elles sont \u00e2g\u00e9es.<\/p>\n<p>Le PS veut<\/p>\n<ul>\n<li>des femmes ind\u00e9pendantes<\/li>\n<li>suffisamment d\u2019argent pour les femmes \u00e2g\u00e9es<\/li>\n<\/ul>\n<p><strong>Imp\u00f4ts \u00e9quitables<\/strong> <br \/>Chaque personne paie des imp\u00f4ts sur son <u>revenu<\/u> et sa <u>fortune<\/u><br \/>(personnes mari\u00e9es et non mari\u00e9es).<\/p>\n<p>Le PS veut<\/p>\n<ul>\n<li>des imp\u00f4ts \u00e9quitables.<\/li>\n<\/ul>\n<p>Une <strong>bonne solution pour l\u2019<u>\u00e9conomie publique<\/u><\/strong><br \/>Environ 7 femmes sur 10 souhaitent travailler plus.<br \/>Ce n\u2019est pas int\u00e9ressant \u00e0 cause des imp\u00f4ts. <br \/>Les femmes sont bien form\u00e9es.<br \/>Nous avons besoin des femmes dans notre \u00e9conomie\u00a0:<br \/>si les femmes le veulent, elles peuvent travailler plus.<\/p>\n<p>Le PS veut<\/p>\n<ul>\n<li>une bonne solution pour l\u2019\u00e9conomie publique.<\/li>\n<\/ul>\n<h3><strong>Que pouvez-vous faire\u00a0? <\/strong><\/h3>\n<p>Participez au vote.<\/p>\n<p><strong>Sur le bulletin de vote, on peut lire\u00a0: <br \/><\/strong>\u00ab\u00a0Acceptez-vous la loi f\u00e9d\u00e9rale du 20\u00a0juin\u00a02025 sur l\u2019imposition individuelle\u00a0?\u00a0\u00bb<\/p>\n<p>R\u00e9pondez\u00a0: OUI.<\/p>\n<h3><strong>Explications des mots<\/strong><\/h3>\n<p><strong>Imposition individuelle\u00a0\u00a0\u00a0<\/strong>\u00a0\u00a0\u00a0 <br \/>Tout le monde paie des imp\u00f4ts pour son argent\u00a0(personnes mari\u00e9es et non mari\u00e9es).<\/p>\n<p><strong>\u00c9galit\u00e9\u00a0\u00a0\u00a0\u00a0\u00a0\u00a0\u00a0\u00a0\u00a0\u00a0<\/strong>\u00a0\u00a0\u00a0\u00a0\u00a0\u00a0\u00a0\u00a0\u00a0\u00a0\u00a0\u00a0\u00a0\u00a0\u00a0\u00a0\u00a0\u00a0\u00a0\u00a0\u00a0\u00a0\u00a0 <br \/>Les femmes et les hommes ont les m\u00eames droits.<\/p>\n<p><strong>AVS<\/strong><br \/>Abr\u00e9viation d\u2019une assurance.<br \/>\u00c0 partir de 65 ans, les personnes ne travaillent plus. L\u2019AVS verse alors de l\u2019argent aux gens.<\/p>\n<p><strong>Revenu\u00a0\u00a0\u00a0\u00a0\u00a0\u00a0\u00a0\u00a0\u00a0\u00a0\u00a0\u00a0\u00a0\u00a0\u00a0\u00a0\u00a0\u00a0\u00a0\u00a0\u00a0\u00a0\u00a0\u00a0\u00a0\u00a0\u00a0\u00a0\u00a0\u00a0\u00a0\u00a0<\/strong> <br \/>Argent.<br \/>Les gens re\u00e7oivent de l\u2019argent chaque mois.<br \/>Parce que les gens travaillent. Ou ils re\u00e7oivent de l\u2019argent de l\u2019AVS ou un loyer par exemple.<\/p>\n<p><strong>Fortune\u00a0\u00a0\u00a0\u00a0\u00a0\u00a0\u00a0\u00a0\u00a0\u00a0\u00a0\u00a0\u00a0\u00a0\u00a0\u00a0\u00a0\u00a0\u00a0\u00a0\u00a0\u00a0\u00a0\u00a0\u00a0\u00a0\u00a0\u00a0\u00a0\u00a0\u00a0<\/strong> <br \/>Argent \u00e9pargn\u00e9 ou propri\u00e9t\u00e9.<\/p>\n<p><strong>\u00c9conomie publique\u00a0\u00a0\u00a0\u00a0\u00a0\u00a0\u00a0\u00a0\u00a0\u00a0\u00a0\u00a0<\/strong> <br \/>Des personnes ou des entreprises produisent, <br \/>vendent ou utilisent des produits.<br \/>Tout cela, c\u2019est l\u2019\u00e9conomie publique.<\/p>\n<p><strong>Initiative\u00a0\u00a0\u00a0\u00a0\u00a0\u00a0\u00a0\u00a0\u00a0\u00a0\u00a0\u00a0\u00a0\u00a0\u00a0\u00a0\u00a0\u00a0\u00a0\u00a0\u00a0\u00a0\u00a0\u00a0\u00a0\u00a0\u00a0\u00a0\u00a0<\/strong>\u00a0 <br \/>Une initiative est une proposition. <br \/>Une initiative populaire est une id\u00e9e du peuple <br \/>pour une nouvelle loi.<\/p>\n","protected":false},"excerpt":{"rendered":"<p>En langage simplifi\u00e9 : OUI \u00e0 l&#8217;mposition individuelle \u00e9quitable\u00a0 Il y a des mots difficiles dans le texte. Il y a un trait pour les reconna\u00eetre. Il y a des [&hellip;]<\/p>\n","protected":false},"author":64,"featured_media":0,"parent":0,"menu_order":0,"comment_status":"closed","ping_status":"closed","template":"","meta":{"footnotes":""},"class_list":["post-178083","page","type-page","status-publish","hentry"],"_links":{"self":[{"href":"https:\/\/www.sp-ps.ch\/fr\/wp-json\/wp\/v2\/pages\/178083","targetHints":{"allow":["GET"]}}],"collection":[{"href":"https:\/\/www.sp-ps.ch\/fr\/wp-json\/wp\/v2\/pages"}],"about":[{"href":"https:\/\/www.sp-ps.ch\/fr\/wp-json\/wp\/v2\/types\/page"}],"author":[{"embeddable":true,"href":"https:\/\/www.sp-ps.ch\/fr\/wp-json\/wp\/v2\/users\/64"}],"replies":[{"embeddable":true,"href":"https:\/\/www.sp-ps.ch\/fr\/wp-json\/wp\/v2\/comments?post=178083"}],"version-history":[{"count":1,"href":"https:\/\/www.sp-ps.ch\/fr\/wp-json\/wp\/v2\/pages\/178083\/revisions"}],"predecessor-version":[{"id":178084,"href":"https:\/\/www.sp-ps.ch\/fr\/wp-json\/wp\/v2\/pages\/178083\/revisions\/178084"}],"wp:attachment":[{"href":"https:\/\/www.sp-ps.ch\/fr\/wp-json\/wp\/v2\/media?parent=178083"}],"curies":[{"name":"wp","href":"https:\/\/api.w.org\/{rel}","templated":true}]}}