{"id":179463,"date":"2026-03-03T11:40:00","date_gmt":"2026-03-03T10:40:00","guid":{"rendered":"https:\/\/www.sp-ps.ch\/?page_id=179463"},"modified":"2026-04-30T13:29:48","modified_gmt":"2026-04-30T11:29:48","slug":"faites-un-don-des-maintenant-contre-linitiative-chaotique-de-ludc","status":"publish","type":"page","link":"https:\/\/www.sp-ps.ch\/fr\/faire-un-don\/faites-un-don-des-maintenant-contre-linitiative-chaotique-de-ludc\/","title":{"rendered":"Faites un don d\u00e8s maintenant contre l&#8217;initiative du chaos de l&#8217;UDC !"},"content":{"rendered":"\t\t<div data-elementor-type=\"wp-post\" data-elementor-id=\"179463\" class=\"elementor elementor-179463 elementor-179462\" data-elementor-post-type=\"page\">\n\t\t\t\t\t\t<section class=\"elementor-section elementor-top-section elementor-element elementor-element-62f6b131a6c4f elementor-section-boxed elementor-section-height-default elementor-section-height-default\" data-id=\"62f6b131a6c4f\" data-element_type=\"section\" data-settings=\"{&quot;jet_parallax_layout_list&quot;:[],&quot;background_background&quot;:&quot;classic&quot;}\">\n\t\t\t\t\t\t<div class=\"elementor-container elementor-column-gap-wide\">\n\t\t\t\t\t<div class=\"elementor-column elementor-col-100 elementor-top-column elementor-element elementor-element-62f6b131a6c50\" data-id=\"62f6b131a6c50\" data-element_type=\"column\">\n\t\t\t<div class=\"elementor-widget-wrap elementor-element-populated\">\n\t\t\t\t\t\t<div class=\"elementor-element elementor-element-62f6b131a6bde elementor-widget elementor-widget-heading\" data-id=\"62f6b131a6bde\" data-element_type=\"widget\" data-widget_type=\"heading.default\">\n\t\t\t\t<div class=\"elementor-widget-container\">\n\t\t\t\t\t<h1 class=\"elementor-heading-title elementor-size-default\">Faites un don d\u00e8s maintenant contre l'initiative du chaos de l'UDC ! <\/h1>\t\t\t\t<\/div>\n\t\t\t\t<\/div>\n\t\t\t\t<div class=\"elementor-element elementor-element-62f6b131a6c3e elementor-widget elementor-widget-jet-breadcrumbs\" data-id=\"62f6b131a6c3e\" data-element_type=\"widget\" data-widget_type=\"jet-breadcrumbs.default\">\n\t\t\t\t<div class=\"elementor-widget-container\">\n\t\t\t\t\t<div class=\"elementor-jet-breadcrumbs jet-blocks\">\n\t\t<div class=\"jet-breadcrumbs\">\n\t\t<div class=\"jet-breadcrumbs__content\">\n\t\t<div class=\"jet-breadcrumbs__wrap\">\n\t\t<\/div>\n\t\t<\/div>\n\t\t<\/div><\/div>\t\t\t\t<\/div>\n\t\t\t\t<\/div>\n\t\t\t\t<div class=\"elementor-element elementor-element-b008c22 elementor-widget__width-initial elementor-widget elementor-widget-text-editor\" data-id=\"b008c22\" data-element_type=\"widget\" data-widget_type=\"text-editor.default\">\n\t\t\t\t<div class=\"elementor-widget-container\">\n\t\t\t\t\t\t\t\t\t<p><span lang=\"FR-CH\">Le sondage Tamedia est un choc : actuellement, 52 % des personnes interrog\u00e9es disent OUI \u00e0 l\u2019initiative extr\u00eame de l\u2019UDC \u00ab Suisse \u00e0 10 millions \u00bb. Si cette initiative est accept\u00e9e, notre pays se soumettra au diktat de l\u2019UDC. Nous devons maintenant montrer, \u00e0 travers une campagne d&#8217;affichage nationale, que si cette initiative est accept\u00e9e, nous nous engageons sur la voie de Trump, de l&#8217;AfD et compagnie. Pour cela, nous avons besoin de 150&#8217;000 francs. Pouvez-vous nous aider ?<\/span><\/p>\t\t\t\t\t\t\t\t<\/div>\n\t\t\t\t<\/div>\n\t\t\t\t\t<\/div>\n\t\t<\/div>\n\t\t\t\t\t<\/div>\n\t\t<\/section>\n\t\t\t\t<section class=\"elementor-section elementor-top-section elementor-element elementor-element-62f6b131a6c52 elementor-section-boxed elementor-section-height-default elementor-section-height-default\" data-id=\"62f6b131a6c52\" data-element_type=\"section\" data-settings=\"{&quot;jet_parallax_layout_list&quot;:[]}\">\n\t\t\t\t\t\t<div class=\"elementor-container elementor-column-gap-default\">\n\t\t\t\t\t<div class=\"elementor-column elementor-col-100 elementor-top-column elementor-element elementor-element-62f6b131a6c53\" data-id=\"62f6b131a6c53\" data-element_type=\"column\">\n\t\t\t<div class=\"elementor-widget-wrap elementor-element-populated\">\n\t\t\t\t\t\t<div class=\"elementor-element elementor-element-62f6b131a6c54 elementor-widget elementor-widget-spacer\" data-id=\"62f6b131a6c54\" data-element_type=\"widget\" data-widget_type=\"spacer.default\">\n\t\t\t\t<div class=\"elementor-widget-container\">\n\t\t\t\t\t\t\t<div class=\"elementor-spacer\">\n\t\t\t<div class=\"elementor-spacer-inner\"><\/div>\n\t\t<\/div>\n\t\t\t\t\t\t<\/div>\n\t\t\t\t<\/div>\n\t\t\t\t<div class=\"elementor-element elementor-element-b772664 elementor-widget elementor-widget-html\" data-id=\"b772664\" data-element_type=\"widget\" data-widget_type=\"html.default\">\n\t\t\t\t<div class=\"elementor-widget-container\">\n\t\t\t\t\t<link id=\"css\" rel=\"stylesheet\" href=\"https:\/\/tel.sp-ps.ch\/js\/barometer\/style.css\"> \n<div id=\"barometer-container\"><\/div>\n<script id=\"js\" src=\"https:\/\/tel.sp-ps.ch\/js\/barometer\/barometer.js\"><\/script>\n<script>\n    let baro = new Barometer();\n\n    \/***************Settings**************\/\n    \/\/ Display language\n    baro.lang = \"fr\";\n    \n    \/\/ RaiseNow campaign id or stored_hidden_parameter\n    baro.campaign = \"36103205\";\n    \n    \/\/ When true, baro.campaign is a campaign id\n    \/\/ When false, baro.campaign is a stored_hidden_parameter\n    baro.campaign_is_id = true;\n    \n    \/\/ Goal in CHF\n    baro.goal = 150000;\n    \n    \/\/ Donation amount, which is not in RaiseNow in CHF\n    baro.offline_amount = -166300;\n    \n    \/\/ Count of donateurs who gave money offline\n    baro.offline_backers = -2243;\n    \n    \/\/ When true, barometer shows how much of the money-goal is reached\n    \/\/ when false, barometer shows how much of the backer-goal is reached\n    baro.baro_show_revenue = true;\n    \n    \/\/ When true, text will be displayed, how much money (online and offline) is raised in CHF\n    baro.show_donation_revenue = true;\n    \n    \/\/ When true, displays the collected money in relation to the goal\n    baro.show_donation_revenue_with_goal = true;\n    \n    \/\/ When true, shows how many of the object (e.g. posters) are financed\n    baro.show_text_donation_object = false;\n    \n    \/\/ Object name, for which money is collected. Needs to be adjusted to grammer\n    \/\/ sentenced will be in the following form: \n    \/\/ DE - 8 von 10 Plakaten finanziert\n    \/\/ FR - 4 affiches sur 10 financ\u00e9s\n    \/\/ IT - Finanziati 4 di 10 cartelloni\n    baro.donation_object = [\"DE\", \"FR\", \"IT\"];\n\n    \/\/ Price for each object\n    baro.donation_object_price = 100;\n\n    \/\/ When true, displays how many donateurs gave money (offline and online)\n    baro.show_text_amount_backers = false;\n\n    \/\/ When true, displays how many donateurs gave money (offline and online) \n    \/\/ in relation to the goal\n    baro.show_text_amount_backers_with_goal = false;    \n    \n    \/\/ Count goal for donateurs\n    baro.goal_backers = 0;\n    \n    \/\/ When true, the average given money is displayed\n    baro.mean = false;\n    \n    \/\/ End date for campaign\n    baro.end_date = \"2022-07-10\";\n    \n    \/\/ When true, displays how many days of the campaign are remaining\n    baro.show_days_remaining = false;\n    \n    \/\/ Color of the progress bar\n    \/\/ SP red: #e5022e\n    baro.progress_color = \"#e5022e\";\n    \n    \/\/ Background color of progress bar\n    \/\/ default grey: #c5ced5\n    baro.back_color = '#c5ced5';\n\n    baro.render();\n<\/script>\t\t\t\t<\/div>\n\t\t\t\t<\/div>\n\t\t\t\t<div class=\"elementor-element elementor-element-89d41ce elementor-widget elementor-widget-html\" data-id=\"89d41ce\" data-element_type=\"widget\" data-widget_type=\"html.default\">\n\t\t\t\t<div class=\"elementor-widget-container\">\n\t\t\t\t\t<div class=\"rnw-widget-container\"><\/div>\r\n<script src=\"https:\/\/tamaro.raisenow.com\/sp-schweiz\/latest\/widget.js\"><\/script>\r\n<script>\r\nwindow.rnw.tamaro.runWidget('.rnw-widget-container', {\r\n\r\n\t\/***************Settings**************\/\r\n\r\n\t\/\/ Sprache w\u00e4hlen (de,fr,it)\r\n\tlanguage: 'fr',\r\n\r\n\t\/\/ Kampagnen-ID setzen (Projekt-UID aus Sextant)\r\n\tpurposeDetails: {\r\n\t\tp1: {\r\n\t\t\tstored_campaign_id: 36103205,\r\n\t\t},\r\n\t},\r\n\r\n\t\/\/ Purpose (p1) in allen Sprachen hinterlegen\r\n\ttranslations: {\r\n\t\tde: {\r\n\t\t\tpurposes: {\r\n\t\t\t\tp1: 'Gegen die SVP-Chaos-Initiative',\r\n\t\t\t},\r\n\t\t\tpayment_methods: {\r\n\t\t\t\tdd: 'Lastschriftenverfahren (LSV\/DD)',\r\n\t\t\t},\r\n\t\t\tpayment_form: {\r\n\t\t\t\tdatenschutz: '<\/br><\/br><\/br>Das Bundesgesetz \u00fcber die politischen Rechte (BPR) verbietet die Annahme von anonymen Spenden. Wir sind deshalb verpflichtet die Postadresse abzufragen. Mit deiner Spende erkl\u00e4rst du dich einverstanden, dass die SP dich auf dem Laufenden halten darf. Mehr dazu <a href=\"https:\/\/www.sp-ps.ch\/datenschutz-policy\/\" target=\"_blank\">hier<\/a>.',\r\n\t\t\t},\r\n\t\t},\r\n\t\tfr: {\r\n\t\t\tpurposes: {\r\n\t\t\t\tp1: 'contre l\\'initiative chaotique de l\\'UDC',\r\n\t\t\t},\r\n\t\t\tpayment_methods: {\r\n\t\t\t\tdd: 'Recouvrement direct (LSV\/DD)',\r\n\t\t\t},\r\n\t\t\tpayment_form: {\r\n\t\t\t\tdatenschutz: '<\/br><\/br><\/br>La loi f\u00e9d\u00e9rale sur les droits politiques (LDP) interdit la r\u00e9ception de dons anonymes. Nous avons donc l\\'obligation de demander l\\'adresse postale. En faisant un don, vous acceptez que le PS vous tienne au courant de ses activit\u00e9s. En savoir plus <a href=\"https:\/\/www.sp-ps.ch\/fr\/politique-de-protection-des-donnees\/\" target=\"_blank\">ici<\/a>.',\r\n\t\t\t},\r\n\t\t},\r\n\t\tit: {\r\n\t\t\tpurposes: {\r\n\t\t\t\tp1: 'Contro l\\'iniziativa caotica dell\\'UDC',\r\n\t\t\t},\r\n\t\t\tpayment_methods: {\r\n\t\t\t\tdd: 'Addebito diretto (LSV\/DD)',\r\n\t\t\t},\r\n\t\t\tpayment_form: {\r\n\t\t\t\tdatenschutz: '<\/br><\/br><\/br>La Legge federale sui diritti politici (LDP) vieta l\\'accettazione di donazioni anonime. Siamo pertanto obbligati a richiedere l\\'indirizzo postale. Con la tua donazione accetti che il PS ti informi sulle sue attivit\u00e0. Maggiori informazioni <a href=\"https:\/\/www.sp-ps.ch\/datenschutz-policy\/\" target=\"_blank\">qui<\/a>.',\r\n\t\t\t},\r\n\t\t}, \r\n\t},\r\n\r\n\t\/\/ Standard-Betr\u00e4ge setzen\r\n\tamounts: [\r\n\t\t{\r\n\t\t\t\"if\": \"paymentType() == onetime\",\r\n\t\t\t\"then\": [45,90,180,],\r\n\t\t},\r\n\t\t{\r\n\t\t\t\"if\": \"recurringInterval() == monthly && paymentType() == recurring\",\r\n\t\t\t\"then\": [10,20,30,50],\r\n\t\t},\r\n\t\t{\r\n\t\t\t\"if\": \"recurringInterval() == quarterly && paymentType() == recurring\",\r\n\t\t\t\"then\": [30,60,90,150],\r\n\t\t},\r\n\t\t{\r\n\t\t\t\"if\": \"recurringInterval() == semestral && paymentType() == recurring\",\r\n\t\t\t\"then\": [60,120,180,300],\r\n\t\t},\r\n\t\t{\r\n\t\t\t\"if\": \"recurringInterval() == yearly && paymentType() == recurring\",\r\n\t\t\t\"then\": [120,240,360,600],\r\n\t\t},\r\n\t],\r\n\r\n\t\/\/ Regelm\u00e4ssige Spenden aktivieren (optional) und Layout w\u00e4hlen (compact\/list)\r\n\tpaymentTypes: [\r\n\t\t'onetime',\r\n\t\t\/\/'recurring'\r\n\t],\r\n\trecurringIntervalsLayout: 'compact',\r\n\r\n\t\/\/ Stored_hidden_parameter aktivieren und setzen (optional)\r\n\tpaymentFormPrefill: {\r\n\t\tstored_customer_email_permission: true,\r\n\t\tstored_customer_donation_receipt: true,\r\n\t\tstored_customer_country: 'CH',\r\n\t\tstored_sxt_address_source: '1008',\r\n\t\tstored_sxt_product_id: '209933',\r\n\t\t\/\/stored_hidden_parameter: 'myValue',\r\n\t},\r\n\r\n\t\/\/ Sonstige Konfigurationen (nur bei begr\u00fcndetem Bedarf anpassen)\r\n\ttestMode: false,\r\n\tdebug: false,\r\n\tpurposes: ['p1'],\r\n\tshowFields: {\r\n\t\t'stored_customer_email_permission': false,\r\n\t\t'stored_customer_donation_receipt': false,\r\n\t\t'stored_customer_birthdate': false\r\n\t},\r\n\tshowFooter: false,\r\n\tslots: {\r\n\t\tend: [{\r\n        \tcomponent: 'content',\r\n       \t\ttext_html: 'payment_form.datenschutz',\r\n\t\t}],\r\n\t},\r\n\t\/\/minimumCustomAmount: [15],\r\n\t\/\/allowCustomAmount: true,\r\n\t\/\/layout: 'list',\r\n})\r\n<\/script>\r\n\r\n<style>\r\n\t\/*Prim\u00e4rfarben anpassen (optional)*\/\r\n\t:root {\r\n\t\t--tamaro-primary-color: #E4002B;\r\n\t\t--tamaro-primary-color__hover: rgba(228,0,43,0.75);\r\n\t\t--tamaro-primary-bg-color: rgba(228,0,43,0.03);\r\n\t\t--tamaro-border-color: #b5b5b5;\r\n\t\t\/*font-size: inherit;*\/\r\n\t}      \r\n<\/style>\t\t\t\t<\/div>\n\t\t\t\t<\/div>\n\t\t\t\t\t<\/div>\n\t\t<\/div>\n\t\t\t\t\t<\/div>\n\t\t<\/section>\n\t\t\t\t<\/div>\n\t\t","protected":false},"excerpt":{"rendered":"<p>Faites un don d\u00e8s maintenant contre l&#8217;initiative du chaos de l&#8217;UDC ! Le sondage Tamedia est un choc : actuellement, 52 % des personnes interrog\u00e9es disent OUI \u00e0 l\u2019initiative extr\u00eame [&hellip;]<\/p>\n","protected":false},"author":100,"featured_media":0,"parent":30422,"menu_order":6,"comment_status":"open","ping_status":"closed","template":"","meta":{"footnotes":""},"class_list":["post-179463","page","type-page","status-publish","hentry"],"_links":{"self":[{"href":"https:\/\/www.sp-ps.ch\/fr\/wp-json\/wp\/v2\/pages\/179463","targetHints":{"allow":["GET"]}}],"collection":[{"href":"https:\/\/www.sp-ps.ch\/fr\/wp-json\/wp\/v2\/pages"}],"about":[{"href":"https:\/\/www.sp-ps.ch\/fr\/wp-json\/wp\/v2\/types\/page"}],"author":[{"embeddable":true,"href":"https:\/\/www.sp-ps.ch\/fr\/wp-json\/wp\/v2\/users\/100"}],"replies":[{"embeddable":true,"href":"https:\/\/www.sp-ps.ch\/fr\/wp-json\/wp\/v2\/comments?post=179463"}],"version-history":[{"count":43,"href":"https:\/\/www.sp-ps.ch\/fr\/wp-json\/wp\/v2\/pages\/179463\/revisions"}],"predecessor-version":[{"id":183050,"href":"https:\/\/www.sp-ps.ch\/fr\/wp-json\/wp\/v2\/pages\/179463\/revisions\/183050"}],"up":[{"embeddable":true,"href":"https:\/\/www.sp-ps.ch\/fr\/wp-json\/wp\/v2\/pages\/30422"}],"wp:attachment":[{"href":"https:\/\/www.sp-ps.ch\/fr\/wp-json\/wp\/v2\/media?parent=179463"}],"curies":[{"name":"wp","href":"https:\/\/api.w.org\/{rel}","templated":true}]}}