{"id":182003,"date":"2026-04-17T14:48:23","date_gmt":"2026-04-17T12:48:23","guid":{"rendered":"https:\/\/www.sp-ps.ch\/?page_id=182003"},"modified":"2026-05-04T13:52:16","modified_gmt":"2026-05-04T11:52:16","slug":"non-a-linitiative-du-chaos-de-ludc","status":"publish","type":"page","link":"https:\/\/www.sp-ps.ch\/fr\/non-a-linitiative-du-chaos-de-ludc\/","title":{"rendered":"NON \u00e0 l\u2019initiative du chaos de l&#8217;UDC"},"content":{"rendered":"\t\t<div data-elementor-type=\"wp-page\" data-elementor-id=\"182003\" class=\"elementor elementor-182003 elementor-182002\" data-elementor-post-type=\"page\">\n\t\t\t\t\t\t<section class=\"elementor-section elementor-top-section elementor-element elementor-element-35f82ac elementor-section-boxed elementor-section-height-default elementor-section-height-default\" data-id=\"35f82ac\" data-element_type=\"section\" data-settings=\"{&quot;jet_parallax_layout_list&quot;:[],&quot;background_background&quot;:&quot;classic&quot;}\">\n\t\t\t\t\t\t\t<div class=\"elementor-background-overlay\"><\/div>\n\t\t\t\t\t\t\t<div class=\"elementor-container elementor-column-gap-default\">\n\t\t\t\t\t<div class=\"elementor-column elementor-col-100 elementor-top-column elementor-element elementor-element-274bc43\" data-id=\"274bc43\" data-element_type=\"column\">\n\t\t\t<div class=\"elementor-widget-wrap elementor-element-populated\">\n\t\t\t\t\t\t<div class=\"elementor-element elementor-element-348f8bc elementor-widget elementor-widget-image\" data-id=\"348f8bc\" data-element_type=\"widget\" data-widget_type=\"image.default\">\n\t\t\t\t<div class=\"elementor-widget-container\">\n\t\t\t\t\t\t\t\t\t\t\t\t\t\t\t<img fetchpriority=\"high\" decoding=\"async\" width=\"800\" height=\"534\" src=\"https:\/\/www.sp-ps.ch\/wp-content\/uploads\/2026\/04\/260416_SPS_ChaosInitiative_Visualisierung_Plakat_FR_small-6-1024x683.png\" class=\"attachment-large size-large wp-image-182150\" alt=\"\" srcset=\"https:\/\/www.sp-ps.ch\/wp-content\/uploads\/2026\/04\/260416_SPS_ChaosInitiative_Visualisierung_Plakat_FR_small-6-1024x683.png 1024w, https:\/\/www.sp-ps.ch\/wp-content\/uploads\/2026\/04\/260416_SPS_ChaosInitiative_Visualisierung_Plakat_FR_small-6-300x200.png 300w, https:\/\/www.sp-ps.ch\/wp-content\/uploads\/2026\/04\/260416_SPS_ChaosInitiative_Visualisierung_Plakat_FR_small-6-768x512.png 768w, https:\/\/www.sp-ps.ch\/wp-content\/uploads\/2026\/04\/260416_SPS_ChaosInitiative_Visualisierung_Plakat_FR_small-6-1536x1024.png 1536w, https:\/\/www.sp-ps.ch\/wp-content\/uploads\/2026\/04\/260416_SPS_ChaosInitiative_Visualisierung_Plakat_FR_small-6-2048x1365.png 2048w\" sizes=\"(max-width: 800px) 100vw, 800px\" \/>\t\t\t\t\t\t\t\t\t\t\t\t\t\t\t<\/div>\n\t\t\t\t<\/div>\n\t\t\t\t\t<\/div>\n\t\t<\/div>\n\t\t\t\t\t<\/div>\n\t\t<\/section>\n\t\t\t\t<section class=\"elementor-section elementor-top-section elementor-element elementor-element-ad098da elementor-section-boxed elementor-section-height-default elementor-section-height-default\" data-id=\"ad098da\" data-element_type=\"section\" data-settings=\"{&quot;jet_parallax_layout_list&quot;:[],&quot;background_background&quot;:&quot;classic&quot;}\">\n\t\t\t\t\t\t\t<div class=\"elementor-background-overlay\"><\/div>\n\t\t\t\t\t\t\t<div class=\"elementor-container elementor-column-gap-default\">\n\t\t\t\t\t<div class=\"elementor-column elementor-col-100 elementor-top-column elementor-element elementor-element-b400f5b\" data-id=\"b400f5b\" data-element_type=\"column\">\n\t\t\t<div class=\"elementor-widget-wrap elementor-element-populated\">\n\t\t\t\t\t\t<div class=\"elementor-element elementor-element-bd7abc7 elementor-widget elementor-widget-spps_button_list\" data-id=\"bd7abc7\" data-element_type=\"widget\" data-widget_type=\"spps_button_list.default\">\n\t\t\t\t<div class=\"elementor-widget-container\">\n\t\t\t\t\t<div class=\"button-list-wrapper   \"><div class=\"button-list-title\"><h2>NON \u00e0 l\u2019initiative du chaos de l'UDC<\/h2><\/div><div class=\"button-list-container\"><div class=\"button-list-text\"><p>Cette initiative extr\u00eame de l\u2019UDC impose la r\u00e9siliation des accords bilat\u00e9raux avec l\u2019UE d\u00e8s que la Suisse aura enregistr\u00e9 une croissance d\u00e9mographique de 4\u00a0%. Il s\u2019agit l\u00e0 d\u2019une attaque claire contre le pouvoir d\u2019achat de la population\u2009: les PME exportatrices feront faillite, des emplois dispara\u00eetront et, sans les accords bilat\u00e9raux, la protection des salaires dispara\u00eetra\u00a0\u2014 ce qui entra\u00eenera une baisse des salaires et des retraites. Les 1,5\u00a0million de personnes originaires de l\u2019Union europ\u00e9enne qui vivent ici deviendraient des citoyennes et citoyens de seconde zone. Elles devraient s\u2019attendre \u00e0 tout moment \u00e0 ce que leurs enfants ou leur conjoint-e soient expuls\u00e9-es. Or, en cette p\u00e9riode marqu\u00e9e par Donald Trump, nous avons justement besoin de relations stables avec l\u2019Europe et de respect envers nos coll\u00e8gues, nos ami-es et nos voisin-es. Ce n\u2019est qu\u2019ensemble que nous pouvons faire fonctionner notre pays \u2014 dans les secteurs des soins, de la construction ou encore de la restauration.<\/p><h3><strong>6 raisons pour lesquelles l\u2019initiative plongera la Suisse dans le chaos<\/strong><strong>\u2009<\/strong><strong>: <\/strong><\/h3><ol><li><strong>L\u2019initiative impose la r\u00e9siliation des accords bilat\u00e9raux. <\/strong>Et ce, d\u00e8s que la Suisse enregistrera une croissance d\u00e9mographique de seulement 4\u00a0%. Ce sera le cas dans quelques ann\u00e9es d\u00e9j\u00e0.<\/li><li><strong>L\u2019initiative attaque le pouvoir d\u2019achat de la population<\/strong><strong>\u2009<\/strong><strong>: <\/strong>les PME exportatrices feront faillite, des emplois dispara\u00eetront. Il en r\u00e9sultera des licenciements et le chaos. Sans les accords bilat\u00e9raux, la protection des salaires dispara\u00eetra, les salaires baisseront donc et, avec eux, les retraites.<\/li><li><strong>L\u2019initiative d\u00e9chire les familles<\/strong><strong>\u2009<\/strong><strong>: <\/strong>plus de 1,5\u00a0million de personnes originaires de l\u2019Union europ\u00e9enne vivent et travaillent en Suisse. L\u2019initiative cr\u00e9e une grande ins\u00e9curit\u00e9 pour ces personnes. Elles doivent s\u2019attendre \u00e0 tout moment \u00e0 ce que leurs enfants ou leur conjoint-e soient expuls\u00e9-es, car l\u2019initiative exige que le regroupement familial soit limit\u00e9 pour les citoyen-es de l\u2019UE.<\/li><li><strong>L\u2019initiative plongera le secteur des soins dans le chaos<\/strong><strong>\u2009<\/strong><strong>: <\/strong>aujourd\u2019hui d\u00e9j\u00e0, il manque des milliers de soignant-e Sans personnel qualifi\u00e9 \u00e9tranger, notre syst\u00e8me de sant\u00e9 s\u2019effondrera. Les h\u00f4pitaux r\u00e9gionaux devront fermer. Les personnes \u00e2g\u00e9es vivant dans des maisons de retraite et des centres de soins ne pourront plus \u00eatre prises en charge correctement. L\u00e0 o\u00f9 l\u2019activit\u00e9 pourra \u00eatre maintenue, la pression et le stress sur le personnel augmenteront consid\u00e9rablement.<\/li><li><strong>L\u2019initiative conduit \u00e0 l\u2019exploitation de la main-d\u2019\u0153uvre<\/strong><strong>\u2009<\/strong><strong>: <\/strong>sans regroupement familial, un infirmier allemand ne pourrait plus faire venir sa fille en Suisse. Dans le m\u00eame temps, la protection salariale dispara\u00eetrait. Les travailleuses et travailleurs migrant-es seraient priv\u00e9-es de leurs droits et exploit\u00e9-es \u00e0 nouveau comme des saisonniers.<\/li><li><strong>L\u2019initiative supprime compl\u00e8tement le droit d\u2019asile<\/strong><strong>\u2009<\/strong><strong>: <\/strong>elle vise \u00e0 d\u00e9noncer d\u2019importants accords relatifs aux droits humains. Elle prive les r\u00e9fugi\u00e9-es de guerre \u2014 en particulier les femmes et les enfants \u2014 de leur dernier espoir de pouvoir un jour vivre en s\u00e9curit\u00e9 chez nous, r\u00e9uni-es en famille.<\/li><\/ol><p>\u00a0<\/p><h3><strong>Pourquoi l\u2019initiative m\u00e8nera \u00e0 la fin de la voie bilat\u00e9rale dans quelques ann\u00e9es seulement, et non dans un avenir lointain<\/strong><\/h3><p>\u00c0 partir de 9,5\u00a0millions d\u2019habitant-es, soit dans 4 \u00e0 5 ans d\u00e9j\u00e0, l\u2019initiative oblige le Conseil f\u00e9d\u00e9ral et le Parlement \u00e0 restreindre le regroupement familial pour les citoyen-nes de l\u2019UE et donc la libre circulation des personnes. Les enfants ou les conjoint-es de citoyen-es de l\u2019UE travaillant en Suisse ne seraient plus autoris\u00e9-es \u00e0 vivre ici. Une telle restriction viole un pilier fondamental des accords bilat\u00e9raux actuellement en vigueur et nous obligerait, dans quelques ann\u00e9es seulement, \u00e0 d\u00e9noncer unilat\u00e9ralement ces accords. Nos relations avec l\u2019Europe seraient alors tout simplement d\u00e9truites.<\/p><\/div><\/div><\/div>\t\t\t\t<\/div>\n\t\t\t\t<\/div>\n\t\t\t\t<div class=\"elementor-element elementor-element-02321a9 elementor-widget elementor-widget-spps_button\" data-id=\"02321a9\" data-element_type=\"widget\" data-widget_type=\"spps_button.default\">\n\t\t\t\t<div class=\"elementor-widget-container\">\n\t\t\t\t\t<div class=\"button-wrapper button-wrapper-left\"><a href=\"https:\/\/chaos-udc-non.ch\/wp-content\/uploads\/sites\/41\/2026\/05\/260326_SPS_ChaosInitiative_Argumentarium_FR.pdf\"  target=\"_self\" class=\"button-link button-link-download\" >Argumentaire complet<\/a><\/div>\t\t\t\t<\/div>\n\t\t\t\t<\/div>\n\t\t\t\t<div class=\"elementor-element elementor-element-7a9a1a4 elementor-widget elementor-widget-spps_button\" data-id=\"7a9a1a4\" data-element_type=\"widget\" data-widget_type=\"spps_button.default\">\n\t\t\t\t<div class=\"elementor-widget-container\">\n\t\t\t\t\t<div class=\"button-wrapper button-wrapper-left\"><a href=\"https:\/\/chaos-udc-non.ch\/\"  target=\"_blank\" class=\"button-link button-link-default\" >Site web<\/a><\/div>\t\t\t\t<\/div>\n\t\t\t\t<\/div>\n\t\t\t\t\t<\/div>\n\t\t<\/div>\n\t\t\t\t\t<\/div>\n\t\t<\/section>\n\t\t\t\t<section class=\"elementor-section elementor-top-section elementor-element elementor-element-0a5efb4 elementor-section-boxed elementor-section-height-default elementor-section-height-default\" data-id=\"0a5efb4\" data-element_type=\"section\" data-settings=\"{&quot;jet_parallax_layout_list&quot;:[]}\">\n\t\t\t\t\t\t<div class=\"elementor-container elementor-column-gap-default\">\n\t\t\t\t\t<div class=\"elementor-column elementor-col-100 elementor-top-column elementor-element elementor-element-e77e54f\" data-id=\"e77e54f\" data-element_type=\"column\">\n\t\t\t<div class=\"elementor-widget-wrap\">\n\t\t\t\t\t\t\t<\/div>\n\t\t<\/div>\n\t\t\t\t\t<\/div>\n\t\t<\/section>\n\t\t\t\t<\/div>\n\t\t","protected":false},"excerpt":{"rendered":"<p>NON \u00e0 l\u2019initiative du chaos de l&#8217;UDC Cette initiative extr\u00eame de l\u2019UDC impose la r\u00e9siliation des accords bilat\u00e9raux avec l\u2019UE d\u00e8s que la Suisse aura enregistr\u00e9 une croissance d\u00e9mographique de [&hellip;]<\/p>\n","protected":false},"author":105,"featured_media":182116,"parent":0,"menu_order":6,"comment_status":"closed","ping_status":"closed","template":"","meta":{"footnotes":""},"class_list":["post-182003","page","type-page","status-publish","has-post-thumbnail","hentry"],"_links":{"self":[{"href":"https:\/\/www.sp-ps.ch\/fr\/wp-json\/wp\/v2\/pages\/182003","targetHints":{"allow":["GET"]}}],"collection":[{"href":"https:\/\/www.sp-ps.ch\/fr\/wp-json\/wp\/v2\/pages"}],"about":[{"href":"https:\/\/www.sp-ps.ch\/fr\/wp-json\/wp\/v2\/types\/page"}],"author":[{"embeddable":true,"href":"https:\/\/www.sp-ps.ch\/fr\/wp-json\/wp\/v2\/users\/105"}],"replies":[{"embeddable":true,"href":"https:\/\/www.sp-ps.ch\/fr\/wp-json\/wp\/v2\/comments?post=182003"}],"version-history":[{"count":49,"href":"https:\/\/www.sp-ps.ch\/fr\/wp-json\/wp\/v2\/pages\/182003\/revisions"}],"predecessor-version":[{"id":183194,"href":"https:\/\/www.sp-ps.ch\/fr\/wp-json\/wp\/v2\/pages\/182003\/revisions\/183194"}],"wp:featuredmedia":[{"embeddable":true,"href":"https:\/\/www.sp-ps.ch\/fr\/wp-json\/wp\/v2\/media\/182116"}],"wp:attachment":[{"href":"https:\/\/www.sp-ps.ch\/fr\/wp-json\/wp\/v2\/media?parent=182003"}],"curies":[{"name":"wp","href":"https:\/\/api.w.org\/{rel}","templated":true}]}}