{"id":182216,"date":"2026-04-21T14:23:48","date_gmt":"2026-04-21T12:23:48","guid":{"rendered":"https:\/\/www.sp-ps.ch\/?page_id=182216"},"modified":"2026-04-22T11:19:47","modified_gmt":"2026-04-22T09:19:47","slug":"non-a-la-nouvelle-loi-sur-le-service-civil-le-14-juin","status":"publish","type":"page","link":"https:\/\/www.sp-ps.ch\/fr\/non-a-la-nouvelle-loi-sur-le-service-civil-le-14-juin\/","title":{"rendered":"NON \u00e0 la nouvelle loi sur le service civil le 14\u00a0juin"},"content":{"rendered":"\t\t<div data-elementor-type=\"wp-page\" data-elementor-id=\"182216\" class=\"elementor elementor-182216\" data-elementor-post-type=\"page\">\n\t\t\t\t\t\t<section class=\"elementor-section elementor-top-section elementor-element elementor-element-35f82ac elementor-section-boxed elementor-section-height-default elementor-section-height-default\" data-id=\"35f82ac\" data-element_type=\"section\" data-settings=\"{&quot;jet_parallax_layout_list&quot;:[],&quot;background_background&quot;:&quot;classic&quot;}\">\n\t\t\t\t\t\t\t<div class=\"elementor-background-overlay\"><\/div>\n\t\t\t\t\t\t\t<div class=\"elementor-container elementor-column-gap-default\">\n\t\t\t\t\t<div class=\"elementor-column elementor-col-100 elementor-top-column elementor-element elementor-element-274bc43\" data-id=\"274bc43\" data-element_type=\"column\">\n\t\t\t<div class=\"elementor-widget-wrap elementor-element-populated\">\n\t\t\t\t\t\t<div class=\"elementor-element elementor-element-9b6f1cc elementor-widget elementor-widget-spacer\" data-id=\"9b6f1cc\" data-element_type=\"widget\" data-widget_type=\"spacer.default\">\n\t\t\t\t<div class=\"elementor-widget-container\">\n\t\t\t\t\t\t\t<div class=\"elementor-spacer\">\n\t\t\t<div class=\"elementor-spacer-inner\"><\/div>\n\t\t<\/div>\n\t\t\t\t\t\t<\/div>\n\t\t\t\t<\/div>\n\t\t\t\t<div class=\"elementor-element elementor-element-7da8917 elementor-widget elementor-widget-image\" data-id=\"7da8917\" data-element_type=\"widget\" data-widget_type=\"image.default\">\n\t\t\t\t<div class=\"elementor-widget-container\">\n\t\t\t\t\t\t\t\t\t\t\t\t\t\t\t<img fetchpriority=\"high\" decoding=\"async\" width=\"800\" height=\"450\" src=\"https:\/\/www.sp-ps.ch\/wp-content\/uploads\/2026\/04\/260421_SPS_Zivildienst_Visual_Pflege_FR_1920x1080px3-1-1024x576.png\" class=\"attachment-large size-large wp-image-182423\" alt=\"\" srcset=\"https:\/\/www.sp-ps.ch\/wp-content\/uploads\/2026\/04\/260421_SPS_Zivildienst_Visual_Pflege_FR_1920x1080px3-1-1024x576.png 1024w, https:\/\/www.sp-ps.ch\/wp-content\/uploads\/2026\/04\/260421_SPS_Zivildienst_Visual_Pflege_FR_1920x1080px3-1-300x169.png 300w, https:\/\/www.sp-ps.ch\/wp-content\/uploads\/2026\/04\/260421_SPS_Zivildienst_Visual_Pflege_FR_1920x1080px3-1-768x432.png 768w, https:\/\/www.sp-ps.ch\/wp-content\/uploads\/2026\/04\/260421_SPS_Zivildienst_Visual_Pflege_FR_1920x1080px3-1-1536x864.png 1536w, https:\/\/www.sp-ps.ch\/wp-content\/uploads\/2026\/04\/260421_SPS_Zivildienst_Visual_Pflege_FR_1920x1080px3-1.png 1920w\" sizes=\"(max-width: 800px) 100vw, 800px\" \/>\t\t\t\t\t\t\t\t\t\t\t\t\t\t\t<\/div>\n\t\t\t\t<\/div>\n\t\t\t\t\t<\/div>\n\t\t<\/div>\n\t\t\t\t\t<\/div>\n\t\t<\/section>\n\t\t\t\t<section class=\"elementor-section elementor-top-section elementor-element elementor-element-ad098da elementor-section-boxed elementor-section-height-default elementor-section-height-default\" data-id=\"ad098da\" data-element_type=\"section\" data-settings=\"{&quot;jet_parallax_layout_list&quot;:[],&quot;background_background&quot;:&quot;classic&quot;}\">\n\t\t\t\t\t\t\t<div class=\"elementor-background-overlay\"><\/div>\n\t\t\t\t\t\t\t<div class=\"elementor-container elementor-column-gap-default\">\n\t\t\t\t\t<div class=\"elementor-column elementor-col-100 elementor-top-column elementor-element elementor-element-b400f5b\" data-id=\"b400f5b\" data-element_type=\"column\">\n\t\t\t<div class=\"elementor-widget-wrap elementor-element-populated\">\n\t\t\t\t\t\t<div class=\"elementor-element elementor-element-bd7abc7 elementor-widget elementor-widget-spps_button_list\" data-id=\"bd7abc7\" data-element_type=\"widget\" data-widget_type=\"spps_button_list.default\">\n\t\t\t\t<div class=\"elementor-widget-container\">\n\t\t\t\t\t<div class=\"button-list-wrapper   \"><div class=\"button-list-title\"><h2>NON \u00e0 la nouvelle loi sur le service civil le 14 juin<\/h2><\/div><div class=\"button-list-container\"><div class=\"button-list-text\"><p>Les prestations fournies par le service civil sont indispensables. H\u00f4pitaux, maisons de retraite, EMS, \u00e9coles, protection de la nature et de l\u2019environnement, agriculture et \u00e9conomie alpestre, partout, les civilistes apportent une contribution de premier plan. La nouvelle loi entra\u00eenerait une r\u00e9duction massive de ces prestations, pourtant essentielles. L\u2019engagement au service de la collectivit\u00e9 m\u00e9rite d\u2019\u00eatre encourag\u00e9, pas entrav\u00e9.<\/p><p><strong>Voil\u00e0 pourquoi nous disons non \u00e0 la nouvelle loi sur le service civil<\/strong><strong>\u2009<\/strong><strong>:<\/strong><\/p><ul><li><strong>Ce projet nuit aux personnes \u00e2g\u00e9es et aux \u00e9l\u00e8ves<\/strong> <br \/>Il pr\u00e9voit de r\u00e9duire de 40\u00a0% les admissions au service civil, alors que les civilistes interviennent pr\u00e9cis\u00e9ment l\u00e0 o\u00f9 le personnel manque aujourd\u2019hui. H\u00f4pitaux, maisons de retraite, \u00e9tablissements m\u00e9dico-sociaux ou encore \u00e9coles\u2009: tous devraient alors supprimer des prestations.<\/li><\/ul><ul><li><strong>Ce projet met en p\u00e9ril la protection de la nature et la biodiversit\u00e9<\/strong> <br \/>Les civilistes apportent une contribution indispensable \u00e0 notre environnement\u2009: entretien de prairies alpines, lutte contre les plantes envahissantes ou encore protection de notre biodiversit\u00e9. Sans leur engagement, ces surfaces se d\u00e9graderaient et les esp\u00e8ces indig\u00e8nes seraient supplant\u00e9es. Rien que dans le domaine de la protection de la nature, les civilistes ont effectu\u00e9 plus de 230\u2009000\u00a0jours de service l\u2019ann\u00e9e derni\u00e8re \u2014 une contribution irrempla\u00e7able, directement menac\u00e9e par cette r\u00e9forme.<\/li><\/ul><ul><li><strong>Ce projet rend plus difficile l\u2019accomplissement d\u2019un service utile \u00e0 la communaut\u00e9 <br \/><\/strong>Il introduit de nombreuses tracasseries inutiles lors du passage au service civil. Or, ceux qui refusent le service militaire pour des raisons de conscience assument leurs responsabilit\u00e9s au travers du service civil. Cette r\u00e9forme porte non seulement atteinte \u00e0 la libert\u00e9 de conscience, mais d\u00e9valorise aussi le service civil aux yeux de la soci\u00e9t\u00e9. L\u2019engagement au service de la collectivit\u00e9 m\u00e9rite d\u2019\u00eatre encourag\u00e9, pas entrav\u00e9.<\/li><\/ul><\/div><\/div><\/div>\t\t\t\t<\/div>\n\t\t\t\t<\/div>\n\t\t\t\t\t<\/div>\n\t\t<\/div>\n\t\t\t\t\t<\/div>\n\t\t<\/section>\n\t\t\t\t<section class=\"elementor-section elementor-top-section elementor-element elementor-element-3895406 elementor-section-boxed elementor-section-height-default elementor-section-height-default\" data-id=\"3895406\" data-element_type=\"section\" data-settings=\"{&quot;jet_parallax_layout_list&quot;:[]}\">\n\t\t\t\t\t\t<div class=\"elementor-container elementor-column-gap-default\">\n\t\t\t\t\t<div class=\"elementor-column elementor-col-100 elementor-top-column elementor-element elementor-element-d22d668\" data-id=\"d22d668\" data-element_type=\"column\">\n\t\t\t<div class=\"elementor-widget-wrap\">\n\t\t\t\t\t\t\t<\/div>\n\t\t<\/div>\n\t\t\t\t\t<\/div>\n\t\t<\/section>\n\t\t\t\t<\/div>\n\t\t","protected":false},"excerpt":{"rendered":"<p>NON \u00e0 la nouvelle loi sur le service civil le 14 juin Les prestations fournies par le service civil sont indispensables. H\u00f4pitaux, maisons de retraite, EMS, \u00e9coles, protection de la [&hellip;]<\/p>\n","protected":false},"author":85,"featured_media":182421,"parent":0,"menu_order":6,"comment_status":"closed","ping_status":"closed","template":"","meta":{"footnotes":""},"class_list":["post-182216","page","type-page","status-publish","has-post-thumbnail","hentry"],"_links":{"self":[{"href":"https:\/\/www.sp-ps.ch\/fr\/wp-json\/wp\/v2\/pages\/182216","targetHints":{"allow":["GET"]}}],"collection":[{"href":"https:\/\/www.sp-ps.ch\/fr\/wp-json\/wp\/v2\/pages"}],"about":[{"href":"https:\/\/www.sp-ps.ch\/fr\/wp-json\/wp\/v2\/types\/page"}],"author":[{"embeddable":true,"href":"https:\/\/www.sp-ps.ch\/fr\/wp-json\/wp\/v2\/users\/85"}],"replies":[{"embeddable":true,"href":"https:\/\/www.sp-ps.ch\/fr\/wp-json\/wp\/v2\/comments?post=182216"}],"version-history":[{"count":22,"href":"https:\/\/www.sp-ps.ch\/fr\/wp-json\/wp\/v2\/pages\/182216\/revisions"}],"predecessor-version":[{"id":182492,"href":"https:\/\/www.sp-ps.ch\/fr\/wp-json\/wp\/v2\/pages\/182216\/revisions\/182492"}],"wp:featuredmedia":[{"embeddable":true,"href":"https:\/\/www.sp-ps.ch\/fr\/wp-json\/wp\/v2\/media\/182421"}],"wp:attachment":[{"href":"https:\/\/www.sp-ps.ch\/fr\/wp-json\/wp\/v2\/media?parent=182216"}],"curies":[{"name":"wp","href":"https:\/\/api.w.org\/{rel}","templated":true}]}}