{"id":183217,"date":"2026-05-05T14:06:13","date_gmt":"2026-05-05T12:06:13","guid":{"rendered":"https:\/\/www.sp-ps.ch\/en-langage-simplifie-non-a-linitiative-des-10-millions\/"},"modified":"2026-05-05T15:08:26","modified_gmt":"2026-05-05T13:08:26","slug":"en-langage-simplifie-non-a-linitiative-des-10-millions","status":"publish","type":"page","link":"https:\/\/www.sp-ps.ch\/fr\/en-langage-simplifie-non-a-linitiative-des-10-millions\/","title":{"rendered":"En langage simplifi\u00e9 : NON \u00e0 l&#8217;Initiative des 10 millions"},"content":{"rendered":"\t\t<div data-elementor-type=\"wp-page\" data-elementor-id=\"183217\" class=\"elementor elementor-183217 elementor-183212\" data-elementor-post-type=\"page\">\n\t\t\t\t\t\t<section class=\"elementor-section elementor-top-section elementor-element elementor-element-01d19b9 elementor-section-boxed elementor-section-height-default elementor-section-height-default\" data-id=\"01d19b9\" data-element_type=\"section\" data-settings=\"{&quot;jet_parallax_layout_list&quot;:[]}\">\n\t\t\t\t\t\t<div class=\"elementor-container elementor-column-gap-default\">\n\t\t\t\t\t<div class=\"elementor-column elementor-col-100 elementor-top-column elementor-element elementor-element-6c1000a\" data-id=\"6c1000a\" data-element_type=\"column\">\n\t\t\t<div class=\"elementor-widget-wrap elementor-element-populated\">\n\t\t\t\t\t\t<div class=\"elementor-element elementor-element-e3bd51f elementor-widget elementor-widget-spps_title_text\" data-id=\"e3bd51f\" data-element_type=\"widget\" data-widget_type=\"spps_title_text.default\">\n\t\t\t\t<div class=\"elementor-widget-container\">\n\t\t\t\t\t<div class=\"title-text-wrapper \"><div class=\"title-text-title\"><h2>En langage simplifi\u00e9 : NON \u00e0 l'initiative des 10 millions <\/h2><\/div><div class=\"title-text-container\"><div class=\"title-text-text\"><p>Dans le texte, il y a des mots difficiles. <br \/>Ils sont <u>soulign\u00e9s<\/u>. <br \/>\u00c0 la fin du texte, il y a une explication.<\/p><h3><strong>De quoi s\u2019agit-il\u00a0?<\/strong><\/h3><p>Dans le monde, il y a de plus en plus de <u>chaos<\/u>. <br \/>Dans de nombreux endroits du monde, il y a la guerre. <br \/>Une bonne coop\u00e9ration avec l\u2019Europe est maintenant tr\u00e8s importante.<\/p><p>La Suisse a des <u>accords<\/u> avec l\u2019Europe. <br \/>Ces accords disent que les personnes venant d\u2019Europe peuvent travailler et vivre en Suisse.<\/p><p>L\u2019<u>UDC<\/u> veut moins de 10\u00a0millions d\u2019habitants en Suisse.<\/p><p>C\u2019est pourquoi l\u2019UDC veut annuler les accords.<\/p><h3><strong>Le PS est contre<\/strong>.<\/h3><p>Le PS appelle l\u2019initiative de l\u2019UDC \u00ab\u00a0initiative du chaos\u00a0\u00bb\u00a0:<\/p><ul><li>Encore plus de chaos se cr\u00e9e.<\/li><li>La coop\u00e9ration avec l\u2019Europe prend fin.<\/li><\/ul><ol><li><strong> Accords avec l\u2019Europe<\/strong> <br \/>\u00a0\u00a0\u00a0\u00a0 Fin des accords avec l\u2019Europe <br \/>\u00a0\u00a0\u00a0\u00a0\u00a0 Fin de la coop\u00e9ration avec l\u2019Europe <br \/>\u00a0 \u00a0 \u00a0 -&gt; \u00c0 une \u00e9poque de guerre, de bonnes relations avec l\u2019Europe <br \/>\u00a0\u00a0\u00a0\u00a0\u00a0 sont tr\u00e8s importantes.<\/li><li><strong> \u00c9conomie<\/strong> <br \/>\u00a0\u00a0\u00a0\u00a0 Les entreprises peuvent livrer moins de marchandises en Europe. <br \/>\u00a0 \u00a0 \u00a0 -&gt; Cela signifie moins de travail et moins d\u2019argent.<\/li><\/ol><p>\u00a0\u00a0\u00a0\u00a0\u00a0 Il n\u2019y a plus de <u>protection des salaires<\/u>. <br \/>\u00a0 \u00a0 \u00a0 -&gt; Cela signifie des salaires plus bas pour beaucoup.<\/p><ol start=\"3\"><li><strong> Familles<\/strong> <br \/>\u00a0\u00a0\u00a0 Plus de 1,5\u00a0million de personnes venant d\u2019Europe <br \/>\u00a0\u00a0\u00a0\u00a0 vivent et travaillent aujourd\u2019hui en Suisse.<\/li><\/ol><p>Dans 4 ou 5\u00a0ans, il y aura plus de 9,5\u00a0millions d\u2019habitants en \u00a0Suisse. <br \/>L\u2019UDC veut alors interdire le <u>regroupement familial<\/u>.<\/p><p>\u00a0\u00a0\u00a0\u00a0\u00a0 Moins de regroupement familial signifie\u00a0: <br \/>\u00a0 \u00a0 \u00a0 -&gt; Les enfants, les \u00e9pouses ou les \u00e9poux doivent quitter la Suisse.<\/p><ol start=\"4\"><li><strong> H\u00f4pitaux et maisons de retraite<\/strong> <br \/>\u00a0\u00a0\u00a0\u00a0 La Suisse a besoin de plus de personnel soignant. <br \/>\u00a0\u00a0\u00a0\u00a0\u00a0 \u00a0Il manque des m\u00e9decins. <br \/>\u00a0 \u00a0 \u00a0 -&gt; Sans personnel \u00e9tranger, cela ne fonctionne pas. <br \/>\u00a0 \u00a0 \u00a0 -&gt; Moins de personnel signifie plus de pression pour tous.<\/li><li><strong> Personnel<\/strong> <br \/>\u00a0\u00a0\u00a0\u00a0 Le personnel venant d\u2019Europe ne pourra plus faire venir sa famille <br \/>\u00a0\u00a0\u00a0\u00a0\u00a0 en Suisse. <br \/>\u00a0\u00a0\u00a0\u00a0\u00a0 Il n\u2019y a plus de protection des salaires. <br \/>\u00a0 \u00a0 \u00a0 -&gt; Moins de droits pour le personnel \u00e9tranger<\/li><li><strong> Droit d\u2019asile<\/strong> <br \/>\u00a0\u00a0\u00a0\u00a0 Fin du <u>droit d\u2019asile<\/u> <br \/>\u00a0\u00a0\u00a0\u00a0\u00a0 Les personnes venant de zones de guerre ne pourront plus venir <br \/>\u00a0\u00a0\u00a0\u00a0\u00a0 en Suisse. <br \/>\u00a0\u00a0\u00a0\u00a0\u00a0 Elles ne pourront pas vivre en s\u00e9curit\u00e9 avec leur famille en Suisse.<\/li><\/ol><h3><strong>Le PS veut\u00a0:<\/strong><\/h3><ul><li>Du respect pour nos coll\u00e8gues de travail \u00e9trangers<\/li><li>La protection des salaires<\/li><li>Les m\u00eames droits pour tous<\/li><\/ul><p><br \/>-&gt; Ce n\u2019est qu\u2019ensemble que nous pouvons bien vivre :<\/p><ul><li>dans les soins,<\/li><li>dans la construction,<\/li><li>dans les restaurants.<\/li><\/ul><h3><strong>Que peux-tu faire\u00a0?<\/strong><\/h3><p>Participe au vote.<\/p><p><strong>Sur le bulletin de vote, il est \u00e9crit\u00a0:<\/strong><\/p><p>\u00ab\u00a0Acceptez-vous l\u2019initiative populaire <em>Pas de Suisse \u00e0 10 millions !<\/em> <em>(initiative pour la durabilit\u00e9)<\/em> \u00bb ?<\/p><p><br \/>\u00c9cris\u00a0: <strong>NON.<\/strong><\/p><p>\u00a0<\/p><h3><strong>Explications des mots<\/strong><\/h3><p><strong>Initiative\u00a0\u00a0\u00a0\u00a0\u00a0\u00a0\u00a0\u00a0\u00a0\u00a0\u00a0\u00a0\u00a0\u00a0\u00a0\u00a0\u00a0\u00a0\u00a0\u00a0\u00a0\u00a0\u00a0\u00a0\u00a0\u00a0<\/strong> Une id\u00e9e du peuple pour une nouvelle loi.<\/p><p><strong>Initiative des 10\u00a0millions<\/strong> En Suisse, il ne devrait pas y avoir plus de <br \/>\u00a0\u00a0\u00a0\u00a0\u00a0\u00a0\u00a0\u00a0\u00a0\u00a0\u00a0\u00a0\u00a0\u00a0\u00a0\u00a0\u00a0\u00a0\u00a0\u00a0\u00a0\u00a0\u00a0\u00a0\u00a0\u00a0\u00a0\u00a0\u00a0\u00a0\u00a0\u00a0\u00a0\u00a0\u00a0\u00a0\u00a0\u00a0\u00a0\u00a0 10\u00a0millions d\u2019habitants.<\/p><p><strong>Chaos\u00a0\u00a0\u00a0\u00a0\u00a0\u00a0\u00a0\u00a0\u00a0\u00a0\u00a0\u00a0\u00a0\u00a0\u00a0\u00a0\u00a0\u00a0\u00a0\u00a0\u00a0\u00a0\u00a0\u00a0\u00a0\u00a0\u00a0\u00a0\u00a0\u00a0<\/strong> Le chaos est un autre mot pour <br \/>\u00a0\u00a0\u00a0\u00a0\u00a0\u00a0\u00a0\u00a0\u00a0\u00a0\u00a0\u00a0\u00a0\u00a0\u00a0\u00a0\u00a0\u00a0\u00a0\u00a0\u00a0\u00a0\u00a0\u00a0\u00a0\u00a0\u00a0\u00a0\u00a0\u00a0\u00a0\u00a0\u00a0\u00a0\u00a0\u00a0\u00a0\u00a0\u00a0\u00a0 d\u00e9sordre, agitation, destruction.<\/p><p><strong>Contrat\/Contrats\u00a0\u00a0\u00a0\u00a0\u00a0\u00a0\u00a0\u00a0\u00a0\u00a0\u00a0\u00a0\u00a0<\/strong> Au moins 2\u00a0personnes ou 2\u00a0pays<br \/>\u00a0\u00a0\u00a0\u00a0\u00a0\u00a0\u00a0\u00a0\u00a0\u00a0\u00a0\u00a0\u00a0\u00a0\u00a0\u00a0\u00a0\u00a0\u00a0\u00a0\u00a0\u00a0\u00a0\u00a0\u00a0\u00a0\u00a0\u00a0\u00a0\u00a0\u00a0\u00a0\u00a0\u00a0\u00a0\u00a0\u00a0\u00a0\u00a0\u00a0 conviennent de quelque chose ensemble.<\/p><p><strong>UDC\u00a0\u00a0\u00a0\u00a0\u00a0\u00a0\u00a0\u00a0\u00a0\u00a0\u00a0\u00a0\u00a0\u00a0\u00a0\u00a0\u00a0\u00a0\u00a0\u00a0\u00a0\u00a0\u00a0\u00a0\u00a0\u00a0\u00a0\u00a0\u00a0\u00a0\u00a0\u00a0\u00a0<\/strong> Union d\u00e9mocratique du centre <br \/>\u00a0\u00a0\u00a0\u00a0\u00a0\u00a0\u00a0\u00a0\u00a0\u00a0\u00a0\u00a0\u00a0\u00a0\u00a0\u00a0\u00a0\u00a0\u00a0\u00a0\u00a0\u00a0\u00a0\u00a0\u00a0\u00a0\u00a0\u00a0\u00a0\u00a0\u00a0\u00a0\u00a0\u00a0\u00a0\u00a0\u00a0\u00a0\u00a0\u00a0 (parti politique suisse).<\/p><p><strong>Protection des salaires\u00a0\u00a0\u00a0\u00a0<\/strong> Les salaires et les r\u00e8gles de travail en <br \/>\u00a0\u00a0\u00a0\u00a0\u00a0\u00a0\u00a0\u00a0\u00a0\u00a0\u00a0\u00a0\u00a0\u00a0\u00a0\u00a0\u00a0\u00a0\u00a0\u00a0\u00a0\u00a0\u00a0\u00a0\u00a0\u00a0\u00a0\u00a0\u00a0\u00a0\u00a0\u00a0\u00a0\u00a0\u00a0\u00a0\u00a0\u00a0\u00a0\u00a0 Suisse sont contr\u00f4l\u00e9s.<\/p><p><strong>Regroupement familial\u00a0\u00a0\u00a0\u00a0<\/strong> Des personnes venant de l\u2019\u00e9tranger <br \/>\u00a0\u00a0\u00a0\u00a0\u00a0\u00a0\u00a0\u00a0\u00a0\u00a0\u00a0\u00a0\u00a0\u00a0\u00a0\u00a0\u00a0\u00a0\u00a0\u00a0\u00a0\u00a0\u00a0\u00a0\u00a0\u00a0\u00a0\u00a0\u00a0\u00a0\u00a0\u00a0\u00a0\u00a0\u00a0\u00a0\u00a0\u00a0\u00a0\u00a0 travaillent et vivent en Suisse. \u00a0\u00a0\u00a0<br \/>\u00a0\u00a0\u00a0\u00a0\u00a0\u00a0\u00a0\u00a0\u00a0\u00a0\u00a0\u00a0\u00a0\u00a0\u00a0\u00a0\u00a0\u00a0\u00a0\u00a0\u00a0\u00a0\u00a0\u00a0\u00a0\u00a0\u00a0\u00a0\u00a0\u00a0\u00a0\u00a0\u00a0\u00a0\u00a0\u00a0\u00a0\u00a0\u00a0\u00a0 Leur famille peut \u00e9galement vivre en <br \/>\u00a0\u00a0\u00a0\u00a0\u00a0\u00a0\u00a0\u00a0\u00a0\u00a0\u00a0\u00a0\u00a0\u00a0\u00a0\u00a0\u00a0\u00a0\u00a0\u00a0\u00a0\u00a0\u00a0\u00a0\u00a0\u00a0\u00a0\u00a0\u00a0\u00a0\u00a0\u00a0\u00a0\u00a0\u00a0\u00a0\u00a0\u00a0\u00a0\u00a0 Suisse.<\/p><p><strong>Droit d\u2019asile\u00a0\u00a0\u00a0\u00a0\u00a0\u00a0\u00a0\u00a0\u00a0\u00a0\u00a0\u00a0\u00a0\u00a0\u00a0\u00a0\u00a0\u00a0\u00a0\u00a0\u00a0<\/strong> Les personnes en danger peuvent chercher <br \/>\u00a0\u00a0\u00a0\u00a0\u00a0\u00a0\u00a0\u00a0\u00a0\u00a0\u00a0\u00a0\u00a0 une protection dans d\u2019autres pays.<\/p><p>\u00a0<\/p><\/div><\/div><\/div>\t\t\t\t<\/div>\n\t\t\t\t<\/div>\n\t\t\t\t\t<\/div>\n\t\t<\/div>\n\t\t\t\t\t<\/div>\n\t\t<\/section>\n\t\t\t\t<\/div>\n\t\t","protected":false},"excerpt":{"rendered":"<p>En langage simplifi\u00e9 : NON \u00e0 l&#8217;initiative des 10 millions Dans le texte, il y a des mots difficiles. Ils sont soulign\u00e9s. \u00c0 la fin du texte, il y a [&hellip;]<\/p>\n","protected":false},"author":64,"featured_media":0,"parent":0,"menu_order":0,"comment_status":"closed","ping_status":"closed","template":"","meta":{"footnotes":""},"class_list":["post-183217","page","type-page","status-publish","hentry"],"_links":{"self":[{"href":"https:\/\/www.sp-ps.ch\/fr\/wp-json\/wp\/v2\/pages\/183217","targetHints":{"allow":["GET"]}}],"collection":[{"href":"https:\/\/www.sp-ps.ch\/fr\/wp-json\/wp\/v2\/pages"}],"about":[{"href":"https:\/\/www.sp-ps.ch\/fr\/wp-json\/wp\/v2\/types\/page"}],"author":[{"embeddable":true,"href":"https:\/\/www.sp-ps.ch\/fr\/wp-json\/wp\/v2\/users\/64"}],"replies":[{"embeddable":true,"href":"https:\/\/www.sp-ps.ch\/fr\/wp-json\/wp\/v2\/comments?post=183217"}],"version-history":[{"count":4,"href":"https:\/\/www.sp-ps.ch\/fr\/wp-json\/wp\/v2\/pages\/183217\/revisions"}],"predecessor-version":[{"id":183222,"href":"https:\/\/www.sp-ps.ch\/fr\/wp-json\/wp\/v2\/pages\/183217\/revisions\/183222"}],"wp:attachment":[{"href":"https:\/\/www.sp-ps.ch\/fr\/wp-json\/wp\/v2\/media?parent=183217"}],"curies":[{"name":"wp","href":"https:\/\/api.w.org\/{rel}","templated":true}]}}