{"id":183234,"date":"2026-05-05T15:33:48","date_gmt":"2026-05-05T13:33:48","guid":{"rendered":"https:\/\/www.sp-ps.ch\/en-langage-simplifie-non-a-la-loi-sur-le-service-civil\/"},"modified":"2026-05-05T15:35:52","modified_gmt":"2026-05-05T13:35:52","slug":"en-langage-simplifie-non-a-la-loi-sur-le-service-civil","status":"publish","type":"page","link":"https:\/\/www.sp-ps.ch\/fr\/en-langage-simplifie-non-a-la-loi-sur-le-service-civil\/","title":{"rendered":"En langage simplifi\u00e9 : NON \u00e0 la loi sur le service civil"},"content":{"rendered":"\t\t<div data-elementor-type=\"wp-page\" data-elementor-id=\"183234\" class=\"elementor elementor-183234 elementor-183229\" data-elementor-post-type=\"page\">\n\t\t\t\t\t\t<section class=\"elementor-section elementor-top-section elementor-element elementor-element-8da2669 elementor-section-boxed elementor-section-height-default elementor-section-height-default\" data-id=\"8da2669\" data-element_type=\"section\" data-settings=\"{&quot;jet_parallax_layout_list&quot;:[]}\">\n\t\t\t\t\t\t<div class=\"elementor-container elementor-column-gap-default\">\n\t\t\t\t\t<div class=\"elementor-column elementor-col-100 elementor-top-column elementor-element elementor-element-5efeb71\" data-id=\"5efeb71\" data-element_type=\"column\">\n\t\t\t<div class=\"elementor-widget-wrap elementor-element-populated\">\n\t\t\t\t\t\t<div class=\"elementor-element elementor-element-f622b81 elementor-widget elementor-widget-spps_button_list\" data-id=\"f622b81\" data-element_type=\"widget\" data-widget_type=\"spps_button_list.default\">\n\t\t\t\t<div class=\"elementor-widget-container\">\n\t\t\t\t\t<div class=\"button-list-wrapper wrapper-spacing-default  \"><div class=\"button-list-title\"><h2>En langage simplifi\u00e9 : NON \u00e0 la loi sur le service civil<\/h2><\/div><div class=\"button-list-container\"><div class=\"button-list-text\"><p>Dans le texte, il y a des mots difficiles. <br \/>Ils sont <u>soulign\u00e9s<\/u>. <br \/>\u00c0 la fin du texte, il y a une explication.<\/p><h3><strong>De quoi s'agit-il\u00a0?<\/strong><\/h3><p>De nombreux jeunes font leur service militaire.<\/p><p>D'autres font leur service civil. Ils aident\u00a0:<\/p><ul><li>dans les h\u00f4pitaux,<\/li><li>dans les maisons de retraite,<\/li><li>dans les \u00e9coles,<\/li><li>\u00e0 la protection de la nature,<\/li><li>\u00e0 la protection de l'environnement,<\/li><li>dans l'agriculture,<\/li><li>dans les Alpes.<\/li><\/ul><p>Nous avons besoin de ce travail important.<\/p><p>Avec la nouvelle loi, le Parlement veut\u00a0:<\/p><ul><li>plus de soldats,<\/li><li>beaucoup moins de personnes faisant un service civil.<\/li><\/ul><h3><strong>Le PS est contre.<\/strong><\/h3><h3><strong>Raisons<\/strong><strong>\u00a0:<\/strong><\/h3><ol><li><strong> Les seniors et les \u00e9l\u00e8ves<\/strong><\/li><\/ol><p>\u00a0 Le personnel manque. <br \/>Les personnes faisant un service civil aident\u00a0:<\/p><ul><li>dans les h\u00f4pitaux,<\/li><li>dans les maisons de retraite,<\/li><li>dans les \u00e9coles.<\/li><\/ul><p>\u00a0<\/p><ol start=\"2\"><li><strong> Nature<\/strong><\/li><\/ol><p>\u00a0Les <u>personnes en service civil<\/u> aident \u00e0 la protection de la nature.<\/p><ol start=\"3\"><li><strong> Communaut\u00e9<\/strong><\/li><\/ol><p>Si les jeunes hommes ne peuvent pas faire leur service militaire, <br \/>ils effectuent un service civil pour la communaut\u00e9.<\/p><p>Avec la nouvelle loi\u00a0:<\/p><ul><li>Il sera difficile pour les jeunes hommes de passer au service civil.<\/li><li>Le service civil aura moins de valeur.<\/li><\/ul><h3><strong>Le PS veut\u00a0:<\/strong><\/h3><p>Ceux qui ne peuvent pas faire leur service militaire doivent pouvoir faire leur service civil.<\/p><h3><strong>Que peux-tu faire\u00a0?<\/strong><\/h3><p>Participe au vote.<\/p><p><strong>Sur le bulletin de vote, il est \u00e9crit\u00a0:<\/strong> <br \/>\u00ab\u00a0Acceptez-vous la modification du 26 septembre 2025 de la loi f\u00e9d\u00e9rale sur le service civil (LSC) ?\u00a0\u00bb<\/p><p>\u00c9cris\u00a0: <strong>NON<\/strong>.<\/p><h3><strong>Explications des mots<\/strong><\/h3><p><strong>Service civil\u00a0\u00a0\u00a0\u00a0\u00a0\u00a0<\/strong>\u00a0\u00a0\u00a0\u00a0\u00a0\u00a0\u00a0\u00a0\u00a0\u00a0\u00a0\u00a0\u00a0 Les jeunes hommes ne vont pas \u00e0 l'arm\u00e9e. <br \/>\u00a0\u00a0\u00a0\u00a0\u00a0\u00a0\u00a0\u00a0\u00a0\u00a0\u00a0\u00a0\u00a0\u00a0\u00a0\u00a0\u00a0\u00a0\u00a0\u00a0\u00a0\u00a0\u00a0\u00a0\u00a0\u00a0\u00a0\u00a0\u00a0\u00a0\u00a0\u00a0\u00a0\u00a0\u00a0\u00a0\u00a0\u00a0 Ils travaillent dans le domaine social,<br \/>\u00a0\u00a0\u00a0\u00a0\u00a0\u00a0\u00a0\u00a0\u00a0\u00a0\u00a0\u00a0\u00a0\u00a0\u00a0\u00a0\u00a0\u00a0\u00a0\u00a0\u00a0\u00a0\u00a0\u00a0\u00a0\u00a0\u00a0\u00a0\u00a0\u00a0\u00a0\u00a0\u00a0\u00a0\u00a0\u00a0\u00a0\u00a0 par exemple\u00a0:<\/p><ul><li>dans les h\u00f4pitaux,<\/li><li>dans les maisons de retraite,<\/li><li>dans les \u00e9<\/li><\/ul><p><strong>Personnes en service civil\u00a0<\/strong>\u00a0\u00a0 Jeunes hommes faisant un service civil.<\/p><\/div><\/div><\/div>\t\t\t\t<\/div>\n\t\t\t\t<\/div>\n\t\t\t\t\t<\/div>\n\t\t<\/div>\n\t\t\t\t\t<\/div>\n\t\t<\/section>\n\t\t\t\t<\/div>\n\t\t","protected":false},"excerpt":{"rendered":"<p>En langage simplifi\u00e9 : NON \u00e0 la loi sur le service civil Dans le texte, il y a des mots difficiles. Ils sont soulign\u00e9s. \u00c0 la fin du texte, il [&hellip;]<\/p>\n","protected":false},"author":64,"featured_media":0,"parent":0,"menu_order":0,"comment_status":"closed","ping_status":"closed","template":"","meta":{"footnotes":""},"class_list":["post-183234","page","type-page","status-publish","hentry"],"_links":{"self":[{"href":"https:\/\/www.sp-ps.ch\/fr\/wp-json\/wp\/v2\/pages\/183234","targetHints":{"allow":["GET"]}}],"collection":[{"href":"https:\/\/www.sp-ps.ch\/fr\/wp-json\/wp\/v2\/pages"}],"about":[{"href":"https:\/\/www.sp-ps.ch\/fr\/wp-json\/wp\/v2\/types\/page"}],"author":[{"embeddable":true,"href":"https:\/\/www.sp-ps.ch\/fr\/wp-json\/wp\/v2\/users\/64"}],"replies":[{"embeddable":true,"href":"https:\/\/www.sp-ps.ch\/fr\/wp-json\/wp\/v2\/comments?post=183234"}],"version-history":[{"count":3,"href":"https:\/\/www.sp-ps.ch\/fr\/wp-json\/wp\/v2\/pages\/183234\/revisions"}],"predecessor-version":[{"id":183237,"href":"https:\/\/www.sp-ps.ch\/fr\/wp-json\/wp\/v2\/pages\/183234\/revisions\/183237"}],"wp:attachment":[{"href":"https:\/\/www.sp-ps.ch\/fr\/wp-json\/wp\/v2\/media?parent=183234"}],"curies":[{"name":"wp","href":"https:\/\/api.w.org\/{rel}","templated":true}]}}