{"id":30479,"date":"2022-06-30T16:50:45","date_gmt":"2022-06-30T14:50:45","guid":{"rendered":"https:\/\/test.sp-ps.ch\/parti\/ps-60\/"},"modified":"2026-03-12T17:33:55","modified_gmt":"2026-03-12T16:33:55","slug":"ps-60","status":"publish","type":"page","link":"https:\/\/www.sp-ps.ch\/fr\/parti\/ps-60\/","title":{"rendered":"PS60+"},"content":{"rendered":"\t\t<div data-elementor-type=\"wp-page\" data-elementor-id=\"30479\" class=\"elementor elementor-30479 elementor-343\" data-elementor-post-type=\"page\">\n\t\t\t\t\t\t<section class=\"elementor-section elementor-top-section elementor-element elementor-element-6dd51bc elementor-section-boxed elementor-section-height-default elementor-section-height-default\" data-id=\"6dd51bc\" data-element_type=\"section\" data-settings=\"{&quot;jet_parallax_layout_list&quot;:[],&quot;background_background&quot;:&quot;classic&quot;}\">\n\t\t\t\t\t\t<div class=\"elementor-container elementor-column-gap-wide\">\n\t\t\t\t\t<div class=\"elementor-column elementor-col-100 elementor-top-column elementor-element elementor-element-cab9cbd\" data-id=\"cab9cbd\" data-element_type=\"column\">\n\t\t\t<div class=\"elementor-widget-wrap elementor-element-populated\">\n\t\t\t\t\t\t<div class=\"elementor-element elementor-element-14207b6 elementor-widget elementor-widget-heading\" data-id=\"14207b6\" data-element_type=\"widget\" data-widget_type=\"heading.default\">\n\t\t\t\t<div class=\"elementor-widget-container\">\n\t\t\t\t\t<h1 class=\"elementor-heading-title elementor-size-default\">PS60+<\/h1>\t\t\t\t<\/div>\n\t\t\t\t<\/div>\n\t\t\t\t<div class=\"elementor-element elementor-element-71603dd elementor-widget elementor-widget-jet-breadcrumbs\" data-id=\"71603dd\" data-element_type=\"widget\" data-widget_type=\"jet-breadcrumbs.default\">\n\t\t\t\t<div class=\"elementor-widget-container\">\n\t\t\t\t\t<div class=\"elementor-jet-breadcrumbs jet-blocks\">\n\t\t<div class=\"jet-breadcrumbs\">\n\t\t<div class=\"jet-breadcrumbs__content\">\n\t\t<div class=\"jet-breadcrumbs__wrap\">\n\t\t<\/div>\n\t\t<\/div>\n\t\t<\/div><\/div>\t\t\t\t<\/div>\n\t\t\t\t<\/div>\n\t\t\t\t<div class=\"elementor-element elementor-element-a5dafb1 elementor-widget__width-initial elementor-widget elementor-widget-text-editor\" data-id=\"a5dafb1\" data-element_type=\"widget\" data-widget_type=\"text-editor.default\">\n\t\t\t\t<div class=\"elementor-widget-container\">\n\t\t\t\t\t\t\t\t\t<p>Le PS60+ repr\u00e9sente, en fonction de leurs exp\u00e9riences et de leurs modes de vie, la vision des g\u00e9n\u00e9rations plus \u00e2g\u00e9es. Pour autant, il ne limite pas le champ de sa r\u00e9flexion et de ses activit\u00e9s \u00e0 ces g\u00e9n\u00e9rations, mais se veut, au contraire, solidaire des plus jeunes.<\/p>\n\t\t\t\t\t\t\t\t<\/div>\n\t\t\t\t<\/div>\n\t\t\t\t\t<\/div>\n\t\t<\/div>\n\t\t\t\t\t<\/div>\n\t\t<\/section>\n\t\t\t\t<section class=\"elementor-section elementor-top-section elementor-element elementor-element-a66a2d2 elementor-section-full_width elementor-section-height-min-height elementor-section-height-default elementor-section-items-middle\" data-id=\"a66a2d2\" data-element_type=\"section\" data-settings=\"{&quot;jet_parallax_layout_list&quot;:[]}\">\n\t\t\t\t\t\t<div class=\"elementor-container elementor-column-gap-no\">\n\t\t\t\t\t<div class=\"elementor-column elementor-col-100 elementor-top-column elementor-element elementor-element-630adff\" data-id=\"630adff\" data-element_type=\"column\">\n\t\t\t<div class=\"elementor-widget-wrap elementor-element-populated\">\n\t\t\t\t\t\t<div class=\"elementor-element elementor-element-207eb59 elementor-widget elementor-widget-image\" data-id=\"207eb59\" data-element_type=\"widget\" data-widget_type=\"image.default\">\n\t\t\t\t<div class=\"elementor-widget-container\">\n\t\t\t\t\t\t\t\t\t\t\t\t\t\t\t<img fetchpriority=\"high\" decoding=\"async\" width=\"2560\" height=\"1707\" src=\"https:\/\/www.sp-ps.ch\/wp-content\/uploads\/2023\/10\/SP60plus-Startsite-Gruppe-Fahnen-1-scaled.jpg\" class=\"attachment-full size-full wp-image-114395\" alt=\"\" srcset=\"https:\/\/www.sp-ps.ch\/wp-content\/uploads\/2023\/10\/SP60plus-Startsite-Gruppe-Fahnen-1-scaled.jpg 2560w, https:\/\/www.sp-ps.ch\/wp-content\/uploads\/2023\/10\/SP60plus-Startsite-Gruppe-Fahnen-1-300x200.jpg 300w, https:\/\/www.sp-ps.ch\/wp-content\/uploads\/2023\/10\/SP60plus-Startsite-Gruppe-Fahnen-1-1024x683.jpg 1024w, https:\/\/www.sp-ps.ch\/wp-content\/uploads\/2023\/10\/SP60plus-Startsite-Gruppe-Fahnen-1-768x512.jpg 768w, https:\/\/www.sp-ps.ch\/wp-content\/uploads\/2023\/10\/SP60plus-Startsite-Gruppe-Fahnen-1-1536x1024.jpg 1536w, https:\/\/www.sp-ps.ch\/wp-content\/uploads\/2023\/10\/SP60plus-Startsite-Gruppe-Fahnen-1-2048x1365.jpg 2048w\" sizes=\"(max-width: 2560px) 100vw, 2560px\" \/>\t\t\t\t\t\t\t\t\t\t\t\t\t\t\t<\/div>\n\t\t\t\t<\/div>\n\t\t\t\t\t<\/div>\n\t\t<\/div>\n\t\t\t\t\t<\/div>\n\t\t<\/section>\n\t\t\t\t<section class=\"elementor-section elementor-top-section elementor-element elementor-element-6fd44b0 elementor-section-boxed elementor-section-height-default elementor-section-height-default\" data-id=\"6fd44b0\" data-element_type=\"section\" data-settings=\"{&quot;jet_parallax_layout_list&quot;:[]}\">\n\t\t\t\t\t\t<div class=\"elementor-container elementor-column-gap-wide\">\n\t\t\t\t\t<div class=\"elementor-column elementor-col-100 elementor-top-column elementor-element elementor-element-17e6ba6\" data-id=\"17e6ba6\" data-element_type=\"column\">\n\t\t\t<div class=\"elementor-widget-wrap elementor-element-populated\">\n\t\t\t\t\t\t<div class=\"elementor-element elementor-element-21b735d elementor-widget elementor-widget-spps_title_text\" data-id=\"21b735d\" data-element_type=\"widget\" data-widget_type=\"spps_title_text.default\">\n\t\t\t\t<div class=\"elementor-widget-container\">\n\t\t\t\t\t<div class=\"title-text-wrapper wrapper-spacing-default\"><div class=\"title-text-title\"><h2>Nous sommes PS60+<\/h2><\/div><div class=\"title-text-container\"><div class=\"title-text-text\"><p>Le PS60+ repr\u00e9sente, en fonction de leurs exp\u00e9riences et de leurs modes de vie, la vision des g\u00e9n\u00e9rations plus \u00e2g\u00e9es. Pour autant, il ne limite pas le champ de sa r\u00e9flexion et de ses activit\u00e9s \u00e0 ces g\u00e9n\u00e9rations, mais se veut, au contraire, solidaire des plus jeunes. Le PS60+ lutte pour l\u2019\u00e9galit\u00e9 des droits, l\u2019autod\u00e9termination et le respect de la dignit\u00e9 des personnes \u00e2g\u00e9es au sein de la soci\u00e9t\u00e9. Il encourage la participation active des camarades seniors aux \u00e9v\u00e8nements politiques et sociaux. Le PS60+ d\u00e9veloppe et formule les revendications des personnes \u00e2g\u00e9es de 60 ans et plus, \u00e0 l'int\u00e9rieur comme \u00e0 l'ext\u00e9rieur du PS Suisse. Il contribue \u2013 aux \u00e9chelons national, cantonal et local \u2013 \u00e0 promouvoir les valeurs, projets et objectifs politiques du PS Suisse aupr\u00e8s des g\u00e9n\u00e9rations plus \u00e2g\u00e9es.<\/p><\/div><\/div><\/div>\t\t\t\t<\/div>\n\t\t\t\t<\/div>\n\t\t\t\t<div class=\"elementor-element elementor-element-5e55f8b elementor-widget-tablet__width-initial elementor-widget elementor-widget-spps_button_list\" data-id=\"5e55f8b\" data-element_type=\"widget\" data-widget_type=\"spps_button_list.default\">\n\t\t\t\t<div class=\"elementor-widget-container\">\n\t\t\t\t\t<div class=\"button-list-wrapper wrapper-spacing-default  \"><div class=\"button-list-title\"><h2>Actuel<\/h2><\/div><div class=\"button-list-container\"><div class=\"button-list-items\"><div class=\"button-list-item\"><div class=\"button-wrapper \"><a href=\"https:\/\/www.sp-ps.ch\/fr\/artikel\/category\/sp-fr\/ps60\/newsletter-ps60\/newsletter-ps60-fevrier-2026\/\"  target=\"_blank\" class=\"button-link button-link-default\" >Newsletter du PS60+ f\u00e9vrier 2026<span class=\"button-media-date\">15.04.2026<\/span><\/a><\/div><\/div><div class=\"button-list-item\"><div class=\"button-wrapper \"><a href=\"https:\/\/www.sp-ps.ch\/fr\/artikel\/le-ps60-se-bat-pour-lavenir-des-generations-futures\/\"  target=\"_blank\" class=\"button-link button-link-default\" > Le PS60+ se bat pour l\u2019avenir des g\u00e9n\u00e9rations futures en Suisse<span class=\"button-media-date\">30.01.2026<\/span><\/a><\/div><\/div><div class=\"button-list-item\"><div class=\"button-wrapper \"><a href=\"https:\/\/www.sp-ps.ch\/fr\/artikel\/category\/sp-fr\/ps60\/newsletter-ps60\/newsletter-ps60plus-novembre_2025\/\"  target=\"_blank\" class=\"button-link button-link-default\" >Newsletter PS60+ novembre 2025<span class=\"button-media-date\">10.11.2025<\/span><\/a><\/div><\/div><div class=\"button-list-item\"><div class=\"button-wrapper \"><a href=\"https:\/\/www.sp-ps.ch\/fr\/artikel\/category\/sp-fr\/ps60\/newsletter-ps60\/newsletter-ps60-septembre-2025\/\"  target=\"_blank\" class=\"button-link button-link-default\" >Newsletter du PS60+ septembre 2025<span class=\"button-media-date\">15.04.2026<\/span><\/a><\/div><\/div><div class=\"button-list-item\"><div class=\"button-wrapper \"><a href=\"https:\/\/www.sp-ps.ch\/fr\/artikel\/le-ps60-exige-des-reformes-efficaces-pour-un-systeme-de-sante-solidaire\/\"  target=\"_blank\" class=\"button-link button-link-default\" > Le PS60+ exige des r\u00e9formes efficaces pour un syst\u00e8me de sant\u00e9 solidaire<span class=\"button-media-date\">15.04.2026<\/span><\/a><\/div><\/div><div class=\"button-list-item button-list-item-hidden\"><div class=\"button-wrapper \"><a href=\"https:\/\/www.sp-ps.ch\/fr\/artikel\/category\/sp-fr\/ps60\/newsletter-ps60\/newsletter-sp60-juni-2025-fr\/\"  target=\"_blank\" class=\"button-link button-link-default\" >Newsletter du PS60+ juin 2025<span class=\"button-media-date\">15.04.2026<\/span><\/a><\/div><\/div><div class=\"button-list-item button-list-item-hidden\"><div class=\"button-wrapper \"><a href=\"https:\/\/www.sp-ps.ch\/fr\/artikel\/european-day-of-solidarity-la-solution-a-la-crise-climatique-est-evidente\/\"  target=\"_blank\" class=\"button-link button-link-default\" >La solution \u00e0 la crise climatique est \u00e9vidente<span class=\"button-media-date\">15.04.2026<\/span><\/a><\/div><\/div><div class=\"button-list-item button-list-item-hidden\"><div class=\"button-wrapper \"><a href=\"https:\/\/www.sp-ps.ch\/fr\/artikel\/category\/sp-fr\/ps60\/newsletter-ps60\/newsletter-sp60-avril-2025\/\"  target=\"_blank\" class=\"button-link button-link-default\" >Newsletter du PS60+ avril 2025<span class=\"button-media-date\">15.04.2026<\/span><\/a><\/div><\/div><div class=\"button-list-item button-list-item-hidden\"><div class=\"button-wrapper \"><a href=\"https:\/\/www.sp-ps.ch\/fr\/artikel\/category\/newsletter-ps60-novembre-2024\/\"  target=\"_blank\" class=\"button-link button-link-default\" >Newsletter du PS60+ novembre 2024<span class=\"button-media-date\">15.04.2026<\/span><\/a><\/div><\/div><div class=\"button-list-item button-list-item-hidden\"><div class=\"button-wrapper \"><a href=\"https:\/\/www.sp-ps.ch\/fr\/artikel\/numerisation-et-ia-promouvoir-le-meilleur-et-proteger-la-democratie\/\"  target=\"_blank\" class=\"button-link button-link-default\" >Num\u00e9risation et IA \u2013 promouvoir le meilleur et prot\u00e9ger la d\u00e9mocratie<span class=\"button-media-date\">15.04.2026<\/span><\/a><\/div><\/div><div class=\"button-list-item button-list-item-hidden\"><div class=\"button-wrapper \"><a href=\"https:\/\/www.sp-ps.ch\/fr\/artikel\/category\/sp-fr\/ps60\/newsletter-ps60\/newsletter-ps60-aout-2024\/\"  target=\"_blank\" class=\"button-link button-link-default\" >Newsletter du PS60+ ao\u00fbt 2024<span class=\"button-media-date\">15.04.2026<\/span><\/a><\/div><\/div><div class=\"button-list-item button-list-item-hidden\"><div class=\"button-wrapper \"><a href=\"https:\/\/www.sp-ps.ch\/fr\/artikel\/faire-face-a-la-pauvrete-en-suisse\/\"  target=\"_blank\" class=\"button-link button-link-default\" > Faire face \u00e0 la pauvret\u00e9 en Suisse<span class=\"button-media-date\">15.04.2026<\/span><\/a><\/div><\/div><div class=\"button-list-item button-list-item-hidden\"><div class=\"button-wrapper \"><a href=\"https:\/\/www.sp-ps.ch\/fr\/artikel\/category\/sp-fr\/ps60\/newsletter-ps60\/newletter-ps60-avril-2024\/\"  target=\"_blank\" class=\"button-link button-link-default\" > Newsletter PS60+ | avril 2024<span class=\"button-media-date\">15.04.2026<\/span><\/a><\/div><\/div><div class=\"button-list-item button-list-item-hidden\"><div class=\"button-wrapper \"><a href=\"https:\/\/www.sp-ps.ch\/fr\/artikel\/le-ps60-veut-un-acces-automatique-aux-prestations-sociales\/\"  target=\"_blank\" class=\"button-link button-link-default\" > Le PS60+ veut un acc\u00e8s automatique aux prestations sociales<span class=\"button-media-date\">15.04.2026<\/span><\/a><\/div><\/div><div class=\"button-list-item button-list-item-hidden\"><div class=\"button-wrapper \"><a href=\"https:\/\/www.sp-ps.ch\/fr\/artikel\/category\/sp-fr\/ps60\/newsletter-ps60\/newsletter-ps60-5-fevrier-2024\/\"  target=\"_blank\" class=\"button-link button-link-default\" > Newsletter du PS60+ f\u00e9vrier 2024<span class=\"button-media-date\">15.04.2026<\/span><\/a><\/div><\/div><\/div><div class=\"button-list-more\"><div class=\"button-wrapper button-wrapper-right\"><a href=\"#\" class=\"button-link button-link-open button-link-toggle-on\" data-button-list-toggle>Plus<\/a><a href=\"#\" class=\"button-link button-link-close button-link-toggle-off\" data-button-list-toggle>Fermer<\/a><\/div><\/div><\/div><\/div>\t\t\t\t<\/div>\n\t\t\t\t<\/div>\n\t\t\t\t<div class=\"elementor-element elementor-element-e047e85 elementor-widget elementor-widget-spps_button_list\" data-id=\"e047e85\" data-element_type=\"widget\" data-widget_type=\"spps_button_list.default\">\n\t\t\t\t<div class=\"elementor-widget-container\">\n\t\t\t\t\t<div class=\"button-list-wrapper wrapper-spacing-default  \"><div class=\"button-list-title\"><h2>Conf\u00e9rences des membres<\/h2><\/div><div class=\"button-list-container\"><div class=\"button-list-items\"><div class=\"button-list-item\"><div class=\"button-wrapper \"><a href=\"https:\/\/www.sp-ps.ch\/fr\/agenda\/conference-des-membres-du-ps60-2\/\"  target=\"_blank\" class=\"button-link button-link-default\" >Aper\u00e7u de la conf\u00e9rence des membres du 13 juin 2025<span class=\"button-media-date\">15.04.2026<\/span><\/a><\/div><\/div><div class=\"button-list-item\"><div class=\"button-wrapper \"><a href=\"https:\/\/www.sp-ps.ch\/fr\/agenda\/conference-des-membres-du-ps60\/\"  target=\"_blank\" class=\"button-link button-link-default\" >Aper\u00e7u de la conf\u00e9rence des membres du 1 juin 2024<span class=\"button-media-date\">05.02.2024<\/span><\/a><\/div><\/div><\/div><\/div><\/div>\t\t\t\t<\/div>\n\t\t\t\t<\/div>\n\t\t\t\t<div class=\"elementor-element elementor-element-a841e1a elementor-widget elementor-widget-spps_button_list\" data-id=\"a841e1a\" data-element_type=\"widget\" data-widget_type=\"spps_button_list.default\">\n\t\t\t\t<div class=\"elementor-widget-container\">\n\t\t\t\t\t<div class=\"button-list-wrapper wrapper-spacing-default  \"><div class=\"button-list-title\"><h2>Conf\u00e9rences d\u2019automne<\/h2><\/div><div class=\"button-list-container\"><div class=\"button-list-items\"><div class=\"button-list-item\"><div class=\"button-wrapper \"><a href=\"https:\/\/www.sp-ps.ch\/fr\/agenda\/conference-dautomne-du-ps60\/\"  target=\"_blank\" class=\"button-link button-link-default\" >Aper\u00e7u de la conf\u00e9rence d'automne du 28 septembre 2024<span class=\"button-media-date\">05.02.2024<\/span><\/a><\/div><\/div><div class=\"button-list-item\"><div class=\"button-wrapper \"><a href=\"https:\/\/www.sp-ps.ch\/fr\/agenda\/journee-sur-leurope-du-ps60\/\"  target=\"_blank\" class=\"button-link button-link-default\" >Aper\u00e7u de la conf\u00e9rence d'automne du 24 septembre 2022<span class=\"button-media-date\">24.09.2022<\/span><\/a><\/div><\/div><\/div><\/div><\/div>\t\t\t\t<\/div>\n\t\t\t\t<\/div>\n\t\t\t\t<div class=\"elementor-element elementor-element-0e96d48 elementor-widget elementor-widget-spps_button_list\" data-id=\"0e96d48\" data-element_type=\"widget\" data-widget_type=\"spps_button_list.default\">\n\t\t\t\t<div class=\"elementor-widget-container\">\n\t\t\t\t\t<div class=\"button-list-wrapper wrapper-spacing-default  \"><div class=\"button-list-title\"><h2>Faire un don<\/h2><\/div><div class=\"button-list-container\"><div class=\"button-list-items\"><div class=\"button-list-item\"><div class=\"button-wrapper \"><a href=\"https:\/\/www.sp-ps.ch\/fr\/soutiens-les-activites-du-ps60-par-un-don\/\"  target=\"_blank\" class=\"button-link button-link-default\" >Soutenir les activit\u00e9s du PS60+ par un don<span class=\"button-media-date\">31.12.2022<\/span><\/a><\/div><\/div><\/div><\/div><\/div>\t\t\t\t<\/div>\n\t\t\t\t<\/div>\n\t\t\t\t<div class=\"elementor-element elementor-element-0483bce elementor-widget elementor-widget-spps_call_to_action\" data-id=\"0483bce\" data-element_type=\"widget\" data-widget_type=\"spps_call_to_action.default\">\n\t\t\t\t<div class=\"elementor-widget-container\">\n\t\t\t\t\t<div class=\"call-to-action-wrapper wrapper-spacing-default \" style=\"background:#E4002B\" ><div class=\"call-to-action-title\"><h2>Devenir membre du PS60+ !<\/h2><\/div><div class=\"call-to-action-container\"><div class=\"call-to-action-text\"><p>Tu es d\u00e9j\u00e0 membre du PS, tu as plus de 60 ans et tu te sens concern\u00e9(e) ? Deviens gratuitement membre du PS60+.<\/p><\/div><div class=\"call-to-action-buttons call-to-action-buttons-left\"><div class=\"button-wrapper \"><a href=\"https:\/\/www.sp-ps.ch\/fr\/parti\/ps-60\/adherer\/\"  target=\"_blank\" class=\"button-link button-link-default\"  style='color:#E4002B' onMouseOver=\"this.style.color='white';this.style.background='#E4002B'\" onMouseOut=\"this.style.color='#E4002B';this.style.background='#EBEBEB'\">Continuer<\/a><\/div><\/div><\/div><\/div>\t\t\t\t<\/div>\n\t\t\t\t<\/div>\n\t\t\t\t\t<\/div>\n\t\t<\/div>\n\t\t\t\t\t<\/div>\n\t\t<\/section>\n\t\t\t\t<section class=\"elementor-section elementor-top-section elementor-element elementor-element-445ed51 elementor-section-boxed elementor-section-height-default elementor-section-height-default\" data-id=\"445ed51\" data-element_type=\"section\" data-settings=\"{&quot;jet_parallax_layout_list&quot;:[]}\">\n\t\t\t\t\t\t<div class=\"elementor-container elementor-column-gap-default\">\n\t\t\t\t\t<div class=\"elementor-column elementor-col-100 elementor-top-column elementor-element elementor-element-944e8cd\" data-id=\"944e8cd\" data-element_type=\"column\">\n\t\t\t<div class=\"elementor-widget-wrap\">\n\t\t\t\t\t\t\t<\/div>\n\t\t<\/div>\n\t\t\t\t\t<\/div>\n\t\t<\/section>\n\t\t\t\t<\/div>\n\t\t","protected":false},"excerpt":{"rendered":"<p>PS60+ Le PS60+ repr\u00e9sente, en fonction de leurs exp\u00e9riences et de leurs modes de vie, la vision des g\u00e9n\u00e9rations plus \u00e2g\u00e9es. Pour autant, il ne limite pas le champ de [&hellip;]<\/p>\n","protected":false},"author":1,"featured_media":0,"parent":30425,"menu_order":2,"comment_status":"closed","ping_status":"closed","template":"","meta":{"footnotes":""},"class_list":["post-30479","page","type-page","status-publish","hentry"],"_links":{"self":[{"href":"https:\/\/www.sp-ps.ch\/fr\/wp-json\/wp\/v2\/pages\/30479","targetHints":{"allow":["GET"]}}],"collection":[{"href":"https:\/\/www.sp-ps.ch\/fr\/wp-json\/wp\/v2\/pages"}],"about":[{"href":"https:\/\/www.sp-ps.ch\/fr\/wp-json\/wp\/v2\/types\/page"}],"author":[{"embeddable":true,"href":"https:\/\/www.sp-ps.ch\/fr\/wp-json\/wp\/v2\/users\/1"}],"replies":[{"embeddable":true,"href":"https:\/\/www.sp-ps.ch\/fr\/wp-json\/wp\/v2\/comments?post=30479"}],"version-history":[{"count":324,"href":"https:\/\/www.sp-ps.ch\/fr\/wp-json\/wp\/v2\/pages\/30479\/revisions"}],"predecessor-version":[{"id":180078,"href":"https:\/\/www.sp-ps.ch\/fr\/wp-json\/wp\/v2\/pages\/30479\/revisions\/180078"}],"up":[{"embeddable":true,"href":"https:\/\/www.sp-ps.ch\/fr\/wp-json\/wp\/v2\/pages\/30425"}],"wp:attachment":[{"href":"https:\/\/www.sp-ps.ch\/fr\/wp-json\/wp\/v2\/media?parent=30479"}],"curies":[{"name":"wp","href":"https:\/\/api.w.org\/{rel}","templated":true}]}}