{"id":30529,"date":"2022-07-04T10:11:16","date_gmt":"2022-07-04T08:11:16","guid":{"rendered":"https:\/\/test.sp-ps.ch\/parti\/partis-cantonaux\/"},"modified":"2025-03-27T15:02:04","modified_gmt":"2025-03-27T14:02:04","slug":"partis-cantonaux","status":"publish","type":"page","link":"https:\/\/www.sp-ps.ch\/fr\/parti\/partis-cantonaux\/","title":{"rendered":"Partis cantonaux"},"content":{"rendered":"\t\t<div data-elementor-type=\"wp-page\" data-elementor-id=\"30529\" class=\"elementor elementor-30529 elementor-349\" data-elementor-post-type=\"page\">\n\t\t\t\t\t\t<section class=\"elementor-section elementor-top-section elementor-element elementor-element-e318cc7 elementor-section-boxed elementor-section-height-default elementor-section-height-default\" data-id=\"e318cc7\" data-element_type=\"section\" data-settings=\"{&quot;jet_parallax_layout_list&quot;:[],&quot;background_background&quot;:&quot;classic&quot;}\">\n\t\t\t\t\t\t<div class=\"elementor-container elementor-column-gap-wide\">\n\t\t\t\t\t<div class=\"elementor-column elementor-col-100 elementor-top-column elementor-element elementor-element-92a25b1\" data-id=\"92a25b1\" data-element_type=\"column\">\n\t\t\t<div class=\"elementor-widget-wrap elementor-element-populated\">\n\t\t\t\t\t\t<div class=\"elementor-element elementor-element-66a0162 elementor-widget elementor-widget-heading\" data-id=\"66a0162\" data-element_type=\"widget\" data-widget_type=\"heading.default\">\n\t\t\t\t<div class=\"elementor-widget-container\">\n\t\t\t\t\t<h1 class=\"elementor-heading-title elementor-size-default\">Partis cantonaux<\/h1>\t\t\t\t<\/div>\n\t\t\t\t<\/div>\n\t\t\t\t<div class=\"elementor-element elementor-element-58acdf5 elementor-widget elementor-widget-jet-breadcrumbs\" data-id=\"58acdf5\" data-element_type=\"widget\" data-widget_type=\"jet-breadcrumbs.default\">\n\t\t\t\t<div class=\"elementor-widget-container\">\n\t\t\t\t\t<div class=\"elementor-jet-breadcrumbs jet-blocks\">\n\t\t<div class=\"jet-breadcrumbs\">\n\t\t<div class=\"jet-breadcrumbs__content\">\n\t\t<div class=\"jet-breadcrumbs__wrap\">\n\t\t<\/div>\n\t\t<\/div>\n\t\t<\/div><\/div>\t\t\t\t<\/div>\n\t\t\t\t<\/div>\n\t\t\t\t\t<\/div>\n\t\t<\/div>\n\t\t\t\t\t<\/div>\n\t\t<\/section>\n\t\t\t\t<section class=\"elementor-section elementor-top-section elementor-element elementor-element-a548f40 elementor-section-boxed elementor-section-height-default elementor-section-height-default\" data-id=\"a548f40\" data-element_type=\"section\" data-settings=\"{&quot;jet_parallax_layout_list&quot;:[]}\">\n\t\t\t\t\t\t<div class=\"elementor-container elementor-column-gap-default\">\n\t\t\t\t\t<div class=\"elementor-column elementor-col-100 elementor-top-column elementor-element elementor-element-f57cdd6\" data-id=\"f57cdd6\" data-element_type=\"column\">\n\t\t\t<div class=\"elementor-widget-wrap elementor-element-populated\">\n\t\t\t\t\t\t<div class=\"elementor-element elementor-element-d1c51b0 elementor-widget elementor-widget-spps_title_text\" data-id=\"d1c51b0\" data-element_type=\"widget\" data-widget_type=\"spps_title_text.default\">\n\t\t\t\t<div class=\"elementor-widget-container\">\n\t\t\t\t\t<div class=\"title-text-wrapper \"><div class=\"title-text-container\"><div class=\"title-text-text\"><p>\u00a0<\/p><p>Le PS est un parti f\u00e9d\u00e9ralement structur\u00e9 qui avance gr\u00e2ce \u00e0 sa base. Nos quelque 35'000 membres sont regroup\u00e9s dans environ 900 sections et 27 partis cantonaux \u2013 il y en a deux en Valais. Derni\u00e8re arriv\u00e9e, c\u2019est en 2012 que le parti d'Appenzell Rhodes int\u00e9rieures a vu le jour, colorant enfin en rouge la derni\u00e8re tache blanche sur la carte nationale. Depuis ce jour, le PS est repr\u00e9sent\u00e9 dans tous les cantons et demi-cantons.<\/p><\/div><\/div><\/div>\t\t\t\t<\/div>\n\t\t\t\t<\/div>\n\t\t\t\t\t<\/div>\n\t\t<\/div>\n\t\t\t\t\t<\/div>\n\t\t<\/section>\n\t\t\t\t<section class=\"elementor-section elementor-top-section elementor-element elementor-element-e569f31 elementor-section-boxed elementor-section-height-default elementor-section-height-default\" data-id=\"e569f31\" data-element_type=\"section\" data-settings=\"{&quot;jet_parallax_layout_list&quot;:[]}\">\n\t\t\t\t\t\t<div class=\"elementor-container elementor-column-gap-default\">\n\t\t\t\t\t<div class=\"elementor-column elementor-col-100 elementor-top-column elementor-element elementor-element-e076c2c\" data-id=\"e076c2c\" data-element_type=\"column\">\n\t\t\t<div class=\"elementor-widget-wrap elementor-element-populated\">\n\t\t\t\t\t\t<div class=\"elementor-element elementor-element-6487e2c elementor-widget elementor-widget-shortcode\" data-id=\"6487e2c\" data-element_type=\"widget\" data-widget_type=\"shortcode.default\">\n\t\t\t\t<div class=\"elementor-widget-container\">\n\t\t\t\t\t\t\t<div class=\"elementor-shortcode\">    <div class=\"section-map-root\">      <div id=\"map\" data-json=\"https:\/\/www.sp-ps.ch\/wp-content\/plugins\/sp-wp-section-map\/switzerland.json\"  ><\/div>      <div class=\"wrapper empty\"><div id=\"info\"><\/div><img decoding=\"async\" id=\"wappen\" src=\"\" \/><\/div>      <img decoding=\"async\" id=\"reset\" src=\"https:\/\/www.sp-ps.ch\/wp-content\/plugins\/sp-wp-section-map\/ch-wappen\/switzerland.svg\" \/>    <\/div><\/div>\n\t\t\t\t\t\t<\/div>\n\t\t\t\t<\/div>\n\t\t\t\t\t<\/div>\n\t\t<\/div>\n\t\t\t\t\t<\/div>\n\t\t<\/section>\n\t\t\t\t<\/div>\n\t\t","protected":false},"excerpt":{"rendered":"<p>Partis cantonaux \u00a0 Le PS est un parti f\u00e9d\u00e9ralement structur\u00e9 qui avance gr\u00e2ce \u00e0 sa base. Nos quelque 35&#8217;000 membres sont regroup\u00e9s dans environ 900 sections et 27 partis cantonaux [&hellip;]<\/p>\n","protected":false},"author":1,"featured_media":0,"parent":30425,"menu_order":15,"comment_status":"closed","ping_status":"closed","template":"","meta":{"footnotes":""},"class_list":["post-30529","page","type-page","status-publish","hentry"],"_links":{"self":[{"href":"https:\/\/www.sp-ps.ch\/fr\/wp-json\/wp\/v2\/pages\/30529","targetHints":{"allow":["GET"]}}],"collection":[{"href":"https:\/\/www.sp-ps.ch\/fr\/wp-json\/wp\/v2\/pages"}],"about":[{"href":"https:\/\/www.sp-ps.ch\/fr\/wp-json\/wp\/v2\/types\/page"}],"author":[{"embeddable":true,"href":"https:\/\/www.sp-ps.ch\/fr\/wp-json\/wp\/v2\/users\/1"}],"replies":[{"embeddable":true,"href":"https:\/\/www.sp-ps.ch\/fr\/wp-json\/wp\/v2\/comments?post=30529"}],"version-history":[{"count":9,"href":"https:\/\/www.sp-ps.ch\/fr\/wp-json\/wp\/v2\/pages\/30529\/revisions"}],"predecessor-version":[{"id":157265,"href":"https:\/\/www.sp-ps.ch\/fr\/wp-json\/wp\/v2\/pages\/30529\/revisions\/157265"}],"up":[{"embeddable":true,"href":"https:\/\/www.sp-ps.ch\/fr\/wp-json\/wp\/v2\/pages\/30425"}],"wp:attachment":[{"href":"https:\/\/www.sp-ps.ch\/fr\/wp-json\/wp\/v2\/media?parent=30529"}],"curies":[{"name":"wp","href":"https:\/\/api.w.org\/{rel}","templated":true}]}}