{"id":31884,"date":"2022-07-08T14:33:29","date_gmt":"2022-07-08T12:33:29","guid":{"rendered":"https:\/\/test.sp-ps.ch\/parti\/ps-60\/a-propos\/"},"modified":"2026-03-30T18:30:39","modified_gmt":"2026-03-30T16:30:39","slug":"a-propos","status":"publish","type":"page","link":"https:\/\/www.sp-ps.ch\/fr\/parti\/ps-60\/a-propos\/","title":{"rendered":"A propos"},"content":{"rendered":"\t\t<div data-elementor-type=\"wp-page\" data-elementor-id=\"31884\" class=\"elementor elementor-31884 elementor-3307\" data-elementor-post-type=\"page\">\n\t\t\t\t\t\t<section class=\"elementor-section elementor-top-section elementor-element elementor-element-a0ce347 elementor-section-boxed elementor-section-height-default elementor-section-height-default\" data-id=\"a0ce347\" data-element_type=\"section\" data-settings=\"{&quot;jet_parallax_layout_list&quot;:[],&quot;background_background&quot;:&quot;classic&quot;}\">\n\t\t\t\t\t\t<div class=\"elementor-container elementor-column-gap-wide\">\n\t\t\t\t\t<div class=\"elementor-column elementor-col-100 elementor-top-column elementor-element elementor-element-12a47c4\" data-id=\"12a47c4\" data-element_type=\"column\">\n\t\t\t<div class=\"elementor-widget-wrap elementor-element-populated\">\n\t\t\t\t\t\t<div class=\"elementor-element elementor-element-31ff525 elementor-widget elementor-widget-heading\" data-id=\"31ff525\" data-element_type=\"widget\" data-widget_type=\"heading.default\">\n\t\t\t\t<div class=\"elementor-widget-container\">\n\t\t\t\t\t<h1 class=\"elementor-heading-title elementor-size-default\">A propos<\/h1>\t\t\t\t<\/div>\n\t\t\t\t<\/div>\n\t\t\t\t<div class=\"elementor-element elementor-element-43cf9a2 elementor-widget elementor-widget-jet-breadcrumbs\" data-id=\"43cf9a2\" data-element_type=\"widget\" data-widget_type=\"jet-breadcrumbs.default\">\n\t\t\t\t<div class=\"elementor-widget-container\">\n\t\t\t\t\t<div class=\"elementor-jet-breadcrumbs jet-blocks\">\n\t\t<div class=\"jet-breadcrumbs\">\n\t\t<div class=\"jet-breadcrumbs__content\">\n\t\t<div class=\"jet-breadcrumbs__wrap\">\n\t\t<\/div>\n\t\t<\/div>\n\t\t<\/div><\/div>\t\t\t\t<\/div>\n\t\t\t\t<\/div>\n\t\t\t\t\t<\/div>\n\t\t<\/div>\n\t\t\t\t\t<\/div>\n\t\t<\/section>\n\t\t\t\t<section class=\"elementor-section elementor-top-section elementor-element elementor-element-b65792c elementor-section-boxed elementor-section-height-default elementor-section-height-default\" data-id=\"b65792c\" data-element_type=\"section\" data-settings=\"{&quot;jet_parallax_layout_list&quot;:[]}\">\n\t\t\t\t\t\t<div class=\"elementor-container elementor-column-gap-wide\">\n\t\t\t\t\t<div class=\"elementor-column elementor-col-100 elementor-top-column elementor-element elementor-element-34f4319\" data-id=\"34f4319\" data-element_type=\"column\">\n\t\t\t<div class=\"elementor-widget-wrap elementor-element-populated\">\n\t\t\t\t\t\t<div class=\"elementor-element elementor-element-b35c6e1 elementor-widget elementor-widget-spps_person_grid\" data-id=\"b35c6e1\" data-element_type=\"widget\" data-widget_type=\"spps_person_grid.default\">\n\t\t\t\t<div class=\"elementor-widget-container\">\n\t\t\t\t\t<div class=\"button-list-wrapper wrapper-spacing-default\"><div class=\"button-list-title\"><h2>Copr\u00e9sidence<\/h2><\/div><div class=\"button-list-container\"><div class=\"persons persons-grid-2\"><div class=\"persons-items\"><div class=\"persons-item\"><div class=\"person-container\"><div class=\"person-portrait\"><a href=\"https:\/\/www.sp-ps.ch\/fr\/person\/dominique-hausser\/\"><img decoding=\"async\" src=\"https:\/\/www.sp-ps.ch\/wp-content\/uploads\/2023\/06\/CP_DHA_CC2022_v1.2_600x600_72-red.jpg?v=1686328263\" alt=\"Dominique Hausser\" loading=\"lazy\"><\/a><\/div><div class=\"person-content\"><a href=\"https:\/\/www.sp-ps.ch\/fr\/person\/dominique-hausser\/\" class=\"person-name\"><p><strong>Dominique Hausser<\/strong><\/p><\/a><p class=\"person-position\">Copr\u00e9sident PS60+<\/p><ul class=\"person-kontakt list-pills list-pills-grey\"><li><a href=\"mailto:presidence@ps60plus.ch\">E-Mail<\/a><\/li><\/ul><\/div><\/div><\/div><div class=\"persons-item\"><div class=\"person-container\"><div class=\"person-portrait\"><a href=\"https:\/\/www.sp-ps.ch\/fr\/person\/rita-schmid\/\"><img decoding=\"async\" src=\"https:\/\/www.sp-ps.ch\/wp-content\/uploads\/2023\/06\/Schmid_Rita_web-1000x1000-red-600x600.jpg?v=1686328900\" alt=\"Rita Schmid\" loading=\"lazy\"><\/a><\/div><div class=\"person-content\"><a href=\"https:\/\/www.sp-ps.ch\/fr\/person\/rita-schmid\/\" class=\"person-name\"><p><strong>Rita Schmid<\/strong><\/p><\/a><p class=\"person-position\">Copr\u00e9sidente PS60+<\/p><ul class=\"person-kontakt list-pills list-pills-grey\"><li><a href=\"mailto:praesidium@sp60plus.ch\">E-Mail<\/a><\/li><\/ul><\/div><\/div><\/div><\/div><\/div><\/div><\/div>\t\t\t\t<\/div>\n\t\t\t\t<\/div>\n\t\t\t\t<div class=\"elementor-element elementor-element-acbc7e4 elementor-widget elementor-widget-spps_button_list\" data-id=\"acbc7e4\" data-element_type=\"widget\" data-widget_type=\"spps_button_list.default\">\n\t\t\t\t<div class=\"elementor-widget-container\">\n\t\t\t\t\t<div class=\"button-list-wrapper wrapper-spacing-default  \"><div class=\"button-list-title\"><h2>Comit\u00e9 directeur<\/h2><\/div><div class=\"button-list-container\"><div class=\"button-list-text\"><p>Christiane Aeschmann, PS Canton de Berne<\/p><p>Ursula Blaser, PS Canton de Zurich, groupe de travail sant\u00e9<\/p><p>Peter Mathis-J\u00e4ggi, PS Canton de Zurich<\/p><p>Catherine Metford Perroulaz, PS Canton de Gen\u00e8ve<\/p><p>Erwin Roos, PS Canton de Z\u00fcrich<\/p><p>Inge Sch\u00e4dler, PS Canton de Zurich, groupe de travail politique sociale<\/p><\/div><\/div><\/div>\t\t\t\t<\/div>\n\t\t\t\t<\/div>\n\t\t\t\t<div class=\"elementor-element elementor-element-51f6178 elementor-widget elementor-widget-spps_person_grid\" data-id=\"51f6178\" data-element_type=\"widget\" data-widget_type=\"spps_person_grid.default\">\n\t\t\t\t<div class=\"elementor-widget-container\">\n\t\t\t\t\t<div class=\"button-list-wrapper wrapper-spacing-default\"><div class=\"button-list-title\"><h2>Secr\u00e9tariat<\/h2><\/div><div class=\"button-list-container\"><div class=\"persons persons-grid-2\"><div class=\"persons-items\"><div class=\"persons-item\"><div class=\"person-container\"><div class=\"person-portrait\"><a href=\"https:\/\/www.sp-ps.ch\/fr\/person\/werner-kaelin\/\"><img decoding=\"async\" src=\"https:\/\/www.sp-ps.ch\/wp-content\/uploads\/2024\/01\/DSCF4552_quadrat-600x600.jpg?v=1708351847\" alt=\"Werner K\u00e4lin\" loading=\"lazy\"><\/a><\/div><div class=\"person-content\"><a href=\"https:\/\/www.sp-ps.ch\/fr\/person\/werner-kaelin\/\" class=\"person-name\"><p><strong>Werner K\u00e4lin<\/strong><\/p><\/a><p class=\"person-position\">Secr\u00e9taire du PS60+ et PS Migrant-es<\/p><ul class=\"person-kontakt list-pills list-pills-grey\"><li><a href=\"tel:+41313296968\">+41 31 329 69 68<\/a><\/li><li><a href=\"mailto:werner.kaelin@spschweiz.ch\">E-Mail<\/a><\/li><\/ul><\/div><\/div><\/div><\/div><\/div><\/div><\/div>\t\t\t\t<\/div>\n\t\t\t\t<\/div>\n\t\t\t\t<div class=\"elementor-element elementor-element-b4833e4 elementor-widget elementor-widget-spps_button_list\" data-id=\"b4833e4\" data-element_type=\"widget\" data-widget_type=\"spps_button_list.default\">\n\t\t\t\t<div class=\"elementor-widget-container\">\n\t\t\t\t\t<div class=\"button-list-wrapper wrapper-spacing-default  \"><div class=\"button-list-title\"><h2>Groupes cantonaux du PS60+<\/h2><\/div><div class=\"button-list-container\"><div class=\"button-list-items\"><div class=\"button-list-item\"><\/div><div class=\"button-list-item\"><div class=\"button-wrapper \"><a href=\"https:\/\/sp-aargau.ch\/partei\/sp-60\/\"  target=\"_blank\" class=\"button-link button-link-default\" >PS60+ Argovie<span class=\"button-media-date\">14.04.2026<\/span><\/a><\/div><\/div><div class=\"button-list-item\"><div class=\"button-wrapper \"><a href=\"https:\/\/spbe.ch\/partei\/sp-60-kanton-bern\/\"  target=\"_blank\" class=\"button-link button-link-default\" >PS60+ Berne<span class=\"button-media-date\">14.04.2026<\/span><\/a><\/div><\/div><div class=\"button-list-item\"><div class=\"button-wrapper \"><a href=\"https:\/\/sp-bl.ch\/partei\/sp-60-bl\/\"  target=\"_blank\" class=\"button-link button-link-default\" >PS60+ B\u00e2le-Campagne<span class=\"button-media-date\">14.04.2026<\/span><\/a><\/div><\/div><div class=\"button-list-item\"><div class=\"button-wrapper \"><a href=\"https:\/\/sp-bs.ch\/sp-60-bs\/\"  target=\"_blank\" class=\"button-link button-link-default\" >PS60+ B\u00e2le-Ville<span class=\"button-media-date\">14.04.2026<\/span><\/a><\/div><\/div><div class=\"button-list-item\"><div class=\"button-wrapper \"><a href=\"https:\/\/psf60plus.ch\/fr\/\"  target=\"_blank\" class=\"button-link button-link-default\" >PS60+ Fribourg<span class=\"button-media-date\">14.04.2026<\/span><\/a><\/div><\/div><div class=\"button-list-item\"><div class=\"button-wrapper \"><a href=\"https:\/\/ps-ge.ch\/ps-60plus\"  target=\"_blank\" class=\"button-link button-link-default\" >PS60+ Gen\u00e8ve<span class=\"button-media-date\">14.04.2026<\/span><\/a><\/div><\/div><div class=\"button-list-item\"><div class=\"button-wrapper \"><a href=\"https:\/\/www.psju.ch\/psj60\/\"  target=\"_blank\" class=\"button-link button-link-default\" >PS60+ Jura<span class=\"button-media-date\">14.04.2026<\/span><\/a><\/div><\/div><div class=\"button-list-item\"><div class=\"button-wrapper \"><a href=\"https:\/\/sp-luzern.ch\/partei\/sp-60\/\"  target=\"_blank\" class=\"button-link button-link-default\" >PS60+ Lucerne<span class=\"button-media-date\">14.04.2026<\/span><\/a><\/div><\/div><div class=\"button-list-item\"><div class=\"button-wrapper \"><a href=\"https:\/\/www.spschwyz.ch\/sp-60\"  target=\"_blank\" class=\"button-link button-link-default\" >PS60+ Schwyz<span class=\"button-media-date\">14.04.2026<\/span><\/a><\/div><\/div><div class=\"button-list-item\"><div class=\"button-wrapper \"><a href=\"https:\/\/www.sp-ps.ch\/wp-content\/uploads\/2024\/01\/TI-PS60-Bericht-2024-01-11.pdf\"  target=\"_blank\" class=\"button-link button-link-download\" >PS60+ Tessin<span class=\"button-media-date\">14.04.2026<\/span><\/a><\/div><\/div><div class=\"button-list-item\"><div class=\"button-wrapper \"><a href=\"https:\/\/sp-tg.ch\/blog\/2021\/06\/28\/sp60-thurgau-offiziell-gegruendet\/\"  target=\"_blank\" class=\"button-link button-link-default\" >PS60+ Thurgovie<span class=\"button-media-date\">14.04.2026<\/span><\/a><\/div><\/div><div class=\"button-list-item\"><div class=\"button-wrapper \"><a href=\"https:\/\/www.sp-ps.ch\/wp-content\/uploads\/2024\/01\/VD_Reglement-PS60VD_231102.pdf\"  target=\"_blank\" class=\"button-link button-link-download\" >PS60+ Vaud<span class=\"button-media-date\">14.04.2026<\/span><\/a><\/div><\/div><div class=\"button-list-item\"><div class=\"button-wrapper \"><a href=\"https:\/\/sp-zug.ch\/partei\/sp60-kanton-zug\/\"  target=\"_blank\" class=\"button-link button-link-default\" >PS60+ Zoug<span class=\"button-media-date\">14.04.2026<\/span><\/a><\/div><\/div><div class=\"button-list-item\"><div class=\"button-wrapper \"><a href=\"https:\/\/60.spkantonzh.ch\/ueber-uns\/sp-60\/\"  target=\"_self\" class=\"button-link button-link-default\" >PS60+ Zurich<span class=\"button-media-date\">14.04.2026<\/span><\/a><\/div><\/div><\/div><\/div><\/div>\t\t\t\t<\/div>\n\t\t\t\t<\/div>\n\t\t\t\t\t<\/div>\n\t\t<\/div>\n\t\t\t\t\t<\/div>\n\t\t<\/section>\n\t\t\t\t<section class=\"elementor-section elementor-top-section elementor-element elementor-element-821c42c elementor-section-boxed elementor-section-height-default elementor-section-height-default\" data-id=\"821c42c\" data-element_type=\"section\" data-settings=\"{&quot;jet_parallax_layout_list&quot;:[]}\">\n\t\t\t\t\t\t<div class=\"elementor-container elementor-column-gap-default\">\n\t\t\t\t\t<div class=\"elementor-column elementor-col-100 elementor-top-column elementor-element elementor-element-e2e89bf\" data-id=\"e2e89bf\" data-element_type=\"column\">\n\t\t\t<div class=\"elementor-widget-wrap elementor-element-populated\">\n\t\t\t\t\t\t<div class=\"elementor-element elementor-element-e5fe8e3 elementor-widget elementor-widget-spps_button_list\" data-id=\"e5fe8e3\" data-element_type=\"widget\" data-widget_type=\"spps_button_list.default\">\n\t\t\t\t<div class=\"elementor-widget-container\">\n\t\t\t\t\t<div class=\"button-list-wrapper wrapper-spacing-default  \"><div class=\"button-list-title\"><h2>Groupes de travail<\/h2><\/div><div class=\"button-list-container\"><div class=\"button-list-items\"><div class=\"button-list-item\"><div class=\"button-wrapper \"><a href=\"https:\/\/www.sp-ps.ch\/wp-content\/uploads\/2025\/05\/SP60_Wahlen2025_Praesidien_Arbeitsgruppen_Sozialpolitik_f.pdf\"  target=\"_blank\" class=\"button-link button-link-download\" >Groupe de travail sur la politique sociale : programme annuel<span class=\"button-media-date\">14.04.2026<\/span><\/a><\/div><\/div><div class=\"button-list-item\"><div class=\"button-wrapper \"><a href=\"https:\/\/www.sp-ps.ch\/wp-content\/uploads\/2025\/05\/SP60_Wahlen2025_Praesidien_Arbeitsgruppen_Gesundheit_f.pdf\"  target=\"_blank\" class=\"button-link button-link-download\" >Groupe de travail sur la sant\u00e9 : programme annuel<span class=\"button-media-date\">14.04.2026<\/span><\/a><\/div><\/div><div class=\"button-list-item\"><div class=\"button-wrapper \"><a href=\"https:\/\/www.sp-ps.ch\/wp-content\/uploads\/2024\/01\/ESO-Jahresbericht-2023.pdf\"  target=\"_blank\" class=\"button-link button-link-download\" >R\u00e8glement des groupes de travail (en allemand)<span class=\"button-media-date\">14.04.2026<\/span><\/a><\/div><\/div><\/div><\/div><\/div>\t\t\t\t<\/div>\n\t\t\t\t<\/div>\n\t\t\t\t\t<\/div>\n\t\t<\/div>\n\t\t\t\t\t<\/div>\n\t\t<\/section>\n\t\t\t\t<\/div>\n\t\t","protected":false},"excerpt":{"rendered":"<p>A propos Copr\u00e9sidence Dominique Hausser Co-Pr\u00e4sident SP60+ E-Mail Rita Schmid Co-Pr\u00e4sidentin SP60+ E-Mail Comit\u00e9 directeur Christiane Aeschmann, PS Canton de Berne Ursula Blaser, PS Canton de Zurich, groupe de travail [&hellip;]<\/p>\n","protected":false},"author":1,"featured_media":0,"parent":30479,"menu_order":3,"comment_status":"closed","ping_status":"closed","template":"","meta":{"footnotes":""},"class_list":["post-31884","page","type-page","status-publish","hentry"],"_links":{"self":[{"href":"https:\/\/www.sp-ps.ch\/fr\/wp-json\/wp\/v2\/pages\/31884","targetHints":{"allow":["GET"]}}],"collection":[{"href":"https:\/\/www.sp-ps.ch\/fr\/wp-json\/wp\/v2\/pages"}],"about":[{"href":"https:\/\/www.sp-ps.ch\/fr\/wp-json\/wp\/v2\/types\/page"}],"author":[{"embeddable":true,"href":"https:\/\/www.sp-ps.ch\/fr\/wp-json\/wp\/v2\/users\/1"}],"replies":[{"embeddable":true,"href":"https:\/\/www.sp-ps.ch\/fr\/wp-json\/wp\/v2\/comments?post=31884"}],"version-history":[{"count":78,"href":"https:\/\/www.sp-ps.ch\/fr\/wp-json\/wp\/v2\/pages\/31884\/revisions"}],"predecessor-version":[{"id":181226,"href":"https:\/\/www.sp-ps.ch\/fr\/wp-json\/wp\/v2\/pages\/31884\/revisions\/181226"}],"up":[{"embeddable":true,"href":"https:\/\/www.sp-ps.ch\/fr\/wp-json\/wp\/v2\/pages\/30479"}],"wp:attachment":[{"href":"https:\/\/www.sp-ps.ch\/fr\/wp-json\/wp\/v2\/media?parent=31884"}],"curies":[{"name":"wp","href":"https:\/\/api.w.org\/{rel}","templated":true}]}}