{"id":32067,"date":"2023-04-03T16:59:06","date_gmt":"2023-04-03T14:59:06","guid":{"rendered":"https:\/\/test.sp-ps.ch\/ce-que-nous-defendons\/dossiers-a-z\/numerisation\/"},"modified":"2024-09-16T09:43:25","modified_gmt":"2024-09-16T07:43:25","slug":"numerisation","status":"publish","type":"page","link":"https:\/\/www.sp-ps.ch\/fr\/nos-positions\/dossiers-a-z\/numerisation\/","title":{"rendered":"Num\u00e9risation"},"content":{"rendered":"\t\t<div data-elementor-type=\"wp-page\" data-elementor-id=\"32067\" class=\"elementor elementor-32067 elementor-16727\" data-elementor-post-type=\"page\">\n\t\t\t\t\t\t<section class=\"elementor-section elementor-top-section elementor-element elementor-element-b29a9c2 elementor-section-boxed elementor-section-height-default elementor-section-height-default\" data-id=\"b29a9c2\" data-element_type=\"section\" data-settings=\"{&quot;jet_parallax_layout_list&quot;:[],&quot;background_background&quot;:&quot;classic&quot;}\">\n\t\t\t\t\t\t<div class=\"elementor-container elementor-column-gap-wide\">\n\t\t\t\t\t<div class=\"elementor-column elementor-col-100 elementor-top-column elementor-element elementor-element-3a2f6d4\" data-id=\"3a2f6d4\" data-element_type=\"column\">\n\t\t\t<div class=\"elementor-widget-wrap elementor-element-populated\">\n\t\t\t\t\t\t<div class=\"elementor-element elementor-element-9637b78 elementor-widget elementor-widget-heading\" data-id=\"9637b78\" data-element_type=\"widget\" data-widget_type=\"heading.default\">\n\t\t\t\t<div class=\"elementor-widget-container\">\n\t\t\t\t\t<h1 class=\"elementor-heading-title elementor-size-default\">Num\u00e9risation<\/h1>\t\t\t\t<\/div>\n\t\t\t\t<\/div>\n\t\t\t\t<div class=\"elementor-element elementor-element-c0f37a6 elementor-widget elementor-widget-jet-breadcrumbs\" data-id=\"c0f37a6\" data-element_type=\"widget\" data-widget_type=\"jet-breadcrumbs.default\">\n\t\t\t\t<div class=\"elementor-widget-container\">\n\t\t\t\t\t<div class=\"elementor-jet-breadcrumbs jet-blocks\">\n\t\t<div class=\"jet-breadcrumbs\">\n\t\t<div class=\"jet-breadcrumbs__content\">\n\t\t<div class=\"jet-breadcrumbs__wrap\">\n\t\t<\/div>\n\t\t<\/div>\n\t\t<\/div><\/div>\t\t\t\t<\/div>\n\t\t\t\t<\/div>\n\t\t\t\t<div class=\"elementor-element elementor-element-e3d29b8 elementor-widget__width-initial elementor-widget elementor-widget-text-editor\" data-id=\"e3d29b8\" data-element_type=\"widget\" data-widget_type=\"text-editor.default\">\n\t\t\t\t<div class=\"elementor-widget-container\">\n\t\t\t\t\t\t\t\t\t<p><span style=\"font-family: Arial, serif;\"><span lang=\"fr-CH\">La num\u00e9risation s&#8217;immisce dans presque tous les domaines de la vie. C&#8217;est pourquoi un Internet performant et une bonne infrastructure num\u00e9rique font partie du service public et doivent \u00eatre ouverts \u00e0 toutes et tous. <\/span><\/span><\/p>\t\t\t\t\t\t\t\t<\/div>\n\t\t\t\t<\/div>\n\t\t\t\t\t<\/div>\n\t\t<\/div>\n\t\t\t\t\t<\/div>\n\t\t<\/section>\n\t\t\t\t<section class=\"elementor-section elementor-top-section elementor-element elementor-element-4949f8d elementor-section-full_width elementor-section-height-min-height elementor-section-height-default elementor-section-items-middle\" data-id=\"4949f8d\" data-element_type=\"section\" data-settings=\"{&quot;jet_parallax_layout_list&quot;:[]}\">\n\t\t\t\t\t\t<div class=\"elementor-container elementor-column-gap-no\">\n\t\t\t\t\t<div class=\"elementor-column elementor-col-100 elementor-top-column elementor-element elementor-element-044ad4b\" data-id=\"044ad4b\" data-element_type=\"column\">\n\t\t\t<div class=\"elementor-widget-wrap elementor-element-populated\">\n\t\t\t\t\t\t<div class=\"elementor-element elementor-element-4c6f095 elementor-widget elementor-widget-image\" data-id=\"4c6f095\" data-element_type=\"widget\" data-widget_type=\"image.default\">\n\t\t\t\t<div class=\"elementor-widget-container\">\n\t\t\t\t\t\t\t\t\t\t\t\t\t\t\t<img fetchpriority=\"high\" decoding=\"async\" width=\"2400\" height=\"2400\" src=\"https:\/\/www.sp-ps.ch\/wp-content\/uploads\/2022\/06\/umberto-deb2EnbWPr8-unsplash.jpg\" class=\"attachment-full size-full wp-image-14429\" alt=\"\" srcset=\"https:\/\/www.sp-ps.ch\/wp-content\/uploads\/2022\/06\/umberto-deb2EnbWPr8-unsplash.jpg 2400w, https:\/\/www.sp-ps.ch\/wp-content\/uploads\/2022\/06\/umberto-deb2EnbWPr8-unsplash-300x300.jpg 300w, https:\/\/www.sp-ps.ch\/wp-content\/uploads\/2022\/06\/umberto-deb2EnbWPr8-unsplash-1024x1024.jpg 1024w, https:\/\/www.sp-ps.ch\/wp-content\/uploads\/2022\/06\/umberto-deb2EnbWPr8-unsplash-150x150.jpg 150w, https:\/\/www.sp-ps.ch\/wp-content\/uploads\/2022\/06\/umberto-deb2EnbWPr8-unsplash-768x768.jpg 768w, https:\/\/www.sp-ps.ch\/wp-content\/uploads\/2022\/06\/umberto-deb2EnbWPr8-unsplash-1536x1536.jpg 1536w, https:\/\/www.sp-ps.ch\/wp-content\/uploads\/2022\/06\/umberto-deb2EnbWPr8-unsplash-2048x2048.jpg 2048w, https:\/\/www.sp-ps.ch\/wp-content\/uploads\/2022\/06\/umberto-deb2EnbWPr8-unsplash-1000x1000.jpg 1000w, https:\/\/www.sp-ps.ch\/wp-content\/uploads\/2022\/06\/umberto-deb2EnbWPr8-unsplash-600x600.jpg 600w\" sizes=\"(max-width: 2400px) 100vw, 2400px\" \/>\t\t\t\t\t\t\t\t\t\t\t\t\t\t\t<\/div>\n\t\t\t\t<\/div>\n\t\t\t\t\t<\/div>\n\t\t<\/div>\n\t\t\t\t\t<\/div>\n\t\t<\/section>\n\t\t\t\t<section class=\"elementor-section elementor-top-section elementor-element elementor-element-9a7556f elementor-section-boxed elementor-section-height-default elementor-section-height-default\" data-id=\"9a7556f\" data-element_type=\"section\" data-settings=\"{&quot;jet_parallax_layout_list&quot;:[]}\">\n\t\t\t\t\t\t<div class=\"elementor-container elementor-column-gap-default\">\n\t\t\t\t\t<div class=\"elementor-column elementor-col-100 elementor-top-column elementor-element elementor-element-deca3f3\" data-id=\"deca3f3\" data-element_type=\"column\">\n\t\t\t<div class=\"elementor-widget-wrap\">\n\t\t\t\t\t\t\t<\/div>\n\t\t<\/div>\n\t\t\t\t\t<\/div>\n\t\t<\/section>\n\t\t\t\t<section class=\"elementor-section elementor-top-section elementor-element elementor-element-4923a57 elementor-section-boxed elementor-section-height-default elementor-section-height-default\" data-id=\"4923a57\" data-element_type=\"section\" data-settings=\"{&quot;jet_parallax_layout_list&quot;:[]}\">\n\t\t\t\t\t\t<div class=\"elementor-container elementor-column-gap-wide\">\n\t\t\t\t\t<div class=\"elementor-column elementor-col-100 elementor-top-column elementor-element elementor-element-d5bc095\" data-id=\"d5bc095\" data-element_type=\"column\">\n\t\t\t<div class=\"elementor-widget-wrap elementor-element-populated\">\n\t\t\t\t\t\t<div class=\"elementor-element elementor-element-7791e95 elementor-widget elementor-widget-spps_button_list\" data-id=\"7791e95\" data-element_type=\"widget\" data-widget_type=\"spps_button_list.default\">\n\t\t\t\t<div class=\"elementor-widget-container\">\n\t\t\t\t\t<div class=\"button-list-wrapper wrapper-spacing-default  \"><div class=\"button-list-title\"><h2>Num\u00e9risation<\/h2><\/div><div class=\"button-list-container\"><div class=\"button-list-text\"><p>Un Internet performant et une bonne infrastructure num\u00e9rique font partie du service public. L'espace num\u00e9rique doit \u00eatre un lieu de libre communication qui permet \u00e0 tout un chacun de participer \u00e0 la vie sociale, culturelle, politique et \u00e9conomique. La num\u00e9risation ne doit pas conduire \u00e0 une d\u00e9t\u00e9rioration des conditions de travail. Il faut des offres de formation continue cibl\u00e9es qui garantissent que les gens ne soient pas exclus du processus de travail en raison de la num\u00e9risation. Toutes les personnes, y compris celles en situation de handicap, doivent pouvoir b\u00e9n\u00e9ficier des avantages de la num\u00e9risation. La num\u00e9risation doit faire progresser la d\u00e9mocratisation de l'\u00e9conomie. Le racisme, la discrimination en tout genre, la pornographie enfantine ainsi que la violation de la protection des donn\u00e9es et des droits de la personnalit\u00e9 doivent \u00eatre sanctionn\u00e9s.<\/p><p>\u00a0<\/p><h3>Le PS Suisse \u00e9met les revendications suivantes\u00a0:<\/h3><ul><li>Le libre acc\u00e8s \u00e0 des infrastructures performantes doit \u00eatre garanti pour toutes et tous, partout et \u00e0 tout moment. Il faut investir suffisamment dans les infrastructures ;<\/li><li>Les entreprises informatiques comme Google, Amazon, Facebook ou Alphabet doivent payer des imp\u00f4ts l\u00e0 o\u00f9 elles cr\u00e9ent de la valeur (\u00ab\u00a0imp\u00f4t GAFA\u00a0\u00bb) ;<\/li><li>Les comp\u00e9tences dans l'utilisation des m\u00e9dias sociaux et la conscience critique de la protection des donn\u00e9es doivent \u00eatre transmises \u00e0 tous les niveaux de formation.<\/li><\/ul><\/div><\/div><\/div>\t\t\t\t<\/div>\n\t\t\t\t<\/div>\n\t\t\t\t\t<\/div>\n\t\t<\/div>\n\t\t\t\t\t<\/div>\n\t\t<\/section>\n\t\t\t\t<section class=\"elementor-section elementor-top-section elementor-element elementor-element-345c6aa elementor-section-boxed elementor-section-height-default elementor-section-height-default\" data-id=\"345c6aa\" data-element_type=\"section\" data-settings=\"{&quot;jet_parallax_layout_list&quot;:[]}\">\n\t\t\t\t\t\t<div class=\"elementor-container elementor-column-gap-default\">\n\t\t\t\t\t<div class=\"elementor-column elementor-col-100 elementor-top-column elementor-element elementor-element-ee6ac9d\" data-id=\"ee6ac9d\" data-element_type=\"column\">\n\t\t\t<div class=\"elementor-widget-wrap elementor-element-populated\">\n\t\t\t\t\t\t<div class=\"elementor-element elementor-element-7ffdb44 elementor-widget elementor-widget-spps_button_list\" data-id=\"7ffdb44\" data-element_type=\"widget\" data-widget_type=\"spps_button_list.default\">\n\t\t\t\t<div class=\"elementor-widget-container\">\n\t\t\t\t\t<div class=\"button-list-wrapper wrapper-spacing-small  \"><div class=\"button-list-title\"><h3>Positions<\/h3><\/div><div class=\"button-list-container\"><div class=\"button-list-items\"><div class=\"button-list-item\"><div class=\"button-wrapper \"><a href=\"https:\/\/www.sp-ps.ch\/wp-content\/uploads\/2025\/11\/Les-Big-Tech_Un-danger-pour-la-democratie.pdf\"  target=\"_self\" class=\"button-link button-link-download\" >Les Big Tech: Un danger pour la d\u00e9mocratie? (2025)<span class=\"button-media-date\">25.11.2025<\/span><\/a><\/div><\/div><div class=\"button-list-item\"><div class=\"button-wrapper \"><a href=\"https:\/\/www.sp-ps.ch\/wp-content\/uploads\/2025\/10\/2025-10-15-Vernehmlassungsantwort-der-SP-Schweiz-VO-E-ID.pdf\"  target=\"_self\" class=\"button-link button-link-download\" >Ordonnance sur l\u2019e-ID (2025) &#091;en allemand&#093;<span class=\"button-media-date\">14.10.2025<\/span><\/a><\/div><\/div><div class=\"button-list-item\"><div class=\"button-wrapper \"><a href=\"https:\/\/www.sp-ps.ch\/wp-content\/uploads\/2025\/09\/2025-09-12-Vernehmlassungsantwort-der-SP-Schweiz-VNL-Aenderung-RVOG.pdf\"  target=\"_self\" class=\"button-link button-link-download\" >protection des donn\u00e9es des personnes morales par les organes f\u00e9d\u00e9raux (2025) &#091;en allemand&#093;<span class=\"button-media-date\">11.09.2025<\/span><\/a><\/div><\/div><div class=\"button-list-item\"><div class=\"button-wrapper \"><a href=\"https:\/\/www.sp-ps.ch\/wp-content\/uploads\/2025\/06\/2026-06-23-Vernehmlassungsantwort-der-SP-Schweiz_Breitbandstrategie_Breitbandfoerdergesetz.pdf\"  target=\"_self\" class=\"button-link button-link-download\" >Loi f\u00e9d\u00e9rale sur la promotion du d\u00e9ploiement d\u2019infrastructures pour le haut d\u00e9bit (2025) &#091;en allemand&#093;<span class=\"button-media-date\">19.06.2025<\/span><\/a><\/div><\/div><div class=\"button-list-item\"><div class=\"button-wrapper \"><a href=\"https:\/\/www.sp-ps.ch\/wp-content\/uploads\/2024\/09\/PapierPosition_Regulation-des-systemes-IA-FR.pdf\"  target=\"_self\" class=\"button-link button-link-download\" >Papier de position: r\u00e9glementation des Syst\u00e8mes d'IA (2024)<span class=\"button-media-date\">13.09.2024<\/span><\/a><\/div><\/div><div class=\"button-list-item button-list-item-hidden\"><div class=\"button-wrapper \"><a href=\"https:\/\/www.sp-ps.ch\/wp-content\/uploads\/2024\/05\/2024-04-18-Vernehmlassungsantwort-der-SP-Schweiz-Geoinformationsgesetz.pdf\"  target=\"_self\" class=\"button-link button-link-download\" >Cadastre des conduites Suisse (2024) &#091;en allemand&#093;<span class=\"button-media-date\">07.05.2024<\/span><\/a><\/div><\/div><div class=\"button-list-item button-list-item-hidden\"><div class=\"button-wrapper \"><a href=\"https:\/\/www.sp-ps.ch\/wp-content\/uploads\/2023\/10\/2023-10-07-Vernehmlassungsantwort-SP-Schweiz_Soziale-Medien.pdf\"  target=\"_self\" class=\"button-link button-link-download\" >Utilisation des m\u00e9dias sociaux par l\u2019administration f\u00e9d\u00e9rale (2023) &#091;en allemand&#093;<span class=\"button-media-date\">11.10.2023<\/span><\/a><\/div><\/div><div class=\"button-list-item button-list-item-hidden\"><div class=\"button-wrapper \"><a href=\"https:\/\/www.sp-ps.ch\/wp-content\/uploads\/2023\/10\/2023-10-06-Vernehmlassungsantwort-SP-Schweiz_-Verordnung-Jugendschutz.pdf\"  target=\"_self\" class=\"button-link button-link-download\" >Protection des mineurs dans les secteurs du film et du jeu vid\u00e9o (2023) &#091;en allemand&#093;<span class=\"button-media-date\">11.10.2023<\/span><\/a><\/div><\/div><div class=\"button-list-item button-list-item-hidden\"><div class=\"button-wrapper \"><a href=\"https:\/\/www.sp-ps.ch\/wp-content\/uploads\/2023\/08\/20230326-Vernehmlassungsantwort-SP-Schweiz_Elektronische-Komm.Mittel-in-int.-Zivilprozessen.pdf\"  target=\"_self\" class=\"button-link button-link-download\" >Communication \u00e9lectroniques dans les proc\u00e9dures civiles transfrontali\u00e8res (2022) &#091;en allemand&#093;<span class=\"button-media-date\">28.08.2023<\/span><\/a><\/div><\/div><div class=\"button-list-item button-list-item-hidden\"><div class=\"button-wrapper \"><a href=\"https:\/\/www.sp-ps.ch\/wp-content\/uploads\/2023\/05\/2023-04-24-Vernehmlassungsantwort-SP-Schweiz_HRegV_jga.pdf\"  target=\"_self\" class=\"button-link button-link-download\" >Modification ordonnance sur le registre du commerce et VOSTRA (2023) &#091;en allemand&#093;<span class=\"button-media-date\">11.05.2023<\/span><\/a><\/div><\/div><div class=\"button-list-item button-list-item-hidden\"><\/div><\/div><div class=\"button-list-more\"><div class=\"button-wrapper button-wrapper-right\"><a href=\"#\" class=\"button-link button-link-open button-link-toggle-on\" data-button-list-toggle>Plus<\/a><a href=\"#\" class=\"button-link button-link-close button-link-toggle-off\" data-button-list-toggle>Fermer<\/a><\/div><\/div><\/div><\/div>\t\t\t\t<\/div>\n\t\t\t\t<\/div>\n\t\t\t\t\t<\/div>\n\t\t<\/div>\n\t\t\t\t\t<\/div>\n\t\t<\/section>\n\t\t\t\t<section class=\"elementor-section elementor-top-section elementor-element elementor-element-49d66dc elementor-section-boxed elementor-section-height-default elementor-section-height-default\" data-id=\"49d66dc\" data-element_type=\"section\" data-settings=\"{&quot;jet_parallax_layout_list&quot;:[]}\">\n\t\t\t\t\t\t<div class=\"elementor-container elementor-column-gap-default\">\n\t\t\t\t\t<div class=\"elementor-column elementor-col-100 elementor-top-column elementor-element elementor-element-db19bf3\" data-id=\"db19bf3\" data-element_type=\"column\">\n\t\t\t<div class=\"elementor-widget-wrap elementor-element-populated\">\n\t\t\t\t\t\t<div class=\"elementor-element elementor-element-98f96cf elementor-widget elementor-widget-spps_call_to_action\" data-id=\"98f96cf\" data-element_type=\"widget\" data-widget_type=\"spps_call_to_action.default\">\n\t\t\t\t<div class=\"elementor-widget-container\">\n\t\t\t\t\t<div class=\"call-to-action-wrapper wrapper-spacing-default \" style=\"background:#E4002B\" ><div class=\"call-to-action-title\"><h2>Commission th\u00e9matique \u00ab&nbsp;Politique digitale et des donn\u00e9es&nbsp;\u00bb<\/h2><\/div><div class=\"call-to-action-container\"><div class=\"call-to-action-text\"><p>Les commissions th\u00e9matiques d\u00e9veloppent les connaissances th\u00e9matiques sp\u00e9cifiques du parti. Elles coordonnent et soutiennent la politique du PS dans les domaines politiques essentiels - au niveau national, cantonal et communal.<\/p><p>Es-tu int\u00e9ress\u00e9(e) \u00e0 t'engager dans la commission th\u00e9matique \u00ab Politique digitale et des donn\u00e9es \u00bb ?<\/p><\/div><div class=\"call-to-action-buttons call-to-action-buttons-left\"><div class=\"button-wrapper \"><a href=\"https:\/\/www.sp-ps.ch\/fr\/parti\/commissions-thematiques\/politique-digitale-et-des-donnees\/\"  target=\"_self\" class=\"button-link button-link-default\"  style='color:#E4002B' onMouseOver=\"this.style.color='white';this.style.background='#E4002B'\" onMouseOut=\"this.style.color='#E4002B';this.style.background='#EBEBEB'\">Plus d'informations sur la commission th\u00e9matique<\/a><\/div><\/div><\/div><\/div>\t\t\t\t<\/div>\n\t\t\t\t<\/div>\n\t\t\t\t\t<\/div>\n\t\t<\/div>\n\t\t\t\t\t<\/div>\n\t\t<\/section>\n\t\t\t\t<\/div>\n\t\t","protected":false},"excerpt":{"rendered":"<p>Num\u00e9risation La num\u00e9risation s&#8217;immisce dans presque tous les domaines de la vie. C&#8217;est pourquoi un Internet performant et une bonne infrastructure num\u00e9rique font partie du service public et doivent \u00eatre [&hellip;]<\/p>\n","protected":false},"author":1,"featured_media":0,"parent":17197,"menu_order":1,"comment_status":"closed","ping_status":"closed","template":"","meta":{"footnotes":""},"class_list":["post-32067","page","type-page","status-publish","hentry"],"_links":{"self":[{"href":"https:\/\/www.sp-ps.ch\/fr\/wp-json\/wp\/v2\/pages\/32067","targetHints":{"allow":["GET"]}}],"collection":[{"href":"https:\/\/www.sp-ps.ch\/fr\/wp-json\/wp\/v2\/pages"}],"about":[{"href":"https:\/\/www.sp-ps.ch\/fr\/wp-json\/wp\/v2\/types\/page"}],"author":[{"embeddable":true,"href":"https:\/\/www.sp-ps.ch\/fr\/wp-json\/wp\/v2\/users\/1"}],"replies":[{"embeddable":true,"href":"https:\/\/www.sp-ps.ch\/fr\/wp-json\/wp\/v2\/comments?post=32067"}],"version-history":[{"count":49,"href":"https:\/\/www.sp-ps.ch\/fr\/wp-json\/wp\/v2\/pages\/32067\/revisions"}],"predecessor-version":[{"id":142225,"href":"https:\/\/www.sp-ps.ch\/fr\/wp-json\/wp\/v2\/pages\/32067\/revisions\/142225"}],"up":[{"embeddable":true,"href":"https:\/\/www.sp-ps.ch\/fr\/wp-json\/wp\/v2\/pages\/17197"}],"wp:attachment":[{"href":"https:\/\/www.sp-ps.ch\/fr\/wp-json\/wp\/v2\/media?parent=32067"}],"curies":[{"name":"wp","href":"https:\/\/api.w.org\/{rel}","templated":true}]}}