{"id":67246,"date":"2017-09-04T00:00:00","date_gmt":"2017-09-03T22:00:00","guid":{"rendered":"https:\/\/test.sp-ps.ch\/autres-points-de-contact\/"},"modified":"2024-08-29T12:16:21","modified_gmt":"2024-08-29T10:16:21","slug":"autres-points-de-contact","status":"publish","type":"page","link":"https:\/\/www.sp-ps.ch\/fr\/autres-points-de-contact\/","title":{"rendered":"Autres points de contact"},"content":{"rendered":"\t\t<div data-elementor-type=\"wp-post\" data-elementor-id=\"67246\" class=\"elementor elementor-67246 elementor-66820\" data-elementor-post-type=\"page\">\n\t\t\t\t\t\t<section class=\"elementor-section elementor-top-section elementor-element elementor-element-62f6b305985ec elementor-section-boxed elementor-section-height-default elementor-section-height-default\" data-id=\"62f6b305985ec\" data-element_type=\"section\" data-settings=\"{&quot;jet_parallax_layout_list&quot;:[],&quot;background_background&quot;:&quot;classic&quot;}\">\n\t\t\t\t\t\t<div class=\"elementor-container elementor-column-gap-wide\">\n\t\t\t\t\t<div class=\"elementor-column elementor-col-100 elementor-top-column elementor-element elementor-element-62f6b305985ed\" data-id=\"62f6b305985ed\" data-element_type=\"column\">\n\t\t\t<div class=\"elementor-widget-wrap elementor-element-populated\">\n\t\t\t\t\t\t<div class=\"elementor-element elementor-element-62f6b30598562 elementor-widget elementor-widget-heading\" data-id=\"62f6b30598562\" data-element_type=\"widget\" data-widget_type=\"heading.default\">\n\t\t\t\t<div class=\"elementor-widget-container\">\n\t\t\t\t\t<h1 class=\"elementor-heading-title elementor-size-default\">Autres points de contact<\/h1>\t\t\t\t<\/div>\n\t\t\t\t<\/div>\n\t\t\t\t<div class=\"elementor-element elementor-element-62f6b305985d1 elementor-widget elementor-widget-jet-breadcrumbs\" data-id=\"62f6b305985d1\" data-element_type=\"widget\" data-widget_type=\"jet-breadcrumbs.default\">\n\t\t\t\t<div class=\"elementor-widget-container\">\n\t\t\t\t\t<div class=\"elementor-jet-breadcrumbs jet-blocks\">\n\t\t<div class=\"jet-breadcrumbs\">\n\t\t<div class=\"jet-breadcrumbs__content\">\n\t\t<div class=\"jet-breadcrumbs__wrap\">\n\t\t<\/div>\n\t\t<\/div>\n\t\t<\/div><\/div>\t\t\t\t<\/div>\n\t\t\t\t<\/div>\n\t\t\t\t<div class=\"elementor-element elementor-element-62f6b305985e9 elementor-widget__width-initial elementor-widget elementor-widget-text-editor\" data-id=\"62f6b305985e9\" data-element_type=\"widget\" data-widget_type=\"text-editor.default\">\n\t\t\t\t<div class=\"elementor-widget-container\">\n\t\t\t\t\t\t\t\t\tLe r\u00e9seau du PS International recouvre la plan\u00e8te. En plus de ses diff\u00e9rentes antennes, il est pr\u00e9sent dans d\u2019autres lieux,  sur les cinq continents :\t\t\t\t\t\t\t\t<\/div>\n\t\t\t\t<\/div>\n\t\t\t\t\t<\/div>\n\t\t<\/div>\n\t\t\t\t\t<\/div>\n\t\t<\/section>\n\t\t\t\t<section class=\"elementor-section elementor-top-section elementor-element elementor-element-62f6b305985ef elementor-section-boxed elementor-section-height-default elementor-section-height-default\" data-id=\"62f6b305985ef\" data-element_type=\"section\" data-settings=\"{&quot;jet_parallax_layout_list&quot;:[]}\">\n\t\t\t\t\t\t<div class=\"elementor-container elementor-column-gap-default\">\n\t\t\t\t\t<div class=\"elementor-column elementor-col-100 elementor-top-column elementor-element elementor-element-62f6b305985f0\" data-id=\"62f6b305985f0\" data-element_type=\"column\">\n\t\t\t<div class=\"elementor-widget-wrap elementor-element-populated\">\n\t\t\t\t\t\t<div class=\"elementor-element elementor-element-62f6b305985f1 elementor-widget elementor-widget-spacer\" data-id=\"62f6b305985f1\" data-element_type=\"widget\" data-widget_type=\"spacer.default\">\n\t\t\t\t<div class=\"elementor-widget-container\">\n\t\t\t\t\t\t\t<div class=\"elementor-spacer\">\n\t\t\t<div class=\"elementor-spacer-inner\"><\/div>\n\t\t<\/div>\n\t\t\t\t\t\t<\/div>\n\t\t\t\t<\/div>\n\t\t\t\t\t<\/div>\n\t\t<\/div>\n\t\t\t\t\t<\/div>\n\t\t<\/section>\n\t\t\t\t<section class=\"elementor-section elementor-top-section elementor-element elementor-element-62f6b305985f2 elementor-section-boxed elementor-section-height-default elementor-section-height-default\" data-id=\"62f6b305985f2\" data-element_type=\"section\" data-settings=\"{&quot;jet_parallax_layout_list&quot;:[]}\">\n\t\t\t\t\t\t<div class=\"elementor-container elementor-column-gap-no\">\n\t\t\t\t\t<div class=\"elementor-column elementor-col-100 elementor-top-column elementor-element elementor-element-62f6b305985f3\" data-id=\"62f6b305985f3\" data-element_type=\"column\">\n\t\t\t<div class=\"elementor-widget-wrap elementor-element-populated\">\n\t\t\t\t\t\t<div class=\"elementor-element elementor-element-62f6b30594899 elementor-widget elementor-widget-text-editor\" data-id=\"62f6b30594899\" data-element_type=\"widget\" data-widget_type=\"text-editor.default\">\n\t\t\t\t<div class=\"elementor-widget-container\">\n\t\t\t\t\t\t\t\t\t<h5>Europe<\/h5><p><u>Allemagne, Francfort<\/u>: <a href=\"mailto:Kochsimon@gmx.net\">Simon Koch<\/a>, t\u00e9l. +49 176 240 17 913<\/p><p><u>Allemagne, Munich<\/u>: <a href=\"mailto:mielikki.albeverio@posteo.de\">Mielikki Albeverio<\/a><\/p><p><u>Allemagne, Oberbayern-Chiemgau<\/u>: <a href=\"mailto:felix.biegel@me.com\">Felix Biegel<\/a>, t\u00e9l. +41 79 961 94 67<\/p><p><u>Angleterre, London<\/u>: <a href=\"mailto:elisabeth.veya@gmail.com\">Elisabeth Veya<\/a>, t\u00e9l. +44 75 01 64 71 09<\/p><p><u><u>Autriche, Vienne<\/u><\/u>: <a href=\"mailto:nicolai.wohlmuth@gdg-kmsfb.at\">Nicolai Wohlmuth<\/a>, t\u00e9l. +43 66 46\u00a014 53 84<\/p><p><u>Bulgarie, Sofia<\/u>:\u00a0<a href=\"mailto:franziskabieri@yahoo.com\">Franziska Bieri<\/a>, t\u00e9l. +359 878 705 164<\/p><p><u>Espagne, Alicante<\/u>: <a href=\"mailto:susann@musicquality.ch\">Susann Sch\u00fchle<\/a>, t\u00e9l. +34 618 71 09 85<\/p><p><u>France, Paris<\/u>: <a href=\"mailto:rivaele4@gmail.com\">Elena Akar-Riva<\/a>, t\u00e9l. +33 6 42 76 88 78<\/p><p><u>Irlande, Dublin<\/u>: <a href=\"mailto:Roland.Erne@ucd.ie\">Roland Erne<\/a>, t\u00e9l. +353 1 716 47 46<\/p><p><u>Pays-bas, Harleem<\/u>: <a href=\"mailto:thoos@hetnet.nl\">Raoul Thoos<\/a>, t\u00e9l. +31\u00a023 527 32 95<\/p><p><u>Portugal, Luz \/ Lagos<\/u>: <a href=\"mailto:dstreich@icloud.com\">Daniel Streich<\/a>, t\u00e9l. +351 934 926 269<\/p><h5>Am\u00e9rique latine, Am\u00e9rique du nord et les Cara\u00efbes<\/h5><p><u>Argentine, Buenos Aires<\/u>: <a href=\"mailto:consorcios@schwab.com.ar\">Juan Carlos Schwab<\/a>, t\u00e9l. +54 11 52 35 10 86<\/p><p><u>Br\u00e9sil, Sao Paolo<\/u>: <a href=\"mailto:b.grueninger@bsdconsulting.com\">Beat Gr\u00fcninger<\/a>, t\u00e9l. +55 11 813 94 968<\/p><p><u>Canada, Montr\u00e9al<\/u>, <a href=\"mailto:yvestouonca@gmail.com\">Yves Touon<\/a>, t\u00e9l. +1 514 738 24 25<\/p><p><u>Etats-Unis, New York<\/u>: <a href=\"mailto:kkrienke@gmail.com\">Kai Krienke<\/a>, t\u00e9l. +1 917 915 1691<\/p><p><u>Nicaragua, Managua<\/u>: <a href=\"mailto:gianella@ibw.com.ni\">Nicoletta Gianella<\/a>, t\u00e9l. +505 88 50 10 17<\/p><h5>Afrique<\/h5><p><u>Gambia, Serrekunda<\/u>: <a href=\"mailto:jboillat@utg.edu.gm\">Jacques Boillat<\/a><\/p><p><u>Afrique du Sud, Claremont, Le Cap<\/u>: <a href=\"mailto:thierryluescher@hotmail.com\">Thierry Luescher<\/a>, t\u00e9l. +27 83 350 59 59<\/p><h5>Asie<\/h5><p><u>Hong Kong<\/u>: <a href=\"mailto:tobiasbran@gmail.com\">Tobias Brandner<\/a>, t\u00e9l. +852 96 84 58 96<\/p><p><u>Japon, Tokyo<\/u>: <a href=\"mailto:pascal.lottaz@gmail.com\">Pascal Lottaz<\/a>, t\u00e9l. +81 80 90 41 13 13<\/p><p><u>Cambodge, Phnom Penh<\/u>: <a href=\"mailto:anna.katulu@gmail.com\">Anna Katulu<\/a>, t\u00e9l. +85 512 68 55 14<\/p><p><u>Tha\u00eflande, Chiang Mai<\/u>: <a href=\"mailto:urs-frey@gmx.ch\">Urs Frey<\/a>, t\u00e9l. +66 85 345 49 58<\/p><h5>Australie<\/h5><p><u>Sydney<\/u>: <a href=\"mailto:oerele@yahoo.fr\">Reto Oechslin<\/a>, t\u00e9l. +61 451 033 946<\/p><p>Dans le cas o\u00f9 vous vivriez \u00e0 proximit\u00e9 de l\u2019une de ces personnes, n\u2019h\u00e9sitez pas \u00e0 entrer en contact avec elle et \u00e0 cr\u00e9er, ensemble, une nouvelle antenne du PS International.<\/p>\t\t\t\t\t\t\t\t<\/div>\n\t\t\t\t<\/div>\n\t\t\t\t\t<\/div>\n\t\t<\/div>\n\t\t\t\t\t<\/div>\n\t\t<\/section>\n\t\t\t\t<\/div>\n\t\t","protected":false},"excerpt":{"rendered":"<p>Le r\u00e9seau du PS International recouvre la plan\u00e8te. En plus de ses diff\u00e9rentes antennes, il est pr\u00e9sent dans d\u2019autres lieux,  sur les cinq continents :<\/p>\n","protected":false},"author":1,"featured_media":0,"parent":0,"menu_order":0,"comment_status":"open","ping_status":"closed","template":"","meta":{"footnotes":""},"class_list":["post-67246","page","type-page","status-publish","hentry"],"_links":{"self":[{"href":"https:\/\/www.sp-ps.ch\/fr\/wp-json\/wp\/v2\/pages\/67246","targetHints":{"allow":["GET"]}}],"collection":[{"href":"https:\/\/www.sp-ps.ch\/fr\/wp-json\/wp\/v2\/pages"}],"about":[{"href":"https:\/\/www.sp-ps.ch\/fr\/wp-json\/wp\/v2\/types\/page"}],"author":[{"embeddable":true,"href":"https:\/\/www.sp-ps.ch\/fr\/wp-json\/wp\/v2\/users\/1"}],"replies":[{"embeddable":true,"href":"https:\/\/www.sp-ps.ch\/fr\/wp-json\/wp\/v2\/comments?post=67246"}],"version-history":[{"count":3,"href":"https:\/\/www.sp-ps.ch\/fr\/wp-json\/wp\/v2\/pages\/67246\/revisions"}],"predecessor-version":[{"id":141161,"href":"https:\/\/www.sp-ps.ch\/fr\/wp-json\/wp\/v2\/pages\/67246\/revisions\/141161"}],"wp:attachment":[{"href":"https:\/\/www.sp-ps.ch\/fr\/wp-json\/wp\/v2\/media?parent=67246"}],"curies":[{"name":"wp","href":"https:\/\/api.w.org\/{rel}","templated":true}]}}