{"id":67252,"date":"2015-02-22T15:09:36","date_gmt":"2015-02-22T14:09:36","guid":{"rendered":"https:\/\/test.sp-ps.ch\/plateforme-electorale\/"},"modified":"2022-11-08T14:13:29","modified_gmt":"2022-11-08T13:13:29","slug":"plateforme-electorale","status":"publish","type":"page","link":"https:\/\/www.sp-ps.ch\/fr\/plateforme-electorale\/","title":{"rendered":"Plateforme \u00e9lectorale"},"content":{"rendered":"\t\t<div data-elementor-type=\"wp-post\" data-elementor-id=\"67252\" class=\"elementor elementor-67252 elementor-66838\" data-elementor-post-type=\"page\">\n\t\t\t\t\t\t<section class=\"elementor-section elementor-top-section elementor-element elementor-element-62f6b30c245dc elementor-section-boxed elementor-section-height-default elementor-section-height-default\" data-id=\"62f6b30c245dc\" data-element_type=\"section\" data-settings=\"{&quot;jet_parallax_layout_list&quot;:[],&quot;background_background&quot;:&quot;classic&quot;}\">\n\t\t\t\t\t\t<div class=\"elementor-container elementor-column-gap-wide\">\n\t\t\t\t\t<div class=\"elementor-column elementor-col-100 elementor-top-column elementor-element elementor-element-62f6b30c245dd\" data-id=\"62f6b30c245dd\" data-element_type=\"column\">\n\t\t\t<div class=\"elementor-widget-wrap elementor-element-populated\">\n\t\t\t\t\t\t<div class=\"elementor-element elementor-element-62f6b30c24552 elementor-widget elementor-widget-heading\" data-id=\"62f6b30c24552\" data-element_type=\"widget\" data-widget_type=\"heading.default\">\n\t\t\t\t<div class=\"elementor-widget-container\">\n\t\t\t\t\t<h1 class=\"elementor-heading-title elementor-size-default\">Plateforme \u00e9lectorale 2015<\/h1>\t\t\t\t<\/div>\n\t\t\t\t<\/div>\n\t\t\t\t<div class=\"elementor-element elementor-element-62f6b30c245c0 elementor-widget elementor-widget-jet-breadcrumbs\" data-id=\"62f6b30c245c0\" data-element_type=\"widget\" data-widget_type=\"jet-breadcrumbs.default\">\n\t\t\t\t<div class=\"elementor-widget-container\">\n\t\t\t\t\t<div class=\"elementor-jet-breadcrumbs jet-blocks\">\n\t\t<div class=\"jet-breadcrumbs\">\n\t\t<div class=\"jet-breadcrumbs__content\">\n\t\t<div class=\"jet-breadcrumbs__wrap\">\n\t\t<\/div>\n\t\t<\/div>\n\t\t<\/div><\/div>\t\t\t\t<\/div>\n\t\t\t\t<\/div>\n\t\t\t\t<div class=\"elementor-element elementor-element-62f6b30c245d9 elementor-widget__width-initial elementor-widget elementor-widget-text-editor\" data-id=\"62f6b30c245d9\" data-element_type=\"widget\" data-widget_type=\"text-editor.default\">\n\t\t\t\t<div class=\"elementor-widget-container\">\n\t\t\t\t\t\t\t\t\tNotre campagne pour les \u00e9lections f\u00e9d\u00e9rales est bas\u00e9e sur de notre plateforme \u00e9lectorale. Elle comporte dix propositions concr\u00e8tes, dix propositions montrant comment nous comptons marquer la r\u00e9alit\u00e9 du sceau de nos id\u00e9aux et de nos valeurs. Nous nous battons pour des retraites solides et durables, des logements abordables et des salaires desquels l\u2019on puisse vivre dignement. Facile \u00e0 comprendre, mais pas forc\u00e9ment \u00e0 r\u00e9aliser.\t\t\t\t\t\t\t\t<\/div>\n\t\t\t\t<\/div>\n\t\t\t\t\t<\/div>\n\t\t<\/div>\n\t\t\t\t\t<\/div>\n\t\t<\/section>\n\t\t\t\t<section class=\"elementor-section elementor-top-section elementor-element elementor-element-62f6b30c245de elementor-section-boxed elementor-section-height-default elementor-section-height-default\" data-id=\"62f6b30c245de\" data-element_type=\"section\" data-settings=\"{&quot;jet_parallax_layout_list&quot;:[]}\">\n\t\t\t\t\t\t<div class=\"elementor-container elementor-column-gap-default\">\n\t\t\t\t\t<div class=\"elementor-column elementor-col-100 elementor-top-column elementor-element elementor-element-62f6b30c245df\" data-id=\"62f6b30c245df\" data-element_type=\"column\">\n\t\t\t<div class=\"elementor-widget-wrap elementor-element-populated\">\n\t\t\t\t\t\t<div class=\"elementor-element elementor-element-62f6b30c245e1 elementor-widget elementor-widget-spacer\" data-id=\"62f6b30c245e1\" data-element_type=\"widget\" data-widget_type=\"spacer.default\">\n\t\t\t\t<div class=\"elementor-widget-container\">\n\t\t\t\t\t\t\t<div class=\"elementor-spacer\">\n\t\t\t<div class=\"elementor-spacer-inner\"><\/div>\n\t\t<\/div>\n\t\t\t\t\t\t<\/div>\n\t\t\t\t<\/div>\n\t\t\t\t\t<\/div>\n\t\t<\/div>\n\t\t\t\t\t<\/div>\n\t\t<\/section>\n\t\t\t\t<section class=\"elementor-section elementor-top-section elementor-element elementor-element-62f6b30c245e4 elementor-section-boxed elementor-section-height-default elementor-section-height-default\" data-id=\"62f6b30c245e4\" data-element_type=\"section\" data-settings=\"{&quot;jet_parallax_layout_list&quot;:[]}\">\n\t\t\t\t\t\t<div class=\"elementor-container elementor-column-gap-no\">\n\t\t\t\t\t<div class=\"elementor-column elementor-col-100 elementor-top-column elementor-element elementor-element-62f6b30c245e5\" data-id=\"62f6b30c245e5\" data-element_type=\"column\">\n\t\t\t<div class=\"elementor-widget-wrap elementor-element-populated\">\n\t\t\t\t\t\t<div class=\"elementor-element elementor-element-62f6b30c13048 elementor-widget elementor-widget-text-editor\" data-id=\"62f6b30c13048\" data-element_type=\"widget\" data-widget_type=\"text-editor.default\">\n\t\t\t\t<div class=\"elementor-widget-container\">\n\t\t\t\t\t\t\t\t\t<br>\n\t\t\t\t\t\t\t\t<\/div>\n\t\t\t\t<\/div>\n\t\t\t\t<div class=\"elementor-element elementor-element-62f6b30c20767 elementor-widget elementor-widget-spps_button_list\" data-id=\"62f6b30c20767\" data-element_type=\"widget\" data-widget_type=\"spps_button_list.default\">\n\t\t\t\t<div class=\"elementor-widget-container\">\n\t\t\t\t\t<div class=\"button-list-wrapper wrapper-spacing-small  \"><div class=\"button-list-title\"><h3>Documents<\/h3><\/div><div class=\"button-list-container\"><div class=\"button-list-items\"><div class=\"button-list-item\"><div class=\"button-wrapper \"><a href=\"https:\/\/www.sp-ps.ch\/wp-content\/uploads\/2015\/02\/plateforme_electorale_2015.pdf\"  target=\"_self\" class=\"button-link button-link-default\" >Plateforme \u00e9lectorale 2015 du PS en PDF<span class=\"button-media-date\">06.05.2026<\/span><\/a><\/div><\/div><\/div><\/div><\/div>\t\t\t\t<\/div>\n\t\t\t\t<\/div>\n\t\t\t\t\t<\/div>\n\t\t<\/div>\n\t\t\t\t\t<\/div>\n\t\t<\/section>\n\t\t\t\t<\/div>\n\t\t","protected":false},"excerpt":{"rendered":"<p>Notre campagne est bas\u00e9e sur de notre plateforme \u00e9lectorale. Elle comporte dix propositions montrant comment nous comptons marquer la r\u00e9alit\u00e9 du sceau de nos id\u00e9aux et de nos valeurs.<\/p>\n","protected":false},"author":1,"featured_media":0,"parent":0,"menu_order":0,"comment_status":"open","ping_status":"closed","template":"","meta":{"footnotes":""},"class_list":["post-67252","page","type-page","status-publish","hentry"],"_links":{"self":[{"href":"https:\/\/www.sp-ps.ch\/fr\/wp-json\/wp\/v2\/pages\/67252","targetHints":{"allow":["GET"]}}],"collection":[{"href":"https:\/\/www.sp-ps.ch\/fr\/wp-json\/wp\/v2\/pages"}],"about":[{"href":"https:\/\/www.sp-ps.ch\/fr\/wp-json\/wp\/v2\/types\/page"}],"author":[{"embeddable":true,"href":"https:\/\/www.sp-ps.ch\/fr\/wp-json\/wp\/v2\/users\/1"}],"replies":[{"embeddable":true,"href":"https:\/\/www.sp-ps.ch\/fr\/wp-json\/wp\/v2\/comments?post=67252"}],"version-history":[{"count":3,"href":"https:\/\/www.sp-ps.ch\/fr\/wp-json\/wp\/v2\/pages\/67252\/revisions"}],"predecessor-version":[{"id":84676,"href":"https:\/\/www.sp-ps.ch\/fr\/wp-json\/wp\/v2\/pages\/67252\/revisions\/84676"}],"wp:attachment":[{"href":"https:\/\/www.sp-ps.ch\/fr\/wp-json\/wp\/v2\/media?parent=67252"}],"curies":[{"name":"wp","href":"https:\/\/api.w.org\/{rel}","templated":true}]}}