{"id":67253,"date":"2015-09-15T00:00:00","date_gmt":"2015-09-14T22:00:00","guid":{"rendered":"https:\/\/test.sp-ps.ch\/voter-mode-demploi\/"},"modified":"2015-09-15T00:00:00","modified_gmt":"2015-09-14T22:00:00","slug":"voter-mode-demploi","status":"publish","type":"page","link":"https:\/\/www.sp-ps.ch\/fr\/voter-mode-demploi\/","title":{"rendered":"Voter : mode d&#8217;emploi"},"content":{"rendered":"\t\t<div data-elementor-type=\"wp-post\" data-elementor-id=\"67253\" class=\"elementor elementor-67253 elementor-66837\" data-elementor-post-type=\"page\">\n\t\t\t\t\t\t<section class=\"elementor-section elementor-top-section elementor-element elementor-element-62f6b30ff2eb9 elementor-section-boxed elementor-section-height-default elementor-section-height-default\" data-id=\"62f6b30ff2eb9\" data-element_type=\"section\" data-settings=\"{&quot;jet_parallax_layout_list&quot;:[],&quot;background_background&quot;:&quot;classic&quot;}\">\n\t\t\t\t\t\t<div class=\"elementor-container elementor-column-gap-wide\">\n\t\t\t\t\t<div class=\"elementor-column elementor-col-100 elementor-top-column elementor-element elementor-element-62f6b30ff2eba\" data-id=\"62f6b30ff2eba\" data-element_type=\"column\">\n\t\t\t<div class=\"elementor-widget-wrap elementor-element-populated\">\n\t\t\t\t\t\t<div class=\"elementor-element elementor-element-62f6b30ff2e10 elementor-widget elementor-widget-heading\" data-id=\"62f6b30ff2e10\" data-element_type=\"widget\" data-widget_type=\"heading.default\">\n\t\t\t\t<div class=\"elementor-widget-container\">\n\t\t\t\t\t<h1 class=\"elementor-heading-title elementor-size-default\">Voter : mode d&#8217;emploi<\/h1>\t\t\t\t<\/div>\n\t\t\t\t<\/div>\n\t\t\t\t<div class=\"elementor-element elementor-element-62f6b30ff2e9e elementor-widget elementor-widget-jet-breadcrumbs\" data-id=\"62f6b30ff2e9e\" data-element_type=\"widget\" data-widget_type=\"jet-breadcrumbs.default\">\n\t\t\t\t<div class=\"elementor-widget-container\">\n\t\t\t\t\t<div class=\"elementor-jet-breadcrumbs jet-blocks\">\n\t\t<div class=\"jet-breadcrumbs\">\n\t\t<div class=\"jet-breadcrumbs__content\">\n\t\t<div class=\"jet-breadcrumbs__wrap\">\n\t\t<\/div>\n\t\t<\/div>\n\t\t<\/div><\/div>\t\t\t\t<\/div>\n\t\t\t\t<\/div>\n\t\t\t\t<div class=\"elementor-element elementor-element-62f6b30ff2eb7 elementor-widget__width-initial elementor-widget elementor-widget-text-editor\" data-id=\"62f6b30ff2eb7\" data-element_type=\"widget\" data-widget_type=\"text-editor.default\">\n\t\t\t\t<div class=\"elementor-widget-container\">\n\t\t\t\t\t\t\t\t\tPour que votre voix en faveur du PS soit comptabilis\u00e9e, vous devez pr\u00eater attention \u00e0 quelques points. Nous avons donc compos\u00e9 une br\u00e8ve notice explicative contenant les principales choses \u00e0 savoir. La marche \u00e0 suivre peut diff\u00e9rer l\u00e9g\u00e8rement d\u2019un canton \u00e0 l\u2019autre.\t\t\t\t\t\t\t\t<\/div>\n\t\t\t\t<\/div>\n\t\t\t\t\t<\/div>\n\t\t<\/div>\n\t\t\t\t\t<\/div>\n\t\t<\/section>\n\t\t\t\t<section class=\"elementor-section elementor-top-section elementor-element elementor-element-62f6b30ff2ebb elementor-section-boxed elementor-section-height-default elementor-section-height-default\" data-id=\"62f6b30ff2ebb\" data-element_type=\"section\" data-settings=\"{&quot;jet_parallax_layout_list&quot;:[]}\">\n\t\t\t\t\t\t<div class=\"elementor-container elementor-column-gap-default\">\n\t\t\t\t\t<div class=\"elementor-column elementor-col-100 elementor-top-column elementor-element elementor-element-62f6b30ff2ebc\" data-id=\"62f6b30ff2ebc\" data-element_type=\"column\">\n\t\t\t<div class=\"elementor-widget-wrap elementor-element-populated\">\n\t\t\t\t\t\t<div class=\"elementor-element elementor-element-62f6b30ff2ebd elementor-widget elementor-widget-spacer\" data-id=\"62f6b30ff2ebd\" data-element_type=\"widget\" data-widget_type=\"spacer.default\">\n\t\t\t\t<div class=\"elementor-widget-container\">\n\t\t\t\t\t\t\t<div class=\"elementor-spacer\">\n\t\t\t<div class=\"elementor-spacer-inner\"><\/div>\n\t\t<\/div>\n\t\t\t\t\t\t<\/div>\n\t\t\t\t<\/div>\n\t\t\t\t\t<\/div>\n\t\t<\/div>\n\t\t\t\t\t<\/div>\n\t\t<\/section>\n\t\t\t\t<section class=\"elementor-section elementor-top-section elementor-element elementor-element-62f6b30ff2ec0 elementor-section-boxed elementor-section-height-default elementor-section-height-default\" data-id=\"62f6b30ff2ec0\" data-element_type=\"section\" data-settings=\"{&quot;jet_parallax_layout_list&quot;:[]}\">\n\t\t\t\t\t\t<div class=\"elementor-container elementor-column-gap-no\">\n\t\t\t\t\t<div class=\"elementor-column elementor-col-100 elementor-top-column elementor-element elementor-element-62f6b30ff2ec1\" data-id=\"62f6b30ff2ec1\" data-element_type=\"column\">\n\t\t\t<div class=\"elementor-widget-wrap elementor-element-populated\">\n\t\t\t\t\t\t<div class=\"elementor-element elementor-element-62f6b30fed09e elementor-widget elementor-widget-text-editor\" data-id=\"62f6b30fed09e\" data-element_type=\"widget\" data-widget_type=\"text-editor.default\">\n\t\t\t\t<div class=\"elementor-widget-container\">\n\t\t\t\t\t\t\t\t\t<h3><span style=\"line-height: 1.15;\">Mat&eacute;riel de vote<\/span><p>Environ quatre semaines avant les &eacute;lections, votre commune (de vote) vous enverra le mat&eacute;riel de vote.&nbsp;Ouvrez l&rsquo;enveloppe de transmission et prenez le mat&eacute;riel de vote.<\/p><h3><img decoding=\"async\" alt=\"\" src=\"https:\/\/sp-ps.ch\/sites\/default\/files\/uploads\/01_0.png\" style=\"font-size: 14px; width: 299px; height: 317px;\"><\/h3><h3><strong style=\"line-height: 1.15;\">&Eacute;lections au Conseil national<\/strong><\/h3><p>Cherchez la liste pour le Conseil national du PS et s&eacute;parez-la du reste. Vous pouvez laisser la liste inchang&eacute;e ou la modifier. En clair, vous pouvez inscrire deux fois le m&ecirc;me nom (=&nbsp;&laquo;&nbsp;cumuler&nbsp;&raquo;) &ndash; en biffant un autre nom ou en remplissant la liste vide. N&rsquo;oubliez pas d&rsquo;ajouter un num&eacute;ro ou une d&eacute;nomination &agrave; la liste vide, afin que les &eacute;ventuelles lignes vides soient comptabilis&eacute;es en faveur du PS en tant que suffrage. Le cumul de plusieurs candidat-e-s est possible. Chaque candidat-e doit toutefois figurer au maximum deux fois sur la liste. Vous pouvez biffer un nom sur la liste de votre choix et y inscrire le nom d&rsquo;un candidat ou d&rsquo;une candidate d&rsquo;une autre liste (=&nbsp;&laquo;&nbsp;panachage&nbsp;&raquo;). Mais attention&nbsp;: les candidat-e-s issu-e-s d&rsquo;une autre liste (panachage) donnent &eacute;galement un suffrage au parti auquel ils appartiennent et affaiblissent donc le parti sur la liste duquel ils ont &eacute;t&eacute; ajout&eacute;-e-s.&nbsp;Important&nbsp;:&nbsp;une seule liste doit &ecirc;tre utilis&eacute;e, sur laquelle le nombre de noms ne doit pas exc&eacute;der celui des si&egrave;ges &agrave; pourvoir dans votre canton.<\/p><h3><img decoding=\"async\" alt=\"\" src=\"https:\/\/sp-ps.ch\/sites\/default\/files\/uploads\/02_f.png\" style=\"width: 315px; height: 288px;\"><\/h3><h3><strong>&Eacute;lections au Conseil des &Eacute;tats<\/strong><\/h3><p>Prenez le bulletin de vote (pr&eacute;imprim&eacute;) pour les &eacute;lections au Conseil des &Eacute;tats recommand&eacute; par le PS, ou &eacute;crivez les noms sur le bulletin de vote vide. Dans le cadre des &eacute;lections au Conseil des &Eacute;tats, le cumul n&rsquo;est pas permis. Un nom ne peut donc pas &ecirc;tre mis deux fois sur le bulletin.<\/p><p><img decoding=\"async\" alt=\"\" src=\"https:\/\/sp-ps.ch\/sites\/default\/files\/uploads\/03_f.png\" style=\"width: 315px; height: 270px;\"><\/p><h3><strong>Enveloppe &eacute;lectorale<\/strong><\/h3><p>Placez le bulletin de vote (rempli) pour les &eacute;lections au Conseil des &Eacute;tats et votre liste pour le Conseil national dans l&rsquo;enveloppe &eacute;lectorale anonyme (la petite) et fermez celle-ci. Important&nbsp;: vous pouvez placer dans l&rsquo;enveloppe uniquement une liste pour le Conseil national et un bulletin de vote pour les &eacute;lections au Conseil des &Eacute;tats, sans quoi votre vote n&rsquo;est pas valable.<\/p><p><img decoding=\"async\" alt=\"\" src=\"https:\/\/sp-ps.ch\/sites\/default\/files\/uploads\/04.png\" style=\"width: 292px; height: 282px;\"><\/p><h3><strong>Carte d&rsquo;&eacute;lecteur-trice (carte de l&eacute;gitimation)<\/strong><\/h3><p>Signez la carte d&rsquo;&eacute;lecteur-trice (carte de l&eacute;gitimation) &agrave; l&rsquo;endroit pr&eacute;vu &agrave; cet effet. Si vous ne signez pas la carte d&rsquo;&eacute;lecteur-trice, votre vote ne sera pas valable.<\/p><p><img decoding=\"async\" alt=\"\" src=\"https:\/\/sp-ps.ch\/sites\/default\/files\/uploads\/05_f.png\" style=\"width: 235px; height: 204px;\"><\/p><h3><strong>Enveloppe de transmission<\/strong><\/h3><p>Placez l&rsquo;enveloppe &eacute;lectorale (la plus petite) et la carte d&rsquo;&eacute;lecteur-trice sign&eacute;e dans l&rsquo;enveloppe de transmission. L&rsquo;adresse de r&eacute;exp&eacute;dition doit &ecirc;tre visible &agrave; travers la fen&ecirc;tre transparente de l&rsquo;enveloppe.<\/p><p><img decoding=\"async\" alt=\"\" src=\"https:\/\/sp-ps.ch\/sites\/default\/files\/uploads\/06.png\" style=\"width: 259px; height: 296px;\"><\/p><h3><strong>Envoie<\/strong><\/h3><p>Pour terminer, voici le plus important&nbsp;: ne laissez pas votre enveloppe &laquo;&nbsp;tra&icirc;ner dans un coin&nbsp;&raquo; &agrave; la maison. Transmettez votre vote dans les d&eacute;lais impartis. Vous pouvez renvoyer&nbsp;l&rsquo;enveloppe de transmission par voie postale &agrave; votre commune de domicile jusqu&rsquo;au 14&nbsp;octobre ou la glisser dans la bo&icirc;te aux lettres de votre commune de domicile jusqu&rsquo;au 17&nbsp;octobre. Vous pouvez aussi apporter personnellement votre enveloppe au local de vote le jour du scrutin.<\/p><p><img decoding=\"async\" alt=\"\" src=\"https:\/\/sp-ps.ch\/sites\/default\/files\/uploads\/07.png\" style=\"width: 366px; height: 239px;\"><\/p><p>Un grand merci pour votre vote&nbsp;!<\/p><\/h3>\n\t\t\t\t\t\t\t\t<\/div>\n\t\t\t\t<\/div>\n\t\t\t\t<div class=\"elementor-element elementor-element-62f6b30fed103 elementor-widget elementor-widget-spps_button_list\" data-id=\"62f6b30fed103\" data-element_type=\"widget\" data-widget_type=\"spps_button_list.default\">\n\t\t\t\t<div class=\"elementor-widget-container\">\n\t\t\t\t\t<div class=\"button-list-wrapper wrapper-spacing-small  \"><div class=\"button-list-title\"><h3>Liens utiles<\/h3><\/div><div class=\"button-list-container\"><div class=\"button-list-items\"><div class=\"button-list-item\"><div class=\"button-wrapper \"><a href=\"https:\/\/www.ch.ch\/fr\/elections2015\/comment-participer-aux-elections-du-parlement\/conseil-des-etats-comment-voter\/conseil-des-etats-comment-remplir-son-bulletin-de-vote\/\"  target=\"_self\" class=\"button-link button-link-default\" >Notice explicative de la Chancellerie f\u00e9d\u00e9rale pour les \u00e9lections au Conseil des \u00c9tats<span class=\"button-media-date\">15.04.2026<\/span><\/a><\/div><\/div><div class=\"button-list-item\"><div class=\"button-wrapper \"><a href=\"http:\/\/www.media.bk.admin.ch\/epaper\/wahlen2015_FR\/index.html\"  target=\"_self\" class=\"button-link button-link-default\" >Notice explicative de la Chancellerie f\u00e9d\u00e9rale pour les \u00e9lections au Conseil national<span class=\"button-media-date\">15.04.2026<\/span><\/a><\/div><\/div><div class=\"button-list-item\"><div class=\"button-wrapper \"><a href=\"parti\/organisation\/section-internationale\/les-elections-2015\/le-droit-de-vote\"  target=\"_self\" class=\"button-link button-link-default\" >Notice explicative du PS International pour les Suisse-sse-s de l\u2019\u00e9tranger<span class=\"button-media-date\">15.04.2026<\/span><\/a><\/div><\/div><div class=\"button-list-item\"><div class=\"button-wrapper \"><a href=\"http:\/\/www.je-veux-voter.ch\/fr\"  target=\"_self\" class=\"button-link button-link-default\" >je-veux-voter.ch \u2013 La notice explicative \u00ab image et son \u00bb<span class=\"button-media-date\">15.04.2026<\/span><\/a><\/div><\/div><\/div><\/div><\/div>\t\t\t\t<\/div>\n\t\t\t\t<\/div>\n\t\t\t\t\t<\/div>\n\t\t<\/div>\n\t\t\t\t\t<\/div>\n\t\t<\/section>\n\t\t\t\t<\/div>\n\t\t","protected":false},"excerpt":{"rendered":"<p>Pour que votre voix en faveur du PS soit comptabilis\u00e9e, nous avons compos\u00e9 une br\u00e8ve notice explicative avec les principales choses \u00e0 savoir et quelques explications importantes.<\/p>\n","protected":false},"author":1,"featured_media":0,"parent":0,"menu_order":0,"comment_status":"open","ping_status":"closed","template":"","meta":{"footnotes":""},"class_list":["post-67253","page","type-page","status-publish","hentry"],"_links":{"self":[{"href":"https:\/\/www.sp-ps.ch\/fr\/wp-json\/wp\/v2\/pages\/67253","targetHints":{"allow":["GET"]}}],"collection":[{"href":"https:\/\/www.sp-ps.ch\/fr\/wp-json\/wp\/v2\/pages"}],"about":[{"href":"https:\/\/www.sp-ps.ch\/fr\/wp-json\/wp\/v2\/types\/page"}],"author":[{"embeddable":true,"href":"https:\/\/www.sp-ps.ch\/fr\/wp-json\/wp\/v2\/users\/1"}],"replies":[{"embeddable":true,"href":"https:\/\/www.sp-ps.ch\/fr\/wp-json\/wp\/v2\/comments?post=67253"}],"version-history":[{"count":0,"href":"https:\/\/www.sp-ps.ch\/fr\/wp-json\/wp\/v2\/pages\/67253\/revisions"}],"wp:attachment":[{"href":"https:\/\/www.sp-ps.ch\/fr\/wp-json\/wp\/v2\/media?parent=67253"}],"curies":[{"name":"wp","href":"https:\/\/api.w.org\/{rel}","templated":true}]}}