{"id":67266,"date":"2021-04-06T00:00:00","date_gmt":"2021-04-05T22:00:00","guid":{"rendered":"https:\/\/test.sp-ps.ch\/oui-a-linitiative-pour-une-suisse-libre-de-pesticides-de-synthese\/"},"modified":"2021-04-06T00:00:00","modified_gmt":"2021-04-05T22:00:00","slug":"oui-a-linitiative-pour-une-suisse-libre-de-pesticides-de-synthese","status":"publish","type":"page","link":"https:\/\/www.sp-ps.ch\/fr\/oui-a-linitiative-pour-une-suisse-libre-de-pesticides-de-synthese\/","title":{"rendered":"Oui \u00e0 l\u2019initiative pour une Suisse libre de pesticides de synth\u00e8se !"},"content":{"rendered":"\t\t<div data-elementor-type=\"wp-post\" data-elementor-id=\"67266\" class=\"elementor elementor-67266\" data-elementor-post-type=\"page\">\n\t\t\t\t\t\t<section class=\"elementor-section elementor-top-section elementor-element elementor-element-62f6b31c43661 elementor-section-boxed elementor-section-height-default elementor-section-height-default\" data-id=\"62f6b31c43661\" data-element_type=\"section\" data-settings=\"{&quot;jet_parallax_layout_list&quot;:[],&quot;background_background&quot;:&quot;classic&quot;}\">\n\t\t\t\t\t\t<div class=\"elementor-container elementor-column-gap-wide\">\n\t\t\t\t\t<div class=\"elementor-column elementor-col-100 elementor-top-column elementor-element elementor-element-62f6b31c43662\" data-id=\"62f6b31c43662\" data-element_type=\"column\">\n\t\t\t<div class=\"elementor-widget-wrap elementor-element-populated\">\n\t\t\t\t\t\t<div class=\"elementor-element elementor-element-62f6b31c435db elementor-widget elementor-widget-heading\" data-id=\"62f6b31c435db\" data-element_type=\"widget\" data-widget_type=\"heading.default\">\n\t\t\t\t<div class=\"elementor-widget-container\">\n\t\t\t\t\t<h1 class=\"elementor-heading-title elementor-size-default\">Oui \u00e0 l\u2019initiative pour une Suisse libre de pesticides de synth\u00e8se !<\/h1>\t\t\t\t<\/div>\n\t\t\t\t<\/div>\n\t\t\t\t<div class=\"elementor-element elementor-element-62f6b31c43650 elementor-widget elementor-widget-jet-breadcrumbs\" data-id=\"62f6b31c43650\" data-element_type=\"widget\" data-widget_type=\"jet-breadcrumbs.default\">\n\t\t\t\t<div class=\"elementor-widget-container\">\n\t\t\t\t\t<div class=\"elementor-jet-breadcrumbs jet-blocks\">\n\t\t<div class=\"jet-breadcrumbs\">\n\t\t<div class=\"jet-breadcrumbs__content\">\n\t\t<div class=\"jet-breadcrumbs__wrap\">\n\t\t<\/div>\n\t\t<\/div>\n\t\t<\/div><\/div>\t\t\t\t<\/div>\n\t\t\t\t<\/div>\n\t\t\t\t<div class=\"elementor-element elementor-element-62f6b31c4365e elementor-widget__width-initial elementor-widget elementor-widget-text-editor\" data-id=\"62f6b31c4365e\" data-element_type=\"widget\" data-widget_type=\"text-editor.default\">\n\t\t\t\t<div class=\"elementor-widget-container\">\n\t\t\t\t\t\t\t\t\tL\u2019\u00e9limination des pesticides de synth\u00e8se est \u00e9cologiquement sens\u00e9e, techniquement et \u00e9conomiquement r\u00e9alisable et b\u00e9n\u00e9fique pour notre sant\u00e9. C\u2019est pourquoi le PS fait campagne pour un OUI clair \u00e0 l\u2019initiative sur les pesticides.\t\t\t\t\t\t\t\t<\/div>\n\t\t\t\t<\/div>\n\t\t\t\t\t<\/div>\n\t\t<\/div>\n\t\t\t\t\t<\/div>\n\t\t<\/section>\n\t\t\t\t<section class=\"elementor-section elementor-top-section elementor-element elementor-element-62f6b31c43664 elementor-section-boxed elementor-section-height-default elementor-section-height-default\" data-id=\"62f6b31c43664\" data-element_type=\"section\" data-settings=\"{&quot;jet_parallax_layout_list&quot;:[]}\">\n\t\t\t\t\t\t<div class=\"elementor-container elementor-column-gap-default\">\n\t\t\t\t\t<div class=\"elementor-column elementor-col-100 elementor-top-column elementor-element elementor-element-62f6b31c43665\" data-id=\"62f6b31c43665\" data-element_type=\"column\">\n\t\t\t<div class=\"elementor-widget-wrap elementor-element-populated\">\n\t\t\t\t\t\t<div class=\"elementor-element elementor-element-62f6b31c43666 elementor-widget elementor-widget-spacer\" data-id=\"62f6b31c43666\" data-element_type=\"widget\" data-widget_type=\"spacer.default\">\n\t\t\t\t<div class=\"elementor-widget-container\">\n\t\t\t\t\t\t\t<div class=\"elementor-spacer\">\n\t\t\t<div class=\"elementor-spacer-inner\"><\/div>\n\t\t<\/div>\n\t\t\t\t\t\t<\/div>\n\t\t\t\t<\/div>\n\t\t\t\t\t<\/div>\n\t\t<\/div>\n\t\t\t\t\t<\/div>\n\t\t<\/section>\n\t\t\t\t<section class=\"elementor-section elementor-top-section elementor-element elementor-element-62f6b31c43668 elementor-section-boxed elementor-section-height-default elementor-section-height-default\" data-id=\"62f6b31c43668\" data-element_type=\"section\" data-settings=\"{&quot;jet_parallax_layout_list&quot;:[]}\">\n\t\t\t\t\t\t<div class=\"elementor-container elementor-column-gap-no\">\n\t\t\t\t\t<div class=\"elementor-column elementor-col-100 elementor-top-column elementor-element elementor-element-62f6b31c43669\" data-id=\"62f6b31c43669\" data-element_type=\"column\">\n\t\t\t<div class=\"elementor-widget-wrap elementor-element-populated\">\n\t\t\t\t\t\t<div class=\"elementor-element elementor-element-62f6b31c3f9f5 elementor-widget elementor-widget-text-editor\" data-id=\"62f6b31c3f9f5\" data-element_type=\"widget\" data-widget_type=\"text-editor.default\">\n\t\t\t\t<div class=\"elementor-widget-container\">\n\t\t\t\t\t\t\t\t\t<h3>Buts de l&rsquo;initiative<p>L&rsquo;initiative sur les pesticides demande que l&rsquo;utilisation de <strong>pesticides de synth&egrave;se<\/strong> soit interdite dans la production agricole, dans la transformation des produits agricoles et dans la conservation des sols et des paysages. De m&ecirc;me, l&rsquo;initiative interdit l&rsquo;importation de denr&eacute;es alimentaires contenant des pesticides de synth&egrave;se ou qui ont &eacute;t&eacute; produites &agrave; l&rsquo;aide de tels produits.<\/p><div><p>L&rsquo;initiative pr&eacute;voit une <strong>p&eacute;riode transitoire de dix ans<\/strong>. Cette p&eacute;riode permet &agrave; l&rsquo;agriculture d&rsquo;effectuer une transition en douceur et donne aux diff&eacute;rents acteurs suffisamment de temps pour prendre les mesures n&eacute;cessaires.<\/p><\/div><h3>Pourquoi est-il n&eacute;cessaire de lib&eacute;rer la Suisse des pesticides de synth&egrave;se&nbsp;?<\/h3><p><strong>Pourquoi est-il n&eacute;cessaire de lib&eacute;rer la Suisse des pesticides de synth&egrave;se&nbsp;?<\/strong><\/p><p>Des &eacute;tudes scientifiques ind&eacute;pendantes, v&eacute;rifi&eacute;es et publi&eacute;es montrent que l&rsquo;exposition chronique &agrave; certains pesticides, <a href=\"https:\/\/lebenstattgift.ch\/wp-content\/uploads\/medicaments_FR.pdf\">m&ecirc;me &agrave; de tr&egrave;s faibles concentrations, a des effets n&eacute;gatifs sur la sant&eacute;<\/a> &ndash; notamment pour les agricultrices et agriculteurs eux-m&ecirc;mes.<\/p><p>Les autorit&eacute;s de r&eacute;glementation qui approuvent l&rsquo;utilisation de ces pesticides ne tiennent pas suffisamment compte des effets &agrave; long terme &agrave; de tr&egrave;s faibles concentrations. Elles ont souvent d&ucirc; revoir leurs d&eacute;cisions et retirer du march&eacute; des pesticides qu&rsquo;elles avaient pourtant initialement approuv&eacute;s. Certains de ces pesticides de synth&egrave;se ne se d&eacute;gradent pas et continuent de polluer l&rsquo;eau, les aliments et l&rsquo;air des d&eacute;cennies apr&egrave;s leur interdiction.<\/p><p><a href=\"https:\/\/lebenstattgift.ch\/wp-content\/uploads\/medicaments_FR.pdf\">Plus &agrave; ce sujet ici.<\/a><\/p><p><strong>Pour pr&eacute;server la biodiversit&eacute;&nbsp;<\/strong><\/p><p>L&rsquo;utilisation de pesticides de synth&egrave;se affecte la biodiversit&eacute;. Ceux-ci agissent rarement de mani&egrave;re s&eacute;lective contre un parasite, mais affectent les processus m&eacute;taboliques de base communs &agrave; de nombreuses esp&egrave;ces (syst&egrave;me nerveux, photosynth&egrave;se, croissance, reproduction, etc.) Ainsi, d&rsquo;autres organismes vivants sont touch&eacute;s d&egrave;s qu&rsquo;ils entrent en contact direct ou indirect avec les pesticides de synth&egrave;se.<\/p><p><strong>Une opportunit&eacute; pour les PME ainsi que pour les agriculteurs et agricultrices<\/strong><strong>&nbsp;<\/strong><\/p><p>Aujourd&rsquo;hui, l&rsquo;utilisation de pesticides donne l&rsquo;illusion de s&eacute;curit&eacute; pour l&rsquo;agriculture. La r&eacute;alit&eacute; est pourtant bien diff&eacute;rente, et, ann&eacute;e apr&egrave;s ann&eacute;e, nous empoisonnons nos moyens de subsistance. Seules les entreprises agroalimentaires en profitent. Si elle venait &agrave; &ecirc;tre accept&eacute;e, l&rsquo;initiative permettra d&rsquo;importantes avanc&eacute;es dans la recherche et des innovations durables pour l&rsquo;agriculture seront d&eacute;velopp&eacute;es. L&rsquo;initiative permettrait &eacute;galement de briser la domination de l&rsquo;industrie chimique sur l&rsquo;agriculture et aiderait les agriculteurs et agricultrices &agrave; se lib&eacute;rer de leur d&eacute;pendance aux pesticides de synth&egrave;se.<\/p><p><strong>Le &laquo;&nbsp;tout bio&nbsp;&raquo; est-il possible&nbsp;?&#8203;<\/strong><\/p><p>&Agrave; L&rsquo;exp&eacute;rience de long terme la plus importante comparant les m&eacute;thodes d&rsquo;agriculture biologique et conventionnelle, men&eacute;e par l&rsquo;Institut de recherche de l&rsquo;agriculture biologique (FiBL), a montr&eacute; que les m&eacute;thodes biologiques produisent des rendements inf&eacute;rieurs de 20 % en moyenne. Si une partie des terres utilis&eacute;es pour la culture du fourrage &eacute;tait utilis&eacute;e pour des cultures, ces pertes pourraient facilement &ecirc;tre compens&eacute;es.&nbsp;<a href=\"https:\/\/www.fibl.org\/en\/locations\/switzerland\/departments\/soil-sciences\/bw-projekte\/dok-trial.html\">Plus d&#8217;informations ici.<\/a><\/p><p>&nbsp;<\/p><p><em><b>Que sont les pesticides de synth&egrave;se<\/b><\/em>&nbsp;<em><b>?<\/b><\/em><\/p><p><em>Les pesticides de synth&egrave;se ont des compositions chimiques qui n&rsquo;existent pas dans la nature. Ils pr&eacute;sentent les risques les plus &eacute;lev&eacute;s pour l&#8217;homme et la nature par rapport &agrave; toutes les alternatives de protection des plantes. Ne sont pas couverts par le champ d&rsquo;application de l&rsquo;initiative les bio-auxiliaires, les pesticides biologiques, les auxiliaires, les pesticides biologiques, m&eacute;caniques, &eacute;lectriques et thermiques et toutes les autres alternatives qui ne contiennent pas de toxines chimiques.<\/em><\/p><\/h3>\n\t\t\t\t\t\t\t\t<\/div>\n\t\t\t\t<\/div>\n\t\t\t\t\t<\/div>\n\t\t<\/div>\n\t\t\t\t\t<\/div>\n\t\t<\/section>\n\t\t\t\t<\/div>\n\t\t","protected":false},"excerpt":{"rendered":"<p>L\u2019\u00e9limination des pesticides de synth\u00e8se est \u00e9cologiquement sens\u00e9e, techniquement et \u00e9conomiquement r\u00e9alisable et b\u00e9n\u00e9fique pour notre sant\u00e9. C\u2019est pourquoi le PS fait campagne pour un OUI clair \u00e0 l\u2019initiative sur les pesticides.<\/p>\n","protected":false},"author":1,"featured_media":0,"parent":0,"menu_order":0,"comment_status":"open","ping_status":"closed","template":"","meta":{"footnotes":""},"class_list":["post-67266","page","type-page","status-publish","hentry"],"_links":{"self":[{"href":"https:\/\/www.sp-ps.ch\/fr\/wp-json\/wp\/v2\/pages\/67266","targetHints":{"allow":["GET"]}}],"collection":[{"href":"https:\/\/www.sp-ps.ch\/fr\/wp-json\/wp\/v2\/pages"}],"about":[{"href":"https:\/\/www.sp-ps.ch\/fr\/wp-json\/wp\/v2\/types\/page"}],"author":[{"embeddable":true,"href":"https:\/\/www.sp-ps.ch\/fr\/wp-json\/wp\/v2\/users\/1"}],"replies":[{"embeddable":true,"href":"https:\/\/www.sp-ps.ch\/fr\/wp-json\/wp\/v2\/comments?post=67266"}],"version-history":[{"count":0,"href":"https:\/\/www.sp-ps.ch\/fr\/wp-json\/wp\/v2\/pages\/67266\/revisions"}],"wp:attachment":[{"href":"https:\/\/www.sp-ps.ch\/fr\/wp-json\/wp\/v2\/media?parent=67266"}],"curies":[{"name":"wp","href":"https:\/\/api.w.org\/{rel}","templated":true}]}}