{"id":67270,"date":"2020-03-26T00:00:00","date_gmt":"2020-03-25T23:00:00","guid":{"rendered":"https:\/\/test.sp-ps.ch\/non-a-la-loi-dabattage\/"},"modified":"2020-03-26T00:00:00","modified_gmt":"2020-03-25T23:00:00","slug":"non-a-la-loi-dabattage","status":"publish","type":"page","link":"https:\/\/www.sp-ps.ch\/fr\/non-a-la-loi-dabattage\/","title":{"rendered":"NON \u00e0 la loi d&#8217;abattage"},"content":{"rendered":"\t\t<div data-elementor-type=\"wp-post\" data-elementor-id=\"67270\" class=\"elementor elementor-67270\" data-elementor-post-type=\"page\">\n\t\t\t\t\t\t<section class=\"elementor-section elementor-top-section elementor-element elementor-element-62f6b3200081e elementor-section-boxed elementor-section-height-default elementor-section-height-default\" data-id=\"62f6b3200081e\" data-element_type=\"section\" data-settings=\"{&quot;jet_parallax_layout_list&quot;:[],&quot;background_background&quot;:&quot;classic&quot;}\">\n\t\t\t\t\t\t<div class=\"elementor-container elementor-column-gap-wide\">\n\t\t\t\t\t<div class=\"elementor-column elementor-col-100 elementor-top-column elementor-element elementor-element-62f6b3200081f\" data-id=\"62f6b3200081f\" data-element_type=\"column\">\n\t\t\t<div class=\"elementor-widget-wrap elementor-element-populated\">\n\t\t\t\t\t\t<div class=\"elementor-element elementor-element-62f6b32000770 elementor-widget elementor-widget-heading\" data-id=\"62f6b32000770\" data-element_type=\"widget\" data-widget_type=\"heading.default\">\n\t\t\t\t<div class=\"elementor-widget-container\">\n\t\t\t\t\t<h1 class=\"elementor-heading-title elementor-size-default\">NON \u00e0 la loi d&#8217;abattage<\/h1>\t\t\t\t<\/div>\n\t\t\t\t<\/div>\n\t\t\t\t<div class=\"elementor-element elementor-element-62f6b3200080a elementor-widget elementor-widget-jet-breadcrumbs\" data-id=\"62f6b3200080a\" data-element_type=\"widget\" data-widget_type=\"jet-breadcrumbs.default\">\n\t\t\t\t<div class=\"elementor-widget-container\">\n\t\t\t\t\t<div class=\"elementor-jet-breadcrumbs jet-blocks\">\n\t\t<div class=\"jet-breadcrumbs\">\n\t\t<div class=\"jet-breadcrumbs__content\">\n\t\t<div class=\"jet-breadcrumbs__wrap\">\n\t\t<\/div>\n\t\t<\/div>\n\t\t<\/div><\/div>\t\t\t\t<\/div>\n\t\t\t\t<\/div>\n\t\t\t\t<div class=\"elementor-element elementor-element-62f6b3200081c elementor-widget__width-initial elementor-widget elementor-widget-text-editor\" data-id=\"62f6b3200081c\" data-element_type=\"widget\" data-widget_type=\"text-editor.default\">\n\t\t\t\t<div class=\"elementor-widget-container\">\n\t\t\t\t\t\t\t\t\tLe PS dit NON \u00e0 l&#8217;attaque contre la protection des esp\u00e8ces. La r\u00e9vision de la Loi sur la chasse pr\u00e9voit que les animaux prot\u00e9g\u00e9s puissent \u00eatre abattus avant d\u2019avoir caus\u00e9 un quelconque dommage, et ceci au sein m\u00eame des r\u00e9serves de faune. Au lieu d\u2019instaurer un cadre plus pragmatique pour la gestion du loup, la nouvelle loi affaiblit le dispositif de protection des esp\u00e8ces existant. En fait, la r\u00e9vision implique plus de bureaucratie et moins de protection des esp\u00e8ces. Pour cette raison, le PS soutient la campagne pour le NON \u00e0 la loi d&#8217;abattage.\t\t\t\t\t\t\t\t<\/div>\n\t\t\t\t<\/div>\n\t\t\t\t\t<\/div>\n\t\t<\/div>\n\t\t\t\t\t<\/div>\n\t\t<\/section>\n\t\t\t\t<section class=\"elementor-section elementor-top-section elementor-element elementor-element-62f6b32000820 elementor-section-boxed elementor-section-height-default elementor-section-height-default\" data-id=\"62f6b32000820\" data-element_type=\"section\" data-settings=\"{&quot;jet_parallax_layout_list&quot;:[]}\">\n\t\t\t\t\t\t<div class=\"elementor-container elementor-column-gap-default\">\n\t\t\t\t\t<div class=\"elementor-column elementor-col-100 elementor-top-column elementor-element elementor-element-62f6b32000821\" data-id=\"62f6b32000821\" data-element_type=\"column\">\n\t\t\t<div class=\"elementor-widget-wrap elementor-element-populated\">\n\t\t\t\t\t\t<div class=\"elementor-element elementor-element-62f6b32000822 elementor-widget elementor-widget-spacer\" data-id=\"62f6b32000822\" data-element_type=\"widget\" data-widget_type=\"spacer.default\">\n\t\t\t\t<div class=\"elementor-widget-container\">\n\t\t\t\t\t\t\t<div class=\"elementor-spacer\">\n\t\t\t<div class=\"elementor-spacer-inner\"><\/div>\n\t\t<\/div>\n\t\t\t\t\t\t<\/div>\n\t\t\t\t<\/div>\n\t\t\t\t\t<\/div>\n\t\t<\/div>\n\t\t\t\t\t<\/div>\n\t\t<\/section>\n\t\t\t\t<section class=\"elementor-section elementor-top-section elementor-element elementor-element-62f6b32000824 elementor-section-boxed elementor-section-height-default elementor-section-height-default\" data-id=\"62f6b32000824\" data-element_type=\"section\" data-settings=\"{&quot;jet_parallax_layout_list&quot;:[]}\">\n\t\t\t\t\t\t<div class=\"elementor-container elementor-column-gap-no\">\n\t\t\t\t\t<div class=\"elementor-column elementor-col-100 elementor-top-column elementor-element elementor-element-62f6b32000825\" data-id=\"62f6b32000825\" data-element_type=\"column\">\n\t\t\t<div class=\"elementor-widget-wrap elementor-element-populated\">\n\t\t\t\t\t\t<div class=\"elementor-element elementor-element-62f6b31ff0eb3 elementor-widget elementor-widget-text-editor\" data-id=\"62f6b31ff0eb3\" data-element_type=\"widget\" data-widget_type=\"text-editor.default\">\n\t\t\t\t<div class=\"elementor-widget-container\">\n\t\t\t\t\t\t\t\t\t<p><strong>Pression au lieu de protection des animaux sauvages prot&eacute;g&eacute;s<\/strong><br>La Loi sur la chasse r&eacute;vis&eacute;e autorise les tirs &laquo; pr&eacute;ventifs &raquo; : les animaux appartenant &agrave; des esp&egrave;ces prot&eacute;g&eacute;es peuvent &ecirc;tre abattus alors qu&rsquo;ils n&rsquo;ont commis aucun dommage, et sans qu&rsquo;il soit n&eacute;cessaire de prendre des mesures de protection (p. ex. protection des troupeaux) pour emp&ecirc;cher d&rsquo;&eacute;ventuels d&eacute;g&acirc;ts &#8211;&nbsp;comme c&#8217;est le cas aujourd&#8217;hui.&nbsp;Non seulement les mesures de protection existantes tombent &agrave; l&#8217;eau, mais on risque que certaines groupes d&#8217;int&eacute;r&ecirc;t, qui se&nbsp;pr&eacute;occupent moins du bien-&ecirc;tre des animaux, exercent une plus grande influence.<p><strong>Le NON &agrave; la r&eacute;vision de la Loi sur la chasse, ce n&#8217;est pas un non &agrave; la chasse<\/strong><br>L&#8217;actuelle Loi sur la chasse est consid&eacute;r&eacute;e comme &eacute;tant &eacute;quilibr&eacute;e. La trilogie &laquo; protection, r&eacute;gulation et chasse &raquo;, ancr&eacute;e dans la loi, a fait ses preuves et constitue un vrai compromis, dans le meilleur sens du terme.&nbsp;Dans la nouvelle loi, la protection des esp&egrave;ces est fortement affaiblie, tandis que les avantages pour la chasse restent inchang&eacute;s. Le rejet de la nouvelle Loi sur la chasse n&#8217;implique aucun risque pour la chasse. Au contraire, la chasse peut toujours avoir lieu dans le cadre du droit &eacute;tabli.<\/p><p><strong>Inutile et compliqu&eacute;e<\/strong><br>Les nouvelles dispositions sont&nbsp;devenues plus compliqu&eacute;e au lieu de devenir plus coh&eacute;rentes. La loi actuelle permet aux cantons d&rsquo;abattre des animaux appartenant &agrave; des esp&egrave;ces prot&eacute;g&eacute;es lorsque cela s&rsquo;av&egrave;re n&eacute;cessaire. Aujourd&rsquo;hui d&eacute;j&agrave;, les cantons ont la possibilit&eacute; de r&eacute;guler ces populations, pour autant que la Conf&eacute;d&eacute;ration ait donn&eacute; son assentiment. La nouvelle loi provoquera une augmentation des conflits concernant les esp&egrave;ces prot&eacute;g&eacute;es et donc plus de&nbsp;bureaucratie.<\/p><p><b>Et le loup ?<\/b><\/p><p>Le loup est un facteur naturel dans notre &eacute;cosyst&egrave;me, auquel il apporte une contribution importante. Les grands pr&eacute;dateurs aident &agrave; r&eacute;guler les populations d&#8217;animaux et, tout comme le lynx, le loup assure la protection des for&ecirc;ts de montagne contre l&#8217;abroutissement excessif par les animaux sauvages. Cela aide ainsi les for&ecirc;ts, les animaux et les chasseurs.&nbsp;<\/p><p>&nbsp;<\/p><\/p>\n\t\t\t\t\t\t\t\t<\/div>\n\t\t\t\t<\/div>\n\t\t\t\t\t<\/div>\n\t\t<\/div>\n\t\t\t\t\t<\/div>\n\t\t<\/section>\n\t\t\t\t<\/div>\n\t\t","protected":false},"excerpt":{"rendered":"<p>Le PS soutient le r\u00e9f\u00e9rendum contre la nouvelle Loi sur la chasse.<\/p>\n","protected":false},"author":1,"featured_media":61166,"parent":0,"menu_order":0,"comment_status":"open","ping_status":"closed","template":"","meta":{"footnotes":""},"class_list":["post-67270","page","type-page","status-publish","has-post-thumbnail","hentry"],"_links":{"self":[{"href":"https:\/\/www.sp-ps.ch\/fr\/wp-json\/wp\/v2\/pages\/67270","targetHints":{"allow":["GET"]}}],"collection":[{"href":"https:\/\/www.sp-ps.ch\/fr\/wp-json\/wp\/v2\/pages"}],"about":[{"href":"https:\/\/www.sp-ps.ch\/fr\/wp-json\/wp\/v2\/types\/page"}],"author":[{"embeddable":true,"href":"https:\/\/www.sp-ps.ch\/fr\/wp-json\/wp\/v2\/users\/1"}],"replies":[{"embeddable":true,"href":"https:\/\/www.sp-ps.ch\/fr\/wp-json\/wp\/v2\/comments?post=67270"}],"version-history":[{"count":0,"href":"https:\/\/www.sp-ps.ch\/fr\/wp-json\/wp\/v2\/pages\/67270\/revisions"}],"wp:featuredmedia":[{"embeddable":true,"href":"https:\/\/www.sp-ps.ch\/fr\/wp-json\/wp\/v2\/media\/61166"}],"wp:attachment":[{"href":"https:\/\/www.sp-ps.ch\/fr\/wp-json\/wp\/v2\/media?parent=67270"}],"curies":[{"name":"wp","href":"https:\/\/api.w.org\/{rel}","templated":true}]}}