{"id":67271,"date":"2019-10-08T00:00:00","date_gmt":"2019-10-07T22:00:00","guid":{"rendered":"https:\/\/test.sp-ps.ch\/non-a-une-nouvelle-arnaque-fiscale\/"},"modified":"2019-10-08T00:00:00","modified_gmt":"2019-10-07T22:00:00","slug":"non-a-une-nouvelle-arnaque-fiscale","status":"publish","type":"page","link":"https:\/\/www.sp-ps.ch\/fr\/non-a-une-nouvelle-arnaque-fiscale\/","title":{"rendered":"NON \u00e0 une nouvelle arnaque fiscale"},"content":{"rendered":"\t\t<div data-elementor-type=\"wp-post\" data-elementor-id=\"67271\" class=\"elementor elementor-67271\" data-elementor-post-type=\"page\">\n\t\t\t\t\t\t<section class=\"elementor-section elementor-top-section elementor-element elementor-element-62f6b320eaac9 elementor-section-boxed elementor-section-height-default elementor-section-height-default\" data-id=\"62f6b320eaac9\" data-element_type=\"section\" data-settings=\"{&quot;jet_parallax_layout_list&quot;:[],&quot;background_background&quot;:&quot;classic&quot;}\">\n\t\t\t\t\t\t<div class=\"elementor-container elementor-column-gap-wide\">\n\t\t\t\t\t<div class=\"elementor-column elementor-col-100 elementor-top-column elementor-element elementor-element-62f6b320eaaca\" data-id=\"62f6b320eaaca\" data-element_type=\"column\">\n\t\t\t<div class=\"elementor-widget-wrap elementor-element-populated\">\n\t\t\t\t\t\t<div class=\"elementor-element elementor-element-62f6b320eaa20 elementor-widget elementor-widget-heading\" data-id=\"62f6b320eaa20\" data-element_type=\"widget\" data-widget_type=\"heading.default\">\n\t\t\t\t<div class=\"elementor-widget-container\">\n\t\t\t\t\t<h1 class=\"elementor-heading-title elementor-size-default\">NON \u00e0 une nouvelle arnaque fiscale<\/h1>\t\t\t\t<\/div>\n\t\t\t\t<\/div>\n\t\t\t\t<div class=\"elementor-element elementor-element-62f6b320eaaae elementor-widget elementor-widget-jet-breadcrumbs\" data-id=\"62f6b320eaaae\" data-element_type=\"widget\" data-widget_type=\"jet-breadcrumbs.default\">\n\t\t\t\t<div class=\"elementor-widget-container\">\n\t\t\t\t\t<div class=\"elementor-jet-breadcrumbs jet-blocks\">\n\t\t<div class=\"jet-breadcrumbs\">\n\t\t<div class=\"jet-breadcrumbs__content\">\n\t\t<div class=\"jet-breadcrumbs__wrap\">\n\t\t<\/div>\n\t\t<\/div>\n\t\t<\/div><\/div>\t\t\t\t<\/div>\n\t\t\t\t<\/div>\n\t\t\t\t<div class=\"elementor-element elementor-element-62f6b320eaac5 elementor-widget__width-initial elementor-widget elementor-widget-text-editor\" data-id=\"62f6b320eaac5\" data-element_type=\"widget\" data-widget_type=\"text-editor.default\">\n\t\t\t\t<div class=\"elementor-widget-container\">\n\t\t\t\t\t\t\t\t\tNous disons NON \u00e0 une nouvelle arnaque fiscale sur le dos de la classe moyenne ! Certains partis souhaitent augmenter les d\u00e9ductions pour enfants dans le cadre de l\u2019imp\u00f4t f\u00e9d\u00e9ral direct. Ce qui est pr\u00e9sent\u00e9 comme un soutien aux familles n\u2019est en r\u00e9alit\u00e9 qu\u2019une arnaque sur le dos de la classe moyenne !\t\t\t\t\t\t\t\t<\/div>\n\t\t\t\t<\/div>\n\t\t\t\t\t<\/div>\n\t\t<\/div>\n\t\t\t\t\t<\/div>\n\t\t<\/section>\n\t\t\t\t<section class=\"elementor-section elementor-top-section elementor-element elementor-element-62f6b320eaacc elementor-section-boxed elementor-section-height-default elementor-section-height-default\" data-id=\"62f6b320eaacc\" data-element_type=\"section\" data-settings=\"{&quot;jet_parallax_layout_list&quot;:[]}\">\n\t\t\t\t\t\t<div class=\"elementor-container elementor-column-gap-default\">\n\t\t\t\t\t<div class=\"elementor-column elementor-col-100 elementor-top-column elementor-element elementor-element-62f6b320eaacd\" data-id=\"62f6b320eaacd\" data-element_type=\"column\">\n\t\t\t<div class=\"elementor-widget-wrap elementor-element-populated\">\n\t\t\t\t\t\t<div class=\"elementor-element elementor-element-62f6b320eaace elementor-widget elementor-widget-spacer\" data-id=\"62f6b320eaace\" data-element_type=\"widget\" data-widget_type=\"spacer.default\">\n\t\t\t\t<div class=\"elementor-widget-container\">\n\t\t\t\t\t\t\t<div class=\"elementor-spacer\">\n\t\t\t<div class=\"elementor-spacer-inner\"><\/div>\n\t\t<\/div>\n\t\t\t\t\t\t<\/div>\n\t\t\t\t<\/div>\n\t\t\t\t\t<\/div>\n\t\t<\/div>\n\t\t\t\t\t<\/div>\n\t\t<\/section>\n\t\t\t\t<section class=\"elementor-section elementor-top-section elementor-element elementor-element-62f6b320eaad0 elementor-section-boxed elementor-section-height-default elementor-section-height-default\" data-id=\"62f6b320eaad0\" data-element_type=\"section\" data-settings=\"{&quot;jet_parallax_layout_list&quot;:[]}\">\n\t\t\t\t\t\t<div class=\"elementor-container elementor-column-gap-no\">\n\t\t\t\t\t<div class=\"elementor-column elementor-col-100 elementor-top-column elementor-element elementor-element-62f6b320eaad2\" data-id=\"62f6b320eaad2\" data-element_type=\"column\">\n\t\t\t<div class=\"elementor-widget-wrap elementor-element-populated\">\n\t\t\t\t\t\t<div class=\"elementor-element elementor-element-62f6b320e6bdb elementor-widget elementor-widget-text-editor\" data-id=\"62f6b320e6bdb\" data-element_type=\"widget\" data-widget_type=\"text-editor.default\">\n\t\t\t\t<div class=\"elementor-widget-container\">\n\t\t\t\t\t\t\t\t\t<h4>Plus d&#8217;information<ul>\t<li><a href=\"https:\/\/arnaque-fiscale-stop.ch\/\">Au site de campagne<\/a><\/li>\t<li><a href=\"https:\/\/tsueri.cloud\/s\/LddagexsroKkRy2\">Argumentaire<\/a><\/li><\/ul><\/h4>\n\t\t\t\t\t\t\t\t<\/div>\n\t\t\t\t<\/div>\n\t\t\t\t\t<\/div>\n\t\t<\/div>\n\t\t\t\t\t<\/div>\n\t\t<\/section>\n\t\t\t\t<\/div>\n\t\t","protected":false},"excerpt":{"rendered":"<p>Nous disons NON \u00e0 une nouvelle arnaque fiscale sur le dos de la classe moyenne ! Certains partis souhaitent augmenter les d\u00e9ductions pour enfants dans le cadre de l\u2019imp\u00f4t f\u00e9d\u00e9ral direct. Ce qui est pr\u00e9sent\u00e9 comme un soutien aux familles n\u2019est en r\u00e9alit\u00e9 qu\u2019une arnaque sur le dos de la classe moyenne !<\/p>\n","protected":false},"author":1,"featured_media":64223,"parent":0,"menu_order":0,"comment_status":"open","ping_status":"closed","template":"","meta":{"footnotes":""},"class_list":["post-67271","page","type-page","status-publish","has-post-thumbnail","hentry"],"_links":{"self":[{"href":"https:\/\/www.sp-ps.ch\/fr\/wp-json\/wp\/v2\/pages\/67271","targetHints":{"allow":["GET"]}}],"collection":[{"href":"https:\/\/www.sp-ps.ch\/fr\/wp-json\/wp\/v2\/pages"}],"about":[{"href":"https:\/\/www.sp-ps.ch\/fr\/wp-json\/wp\/v2\/types\/page"}],"author":[{"embeddable":true,"href":"https:\/\/www.sp-ps.ch\/fr\/wp-json\/wp\/v2\/users\/1"}],"replies":[{"embeddable":true,"href":"https:\/\/www.sp-ps.ch\/fr\/wp-json\/wp\/v2\/comments?post=67271"}],"version-history":[{"count":0,"href":"https:\/\/www.sp-ps.ch\/fr\/wp-json\/wp\/v2\/pages\/67271\/revisions"}],"wp:featuredmedia":[{"embeddable":true,"href":"https:\/\/www.sp-ps.ch\/fr\/wp-json\/wp\/v2\/media\/64223"}],"wp:attachment":[{"href":"https:\/\/www.sp-ps.ch\/fr\/wp-json\/wp\/v2\/media?parent=67271"}],"curies":[{"name":"wp","href":"https:\/\/api.w.org\/{rel}","templated":true}]}}