{"id":67287,"date":"2021-10-23T00:00:00","date_gmt":"2021-10-22T22:00:00","guid":{"rendered":"https:\/\/test.sp-ps.ch\/conference-des-delegue-e-s-du-ps-migrant-e-s-suisse-2\/"},"modified":"2021-10-23T00:00:00","modified_gmt":"2021-10-22T22:00:00","slug":"conference-des-delegue-e-s-du-ps-migrant-e-s-suisse-2","status":"publish","type":"page","link":"https:\/\/www.sp-ps.ch\/fr\/conference-des-delegue-e-s-du-ps-migrant-e-s-suisse-2\/","title":{"rendered":"Conf\u00e9rence des d\u00e9l\u00e9gu\u00e9-e-s du PS Migrant-e-s Suisse"},"content":{"rendered":"\t\t<div data-elementor-type=\"wp-post\" data-elementor-id=\"67287\" class=\"elementor elementor-67287 elementor-66914\" data-elementor-post-type=\"page\">\n\t\t\t\t\t\t<section class=\"elementor-section elementor-top-section elementor-element elementor-element-62f6b333304fc elementor-section-boxed elementor-section-height-default elementor-section-height-default\" data-id=\"62f6b333304fc\" data-element_type=\"section\" data-settings=\"{&quot;jet_parallax_layout_list&quot;:[],&quot;background_background&quot;:&quot;classic&quot;}\">\n\t\t\t\t\t\t<div class=\"elementor-container elementor-column-gap-wide\">\n\t\t\t\t\t<div class=\"elementor-column elementor-col-100 elementor-top-column elementor-element elementor-element-62f6b333304ff\" data-id=\"62f6b333304ff\" data-element_type=\"column\">\n\t\t\t<div class=\"elementor-widget-wrap elementor-element-populated\">\n\t\t\t\t\t\t<div class=\"elementor-element elementor-element-62f6b3333044b elementor-widget elementor-widget-heading\" data-id=\"62f6b3333044b\" data-element_type=\"widget\" data-widget_type=\"heading.default\">\n\t\t\t\t<div class=\"elementor-widget-container\">\n\t\t\t\t\t<h1 class=\"elementor-heading-title elementor-size-default\">Conf\u00e9rence des d\u00e9l\u00e9gu\u00e9-e-s du PS Migrant-e-s Suisse<\/h1>\t\t\t\t<\/div>\n\t\t\t\t<\/div>\n\t\t\t\t<div class=\"elementor-element elementor-element-62f6b333304e1 elementor-widget elementor-widget-jet-breadcrumbs\" data-id=\"62f6b333304e1\" data-element_type=\"widget\" data-widget_type=\"jet-breadcrumbs.default\">\n\t\t\t\t<div class=\"elementor-widget-container\">\n\t\t\t\t\t<div class=\"elementor-jet-breadcrumbs jet-blocks\">\n\t\t<div class=\"jet-breadcrumbs\">\n\t\t<div class=\"jet-breadcrumbs__content\">\n\t\t<div class=\"jet-breadcrumbs__wrap\">\n\t\t<\/div>\n\t\t<\/div>\n\t\t<\/div><\/div>\t\t\t\t<\/div>\n\t\t\t\t<\/div>\n\t\t\t\t\t<\/div>\n\t\t<\/div>\n\t\t\t\t\t<\/div>\n\t\t<\/section>\n\t\t\t\t<section class=\"elementor-section elementor-top-section elementor-element elementor-element-62f6b33330501 elementor-section-boxed elementor-section-height-default elementor-section-height-default\" data-id=\"62f6b33330501\" data-element_type=\"section\" data-settings=\"{&quot;jet_parallax_layout_list&quot;:[]}\">\n\t\t\t\t\t\t<div class=\"elementor-container elementor-column-gap-default\">\n\t\t\t\t\t<div class=\"elementor-column elementor-col-100 elementor-top-column elementor-element elementor-element-62f6b33330502\" data-id=\"62f6b33330502\" data-element_type=\"column\">\n\t\t\t<div class=\"elementor-widget-wrap elementor-element-populated\">\n\t\t\t\t\t\t<div class=\"elementor-element elementor-element-62f6b33330503 elementor-widget elementor-widget-spacer\" data-id=\"62f6b33330503\" data-element_type=\"widget\" data-widget_type=\"spacer.default\">\n\t\t\t\t<div class=\"elementor-widget-container\">\n\t\t\t\t\t\t\t<div class=\"elementor-spacer\">\n\t\t\t<div class=\"elementor-spacer-inner\"><\/div>\n\t\t<\/div>\n\t\t\t\t\t\t<\/div>\n\t\t\t\t<\/div>\n\t\t\t\t\t<\/div>\n\t\t<\/div>\n\t\t\t\t\t<\/div>\n\t\t<\/section>\n\t\t\t\t<section class=\"elementor-section elementor-top-section elementor-element elementor-element-62f6b33330505 elementor-section-boxed elementor-section-height-default elementor-section-height-default\" data-id=\"62f6b33330505\" data-element_type=\"section\" data-settings=\"{&quot;jet_parallax_layout_list&quot;:[]}\">\n\t\t\t\t\t\t<div class=\"elementor-container elementor-column-gap-no\">\n\t\t\t\t\t<div class=\"elementor-column elementor-col-100 elementor-top-column elementor-element elementor-element-62f6b33330506\" data-id=\"62f6b33330506\" data-element_type=\"column\">\n\t\t\t<div class=\"elementor-widget-wrap elementor-element-populated\">\n\t\t\t\t\t\t<div class=\"elementor-element elementor-element-62f6b332ae257 elementor-widget elementor-widget-text-editor\" data-id=\"62f6b332ae257\" data-element_type=\"widget\" data-widget_type=\"text-editor.default\">\n\t\t\t\t<div class=\"elementor-widget-container\">\n\t\t\t\t\t\t\t\t\t<h3>Samedi, 19&nbsp;juin 2021 &agrave; Berne<\/h3>\n\t\t\t\t\t\t\t\t<\/div>\n\t\t\t\t<\/div>\n\t\t\t\t<div class=\"elementor-element elementor-element-62f6b3332cab1 elementor-widget elementor-widget-spps_button_list\" data-id=\"62f6b3332cab1\" data-element_type=\"widget\" data-widget_type=\"spps_button_list.default\">\n\t\t\t\t<div class=\"elementor-widget-container\">\n\t\t\t\t\t<div class=\"button-list-wrapper wrapper-spacing-small  \"><div class=\"button-list-title\"><h3>Ordre du jour et documents approuv\u00e9s<\/h3><\/div><div class=\"button-list-container\"><div class=\"button-list-items\"><div class=\"button-list-item\"><div class=\"button-wrapper \"><a href=\"https:\/\/www.sp-ps.ch\/wp-content\/uploads\/2021\/10\/annexe_1_0-201128-proces-verbal-confdel-fr.pdf\"  target=\"_self\" class=\"button-link button-link-default\" >annexe 1 - proc\u00e8s-verbal de la conf\u00e9rence des d\u00e9l\u00e9gu\u00e9-e-s du 28 nov. 2020<span class=\"button-media-date\">24.04.2026<\/span><\/a><\/div><\/div><div class=\"button-list-item\"><div class=\"button-wrapper \"><a href=\"https:\/\/www.sp-ps.ch\/wp-content\/uploads\/2021\/10\/annexe_2_petition_assurances_discrimination.pdf\"  target=\"_self\" class=\"button-link button-link-default\" >annexe 2 - p\u00e9tition 'Mettre fin \u00e0 la discrimination des primes'<span class=\"button-media-date\">24.04.2026<\/span><\/a><\/div><\/div><div class=\"button-list-item\"><div class=\"button-wrapper \"><a href=\"https:\/\/www.sp-ps.ch\/wp-content\/uploads\/2021\/10\/beilage_3_stimmrecht.pdf\"  target=\"_self\" class=\"button-link button-link-default\" >annexe 3 - Roadmap de la campagne 'droit de vote pour toutes et tous'<span class=\"button-media-date\">24.04.2026<\/span><\/a><\/div><\/div><div class=\"button-list-item\"><div class=\"button-wrapper \"><a href=\"https:\/\/www.sp-ps.ch\/wp-content\/uploads\/2021\/10\/beilage_4_mandat-ag-einbuergerung_annexe-4-mandat-gt-naturalisation.pdf\"  target=\"_self\" class=\"button-link button-link-default\" >annexe 4 - Mandat au groupe de travail 'naturalisation'<span class=\"button-media-date\">24.04.2026<\/span><\/a><\/div><\/div><div class=\"button-list-item\"><div class=\"button-wrapper \"><a href=\"https:\/\/www.sp-ps.ch\/wp-content\/uploads\/2021\/10\/annexe_5_resolution_marriage-pour-tous.pdf\"  target=\"_self\" class=\"button-link button-link-default\" >annexe 5 - r\u00e9solution OUI au marriage pour toutes et tous <span class=\"button-media-date\">24.04.2026<\/span><\/a><\/div><\/div><div class=\"button-list-item\"><div class=\"button-wrapper \"><a href=\"https:\/\/www.sp-ps.ch\/wp-content\/uploads\/2021\/10\/psmigr_objectifs-2021-22_1.pdf\"  target=\"_self\" class=\"button-link button-link-default\" >annexe 6 - les objectifs du PS Migrant-e-s en 2021 et 2022<span class=\"button-media-date\">24.04.2026<\/span><\/a><\/div><\/div><div class=\"button-list-item\"><div class=\"button-wrapper \"><a href=\"https:\/\/www.sp-ps.ch\/wp-content\/uploads\/2021\/10\/beilage_7_antrag-zum-zweijahresplan_annexe-7_proposition-objectifs-biann_0.pdf\"  target=\"_self\" class=\"button-link button-link-default\" >annexe 7 - proposition aux objectifs en 2021 et 2022<span class=\"button-media-date\">24.04.2026<\/span><\/a><\/div><\/div><div class=\"button-list-item\"><div class=\"button-wrapper \"><a href=\"https:\/\/www.sp-ps.ch\/wp-content\/uploads\/2021\/10\/annexe-8_lettre-europeenne_labsin.pdf\"  target=\"_self\" class=\"button-link button-link-default\" >annexe 8 - lettre ouverte du Laboratorio per la Sinistra au PS, politique europ\u00e9enne<span class=\"button-media-date\">24.04.2026<\/span><\/a><\/div><\/div><div class=\"button-list-item\"><div class=\"button-wrapper \"><a href=\"https:\/\/www.sp-ps.ch\/wp-content\/uploads\/2021\/10\/210619_sp-migr-traktanden_de_fr_0.pdf\"  target=\"_self\" class=\"button-link button-link-default\" >ordre du jour<span class=\"button-media-date\">24.04.2026<\/span><\/a><\/div><\/div><\/div><\/div><\/div>\t\t\t\t<\/div>\n\t\t\t\t<\/div>\n\t\t\t\t\t<\/div>\n\t\t<\/div>\n\t\t\t\t\t<\/div>\n\t\t<\/section>\n\t\t\t\t<\/div>\n\t\t","protected":false},"excerpt":{"rendered":"","protected":false},"author":1,"featured_media":0,"parent":0,"menu_order":0,"comment_status":"open","ping_status":"closed","template":"","meta":{"footnotes":""},"class_list":["post-67287","page","type-page","status-publish","hentry"],"_links":{"self":[{"href":"https:\/\/www.sp-ps.ch\/fr\/wp-json\/wp\/v2\/pages\/67287","targetHints":{"allow":["GET"]}}],"collection":[{"href":"https:\/\/www.sp-ps.ch\/fr\/wp-json\/wp\/v2\/pages"}],"about":[{"href":"https:\/\/www.sp-ps.ch\/fr\/wp-json\/wp\/v2\/types\/page"}],"author":[{"embeddable":true,"href":"https:\/\/www.sp-ps.ch\/fr\/wp-json\/wp\/v2\/users\/1"}],"replies":[{"embeddable":true,"href":"https:\/\/www.sp-ps.ch\/fr\/wp-json\/wp\/v2\/comments?post=67287"}],"version-history":[{"count":0,"href":"https:\/\/www.sp-ps.ch\/fr\/wp-json\/wp\/v2\/pages\/67287\/revisions"}],"wp:attachment":[{"href":"https:\/\/www.sp-ps.ch\/fr\/wp-json\/wp\/v2\/media?parent=67287"}],"curies":[{"name":"wp","href":"https:\/\/api.w.org\/{rel}","templated":true}]}}