{"id":67288,"date":"2020-10-15T00:00:00","date_gmt":"2020-10-14T22:00:00","guid":{"rendered":"https:\/\/test.sp-ps.ch\/conference-des-delegue-e-s-du-ps-migrant-e-s-suisse-3\/"},"modified":"2023-07-17T11:12:25","modified_gmt":"2023-07-17T09:12:25","slug":"conference-des-delegue-e-s-du-ps-migrant-e-s-suisse-3","status":"publish","type":"page","link":"https:\/\/www.sp-ps.ch\/fr\/conference-des-delegue-e-s-du-ps-migrant-e-s-suisse-3\/","title":{"rendered":"Conf\u00e9rence des d\u00e9l\u00e9gu\u00e9-es du PS Migrant-es suisse"},"content":{"rendered":"\t\t<div data-elementor-type=\"wp-post\" data-elementor-id=\"67288\" class=\"elementor elementor-67288 elementor-66826\" data-elementor-post-type=\"page\">\n\t\t\t\t\t\t<section class=\"elementor-section elementor-top-section elementor-element elementor-element-62f6b334bdf61 elementor-section-boxed elementor-section-height-default elementor-section-height-default\" data-id=\"62f6b334bdf61\" data-element_type=\"section\" data-settings=\"{&quot;jet_parallax_layout_list&quot;:[],&quot;background_background&quot;:&quot;classic&quot;}\">\n\t\t\t\t\t\t<div class=\"elementor-container elementor-column-gap-wide\">\n\t\t\t\t\t<div class=\"elementor-column elementor-col-100 elementor-top-column elementor-element elementor-element-62f6b334bdf63\" data-id=\"62f6b334bdf63\" data-element_type=\"column\">\n\t\t\t<div class=\"elementor-widget-wrap elementor-element-populated\">\n\t\t\t\t\t\t<div class=\"elementor-element elementor-element-62f6b334bdec3 elementor-widget elementor-widget-heading\" data-id=\"62f6b334bdec3\" data-element_type=\"widget\" data-widget_type=\"heading.default\">\n\t\t\t\t<div class=\"elementor-widget-container\">\n\t\t\t\t\t<h1 class=\"elementor-heading-title elementor-size-default\">Conf\u00e9rence des d\u00e9l\u00e9gu\u00e9-es du PS Migrant-es suisse<\/h1>\t\t\t\t<\/div>\n\t\t\t\t<\/div>\n\t\t\t\t<div class=\"elementor-element elementor-element-62f6b334bdf44 elementor-widget elementor-widget-jet-breadcrumbs\" data-id=\"62f6b334bdf44\" data-element_type=\"widget\" data-widget_type=\"jet-breadcrumbs.default\">\n\t\t\t\t<div class=\"elementor-widget-container\">\n\t\t\t\t\t<div class=\"elementor-jet-breadcrumbs jet-blocks\">\n\t\t<div class=\"jet-breadcrumbs\">\n\t\t<div class=\"jet-breadcrumbs__content\">\n\t\t<div class=\"jet-breadcrumbs__wrap\">\n\t\t<\/div>\n\t\t<\/div>\n\t\t<\/div><\/div>\t\t\t\t<\/div>\n\t\t\t\t<\/div>\n\t\t\t\t\t<\/div>\n\t\t<\/div>\n\t\t\t\t\t<\/div>\n\t\t<\/section>\n\t\t\t\t<section class=\"elementor-section elementor-top-section elementor-element elementor-element-62f6b334bdf65 elementor-section-boxed elementor-section-height-default elementor-section-height-default\" data-id=\"62f6b334bdf65\" data-element_type=\"section\" data-settings=\"{&quot;jet_parallax_layout_list&quot;:[]}\">\n\t\t\t\t\t\t<div class=\"elementor-container elementor-column-gap-default\">\n\t\t\t\t\t<div class=\"elementor-column elementor-col-100 elementor-top-column elementor-element elementor-element-62f6b334bdf66\" data-id=\"62f6b334bdf66\" data-element_type=\"column\">\n\t\t\t<div class=\"elementor-widget-wrap elementor-element-populated\">\n\t\t\t\t\t\t<div class=\"elementor-element elementor-element-62f6b334bdf67 elementor-widget elementor-widget-spacer\" data-id=\"62f6b334bdf67\" data-element_type=\"widget\" data-widget_type=\"spacer.default\">\n\t\t\t\t<div class=\"elementor-widget-container\">\n\t\t\t\t\t\t\t<div class=\"elementor-spacer\">\n\t\t\t<div class=\"elementor-spacer-inner\"><\/div>\n\t\t<\/div>\n\t\t\t\t\t\t<\/div>\n\t\t\t\t<\/div>\n\t\t\t\t\t<\/div>\n\t\t<\/div>\n\t\t\t\t\t<\/div>\n\t\t<\/section>\n\t\t\t\t<section class=\"elementor-section elementor-top-section elementor-element elementor-element-62f6b334bdf68 elementor-section-boxed elementor-section-height-default elementor-section-height-default\" data-id=\"62f6b334bdf68\" data-element_type=\"section\" data-settings=\"{&quot;jet_parallax_layout_list&quot;:[]}\">\n\t\t\t\t\t\t<div class=\"elementor-container elementor-column-gap-no\">\n\t\t\t\t\t<div class=\"elementor-column elementor-col-100 elementor-top-column elementor-element elementor-element-62f6b334bdf69\" data-id=\"62f6b334bdf69\" data-element_type=\"column\">\n\t\t\t<div class=\"elementor-widget-wrap elementor-element-populated\">\n\t\t\t\t\t\t<div class=\"elementor-element elementor-element-62f6b33463bb5 elementor-widget elementor-widget-text-editor\" data-id=\"62f6b33463bb5\" data-element_type=\"widget\" data-widget_type=\"text-editor.default\">\n\t\t\t\t<div class=\"elementor-widget-container\">\n\t\t\t\t\t\t\t\t\t<h3>Nouvelle date :<br>Samedi, 28 novembre 2020<br>( sous forme num&eacute;rique )<\/h3>\n\t\t\t\t\t\t\t\t<\/div>\n\t\t\t\t<\/div>\n\t\t\t\t<div class=\"elementor-element elementor-element-62f6b334a19f2 elementor-widget elementor-widget-spps_button_list\" data-id=\"62f6b334a19f2\" data-element_type=\"widget\" data-widget_type=\"spps_button_list.default\">\n\t\t\t\t<div class=\"elementor-widget-container\">\n\t\t\t\t\t<div class=\"button-list-wrapper wrapper-spacing-small  \"><div class=\"button-list-title\"><h3>Ordre du jour et annexes <\/h3><\/div><div class=\"button-list-container\"><div class=\"button-list-items\"><div class=\"button-list-item\"><div class=\"button-wrapper \"><a href=\"https:\/\/www.sp-ps.ch\/wp-content\/uploads\/2020\/10\/a1-200222-protokoll-dv-fr.pdf\"  target=\"_self\" class=\"button-link button-link-default\" >a1 proc\u00e8s verbal de la CD du 22 f\u00e9vrier 2020<span class=\"button-media-date\">19.04.2026<\/span><\/a><\/div><\/div><div class=\"button-list-item\"><div class=\"button-wrapper \"><a href=\"https:\/\/www.sp-ps.ch\/wp-content\/uploads\/2020\/10\/a2_201127_personnes-de-contact_situation-du-27-11-2020.pdf\"  target=\"_self\" class=\"button-link button-link-default\" >a2 responsables pour les nouveaux membres PS Migrant-es<span class=\"button-media-date\">19.04.2026<\/span><\/a><\/div><\/div><div class=\"button-list-item\"><div class=\"button-wrapper \"><a href=\"https:\/\/www.sp-ps.ch\/wp-content\/uploads\/2020\/10\/a3_retrogradation_resultats-des-groupes-de-travail_fr.pdf\"  target=\"_self\" class=\"button-link button-link-default\" >a3 r\u00e9trogation : r\u00e9sultats des groupes de travail<span class=\"button-media-date\">19.04.2026<\/span><\/a><\/div><\/div><div class=\"button-list-item\"><div class=\"button-wrapper \"><a href=\"https:\/\/www.sp-ps.ch\/wp-content\/uploads\/2020\/10\/a4_fra-proposition-de-redefinir-le-nombre-des-delegue-e-s_1.pdf\"  target=\"_self\" class=\"button-link button-link-default\" >a4 Proposition de red\u00e9finir le nombre des d\u00e9l\u00e9gu\u00e9-es<span class=\"button-media-date\">19.04.2026<\/span><\/a><\/div><\/div><div class=\"button-list-item\"><div class=\"button-wrapper \"><a href=\"https:\/\/www.sp-ps.ch\/wp-content\/uploads\/2020\/10\/2020-11-28_sp-migr-traktanden_ps-migr-ordre_du_jour-def-korr_2.pdf\"  target=\"_self\" class=\"button-link button-link-default\" >ordre du jour pour le 28\/11\/2020  (mis \u00e0 jour 26\/11\/2020)<span class=\"button-media-date\">19.04.2026<\/span><\/a><\/div><\/div><\/div><\/div><\/div>\t\t\t\t<\/div>\n\t\t\t\t<\/div>\n\t\t\t\t<div class=\"elementor-element elementor-element-62f6b334ba01d elementor-widget elementor-widget-spps_button_list\" data-id=\"62f6b334ba01d\" data-element_type=\"widget\" data-widget_type=\"spps_button_list.default\">\n\t\t\t\t<div class=\"elementor-widget-container\">\n\t\t\t\t\t<div class=\"button-list-wrapper wrapper-spacing-small  \"><div class=\"button-list-title\"><h3>Post-traitement<\/h3><\/div><div class=\"button-list-container\"><div class=\"button-list-items\"><div class=\"button-list-item\"><div class=\"button-wrapper \"><a href=\"https:\/\/www.sp-ps.ch\/wp-content\/uploads\/2020\/10\/sp-migrantinnen-delkonf-28-11-2020_de-fr_def_0.pdf\"  target=\"_self\" class=\"button-link button-link-default\" >Diapositives de la conf\u00e9rence des d\u00e9l\u00e9gu\u00e9-es du 28 novembre 2020<span class=\"button-media-date\">19.04.2026<\/span><\/a><\/div><\/div><div class=\"button-list-item\"><div class=\"button-wrapper \"><a href=\"https:\/\/www.sp-ps.ch\/wp-content\/uploads\/2020\/10\/0-201128-proces-verbal-confdel-fr.pdf\"  target=\"_self\" class=\"button-link button-link-default\" >Proc\u00e8s-verbal de la conf\u00e9rence des d\u00e9l\u00e9gu\u00e9-es du 28 novembre 2020<span class=\"button-media-date\">19.04.2026<\/span><\/a><\/div><\/div><\/div><\/div><\/div>\t\t\t\t<\/div>\n\t\t\t\t<\/div>\n\t\t\t\t\t<\/div>\n\t\t<\/div>\n\t\t\t\t\t<\/div>\n\t\t<\/section>\n\t\t\t\t<\/div>\n\t\t","protected":false},"excerpt":{"rendered":"<p>Conf\u00e9rence des d\u00e9l\u00e9gu\u00e9-es du PS Migrant-es suisse Nouvelle date :Samedi, 28 novembre 2020( sous forme num&eacute;rique ) Ordre du jour et annexes a1 proc\u00e8s verbal de la CD du 22 [&hellip;]<\/p>\n","protected":false},"author":1,"featured_media":0,"parent":0,"menu_order":0,"comment_status":"open","ping_status":"closed","template":"","meta":{"footnotes":""},"class_list":["post-67288","page","type-page","status-publish","hentry"],"_links":{"self":[{"href":"https:\/\/www.sp-ps.ch\/fr\/wp-json\/wp\/v2\/pages\/67288","targetHints":{"allow":["GET"]}}],"collection":[{"href":"https:\/\/www.sp-ps.ch\/fr\/wp-json\/wp\/v2\/pages"}],"about":[{"href":"https:\/\/www.sp-ps.ch\/fr\/wp-json\/wp\/v2\/types\/page"}],"author":[{"embeddable":true,"href":"https:\/\/www.sp-ps.ch\/fr\/wp-json\/wp\/v2\/users\/1"}],"replies":[{"embeddable":true,"href":"https:\/\/www.sp-ps.ch\/fr\/wp-json\/wp\/v2\/comments?post=67288"}],"version-history":[{"count":9,"href":"https:\/\/www.sp-ps.ch\/fr\/wp-json\/wp\/v2\/pages\/67288\/revisions"}],"predecessor-version":[{"id":106422,"href":"https:\/\/www.sp-ps.ch\/fr\/wp-json\/wp\/v2\/pages\/67288\/revisions\/106422"}],"wp:attachment":[{"href":"https:\/\/www.sp-ps.ch\/fr\/wp-json\/wp\/v2\/media?parent=67288"}],"curies":[{"name":"wp","href":"https:\/\/api.w.org\/{rel}","templated":true}]}}