{"id":67302,"date":"2020-02-26T00:00:00","date_gmt":"2020-02-25T23:00:00","guid":{"rendered":"https:\/\/test.sp-ps.ch\/non-a-linitiative-de-resiliation\/"},"modified":"2020-02-26T00:00:00","modified_gmt":"2020-02-25T23:00:00","slug":"non-a-linitiative-de-resiliation","status":"publish","type":"page","link":"https:\/\/www.sp-ps.ch\/fr\/non-a-linitiative-de-resiliation\/","title":{"rendered":"NON \u00e0 l\u2019initiative de r\u00e9siliation"},"content":{"rendered":"\t\t<div data-elementor-type=\"wp-post\" data-elementor-id=\"67302\" class=\"elementor elementor-67302\" data-elementor-post-type=\"page\">\n\t\t\t\t\t\t<section class=\"elementor-section elementor-top-section elementor-element elementor-element-62f6b3442bc57 elementor-section-boxed elementor-section-height-default elementor-section-height-default\" data-id=\"62f6b3442bc57\" data-element_type=\"section\" data-settings=\"{&quot;jet_parallax_layout_list&quot;:[],&quot;background_background&quot;:&quot;classic&quot;}\">\n\t\t\t\t\t\t<div class=\"elementor-container elementor-column-gap-wide\">\n\t\t\t\t\t<div class=\"elementor-column elementor-col-100 elementor-top-column elementor-element elementor-element-62f6b3442bc58\" data-id=\"62f6b3442bc58\" data-element_type=\"column\">\n\t\t\t<div class=\"elementor-widget-wrap elementor-element-populated\">\n\t\t\t\t\t\t<div class=\"elementor-element elementor-element-62f6b3442bb81 elementor-widget elementor-widget-heading\" data-id=\"62f6b3442bb81\" data-element_type=\"widget\" data-widget_type=\"heading.default\">\n\t\t\t\t<div class=\"elementor-widget-container\">\n\t\t\t\t\t<h1 class=\"elementor-heading-title elementor-size-default\">NON \u00e0 l\u2019initiative de r\u00e9siliation<\/h1>\t\t\t\t<\/div>\n\t\t\t\t<\/div>\n\t\t\t\t<div class=\"elementor-element elementor-element-62f6b3442bc2c elementor-widget elementor-widget-jet-breadcrumbs\" data-id=\"62f6b3442bc2c\" data-element_type=\"widget\" data-widget_type=\"jet-breadcrumbs.default\">\n\t\t\t\t<div class=\"elementor-widget-container\">\n\t\t\t\t\t<div class=\"elementor-jet-breadcrumbs jet-blocks\">\n\t\t<div class=\"jet-breadcrumbs\">\n\t\t<div class=\"jet-breadcrumbs__content\">\n\t\t<div class=\"jet-breadcrumbs__wrap\">\n\t\t<\/div>\n\t\t<\/div>\n\t\t<\/div><\/div>\t\t\t\t<\/div>\n\t\t\t\t<\/div>\n\t\t\t\t<div class=\"elementor-element elementor-element-62f6b3442bc54 elementor-widget__width-initial elementor-widget elementor-widget-text-editor\" data-id=\"62f6b3442bc54\" data-element_type=\"widget\" data-widget_type=\"text-editor.default\">\n\t\t\t\t<div class=\"elementor-widget-container\">\n\t\t\t\t\t\t\t\t\tNous voterons le 27 septembre sur l\u2019initiative dite de limitation, v\u00e9ritable initiative pyromane. Sous un titre trompeur, elle demande la fin de la libre circulation des personnes avec l\u2019UE. Cela impliquerait la suppression des mesures d\u2019accompagnement visant \u00e0 prot\u00e9ger les salaires et les conditions de travail en Suisse. Cons\u00e9quences\u2009? Des salaires plus bas et une exploitation facilit\u00e9e des travailleuses et travailleurs.\t\t\t\t\t\t\t\t<\/div>\n\t\t\t\t<\/div>\n\t\t\t\t\t<\/div>\n\t\t<\/div>\n\t\t\t\t\t<\/div>\n\t\t<\/section>\n\t\t\t\t<section class=\"elementor-section elementor-top-section elementor-element elementor-element-62f6b3442bc5a elementor-section-boxed elementor-section-height-default elementor-section-height-default\" data-id=\"62f6b3442bc5a\" data-element_type=\"section\" data-settings=\"{&quot;jet_parallax_layout_list&quot;:[]}\">\n\t\t\t\t\t\t<div class=\"elementor-container elementor-column-gap-default\">\n\t\t\t\t\t<div class=\"elementor-column elementor-col-100 elementor-top-column elementor-element elementor-element-62f6b3442bc5b\" data-id=\"62f6b3442bc5b\" data-element_type=\"column\">\n\t\t\t<div class=\"elementor-widget-wrap elementor-element-populated\">\n\t\t\t\t\t\t<div class=\"elementor-element elementor-element-62f6b3442bc5d elementor-widget elementor-widget-spacer\" data-id=\"62f6b3442bc5d\" data-element_type=\"widget\" data-widget_type=\"spacer.default\">\n\t\t\t\t<div class=\"elementor-widget-container\">\n\t\t\t\t\t\t\t<div class=\"elementor-spacer\">\n\t\t\t<div class=\"elementor-spacer-inner\"><\/div>\n\t\t<\/div>\n\t\t\t\t\t\t<\/div>\n\t\t\t\t<\/div>\n\t\t\t\t\t<\/div>\n\t\t<\/div>\n\t\t\t\t\t<\/div>\n\t\t<\/section>\n\t\t\t\t<section class=\"elementor-section elementor-top-section elementor-element elementor-element-62f6b3442bc60 elementor-section-boxed elementor-section-height-default elementor-section-height-default\" data-id=\"62f6b3442bc60\" data-element_type=\"section\" data-settings=\"{&quot;jet_parallax_layout_list&quot;:[]}\">\n\t\t\t\t\t\t<div class=\"elementor-container elementor-column-gap-no\">\n\t\t\t\t\t<div class=\"elementor-column elementor-col-100 elementor-top-column elementor-element elementor-element-62f6b3442bc61\" data-id=\"62f6b3442bc61\" data-element_type=\"column\">\n\t\t\t<div class=\"elementor-widget-wrap elementor-element-populated\">\n\t\t\t\t\t\t<div class=\"elementor-element elementor-element-62f6b34427a2e elementor-widget elementor-widget-text-editor\" data-id=\"62f6b34427a2e\" data-element_type=\"widget\" data-widget_type=\"text-editor.default\">\n\t\t\t\t<div class=\"elementor-widget-container\">\n\t\t\t\t\t\t\t\t\t<h4><strong>Le but de l&#8217;initiative&nbsp; &nbsp; &nbsp; &nbsp; &nbsp; &nbsp; &nbsp; &nbsp; &nbsp; &nbsp; &nbsp; &nbsp; &nbsp; &nbsp; &nbsp; &nbsp; &nbsp; &nbsp; &nbsp; &nbsp; &nbsp; &nbsp; &nbsp; &nbsp; &nbsp; &nbsp; &nbsp; &nbsp;<\/strong><p>L&rsquo;initiative de r&eacute;siliation de l&rsquo;UDC demande la fin de l&rsquo;accord de libre circulation des personnes avec l&rsquo;Union europ&eacute;enne. Ce faisant, elle met fin &agrave; l&rsquo;entier des accords bilat&eacute;raux avec l&rsquo;UE et aux mesures d&rsquo;accompagnement. Une nouvelle attaque frontale de l&rsquo;UDC contre la protection des salaires pour la population active en Suisse.<\/p><h3>UN NON LE 27 SEPTEMBRE EST PLUS IMPORTANT QUE JAMAIS<\/h3><h4>Non &agrave; une vague de dumping salarial<\/h4><p>La fin de la libre circulation des personnes signifie &eacute;galement la fin des mesures d&rsquo;accompagnement sur le march&eacute; du travail suisse. Si ces mesures de protection des salaires cessent de s&rsquo;appliquer, la pression sur les salaires augmentera &#8211; pour tous les employ&eacute;-e-s ! Si les salaires dans des secteurs tels que la construction, la restauration ou les services baissent, toute la structure des salaires commencera &agrave; glisser et d&rsquo;autres secteurs suivront.<\/p><h4>Non &agrave; une politique d&rsquo;isolement d&eacute;pass&eacute;e&nbsp;<\/h4><p>L&rsquo;isolement n&rsquo;a jamais &eacute;t&eacute; une solution &ndash; encore moins en p&eacute;riode de crise &eacute;conomique. Gr&acirc;ce &agrave; la libre circulation des personnes, la Suisse a d&eacute;sormais un acc&egrave;s ouvert au march&eacute; int&eacute;rieur de l&rsquo;UE. Aujourd&rsquo;hui, 52 % de toutes les exportations des entreprises locales sont destin&eacute;es &agrave; l&rsquo;UE. Si cela n&rsquo;est plus possible, l&rsquo;&eacute;conomie et les travailleurs\/euses suisses subiront des dommages consid&eacute;rables.<\/p><h4>Non &agrave; la destruction de la place de la Suisse dans la formation et la recherche&nbsp;<\/h4><p>La Suisse, en tant que place forte de la recherche, est &eacute;galement menac&eacute;e par cette initiative. Si elle est accept&eacute;e, nos chercheurs\/euses et &eacute;tudiant-e-s ne pourront plus participer aux programmes de recherche et d&rsquo;&eacute;changes de l&rsquo;UE. Les cons&eacute;quences ? Moins de r&eacute;seaux internationaux et moins de fonds pour l&rsquo;&eacute;ducation et la recherche.<\/p><h4>Non &agrave; la limitation de notre libert&eacute;&nbsp;<\/h4><p>La libre circulation des personnes s&rsquo;applique &eacute;galement aux ressortissant-e-s suisses : aujourd&rsquo;hui, environ un demi-million de Suisses vivent et travaillent dans l&rsquo;UE. Si l&rsquo;initiative de l&rsquo;UDC &eacute;tait adopt&eacute;e, leur statut, leur situation professionnelle et leurs chances sur le march&eacute; du travail seraient massivement d&eacute;t&eacute;rior&eacute;s.<\/p><h4>Non &agrave; une politique de fausses solutions<\/h4><p>Le march&eacute; du travail conna&icirc;t une profonde mutation structurelle. Plus que jamais, nous avons besoin de mesures constructives et tourn&eacute;es vers l&rsquo;avenir : par exemple une meilleure protection des travailleurs et travailleuses &acirc;g&eacute;s, une formation et un perfectionnement cibl&eacute;s, une politique offensive d&rsquo;&eacute;galit&eacute; des chances, un meilleur &eacute;quilibre entre vie professionnelle et vie priv&eacute;e et des prestations de transition suffisantes pour les ch&ocirc;meurs\/euses &acirc;g&eacute;s. Ce sont pr&eacute;cis&eacute;ment de telles mesures que l&rsquo;UDC a toujours rejet&eacute;es au Parlement.<\/p><p>&nbsp;<\/p><ul>\t<li><a href=\"https:\/\/tsueri.cloud\/s\/qzLgTa4rMzfrMFB\">T&eacute;l&eacute;chargez l&#8217;argumentaire<\/a><\/li><\/ul><p>&nbsp;<\/p><hr><h4>Souhaitez-vous nous aider dans la campagne contre&nbsp;l&rsquo;initiative de r&eacute;siliation ?<\/h4><\/h4>\n\t\t\t\t\t\t\t\t<\/div>\n\t\t\t\t<\/div>\n\t\t\t\t<div class=\"elementor-element elementor-element-62f6b34427a44 elementor-widget elementor-widget-spps_button_list\" data-id=\"62f6b34427a44\" data-element_type=\"widget\" data-widget_type=\"spps_button_list.default\">\n\t\t\t\t<div class=\"elementor-widget-container\">\n\t\t\t\t\t<div class=\"button-list-wrapper wrapper-spacing-small  \"><div class=\"button-list-container\"><div class=\"button-list-items\"><div class=\"button-list-item\"><div class=\"button-wrapper \"><a href=\"https:\/\/sp-ps.typeform.com\/to\/xzEnch\"  target=\"_self\" class=\"button-link button-link-default\" >Engagez-vous comme volontaire<span class=\"button-media-date\">03.05.2026<\/span><\/a><\/div><\/div><div class=\"button-list-item\"><div class=\"button-wrapper \"><a href=\"https:\/\/www.sp-ps.ch\/fr\/faire-un-don-non-linitiative-de-resiliation-0\"  target=\"_self\" class=\"button-link button-link-default\" >Soutenez la campagne avec un don<span class=\"button-media-date\">03.05.2026<\/span><\/a><\/div><\/div><\/div><\/div><\/div>\t\t\t\t<\/div>\n\t\t\t\t<\/div>\n\t\t\t\t\t<\/div>\n\t\t<\/div>\n\t\t\t\t\t<\/div>\n\t\t<\/section>\n\t\t\t\t<\/div>\n\t\t","protected":false},"excerpt":{"rendered":"<p>Nous voterons le 27 septembre sur l\u2019initiative dite de limitation, v\u00e9ritable initiative pyromane. Sous un titre trompeur, elle demande la fin de la libre circulation des personnes avec l\u2019UE. Cela impliquerait la suppression des mesures d\u2019accompagnement visant \u00e0 prot\u00e9ger les salaires et les conditions de travail en Suisse.<\/p>\n","protected":false},"author":1,"featured_media":64419,"parent":0,"menu_order":0,"comment_status":"open","ping_status":"closed","template":"","meta":{"footnotes":""},"class_list":["post-67302","page","type-page","status-publish","has-post-thumbnail","hentry"],"_links":{"self":[{"href":"https:\/\/www.sp-ps.ch\/fr\/wp-json\/wp\/v2\/pages\/67302","targetHints":{"allow":["GET"]}}],"collection":[{"href":"https:\/\/www.sp-ps.ch\/fr\/wp-json\/wp\/v2\/pages"}],"about":[{"href":"https:\/\/www.sp-ps.ch\/fr\/wp-json\/wp\/v2\/types\/page"}],"author":[{"embeddable":true,"href":"https:\/\/www.sp-ps.ch\/fr\/wp-json\/wp\/v2\/users\/1"}],"replies":[{"embeddable":true,"href":"https:\/\/www.sp-ps.ch\/fr\/wp-json\/wp\/v2\/comments?post=67302"}],"version-history":[{"count":0,"href":"https:\/\/www.sp-ps.ch\/fr\/wp-json\/wp\/v2\/pages\/67302\/revisions"}],"wp:featuredmedia":[{"embeddable":true,"href":"https:\/\/www.sp-ps.ch\/fr\/wp-json\/wp\/v2\/media\/64419"}],"wp:attachment":[{"href":"https:\/\/www.sp-ps.ch\/fr\/wp-json\/wp\/v2\/media?parent=67302"}],"curies":[{"name":"wp","href":"https:\/\/api.w.org\/{rel}","templated":true}]}}