{"id":67305,"date":"2020-06-17T00:00:00","date_gmt":"2020-06-16T22:00:00","guid":{"rendered":"https:\/\/test.sp-ps.ch\/non-aux-nouveaux-avions-de-combat-trop-cest-trop\/"},"modified":"2020-06-17T00:00:00","modified_gmt":"2020-06-16T22:00:00","slug":"non-aux-nouveaux-avions-de-combat-trop-cest-trop","status":"publish","type":"page","link":"https:\/\/www.sp-ps.ch\/fr\/non-aux-nouveaux-avions-de-combat-trop-cest-trop\/","title":{"rendered":"NON aux nouveaux avions de combat : trop c\u2019est trop !"},"content":{"rendered":"\t\t<div data-elementor-type=\"wp-post\" data-elementor-id=\"67305\" class=\"elementor elementor-67305\" data-elementor-post-type=\"page\">\n\t\t\t\t\t\t<section class=\"elementor-section elementor-top-section elementor-element elementor-element-62f6b347749a3 elementor-section-boxed elementor-section-height-default elementor-section-height-default\" data-id=\"62f6b347749a3\" data-element_type=\"section\" data-settings=\"{&quot;jet_parallax_layout_list&quot;:[],&quot;background_background&quot;:&quot;classic&quot;}\">\n\t\t\t\t\t\t<div class=\"elementor-container elementor-column-gap-wide\">\n\t\t\t\t\t<div class=\"elementor-column elementor-col-100 elementor-top-column elementor-element elementor-element-62f6b347749a4\" data-id=\"62f6b347749a4\" data-element_type=\"column\">\n\t\t\t<div class=\"elementor-widget-wrap elementor-element-populated\">\n\t\t\t\t\t\t<div class=\"elementor-element elementor-element-62f6b34774907 elementor-widget elementor-widget-heading\" data-id=\"62f6b34774907\" data-element_type=\"widget\" data-widget_type=\"heading.default\">\n\t\t\t\t<div class=\"elementor-widget-container\">\n\t\t\t\t\t<h1 class=\"elementor-heading-title elementor-size-default\">NON aux nouveaux avions de combat : trop c\u2019est trop !<\/h1>\t\t\t\t<\/div>\n\t\t\t\t<\/div>\n\t\t\t\t<div class=\"elementor-element elementor-element-62f6b3477497e elementor-widget elementor-widget-jet-breadcrumbs\" data-id=\"62f6b3477497e\" data-element_type=\"widget\" data-widget_type=\"jet-breadcrumbs.default\">\n\t\t\t\t<div class=\"elementor-widget-container\">\n\t\t\t\t\t<div class=\"elementor-jet-breadcrumbs jet-blocks\">\n\t\t<div class=\"jet-breadcrumbs\">\n\t\t<div class=\"jet-breadcrumbs__content\">\n\t\t<div class=\"jet-breadcrumbs__wrap\">\n\t\t<\/div>\n\t\t<\/div>\n\t\t<\/div><\/div>\t\t\t\t<\/div>\n\t\t\t\t<\/div>\n\t\t\t\t<div class=\"elementor-element elementor-element-62f6b347749a0 elementor-widget__width-initial elementor-widget elementor-widget-text-editor\" data-id=\"62f6b347749a0\" data-element_type=\"widget\" data-widget_type=\"text-editor.default\">\n\t\t\t\t<div class=\"elementor-widget-container\">\n\t\t\t\t\t\t\t\t\tLe Conseil f\u00e9d\u00e9ral veut acheter des avions de combat de luxe pour 6 milliards de francs. De l&#8217;argent qui manquera alors ailleurs \u2013 dans la r\u00e9duction des primes, les retraites et la protection de l&#8217;environnement. Si l&#8217;on inclut la maintenance et l&#8217;entretien dans le calcul, le co\u00fbt de ces avions s&#8217;\u00e9l\u00e8ve \u00e0 24 milliards de francs. Le PS, avec ses alli\u00e9s, a pris en main le r\u00e9f\u00e9rendum qui sera soumis aux urnes le 27 septembre 2020.Ces trois arguments sont d\u00e9terminants pour le PS :\t\t\t\t\t\t\t\t<\/div>\n\t\t\t\t<\/div>\n\t\t\t\t\t<\/div>\n\t\t<\/div>\n\t\t\t\t\t<\/div>\n\t\t<\/section>\n\t\t\t\t<section class=\"elementor-section elementor-top-section elementor-element elementor-element-62f6b347749a5 elementor-section-boxed elementor-section-height-default elementor-section-height-default\" data-id=\"62f6b347749a5\" data-element_type=\"section\" data-settings=\"{&quot;jet_parallax_layout_list&quot;:[]}\">\n\t\t\t\t\t\t<div class=\"elementor-container elementor-column-gap-default\">\n\t\t\t\t\t<div class=\"elementor-column elementor-col-100 elementor-top-column elementor-element elementor-element-62f6b347749a6\" data-id=\"62f6b347749a6\" data-element_type=\"column\">\n\t\t\t<div class=\"elementor-widget-wrap elementor-element-populated\">\n\t\t\t\t\t\t<div class=\"elementor-element elementor-element-62f6b347749a7 elementor-widget elementor-widget-spacer\" data-id=\"62f6b347749a7\" data-element_type=\"widget\" data-widget_type=\"spacer.default\">\n\t\t\t\t<div class=\"elementor-widget-container\">\n\t\t\t\t\t\t\t<div class=\"elementor-spacer\">\n\t\t\t<div class=\"elementor-spacer-inner\"><\/div>\n\t\t<\/div>\n\t\t\t\t\t\t<\/div>\n\t\t\t\t<\/div>\n\t\t\t\t\t<\/div>\n\t\t<\/div>\n\t\t\t\t\t<\/div>\n\t\t<\/section>\n\t\t\t\t<section class=\"elementor-section elementor-top-section elementor-element elementor-element-62f6b347749a9 elementor-section-boxed elementor-section-height-default elementor-section-height-default\" data-id=\"62f6b347749a9\" data-element_type=\"section\" data-settings=\"{&quot;jet_parallax_layout_list&quot;:[]}\">\n\t\t\t\t\t\t<div class=\"elementor-container elementor-column-gap-no\">\n\t\t\t\t\t<div class=\"elementor-column elementor-col-100 elementor-top-column elementor-element elementor-element-62f6b347749aa\" data-id=\"62f6b347749aa\" data-element_type=\"column\">\n\t\t\t<div class=\"elementor-widget-wrap elementor-element-populated\">\n\t\t\t\t\t\t<div class=\"elementor-element elementor-element-62f6b3475840d elementor-widget elementor-widget-text-editor\" data-id=\"62f6b3475840d\" data-element_type=\"widget\" data-widget_type=\"text-editor.default\">\n\t\t\t\t<div class=\"elementor-widget-container\">\n\t\t\t\t\t\t\t\t\t<p><strong>24 milliards, c&rsquo;est trop !<\/strong><p>La population se prononcera sur une d&eacute;cision de planification pour l&#8217;acquisition de nouveaux avions de combat avec un budget de 6 milliards de francs suisses. Mais ce n&#8217;est qu&#8217;une partie de la v&eacute;rit&eacute; : les nouveaux avions de combat co&ucirc;teront au moins 24&#8217;000&#8217;000&#8217;000,00 (soit 24 milliards) de francs sur toute leur dur&eacute;e de vie. C&#8217;est une somme &eacute;norme qui manquera ailleurs : dans les r&eacute;ductions de primes, les pensions et la protection du climat.<\/p><p>En 2014, la population a clairement rejet&eacute; l&#8217;achat de nouveaux avions de combat pour 3,1 milliards de francs suisses. Le Gripen aurait au total co&ucirc;t&eacute; aux contribuables plus de dix milliards de francs suisses sur la dur&eacute;e de vie pr&eacute;vue de l&#8217;avion. La proposition actuelle s&rsquo;&eacute;l&egrave;ve &agrave; 24 milliards de francs, soit deux &agrave; trois fois plus que le Gripen. Le fait que le Parlement, sous la pression du lobby de l&#8217;armement, souhaite acheter des avions de combat encore plus chers malgr&eacute; le verdict clair des &eacute;lectrices et des &eacute;lecteurs, est un scandale.<\/p><p><strong>Un bilan carbone catastrophique<\/strong><\/p><p>Le changement climatique repr&eacute;sente la plus grande menace pour l&#8217;humanit&eacute;. Au vu de ce fait, l&#8217;achat de nouveaux avions de combat massivement polluants appara&icirc;t tr&egrave;s contestable. Les avions de combat sont non seulement co&ucirc;teux, mais aussi plus gourmands en &eacute;nergie que tout autre type d&#8217;objet volant dans notre espace a&eacute;rien. Un avion de chasse a besoin de 5&#8217;000 litres de k&eacute;ros&egrave;ne par heure &ndash; avec cela, une voiture de tourisme normale pourrait faire 2,5 fois le tour de la terre.<\/p><p><strong>De meilleures alternatives<\/strong><\/p><p>La Suisse a besoin d&#8217;une police a&eacute;rienne solide. Toutefois, des avions de combat l&eacute;gers pourraient &eacute;galement &ecirc;tre achet&eacute;s &agrave; cette fin. Ils sont beaucoup moins chers que les avions de combat de luxe, sont largement moins polluants et font moins de bruit. Cependant, ces concepts alternatifs n&#8217;ont m&ecirc;me pas &eacute;t&eacute; examin&eacute;s. C&#8217;est pourquoi le r&eacute;f&eacute;rendum &eacute;tait absolument n&eacute;cessaire &ndash; votons toutes et tous NON le 27 septembre 2020 !<\/p><\/p>\n\t\t\t\t\t\t\t\t<\/div>\n\t\t\t\t<\/div>\n\t\t\t\t<div class=\"elementor-element elementor-element-62f6b34770e2e elementor-widget elementor-widget-spps_button_list\" data-id=\"62f6b34770e2e\" data-element_type=\"widget\" data-widget_type=\"spps_button_list.default\">\n\t\t\t\t<div class=\"elementor-widget-container\">\n\t\t\t\t\t<div class=\"button-list-wrapper wrapper-spacing-small  \"><div class=\"button-list-container\"><div class=\"button-list-items\"><div class=\"button-list-item\"><div class=\"button-wrapper \"><a href=\"https:\/\/www.sp-ps.ch\/wp-content\/uploads\/2020\/06\/ps_argumentaires_non-aux-avions-de-combat-de-luxe-f.pdf\"  target=\"_self\" class=\"button-link button-link-default\" >Argumentaire \u00ab Non aux avions de combat de luxe ! \u00bb<span class=\"button-media-date\">08.05.2026<\/span><\/a><\/div><\/div><div class=\"button-list-item\"><div class=\"button-wrapper \"><a href=\"https:\/\/www.sp-ps.ch\/wp-content\/uploads\/2020\/06\/ppp_avions-de-combat_f.pdf\"  target=\"_self\" class=\"button-link button-link-default\" >Pr\u00e9sentation<span class=\"button-media-date\">08.05.2026<\/span><\/a><\/div><\/div><\/div><\/div><\/div>\t\t\t\t<\/div>\n\t\t\t\t<\/div>\n\t\t\t\t\t<\/div>\n\t\t<\/div>\n\t\t\t\t\t<\/div>\n\t\t<\/section>\n\t\t\t\t<\/div>\n\t\t","protected":false},"excerpt":{"rendered":"<p>Le Conseil f\u00e9d\u00e9ral veut acheter des avions de combat de luxe pour 6 milliards de francs. De l&#8217;argent qui manquera alors ailleurs \u2013 dans la r\u00e9duction des primes, les retraites et la protection de l&#8217;environnement. Si l&#8217;on inclut la maintenance et l&#8217;entretien dans le calcul, le co\u00fbt de ces avions s&#8217;\u00e9l\u00e8ve \u00e0 24 milliards de francs. Le PS, avec ses alli\u00e9s, a pris en main le r\u00e9f\u00e9rendum qui sera soumis aux urnes le 27 septembre 2020.<\/p>\n","protected":false},"author":1,"featured_media":64431,"parent":0,"menu_order":0,"comment_status":"open","ping_status":"closed","template":"","meta":{"footnotes":""},"class_list":["post-67305","page","type-page","status-publish","has-post-thumbnail","hentry"],"_links":{"self":[{"href":"https:\/\/www.sp-ps.ch\/fr\/wp-json\/wp\/v2\/pages\/67305","targetHints":{"allow":["GET"]}}],"collection":[{"href":"https:\/\/www.sp-ps.ch\/fr\/wp-json\/wp\/v2\/pages"}],"about":[{"href":"https:\/\/www.sp-ps.ch\/fr\/wp-json\/wp\/v2\/types\/page"}],"author":[{"embeddable":true,"href":"https:\/\/www.sp-ps.ch\/fr\/wp-json\/wp\/v2\/users\/1"}],"replies":[{"embeddable":true,"href":"https:\/\/www.sp-ps.ch\/fr\/wp-json\/wp\/v2\/comments?post=67305"}],"version-history":[{"count":0,"href":"https:\/\/www.sp-ps.ch\/fr\/wp-json\/wp\/v2\/pages\/67305\/revisions"}],"wp:featuredmedia":[{"embeddable":true,"href":"https:\/\/www.sp-ps.ch\/fr\/wp-json\/wp\/v2\/media\/64431"}],"wp:attachment":[{"href":"https:\/\/www.sp-ps.ch\/fr\/wp-json\/wp\/v2\/media?parent=67305"}],"curies":[{"name":"wp","href":"https:\/\/api.w.org\/{rel}","templated":true}]}}