{"id":67334,"date":"2016-12-19T15:11:58","date_gmt":"2016-12-19T14:11:58","guid":{"rendered":"https:\/\/test.sp-ps.ch\/oui-a-la-naturalisation-facilitee-de-la-3eme-generation\/"},"modified":"2016-12-19T15:11:58","modified_gmt":"2016-12-19T14:11:58","slug":"oui-a-la-naturalisation-facilitee-de-la-3eme-generation","status":"publish","type":"page","link":"https:\/\/www.sp-ps.ch\/fr\/oui-a-la-naturalisation-facilitee-de-la-3eme-generation\/","title":{"rendered":"OUI \u00e0 la naturalisation facilit\u00e9e de la 3\u00e8me g\u00e9n\u00e9ration !"},"content":{"rendered":"\t\t<div data-elementor-type=\"wp-post\" data-elementor-id=\"67334\" class=\"elementor elementor-67334 elementor-66924\" data-elementor-post-type=\"page\">\n\t\t\t\t\t\t<section class=\"elementor-section elementor-top-section elementor-element elementor-element-62f6b36a27755 elementor-section-boxed elementor-section-height-default elementor-section-height-default\" data-id=\"62f6b36a27755\" data-element_type=\"section\" data-settings=\"{&quot;jet_parallax_layout_list&quot;:[],&quot;background_background&quot;:&quot;classic&quot;}\">\n\t\t\t\t\t\t<div class=\"elementor-container elementor-column-gap-wide\">\n\t\t\t\t\t<div class=\"elementor-column elementor-col-100 elementor-top-column elementor-element elementor-element-62f6b36a27756\" data-id=\"62f6b36a27756\" data-element_type=\"column\">\n\t\t\t<div class=\"elementor-widget-wrap elementor-element-populated\">\n\t\t\t\t\t\t<div class=\"elementor-element elementor-element-62f6b36a276e7 elementor-widget elementor-widget-heading\" data-id=\"62f6b36a276e7\" data-element_type=\"widget\" data-widget_type=\"heading.default\">\n\t\t\t\t<div class=\"elementor-widget-container\">\n\t\t\t\t\t<h1 class=\"elementor-heading-title elementor-size-default\">OUI \u00e0 la naturalisation facilit\u00e9e de la 3\u00e8me g\u00e9n\u00e9ration !<\/h1>\t\t\t\t<\/div>\n\t\t\t\t<\/div>\n\t\t\t\t<div class=\"elementor-element elementor-element-62f6b36a27741 elementor-widget elementor-widget-jet-breadcrumbs\" data-id=\"62f6b36a27741\" data-element_type=\"widget\" data-widget_type=\"jet-breadcrumbs.default\">\n\t\t\t\t<div class=\"elementor-widget-container\">\n\t\t\t\t\t<div class=\"elementor-jet-breadcrumbs jet-blocks\">\n\t\t<div class=\"jet-breadcrumbs\">\n\t\t<div class=\"jet-breadcrumbs__content\">\n\t\t<div class=\"jet-breadcrumbs__wrap\">\n\t\t<\/div>\n\t\t<\/div>\n\t\t<\/div><\/div>\t\t\t\t<\/div>\n\t\t\t\t<\/div>\n\t\t\t\t\t<\/div>\n\t\t<\/div>\n\t\t\t\t\t<\/div>\n\t\t<\/section>\n\t\t\t\t<section class=\"elementor-section elementor-top-section elementor-element elementor-element-62f6b36a27758 elementor-section-boxed elementor-section-height-default elementor-section-height-default\" data-id=\"62f6b36a27758\" data-element_type=\"section\" data-settings=\"{&quot;jet_parallax_layout_list&quot;:[]}\">\n\t\t\t\t\t\t<div class=\"elementor-container elementor-column-gap-default\">\n\t\t\t\t\t<div class=\"elementor-column elementor-col-100 elementor-top-column elementor-element elementor-element-62f6b36a27759\" data-id=\"62f6b36a27759\" data-element_type=\"column\">\n\t\t\t<div class=\"elementor-widget-wrap elementor-element-populated\">\n\t\t\t\t\t\t<div class=\"elementor-element elementor-element-62f6b36a2775a elementor-widget elementor-widget-spacer\" data-id=\"62f6b36a2775a\" data-element_type=\"widget\" data-widget_type=\"spacer.default\">\n\t\t\t\t<div class=\"elementor-widget-container\">\n\t\t\t\t\t\t\t<div class=\"elementor-spacer\">\n\t\t\t<div class=\"elementor-spacer-inner\"><\/div>\n\t\t<\/div>\n\t\t\t\t\t\t<\/div>\n\t\t\t\t<\/div>\n\t\t\t\t\t<\/div>\n\t\t<\/div>\n\t\t\t\t\t<\/div>\n\t\t<\/section>\n\t\t\t\t<section class=\"elementor-section elementor-top-section elementor-element elementor-element-62f6b36a2775b elementor-section-boxed elementor-section-height-default elementor-section-height-default\" data-id=\"62f6b36a2775b\" data-element_type=\"section\" data-settings=\"{&quot;jet_parallax_layout_list&quot;:[]}\">\n\t\t\t\t\t\t<div class=\"elementor-container elementor-column-gap-no\">\n\t\t\t\t\t<div class=\"elementor-column elementor-col-100 elementor-top-column elementor-element elementor-element-62f6b36a2775c\" data-id=\"62f6b36a2775c\" data-element_type=\"column\">\n\t\t\t<div class=\"elementor-widget-wrap elementor-element-populated\">\n\t\t\t\t\t\t<div class=\"elementor-element elementor-element-62f6b36a1657e elementor-widget elementor-widget-text-editor\" data-id=\"62f6b36a1657e\" data-element_type=\"widget\" data-widget_type=\"text-editor.default\">\n\t\t\t\t<div class=\"elementor-widget-container\">\n\t\t\t\t\t\t\t\t\t<p>Le Parti socialiste suisse (PS) s&rsquo;engage pour une Suisse de la cohabitation, une Suisse de la diversit&eacute; linguistique, religieuse et culturelle.<p>Plus de deux millions de personnes r&eacute;sidant dans ce pays n&rsquo;ont pas de passeport suisse. Ces gens vivent ici, vont &agrave; l&rsquo;&eacute;cole avec nous, jouent au football avec nous ou vont au cours de natation avec nous, ils travaillent avec nous, ils paient des imp&ocirc;ts, comme nous&#8230; Ils font partie int&eacute;grante de notre pays, de la Suisse. Ils n&rsquo;ont toutefois pas le droit de participer aux d&eacute;cisions politiques, bien que bon nombre de celles qui sont prises au Parlement ou dans les urnes aient un effet imm&eacute;diat sur chacun d&rsquo;entre nous &ndash; et donc sur eux aussi.<\/p><p>En comparaison europ&eacute;enne, la naturalisation en Suisse est tr&egrave;s difficile, elle co&ucirc;te cher et elle s&rsquo;apparente &agrave; un parcours du combattant. La nouvelle Loi sur les &eacute;trangers dresse m&ecirc;me quelques obstacles encore plus difficiles &agrave; surmonter sur le chemin des candidates et des candidats. &Agrave; partir du 1<sup>er<\/sup>&nbsp;janvier 2018, seules les personnes au b&eacute;n&eacute;fice d&rsquo;un permis&nbsp;C pourront demander le passeport suisse. Pour tous les d&eacute;tenteurs d&rsquo;un permis&nbsp;B, cette possibilit&eacute; n&rsquo;existera plus (contrairement &agrave; aujourd&rsquo;hui). Cela concerne 650&rsquo;000&nbsp;personnes.<\/p><ul>\t<li>Participez &agrave; la campagne du OUI &agrave; la naturalisation facilit&eacute;e lors des votations du 12 f&eacute;vrier 2017.<\/li>\t<li>Conjointement avec le PS&nbsp;Migrant-e-s, le PS&nbsp;Suisse lance un appel et une campagne pour la naturalisation des personnes au b&eacute;n&eacute;fice d&rsquo;un permis&nbsp;B. Nous voulons informer, encourager et aider. Nous voulons plus de Suisse pour toutes et tous. Ceux qui d&eacute;sirent entrer en contact avec une conseill&egrave;re en naturalisation ou un conseiller en naturalisation peuvent s&rsquo;inscrire ici :<\/li><\/ul><\/p>\n\t\t\t\t\t\t\t\t<\/div>\n\t\t\t\t<\/div>\n\t\t\t\t<div class=\"elementor-element elementor-element-62f6b36a23855 elementor-widget elementor-widget-spps_button_list\" data-id=\"62f6b36a23855\" data-element_type=\"widget\" data-widget_type=\"spps_button_list.default\">\n\t\t\t\t<div class=\"elementor-widget-container\">\n\t\t\t\t\t<div class=\"button-list-wrapper wrapper-spacing-small  \"><div class=\"button-list-container\"><div class=\"button-list-items\"><div class=\"button-list-item\"><div class=\"button-wrapper \"><a href=\"node\/6677\"  target=\"_self\" class=\"button-link button-link-default\" >Aide \u00e0 la naturalisation<span class=\"button-media-date\">30.04.2026<\/span><\/a><\/div><\/div><div class=\"button-list-item\"><div class=\"button-wrapper \"><a href=\"node\/6546\"  target=\"_self\" class=\"button-link button-link-default\" >Einb\u00fcrgerungshilfe<span class=\"button-media-date\">30.04.2026<\/span><\/a><\/div><\/div><div class=\"button-list-item\"><div class=\"button-wrapper \"><a href=\"https:\/\/www.sp-ps.ch\/wp-content\/uploads\/2016\/12\/flyer_a5_naturalisation_francais.pdf\"  target=\"_self\" class=\"button-link button-link-default\" >Flyer<span class=\"button-media-date\">30.04.2026<\/span><\/a><\/div><\/div><\/div><\/div><\/div>\t\t\t\t<\/div>\n\t\t\t\t<\/div>\n\t\t\t\t<div class=\"elementor-element elementor-element-62f6b36a23878 elementor-widget elementor-widget-spps_button_list\" data-id=\"62f6b36a23878\" data-element_type=\"widget\" data-widget_type=\"spps_button_list.default\">\n\t\t\t\t<div class=\"elementor-widget-container\">\n\t\t\t\t\t<div class=\"button-list-wrapper wrapper-spacing-small  \"><div class=\"button-list-title\"><h3>Bitte verteilen Sie diesen Aufruf weiter! Es gibt ihn noch in folgenden Sprachen: <\/h3><\/div><div class=\"button-list-container\"><div class=\"button-list-items\"><div class=\"button-list-item\"><div class=\"button-wrapper \"><a href=\"node\/6751\"  target=\"_self\" class=\"button-link button-link-default\" >albanais<span class=\"button-media-date\">30.04.2026<\/span><\/a><\/div><\/div><div class=\"button-list-item\"><div class=\"button-wrapper \"><a href=\"node\/6771\"  target=\"_self\" class=\"button-link button-link-default\" >allemand<span class=\"button-media-date\">30.04.2026<\/span><\/a><\/div><\/div><div class=\"button-list-item\"><div class=\"button-wrapper \"><a href=\"node\/6755\"  target=\"_self\" class=\"button-link button-link-default\" >anglais<span class=\"button-media-date\">30.04.2026<\/span><\/a><\/div><\/div><div class=\"button-list-item\"><div class=\"button-wrapper \"><a href=\"node\/6766\"  target=\"_self\" class=\"button-link button-link-default\" >arabe<span class=\"button-media-date\">30.04.2026<\/span><\/a><\/div><\/div><div class=\"button-list-item\"><div class=\"button-wrapper \"><a href=\"node\/6764\"  target=\"_self\" class=\"button-link button-link-default\" >italien<span class=\"button-media-date\">30.04.2026<\/span><\/a><\/div><\/div><div class=\"button-list-item\"><div class=\"button-wrapper \"><a href=\"node\/6768\"  target=\"_self\" class=\"button-link button-link-default\" >kurde<span class=\"button-media-date\">30.04.2026<\/span><\/a><\/div><\/div><div class=\"button-list-item\"><div class=\"button-wrapper \"><a href=\"node\/6758\"  target=\"_self\" class=\"button-link button-link-default\" >portugais<span class=\"button-media-date\">30.04.2026<\/span><\/a><\/div><\/div><div class=\"button-list-item\"><div class=\"button-wrapper \"><a href=\"node\/6769\"  target=\"_self\" class=\"button-link button-link-default\" >serbe-croate-bosnien<span class=\"button-media-date\">30.04.2026<\/span><\/a><\/div><\/div><div class=\"button-list-item\"><div class=\"button-wrapper \"><a href=\"node\/6762\"  target=\"_self\" class=\"button-link button-link-default\" >tamoul<span class=\"button-media-date\">30.04.2026<\/span><\/a><\/div><\/div><div class=\"button-list-item\"><div class=\"button-wrapper \"><a href=\"node\/6770\"  target=\"_self\" class=\"button-link button-link-default\" >turc<span class=\"button-media-date\">30.04.2026<\/span><\/a><\/div><\/div><\/div><\/div><\/div>\t\t\t\t<\/div>\n\t\t\t\t<\/div>\n\t\t\t\t\t<\/div>\n\t\t<\/div>\n\t\t\t\t\t<\/div>\n\t\t<\/section>\n\t\t\t\t<\/div>\n\t\t","protected":false},"excerpt":{"rendered":"","protected":false},"author":1,"featured_media":0,"parent":0,"menu_order":0,"comment_status":"open","ping_status":"closed","template":"","meta":{"footnotes":""},"class_list":["post-67334","page","type-page","status-publish","hentry"],"_links":{"self":[{"href":"https:\/\/www.sp-ps.ch\/fr\/wp-json\/wp\/v2\/pages\/67334","targetHints":{"allow":["GET"]}}],"collection":[{"href":"https:\/\/www.sp-ps.ch\/fr\/wp-json\/wp\/v2\/pages"}],"about":[{"href":"https:\/\/www.sp-ps.ch\/fr\/wp-json\/wp\/v2\/types\/page"}],"author":[{"embeddable":true,"href":"https:\/\/www.sp-ps.ch\/fr\/wp-json\/wp\/v2\/users\/1"}],"replies":[{"embeddable":true,"href":"https:\/\/www.sp-ps.ch\/fr\/wp-json\/wp\/v2\/comments?post=67334"}],"version-history":[{"count":0,"href":"https:\/\/www.sp-ps.ch\/fr\/wp-json\/wp\/v2\/pages\/67334\/revisions"}],"wp:attachment":[{"href":"https:\/\/www.sp-ps.ch\/fr\/wp-json\/wp\/v2\/media?parent=67334"}],"curies":[{"name":"wp","href":"https:\/\/api.w.org\/{rel}","templated":true}]}}