{"id":67336,"date":"2014-09-27T00:00:00","date_gmt":"2014-09-26T22:00:00","guid":{"rendered":"https:\/\/test.sp-ps.ch\/nous-sommes-le-ps\/"},"modified":"2023-02-09T12:32:09","modified_gmt":"2023-02-09T11:32:09","slug":"nous-sommes-le-ps","status":"publish","type":"page","link":"https:\/\/www.sp-ps.ch\/fr\/nous-sommes-le-ps\/","title":{"rendered":"Nous sommes le PS"},"content":{"rendered":"\t\t<div data-elementor-type=\"wp-post\" data-elementor-id=\"67336\" class=\"elementor elementor-67336 elementor-66963\" data-elementor-post-type=\"page\">\n\t\t\t\t\t\t<section class=\"elementor-section elementor-top-section elementor-element elementor-element-62f6b36ca1cde elementor-section-boxed elementor-section-height-default elementor-section-height-default\" data-id=\"62f6b36ca1cde\" data-element_type=\"section\" data-settings=\"{&quot;jet_parallax_layout_list&quot;:[],&quot;background_background&quot;:&quot;classic&quot;}\">\n\t\t\t\t\t\t<div class=\"elementor-container elementor-column-gap-wide\">\n\t\t\t\t\t<div class=\"elementor-column elementor-col-100 elementor-top-column elementor-element elementor-element-62f6b36ca1ce0\" data-id=\"62f6b36ca1ce0\" data-element_type=\"column\">\n\t\t\t<div class=\"elementor-widget-wrap elementor-element-populated\">\n\t\t\t\t\t\t<div class=\"elementor-element elementor-element-62f6b36ca1c43 elementor-widget elementor-widget-heading\" data-id=\"62f6b36ca1c43\" data-element_type=\"widget\" data-widget_type=\"heading.default\">\n\t\t\t\t<div class=\"elementor-widget-container\">\n\t\t\t\t\t<h1 class=\"elementor-heading-title elementor-size-default\">Nous sommes le PS<\/h1>\t\t\t\t<\/div>\n\t\t\t\t<\/div>\n\t\t\t\t<div class=\"elementor-element elementor-element-62f6b36ca1cc3 elementor-widget elementor-widget-jet-breadcrumbs\" data-id=\"62f6b36ca1cc3\" data-element_type=\"widget\" data-widget_type=\"jet-breadcrumbs.default\">\n\t\t\t\t<div class=\"elementor-widget-container\">\n\t\t\t\t\t<div class=\"elementor-jet-breadcrumbs jet-blocks\">\n\t\t<div class=\"jet-breadcrumbs\">\n\t\t<div class=\"jet-breadcrumbs__content\">\n\t\t<div class=\"jet-breadcrumbs__wrap\">\n\t\t<\/div>\n\t\t<\/div>\n\t\t<\/div><\/div>\t\t\t\t<\/div>\n\t\t\t\t<\/div>\n\t\t\t\t\t<\/div>\n\t\t<\/div>\n\t\t\t\t\t<\/div>\n\t\t<\/section>\n\t\t\t\t<section class=\"elementor-section elementor-top-section elementor-element elementor-element-62f6b36ca1ce3 elementor-section-boxed elementor-section-height-default elementor-section-height-default\" data-id=\"62f6b36ca1ce3\" data-element_type=\"section\" data-settings=\"{&quot;jet_parallax_layout_list&quot;:[]}\">\n\t\t\t\t\t\t<div class=\"elementor-container elementor-column-gap-default\">\n\t\t\t\t\t<div class=\"elementor-column elementor-col-100 elementor-top-column elementor-element elementor-element-62f6b36ca1ce4\" data-id=\"62f6b36ca1ce4\" data-element_type=\"column\">\n\t\t\t<div class=\"elementor-widget-wrap elementor-element-populated\">\n\t\t\t\t\t\t<div class=\"elementor-element elementor-element-62f6b36ca1ce5 elementor-widget elementor-widget-spacer\" data-id=\"62f6b36ca1ce5\" data-element_type=\"widget\" data-widget_type=\"spacer.default\">\n\t\t\t\t<div class=\"elementor-widget-container\">\n\t\t\t\t\t\t\t<div class=\"elementor-spacer\">\n\t\t\t<div class=\"elementor-spacer-inner\"><\/div>\n\t\t<\/div>\n\t\t\t\t\t\t<\/div>\n\t\t\t\t<\/div>\n\t\t\t\t\t<\/div>\n\t\t<\/div>\n\t\t\t\t\t<\/div>\n\t\t<\/section>\n\t\t\t\t<section class=\"elementor-section elementor-top-section elementor-element elementor-element-62f6b36ca1ce9 elementor-section-boxed elementor-section-height-default elementor-section-height-default\" data-id=\"62f6b36ca1ce9\" data-element_type=\"section\" data-settings=\"{&quot;jet_parallax_layout_list&quot;:[]}\">\n\t\t\t\t\t\t<div class=\"elementor-container elementor-column-gap-no\">\n\t\t\t\t\t<div class=\"elementor-column elementor-col-100 elementor-top-column elementor-element elementor-element-62f6b36ca1cea\" data-id=\"62f6b36ca1cea\" data-element_type=\"column\">\n\t\t\t<div class=\"elementor-widget-wrap elementor-element-populated\">\n\t\t\t\t\t\t<div class=\"elementor-element elementor-element-62f6b36c6a1c3 elementor-widget elementor-widget-text-editor\" data-id=\"62f6b36c6a1c3\" data-element_type=\"widget\" data-widget_type=\"text-editor.default\">\n\t\t\t\t<div class=\"elementor-widget-container\">\n\t\t\t\t\t\t\t\t\t<p>\u00abLa force de la communaut\u00e9 se mesure au bien-\u00eatre du plus faible de ses membres\u00bb, peut-on lire dans la Constitution f\u00e9d\u00e9rale. Nous nous engageons pour une soci\u00e9t\u00e9 o\u00f9 tout un chacun peut s\u2019\u00e9panouir librement, mais o\u00f9 il existe aussi un filet social qui emp\u00eache qu\u2019une personne se retrouve dans une situation pr\u00e9caire. Le PS veut une \u00e9conomie au service de l\u2019\u00eatre humain et non l\u2019inverse. Quiconque travaille en Suisse, qui est un pays riche, doit pouvoir vivre de son salaire. Nous sommes convaincu-es que, pour avancer, il faut \u00eatre solidaire. La Suisse dispose d\u2019un r\u00e9seau social solide et d\u2019infrastructures publiques de qualit\u00e9. Le PS y est pour beaucoup. Sans lui, il n\u2019y aurait par exemple pas d\u2019AVS, pas d\u2019assurance maternit\u00e9 et pas de droit de vote des femmes.\u00a0<\/p><blockquote><p><strong>Depuis 125 ans, le PS s&#8217;engage en faveur d&#8217;une politique pour toutes et tous, sans privil\u00e8ges. Nous disons oui \u00e0 une Suisse qui rassemble et non \u00e0 une Suisse qui exclut.<\/strong><\/p><\/blockquote><p>Mais il ne faut pas en rester l\u00e0. Nous sommes persuad\u00e9-es que la Suisse peut devenir plus \u00e9quitable, plus novatrice et plus progressiste.<br \/>Si nous misons syst\u00e9matiquement sur les \u00e9nergies renouvelables, nous prot\u00e9gerons notre environnement et cr\u00e9erons des emplois novateurs et conformes au d\u00e9veloppement durable. Si nous misons sur la formation et l\u2019int\u00e9gration, nous cr\u00e9erons des perspectives et lutterons contre le risque du ch\u00f4mage. Si nous investissons dans la construction de logements en coop\u00e9rative, nous contribuerons \u00e0 freiner la sp\u00e9culation fonci\u00e8re et veillerons \u00e0 la mise \u00e0 disposition de logements \u00e0 des prix abordables. Pour r\u00e9sumer : le PS s&#8217;engage en faveur d&#8217;une politique destin\u00e9e \u00e0 toutes et tous et non \u00e0 une poign\u00e9e de privil\u00e9gi\u00e9s.<\/p>\t\t\t\t\t\t\t\t<\/div>\n\t\t\t\t<\/div>\n\t\t\t\t<div class=\"elementor-element elementor-element-62f6b36c9dd7d elementor-widget elementor-widget-spps_button_list\" data-id=\"62f6b36c9dd7d\" data-element_type=\"widget\" data-widget_type=\"spps_button_list.default\">\n\t\t\t\t<div class=\"elementor-widget-container\">\n\t\t\t\t\t<div class=\"button-list-wrapper wrapper-spacing-small  \"><div class=\"button-list-title\"><h3>Programme du parti <\/h3><\/div><div class=\"button-list-container\"><div class=\"button-list-items\"><div class=\"button-list-item\"><div class=\"button-wrapper \"><a href=\"https:\/\/www.sp-ps.ch\/wp-content\/uploads\/2022\/07\/ps-objectifs-legislature_2019-2023_f_web_0.pdf\"  target=\"_self\" class=\"button-link button-link-download\" >Objectifs de l\u00e9gislature 2019-2023 en PDF<span class=\"button-media-date\">21.04.2026<\/span><\/a><\/div><\/div><div class=\"button-list-item\"><div class=\"button-wrapper \"><a href=\"https:\/\/www.sp-ps.ch\/wp-content\/uploads\/2022\/07\/ps_programme.pdf\"  target=\"_self\" class=\"button-link button-link-download\" >Programme du Parti socialiste suisse de 2010 en PDF<span class=\"button-media-date\">21.04.2026<\/span><\/a><\/div><\/div><div class=\"button-list-item\"><div class=\"button-wrapper \"><a href=\"https:\/\/www.sp-ps.ch\/wp-content\/uploads\/2022\/07\/sp-statuten_a5_f_2022_3.pdf\"  target=\"_self\" class=\"button-link button-link-download\" >Statuts du PS Suisse<span class=\"button-media-date\">21.04.2026<\/span><\/a><\/div><\/div><div class=\"button-list-item\"><div class=\"button-wrapper \"><a href=\"https:\/\/www.sp-ps.ch\/wp-content\/uploads\/2022\/07\/sp_programm_a5.pdf\"  target=\"_self\" class=\"button-link button-link-download\" >Version courte du programme du Parti socialiste suisse &#091;en allemand&#093;<span class=\"button-media-date\">21.04.2026<\/span><\/a><\/div><\/div><\/div><\/div><\/div>\t\t\t\t<\/div>\n\t\t\t\t<\/div>\n\t\t\t\t\t<\/div>\n\t\t<\/div>\n\t\t\t\t\t<\/div>\n\t\t<\/section>\n\t\t\t\t<\/div>\n\t\t","protected":false},"excerpt":{"rendered":"<p>Nous sommes le PS \u00abLa force de la communaut\u00e9 se mesure au bien-\u00eatre du plus faible de ses membres\u00bb, peut-on lire dans la Constitution f\u00e9d\u00e9rale. Nous nous engageons pour une [&hellip;]<\/p>\n","protected":false},"author":1,"featured_media":64564,"parent":0,"menu_order":0,"comment_status":"open","ping_status":"closed","template":"","meta":{"footnotes":""},"class_list":["post-67336","page","type-page","status-publish","has-post-thumbnail","hentry"],"_links":{"self":[{"href":"https:\/\/www.sp-ps.ch\/fr\/wp-json\/wp\/v2\/pages\/67336","targetHints":{"allow":["GET"]}}],"collection":[{"href":"https:\/\/www.sp-ps.ch\/fr\/wp-json\/wp\/v2\/pages"}],"about":[{"href":"https:\/\/www.sp-ps.ch\/fr\/wp-json\/wp\/v2\/types\/page"}],"author":[{"embeddable":true,"href":"https:\/\/www.sp-ps.ch\/fr\/wp-json\/wp\/v2\/users\/1"}],"replies":[{"embeddable":true,"href":"https:\/\/www.sp-ps.ch\/fr\/wp-json\/wp\/v2\/comments?post=67336"}],"version-history":[{"count":18,"href":"https:\/\/www.sp-ps.ch\/fr\/wp-json\/wp\/v2\/pages\/67336\/revisions"}],"predecessor-version":[{"id":90943,"href":"https:\/\/www.sp-ps.ch\/fr\/wp-json\/wp\/v2\/pages\/67336\/revisions\/90943"}],"wp:featuredmedia":[{"embeddable":true,"href":"https:\/\/www.sp-ps.ch\/fr\/wp-json\/wp\/v2\/media\/64564"}],"wp:attachment":[{"href":"https:\/\/www.sp-ps.ch\/fr\/wp-json\/wp\/v2\/media?parent=67336"}],"curies":[{"name":"wp","href":"https:\/\/api.w.org\/{rel}","templated":true}]}}