{"id":67342,"date":"2014-12-16T21:53:16","date_gmt":"2014-12-16T20:53:16","guid":{"rendered":"https:\/\/test.sp-ps.ch\/antenne-usa\/"},"modified":"2014-12-16T21:53:16","modified_gmt":"2014-12-16T20:53:16","slug":"antenne-usa","status":"publish","type":"page","link":"https:\/\/www.sp-ps.ch\/fr\/antenne-usa\/","title":{"rendered":"Antenne USA"},"content":{"rendered":"\t\t<div data-elementor-type=\"wp-post\" data-elementor-id=\"67342\" class=\"elementor elementor-67342 elementor-66876\" data-elementor-post-type=\"page\">\n\t\t\t\t\t\t<section class=\"elementor-section elementor-top-section elementor-element elementor-element-62f6b37373be2 elementor-section-boxed elementor-section-height-default elementor-section-height-default\" data-id=\"62f6b37373be2\" data-element_type=\"section\" data-settings=\"{&quot;jet_parallax_layout_list&quot;:[],&quot;background_background&quot;:&quot;classic&quot;}\">\n\t\t\t\t\t\t<div class=\"elementor-container elementor-column-gap-wide\">\n\t\t\t\t\t<div class=\"elementor-column elementor-col-100 elementor-top-column elementor-element elementor-element-62f6b37373be3\" data-id=\"62f6b37373be3\" data-element_type=\"column\">\n\t\t\t<div class=\"elementor-widget-wrap elementor-element-populated\">\n\t\t\t\t\t\t<div class=\"elementor-element elementor-element-62f6b37373b5d elementor-widget elementor-widget-heading\" data-id=\"62f6b37373b5d\" data-element_type=\"widget\" data-widget_type=\"heading.default\">\n\t\t\t\t<div class=\"elementor-widget-container\">\n\t\t\t\t\t<h1 class=\"elementor-heading-title elementor-size-default\">Antenne USA<\/h1>\t\t\t\t<\/div>\n\t\t\t\t<\/div>\n\t\t\t\t<div class=\"elementor-element elementor-element-62f6b37373bcb elementor-widget elementor-widget-jet-breadcrumbs\" data-id=\"62f6b37373bcb\" data-element_type=\"widget\" data-widget_type=\"jet-breadcrumbs.default\">\n\t\t\t\t<div class=\"elementor-widget-container\">\n\t\t\t\t\t<div class=\"elementor-jet-breadcrumbs jet-blocks\">\n\t\t<div class=\"jet-breadcrumbs\">\n\t\t<div class=\"jet-breadcrumbs__content\">\n\t\t<div class=\"jet-breadcrumbs__wrap\">\n\t\t<\/div>\n\t\t<\/div>\n\t\t<\/div><\/div>\t\t\t\t<\/div>\n\t\t\t\t<\/div>\n\t\t\t\t\t<\/div>\n\t\t<\/div>\n\t\t\t\t\t<\/div>\n\t\t<\/section>\n\t\t\t\t<section class=\"elementor-section elementor-top-section elementor-element elementor-element-62f6b37373be4 elementor-section-boxed elementor-section-height-default elementor-section-height-default\" data-id=\"62f6b37373be4\" data-element_type=\"section\" data-settings=\"{&quot;jet_parallax_layout_list&quot;:[]}\">\n\t\t\t\t\t\t<div class=\"elementor-container elementor-column-gap-default\">\n\t\t\t\t\t<div class=\"elementor-column elementor-col-100 elementor-top-column elementor-element elementor-element-62f6b37373be5\" data-id=\"62f6b37373be5\" data-element_type=\"column\">\n\t\t\t<div class=\"elementor-widget-wrap elementor-element-populated\">\n\t\t\t\t\t\t<div class=\"elementor-element elementor-element-62f6b37373be6 elementor-widget elementor-widget-spacer\" data-id=\"62f6b37373be6\" data-element_type=\"widget\" data-widget_type=\"spacer.default\">\n\t\t\t\t<div class=\"elementor-widget-container\">\n\t\t\t\t\t\t\t<div class=\"elementor-spacer\">\n\t\t\t<div class=\"elementor-spacer-inner\"><\/div>\n\t\t<\/div>\n\t\t\t\t\t\t<\/div>\n\t\t\t\t<\/div>\n\t\t\t\t\t<\/div>\n\t\t<\/div>\n\t\t\t\t\t<\/div>\n\t\t<\/section>\n\t\t\t\t<section class=\"elementor-section elementor-top-section elementor-element elementor-element-62f6b37373be8 elementor-section-boxed elementor-section-height-default elementor-section-height-default\" data-id=\"62f6b37373be8\" data-element_type=\"section\" data-settings=\"{&quot;jet_parallax_layout_list&quot;:[]}\">\n\t\t\t\t\t\t<div class=\"elementor-container elementor-column-gap-no\">\n\t\t\t\t\t<div class=\"elementor-column elementor-col-100 elementor-top-column elementor-element elementor-element-62f6b37373be9\" data-id=\"62f6b37373be9\" data-element_type=\"column\">\n\t\t\t<div class=\"elementor-widget-wrap elementor-element-populated\">\n\t\t\t\t\t\t<div class=\"elementor-element elementor-element-62f6b37362a8b elementor-widget elementor-widget-text-editor\" data-id=\"62f6b37362a8b\" data-element_type=\"widget\" data-widget_type=\"text-editor.default\">\n\t\t\t\t<div class=\"elementor-widget-container\">\n\t\t\t\t\t\t\t\t\t<h4>Analyse de l&#8217;enqu&ecirc;te sur l&#8217;arriv&eacute;e tardive des documents de vote et d&#8217;&eacute;lection<p>L&#8217;Antenne PS USA a pr&eacute;sent&eacute; <a href=\"https:\/\/www.sp-ps.ch\/wp-content\/uploads\/2020\/11\/analyse_enquete_droit_de_vote_suisse_de_letranger_antenne_usa.pdf\">les r&eacute;sultats de son enqu&ecirc;te<\/a> sur l&#8217;arriv&eacute;e souvent tardive des documents de vote et d&#8217;&eacute;lection lors de l&#8217;assembl&eacute;e g&eacute;n&eacute;rale du PS International du 25 septembre 2021. Ceux et celles qui ne vivent pas en Europe ne peuvent tr&egrave;s souvent pas faire usage du droit constitutionnel de voter et d&#8217;&eacute;lire. Le th&egrave;me est repris au niveau plus large d&#8217;un groupe de travail du PS International avec des membres int&eacute;ress&eacute;s&nbsp;de tous les continents.<\/p><h4>L&#8217;Antenne PS USA se pr&eacute;sente<\/h4><p>L&rsquo;antenne am&eacute;ricaine du PS suisse international a vu le jour en 2021, et se veut une plateforme progressiste repr&eacute;sentant les diff&eacute;rents int&eacute;r&ecirc;ts des Suisses et Suissesses r&eacute;sidants aux Etats-Unis. Elle r&eacute;unit r&eacute;guli&egrave;rement les membres du PS international d&eacute;sireux de raffermir les liens de la &ldquo;5&egrave;me Suisse&rdquo; par le biais d&rsquo;un dialogue f&eacute;cond sur les nouveaux d&eacute;fis de notre temps. Elle cherche en outre &agrave; favoriser les &eacute;changes entre les Suisse-sse-s &agrave; l&rsquo;&eacute;tranger et leurs &eacute;lu-e-s au Conseil des Suisses de l&#8217;&eacute;tranger (CSE).<\/p><h4>Actions pr&eacute;c&eacute;dentes de l&#8217;Antenne PS USA<\/h4><h5>Enqu&ecirc;te sur l&#8217;arriv&eacute;e tardive des documents de vote et d&#8217;&eacute;lection<\/h5><p>L&#8217;Antenne PS USA m&egrave;ne une enqu&ecirc;te pour apporter des &eacute;claircissements sur le mat&eacute;riel de vote et d&#8217;&eacute;lection qui arrive tr&egrave;s souvent en retard. Veuillez remplir <a href=\"https:\/\/forms.gle\/9fmYaMDHeNx8VcXu5\">le questionnaire ici<\/a>. D&eacute;lai : 13 juin 2021<\/p><h5>Town Hall Friday April 16th, 2021, 8am Pacific Daylight&nbsp;Time, 11am Eastern Daylight Time, 17h Switzerland<\/h5><p>We will communicate the&nbsp;agenda and the link to the online meeting closer to the date.<\/p><p>Keep in touch through <a href=\"https:\/\/www.facebook.com\/antenneusa\">our facebook page<\/a> or this <a href=\"mailto:antenne.usa@spschweiz.ch\">email address<\/a>.<\/p><p>***************************************<\/p><h5>ONLINE DISCUSSION: REPRESENTING SWISS CITIZENS ABROAD<\/h5><p>Organized by the SP Antenne USA<\/p><p><strong>March 10, 2021, noon EST (9am PST, 6pm Swiss time)<\/strong>.<\/p><p>Where: The discussion will be held online.<br>Registration: Please register online at <a href=\"https:\/\/forms.gle\/du7p2H4f7GNTDMQe9\">https:\/\/forms.gle\/du7p2H4f7GNTDMQe9<\/a><br>Only registered guests will be able to join the discussion.<br>Contact: <a href=\"mailto:antenne.usa@spschweiz.ch\">antenne.usa@spschweiz.ch<\/a><\/p><p>The Council of the Swiss Abroad (CSA), often referred to as the &ldquo;Parliament of the Fifth Switzerland&rdquo;, strives to defend the political interests of the ever-growing community of Swiss expatriates. In the past, the CSA has advocated for expatriate interests on a large number of issues, ranging from banking relations to social insurance.<\/p><p>Despite its importance and considerable political clout, Swiss citizens abroad generally know little about the functioning and the policy priorities of the CSA. Hence, we have invited current delegates of the CSA from the United States to discuss how the Council operates, what it aims to achieve, and how it can give a voice to the diverse community of Swiss citizens in the United States. The event will conclude with a Q&amp;A session.<\/p><p><strong>Speakers:<\/strong><\/p><ul>\t<li>Jeanette Seifert-Widmer (New York City, NY)<\/li>\t<li>David W. M&ouml;rker (Minneapolis, MI)<\/li>\t<li>Jean-Pierre Mittaz (Needham, MA)<\/li>\t<li>Franco Zimmerli (Los Angeles, CA)<\/li><\/ul><p>We are looking forward to your participation! Please register using the link provided above.<\/p><p><strong>Antenne PS USA<\/strong><\/p><ul>\t<li>Denise Dafflon (Berkeley, CA)<\/li>\t<li>Kai Krienke (New York City, NY)<\/li>\t<li>Adrian Br&uuml;gger (New York City, NY)<\/li>\t<li>Moritz Bondeli (New York City, NY)<\/li><\/ul><p><strong>Swissinfo a fait r&eacute;f&eacute;rence &agrave; cet atelier organis&eacute; par l&#8217;Antenne PS USA<\/strong><br><a href=\"https:\/\/www.swissinfo.ch\/fre\/un-conseil-des-suisses-de-l-%C3%A9tranger-coinc%C3%A9-entre-deux-%C3%A9poques\/46462060\">trouvez l&#8217;article ici<\/a><strong>&nbsp;<\/strong><\/p><p>***************************************<\/p><p><strong>Visit us on Facebook!<\/strong><br><a href=\"https:\/\/fb.me\/e\/287YGqh8Q\">https:\/\/fb.me\/e\/287YGqh8Q<\/a><\/p><p><strong>Pour s&rsquo;informer et s&#8217;inscrire<\/strong> dans l&rsquo;antenne&nbsp;USA du PS Suisse :<br><a href=\"mailto:antenne.usa@spschweiz.ch\">e-Mail de l&#8217;antenne PS USA<\/a><\/p><p><strong>Personne de contact : Kai Krienke<\/strong><br><a href=\"mailto:kkrienke@gmail.com\">e-Mail<\/a> &#8211; t&eacute;l. +1 917 915 1691<\/p><\/h4>\n\t\t\t\t\t\t\t\t<\/div>\n\t\t\t\t<\/div>\n\t\t\t\t<div class=\"elementor-element elementor-element-62f6b3736ff9c elementor-widget elementor-widget-spps_button_list\" data-id=\"62f6b3736ff9c\" data-element_type=\"widget\" data-widget_type=\"spps_button_list.default\">\n\t\t\t\t<div class=\"elementor-widget-container\">\n\t\t\t\t\t<div class=\"button-list-wrapper wrapper-spacing-small  \"><div class=\"button-list-container\"><div class=\"button-list-items\"><div class=\"button-list-item\"><div class=\"button-wrapper \"><a href=\"https:\/\/www.sp-ps.ch\/wp-content\/uploads\/2014\/12\/invitation_10-03-2021_0.pdf\"  target=\"_self\" class=\"button-link button-link-default\" >L'invitation pour le d\u00e9bat en ligne du 10 mars 2021 (PDF)<span class=\"button-media-date\">03.05.2026<\/span><\/a><\/div><\/div><\/div><\/div><\/div>\t\t\t\t<\/div>\n\t\t\t\t<\/div>\n\t\t\t\t\t<\/div>\n\t\t<\/div>\n\t\t\t\t\t<\/div>\n\t\t<\/section>\n\t\t\t\t<\/div>\n\t\t","protected":false},"excerpt":{"rendered":"<p>L\u2019antenne am\u00e9ricaine du PS suisse international m\u00e8ne une enqu\u00eate pour apporter des \u00e9claircissements sur le mat\u00e9riel de vote et d&#8217;\u00e9lection qui arrive tr\u00e8s souvent en retard.<\/p>\n","protected":false},"author":1,"featured_media":64582,"parent":0,"menu_order":0,"comment_status":"open","ping_status":"closed","template":"","meta":{"footnotes":""},"class_list":["post-67342","page","type-page","status-publish","has-post-thumbnail","hentry"],"_links":{"self":[{"href":"https:\/\/www.sp-ps.ch\/fr\/wp-json\/wp\/v2\/pages\/67342","targetHints":{"allow":["GET"]}}],"collection":[{"href":"https:\/\/www.sp-ps.ch\/fr\/wp-json\/wp\/v2\/pages"}],"about":[{"href":"https:\/\/www.sp-ps.ch\/fr\/wp-json\/wp\/v2\/types\/page"}],"author":[{"embeddable":true,"href":"https:\/\/www.sp-ps.ch\/fr\/wp-json\/wp\/v2\/users\/1"}],"replies":[{"embeddable":true,"href":"https:\/\/www.sp-ps.ch\/fr\/wp-json\/wp\/v2\/comments?post=67342"}],"version-history":[{"count":0,"href":"https:\/\/www.sp-ps.ch\/fr\/wp-json\/wp\/v2\/pages\/67342\/revisions"}],"wp:featuredmedia":[{"embeddable":true,"href":"https:\/\/www.sp-ps.ch\/fr\/wp-json\/wp\/v2\/media\/64582"}],"wp:attachment":[{"href":"https:\/\/www.sp-ps.ch\/fr\/wp-json\/wp\/v2\/media?parent=67342"}],"curies":[{"name":"wp","href":"https:\/\/api.w.org\/{rel}","templated":true}]}}