{"id":67343,"date":"2016-05-14T00:00:00","date_gmt":"2016-05-13T22:00:00","guid":{"rendered":"https:\/\/test.sp-ps.ch\/elections-2019\/"},"modified":"2016-05-14T00:00:00","modified_gmt":"2016-05-13T22:00:00","slug":"elections-2019","status":"publish","type":"page","link":"https:\/\/www.sp-ps.ch\/fr\/elections-2019\/","title":{"rendered":"\u00c9lections 2019"},"content":{"rendered":"\t\t<div data-elementor-type=\"wp-post\" data-elementor-id=\"67343\" class=\"elementor elementor-67343 elementor-66881\" data-elementor-post-type=\"page\">\n\t\t\t\t\t\t<section class=\"elementor-section elementor-top-section elementor-element elementor-element-62f6b3750e6eb elementor-section-boxed elementor-section-height-default elementor-section-height-default\" data-id=\"62f6b3750e6eb\" data-element_type=\"section\" data-settings=\"{&quot;jet_parallax_layout_list&quot;:[],&quot;background_background&quot;:&quot;classic&quot;}\">\n\t\t\t\t\t\t<div class=\"elementor-container elementor-column-gap-wide\">\n\t\t\t\t\t<div class=\"elementor-column elementor-col-100 elementor-top-column elementor-element elementor-element-62f6b3750e6ec\" data-id=\"62f6b3750e6ec\" data-element_type=\"column\">\n\t\t\t<div class=\"elementor-widget-wrap elementor-element-populated\">\n\t\t\t\t\t\t<div class=\"elementor-element elementor-element-62f6b3750e662 elementor-widget elementor-widget-heading\" data-id=\"62f6b3750e662\" data-element_type=\"widget\" data-widget_type=\"heading.default\">\n\t\t\t\t<div class=\"elementor-widget-container\">\n\t\t\t\t\t<h1 class=\"elementor-heading-title elementor-size-default\">\u00c9lections 2019<\/h1>\t\t\t\t<\/div>\n\t\t\t\t<\/div>\n\t\t\t\t<div class=\"elementor-element elementor-element-62f6b3750e6d1 elementor-widget elementor-widget-jet-breadcrumbs\" data-id=\"62f6b3750e6d1\" data-element_type=\"widget\" data-widget_type=\"jet-breadcrumbs.default\">\n\t\t\t\t<div class=\"elementor-widget-container\">\n\t\t\t\t\t<div class=\"elementor-jet-breadcrumbs jet-blocks\">\n\t\t<div class=\"jet-breadcrumbs\">\n\t\t<div class=\"jet-breadcrumbs__content\">\n\t\t<div class=\"jet-breadcrumbs__wrap\">\n\t\t<\/div>\n\t\t<\/div>\n\t\t<\/div><\/div>\t\t\t\t<\/div>\n\t\t\t\t<\/div>\n\t\t\t\t<div class=\"elementor-element elementor-element-62f6b3750e6e8 elementor-widget__width-initial elementor-widget elementor-widget-text-editor\" data-id=\"62f6b3750e6e8\" data-element_type=\"widget\" data-widget_type=\"text-editor.default\">\n\t\t\t\t<div class=\"elementor-widget-container\">\n\t\t\t\t\t\t\t\t\tLe PS International souhaite donner une voix politique forte aux suisses et suissesses \u00e0 l\u2018\u00e9tranger. C&#8217;est pourquoi il s&#8217;engageait \u00e0 nouveau activement aux \u00e9lections de 2019.\t\t\t\t\t\t\t\t<\/div>\n\t\t\t\t<\/div>\n\t\t\t\t\t<\/div>\n\t\t<\/div>\n\t\t\t\t\t<\/div>\n\t\t<\/section>\n\t\t\t\t<section class=\"elementor-section elementor-top-section elementor-element elementor-element-62f6b3750e6ee elementor-section-boxed elementor-section-height-default elementor-section-height-default\" data-id=\"62f6b3750e6ee\" data-element_type=\"section\" data-settings=\"{&quot;jet_parallax_layout_list&quot;:[]}\">\n\t\t\t\t\t\t<div class=\"elementor-container elementor-column-gap-default\">\n\t\t\t\t\t<div class=\"elementor-column elementor-col-100 elementor-top-column elementor-element elementor-element-62f6b3750e6ef\" data-id=\"62f6b3750e6ef\" data-element_type=\"column\">\n\t\t\t<div class=\"elementor-widget-wrap elementor-element-populated\">\n\t\t\t\t\t\t<div class=\"elementor-element elementor-element-62f6b3750e6f0 elementor-widget elementor-widget-spacer\" data-id=\"62f6b3750e6f0\" data-element_type=\"widget\" data-widget_type=\"spacer.default\">\n\t\t\t\t<div class=\"elementor-widget-container\">\n\t\t\t\t\t\t\t<div class=\"elementor-spacer\">\n\t\t\t<div class=\"elementor-spacer-inner\"><\/div>\n\t\t<\/div>\n\t\t\t\t\t\t<\/div>\n\t\t\t\t<\/div>\n\t\t\t\t\t<\/div>\n\t\t<\/div>\n\t\t\t\t\t<\/div>\n\t\t<\/section>\n\t\t\t\t<section class=\"elementor-section elementor-top-section elementor-element elementor-element-62f6b3750e6f2 elementor-section-boxed elementor-section-height-default elementor-section-height-default\" data-id=\"62f6b3750e6f2\" data-element_type=\"section\" data-settings=\"{&quot;jet_parallax_layout_list&quot;:[]}\">\n\t\t\t\t\t\t<div class=\"elementor-container elementor-column-gap-no\">\n\t\t\t\t\t<div class=\"elementor-column elementor-col-100 elementor-top-column elementor-element elementor-element-62f6b3750e6f3\" data-id=\"62f6b3750e6f3\" data-element_type=\"column\">\n\t\t\t<div class=\"elementor-widget-wrap elementor-element-populated\">\n\t\t\t\t\t\t<div class=\"elementor-element elementor-element-62f6b374d799e elementor-widget elementor-widget-text-editor\" data-id=\"62f6b374d799e\" data-element_type=\"widget\" data-widget_type=\"text-editor.default\">\n\t\t\t\t<div class=\"elementor-widget-container\">\n\t\t\t\t\t\t\t\t\t<p>Lors des &eacute;lections nationales de 2019, le SP International menait sa propre campagne &eacute;lectorale. Une candidate du PS International &eacute;tait &agrave; la t&ecirc;te&nbsp;de liste en Canton de Zoug. Il se pr&eacute;sentait &eacute;galement dans les cantons de Gen&egrave;ve, Fribourg, Berne et Lucerne&nbsp;avec ses propres listes &eacute;lectorales attractives, sur lesquelles <a href=\"https:\/\/www.sp-ps.chhttps:\/\/sp-ps.ch\/sites\/default\/files\/documents\/sp-international_nr-kandidierende-2019_1.pdf\">31 Suisses et Suissesses de l&#8217;&eacute;tranger se pr&eacute;sentent <\/a>aux &eacute;lections. Dans de nombreux reportages des m&eacute;dias, ils et elles ont pu pr&eacute;senter les int&eacute;r&ecirc;ts de la cinqui&egrave;me Suisse dans une perspective sociale-d&eacute;mocrate.<p>Les quelque 30 candidat-e-s de la cinqui&egrave;me Suisse ont remport&eacute; un total de 42 823 votes de liste. Le PS International a contribu&eacute; par exemple dans le canton de Berne plus 0,4% au r&eacute;sultat global du PS. Le PS International tient &agrave; remercier tous ceux et celles qui ont contribu&eacute; &agrave; ce bon r&eacute;sultat.<\/p><p>En vue de la l&eacute;gislature 2019-2023, le SP International a d&eacute;fini ses objectifs dans son propre <a href=\"https:\/\/www.sp-ps.ch\/fr\/manifeste-electoral-2019-du-ps-international\">manifeste &eacute;lectoral<\/a>. Ce manifeste pr&ocirc;ne une Suisse ouverte et solidaire et vise en m&ecirc;me temps &agrave; renforcer les droits politiques et sociaux des Suisses et Suissesses de l&#8217;&eacute;tranger.<\/p><p>Pour pouvoir voter ou participer &agrave; des &eacute;lections, les Suissesses et les Suisses de l&rsquo;&eacute;tranger doivent &ecirc;tre inscrits sur les listes &eacute;lectorales. On peut s&rsquo;annoncer &agrave; l&rsquo;ambassade par &eacute;crit ou en se pr&eacute;sentant personnellement. <a href=\"https:\/\/www.sp-ps.ch\/wp-content\/uploads\/2016\/05\/inscription_sur_registres_lectoraux_f_0.pdf\">Le formulaire &agrave; remplir<\/a> s&rsquo;appelle &laquo;&nbsp;demande d&#8217;un(e) suisse(sse) de l&#8217;&eacute;tranger ayant le droit de vote &raquo;.<\/p><p>Ce droit de vote et d&#8217;&eacute;ligibilit&eacute; peut &ecirc;tre excercer au niveau f&eacute;d&eacute;ral et dans les cantons B&acirc;le-Campagne, Berne, Fribourg, Grisons, Jura, Neuch&acirc;tel, Schwyz, Soleur et Tessin. Seul dans ces cantons et dans le cantons B&acirc;le-ville et Zurich, les Suissesses et les Suisses de l&#8217;&eacute;tranger peuvent participer aux &eacute;lections pour le Conseil des Etats ce qui n&#8217;est pas le cas dans tous les autres cantons.<\/p><\/p>\n\t\t\t\t\t\t\t\t<\/div>\n\t\t\t\t<\/div>\n\t\t\t\t<div class=\"elementor-element elementor-element-62f6b3750a920 elementor-widget elementor-widget-spps_button_list\" data-id=\"62f6b3750a920\" data-element_type=\"widget\" data-widget_type=\"spps_button_list.default\">\n\t\t\t\t<div class=\"elementor-widget-container\">\n\t\t\t\t\t<div class=\"button-list-wrapper wrapper-spacing-small  \"><div class=\"button-list-title\"><h3>Mat\u00e9riaux<\/h3><\/div><div class=\"button-list-container\"><div class=\"button-list-items\"><div class=\"button-list-item\"><div class=\"button-wrapper \"><a href=\"https:\/\/www.sp-ps.ch\/fr\/publications\/conferences-de-presse\/le-ps-international-presente-sa-campagne-electorale-2019\"  target=\"_self\" class=\"button-link button-link-default\" >Conf\u00e9rence de m\u00e9dia du 23 juillet 2019<span class=\"button-media-date\">06.05.2026<\/span><\/a><\/div><\/div><div class=\"button-list-item\"><div class=\"button-wrapper \"><a href=\"https:\/\/www.sp-ps.ch\/wp-content\/uploads\/2016\/05\/ps-international-manifeste-electorale-candidatures_2019_f_2.pdf\"  target=\"_self\" class=\"button-link button-link-default\" >D\u00e9pliant avec le manifeste \u00e9lectoral du PS international 2019 et les candidatures<span class=\"button-media-date\">06.05.2026<\/span><\/a><\/div><\/div><div class=\"button-list-item\"><div class=\"button-wrapper \"><a href=\"https:\/\/www.sp-ps.ch\/wp-content\/uploads\/2016\/05\/inscription_sur_registres_lectoraux_f_0.pdf\"  target=\"_self\" class=\"button-link button-link-default\" >Formulaire demande d'un(e) suisse(sse) de l'\u00e9tranger ayant le droit de vote<span class=\"button-media-date\">06.05.2026<\/span><\/a><\/div><\/div><div class=\"button-list-item\"><div class=\"button-wrapper \"><a href=\"https:\/\/www.sp-ps.ch\/wp-content\/uploads\/2016\/05\/sp-international_nr-kandidierende-2019_2.pdf\"  target=\"_self\" class=\"button-link button-link-default\" >Les 31 candidat-e-s au Conseil national du PS International<span class=\"button-media-date\">06.05.2026<\/span><\/a><\/div><\/div><div class=\"button-list-item\"><div class=\"button-wrapper \"><a href=\"https:\/\/www.sp-ps.ch\/wp-content\/uploads\/2016\/05\/ps-international-manifeste-electorale-2019_fr.pdf\"  target=\"_self\" class=\"button-link button-link-default\" >Manifeste \u00e9lectoral 2019 du PS International<span class=\"button-media-date\">06.05.2026<\/span><\/a><\/div><\/div><\/div><\/div><\/div>\t\t\t\t<\/div>\n\t\t\t\t<\/div>\n\t\t\t\t\t<\/div>\n\t\t<\/div>\n\t\t\t\t\t<\/div>\n\t\t<\/section>\n\t\t\t\t<\/div>\n\t\t","protected":false},"excerpt":{"rendered":"<p>Le PS souhaite donner une voix politique forte aux suisses et suissesses \u00e0 l\u2018\u00e9tranger. C&#8217;est pourquoi il s&#8217;engageait activement aux \u00e9lections 2019 pour le parlement suisse.<\/p>\n","protected":false},"author":1,"featured_media":0,"parent":0,"menu_order":0,"comment_status":"open","ping_status":"closed","template":"","meta":{"footnotes":""},"class_list":["post-67343","page","type-page","status-publish","hentry"],"_links":{"self":[{"href":"https:\/\/www.sp-ps.ch\/fr\/wp-json\/wp\/v2\/pages\/67343","targetHints":{"allow":["GET"]}}],"collection":[{"href":"https:\/\/www.sp-ps.ch\/fr\/wp-json\/wp\/v2\/pages"}],"about":[{"href":"https:\/\/www.sp-ps.ch\/fr\/wp-json\/wp\/v2\/types\/page"}],"author":[{"embeddable":true,"href":"https:\/\/www.sp-ps.ch\/fr\/wp-json\/wp\/v2\/users\/1"}],"replies":[{"embeddable":true,"href":"https:\/\/www.sp-ps.ch\/fr\/wp-json\/wp\/v2\/comments?post=67343"}],"version-history":[{"count":0,"href":"https:\/\/www.sp-ps.ch\/fr\/wp-json\/wp\/v2\/pages\/67343\/revisions"}],"wp:attachment":[{"href":"https:\/\/www.sp-ps.ch\/fr\/wp-json\/wp\/v2\/media?parent=67343"}],"curies":[{"name":"wp","href":"https:\/\/api.w.org\/{rel}","templated":true}]}}