{"id":67353,"date":"2021-01-26T00:00:00","date_gmt":"2021-01-25T23:00:00","guid":{"rendered":"https:\/\/test.sp-ps.ch\/archives-conferences-dautomne\/"},"modified":"2021-01-26T00:00:00","modified_gmt":"2021-01-25T23:00:00","slug":"archives-conferences-dautomne","status":"publish","type":"page","link":"https:\/\/www.sp-ps.ch\/fr\/archives-conferences-dautomne\/","title":{"rendered":"Archives conf\u00e9rences d&#8217;automne"},"content":{"rendered":"\t\t<div data-elementor-type=\"wp-post\" data-elementor-id=\"67353\" class=\"elementor elementor-67353 elementor-66892\" data-elementor-post-type=\"page\">\n\t\t\t\t\t\t<section class=\"elementor-section elementor-top-section elementor-element elementor-element-62f6b382836c6 elementor-section-boxed elementor-section-height-default elementor-section-height-default\" data-id=\"62f6b382836c6\" data-element_type=\"section\" data-settings=\"{&quot;jet_parallax_layout_list&quot;:[],&quot;background_background&quot;:&quot;classic&quot;}\">\n\t\t\t\t\t\t<div class=\"elementor-container elementor-column-gap-wide\">\n\t\t\t\t\t<div class=\"elementor-column elementor-col-100 elementor-top-column elementor-element elementor-element-62f6b382836c8\" data-id=\"62f6b382836c8\" data-element_type=\"column\">\n\t\t\t<div class=\"elementor-widget-wrap elementor-element-populated\">\n\t\t\t\t\t\t<div class=\"elementor-element elementor-element-62f6b38283649 elementor-widget elementor-widget-heading\" data-id=\"62f6b38283649\" data-element_type=\"widget\" data-widget_type=\"heading.default\">\n\t\t\t\t<div class=\"elementor-widget-container\">\n\t\t\t\t\t<h1 class=\"elementor-heading-title elementor-size-default\">Archives conf\u00e9rences d&#8217;automne<\/h1>\t\t\t\t<\/div>\n\t\t\t\t<\/div>\n\t\t\t\t<div class=\"elementor-element elementor-element-62f6b382836b8 elementor-widget elementor-widget-jet-breadcrumbs\" data-id=\"62f6b382836b8\" data-element_type=\"widget\" data-widget_type=\"jet-breadcrumbs.default\">\n\t\t\t\t<div class=\"elementor-widget-container\">\n\t\t\t\t\t<div class=\"elementor-jet-breadcrumbs jet-blocks\">\n\t\t<div class=\"jet-breadcrumbs\">\n\t\t<div class=\"jet-breadcrumbs__content\">\n\t\t<div class=\"jet-breadcrumbs__wrap\">\n\t\t<\/div>\n\t\t<\/div>\n\t\t<\/div><\/div>\t\t\t\t<\/div>\n\t\t\t\t<\/div>\n\t\t\t\t\t<\/div>\n\t\t<\/div>\n\t\t\t\t\t<\/div>\n\t\t<\/section>\n\t\t\t\t<section class=\"elementor-section elementor-top-section elementor-element elementor-element-62f6b382836c9 elementor-section-boxed elementor-section-height-default elementor-section-height-default\" data-id=\"62f6b382836c9\" data-element_type=\"section\" data-settings=\"{&quot;jet_parallax_layout_list&quot;:[]}\">\n\t\t\t\t\t\t<div class=\"elementor-container elementor-column-gap-default\">\n\t\t\t\t\t<div class=\"elementor-column elementor-col-100 elementor-top-column elementor-element elementor-element-62f6b382836ca\" data-id=\"62f6b382836ca\" data-element_type=\"column\">\n\t\t\t<div class=\"elementor-widget-wrap elementor-element-populated\">\n\t\t\t\t\t\t<div class=\"elementor-element elementor-element-62f6b382836cb elementor-widget elementor-widget-spacer\" data-id=\"62f6b382836cb\" data-element_type=\"widget\" data-widget_type=\"spacer.default\">\n\t\t\t\t<div class=\"elementor-widget-container\">\n\t\t\t\t\t\t\t<div class=\"elementor-spacer\">\n\t\t\t<div class=\"elementor-spacer-inner\"><\/div>\n\t\t<\/div>\n\t\t\t\t\t\t<\/div>\n\t\t\t\t<\/div>\n\t\t\t\t\t<\/div>\n\t\t<\/div>\n\t\t\t\t\t<\/div>\n\t\t<\/section>\n\t\t\t\t<section class=\"elementor-section elementor-top-section elementor-element elementor-element-62f6b382836cc elementor-section-boxed elementor-section-height-default elementor-section-height-default\" data-id=\"62f6b382836cc\" data-element_type=\"section\" data-settings=\"{&quot;jet_parallax_layout_list&quot;:[]}\">\n\t\t\t\t\t\t<div class=\"elementor-container elementor-column-gap-no\">\n\t\t\t\t\t<div class=\"elementor-column elementor-col-100 elementor-top-column elementor-element elementor-element-62f6b382836cd\" data-id=\"62f6b382836cd\" data-element_type=\"column\">\n\t\t\t<div class=\"elementor-widget-wrap elementor-element-populated\">\n\t\t\t\t\t\t<div class=\"elementor-element elementor-element-62f6b3817389a elementor-widget elementor-widget-text-editor\" data-id=\"62f6b3817389a\" data-element_type=\"widget\" data-widget_type=\"text-editor.default\">\n\t\t\t\t<div class=\"elementor-widget-container\">\n\t\t\t\t\t\t\t\t\t<p>Chaque ann&eacute;e, &agrave; l&#8217;automne, le PS60+ vous invite &agrave; un &eacute;v&eacute;nement th&eacute;matique. Lors de ces &eacute;v&eacute;nements, des informations approfondies sont fournies sur un sujet sp&eacute;cifique, des discussions ont lieu et les positions du PS60+ dans le travail politique sont affin&eacute;es.<\/p>\n\t\t\t\t\t\t\t\t<\/div>\n\t\t\t\t<\/div>\n\t\t\t\t<div class=\"elementor-element elementor-element-62f6b381738e9 elementor-widget elementor-widget-spps_button_list\" data-id=\"62f6b381738e9\" data-element_type=\"widget\" data-widget_type=\"spps_button_list.default\">\n\t\t\t\t<div class=\"elementor-widget-container\">\n\t\t\t\t\t<div class=\"button-list-wrapper wrapper-spacing-small  \"><div class=\"button-list-title\"><h3>Conf\u00e9rence d\u2019automne du 30 octobre 2021 \u00e0 Neuch\u00e2tel<\/h3><\/div><div class=\"button-list-container\"><div class=\"button-list-items\"><div class=\"button-list-item\"><div class=\"button-wrapper \"><a href=\"https:\/\/www.sp-ps.ch\/fr\/parti\/organes-socialistes\/ps60\/ps60-conference-dautomne-du-30-octobre-2021\"  target=\"_self\" class=\"button-link button-link-default\" >Tous les documents et informations sous ce lien<span class=\"button-media-date\">19.04.2026<\/span><\/a><\/div><\/div><\/div><\/div><\/div>\t\t\t\t<\/div>\n\t\t\t\t<\/div>\n\t\t\t\t<div class=\"elementor-element elementor-element-62f6b381cde03 elementor-widget elementor-widget-spps_button_list\" data-id=\"62f6b381cde03\" data-element_type=\"widget\" data-widget_type=\"spps_button_list.default\">\n\t\t\t\t<div class=\"elementor-widget-container\">\n\t\t\t\t\t<div class=\"button-list-wrapper wrapper-spacing-small  \"><div class=\"button-list-title\"><h3>conf\u00e9rence d\u2019automne 2019 \u00e0 Aarau<\/h3><\/div><div class=\"button-list-container\"><div class=\"button-list-items\"><div class=\"button-list-item\"><div class=\"button-wrapper \"><a href=\"https:\/\/www.sp-ps.ch\/wp-content\/uploads\/2021\/01\/4_-_alain_huber_-_altersarmut_ist_unsichtbar_0_0.pdf\"  target=\"_self\" class=\"button-link button-link-default\" >Alain Huber - Vivre avec peu de moyens \u2013 La pauvret\u00e9 des personnes \u00e2g\u00e9es est invisible (en allemand)<span class=\"button-media-date\">19.04.2026<\/span><\/a><\/div><\/div><div class=\"button-list-item\"><div class=\"button-wrapper \"><a href=\"https:\/\/www.sp-ps.ch\/wp-content\/uploads\/2021\/01\/3_-_heinz_gilomen_-_les_faits-_f_0.pdf\"  target=\"_self\" class=\"button-link button-link-default\" >Heinz Gilomen - Les faits<span class=\"button-media-date\">19.04.2026<\/span><\/a><\/div><\/div><div class=\"button-list-item\"><div class=\"button-wrapper \"><a href=\"https:\/\/www.sp-ps.ch\/wp-content\/uploads\/2021\/01\/9_-_inge_schadler_-_les_exigences_du_ps60m_0.pdf\"  target=\"_self\" class=\"button-link button-link-default\" >Inge Sch\u00e4dler - Les exigences du PS60+<span class=\"button-media-date\">19.04.2026<\/span><\/a><\/div><\/div><div class=\"button-list-item\"><div class=\"button-wrapper \"><a href=\"https:\/\/www.sp-ps.ch\/wp-content\/uploads\/2021\/01\/6_-_leo_tinguely_-_la_retraite_populaire_0_0.pdf\"  target=\"_self\" class=\"button-link button-link-default\" >L\u00e9o Tinguely -Une rente pour toutes et tous \u2013 La retraite populaire<span class=\"button-media-date\">19.04.2026<\/span><\/a><\/div><\/div><div class=\"button-list-item\"><div class=\"button-wrapper \"><a href=\"https:\/\/www.sp-ps.ch\/wp-content\/uploads\/2021\/01\/1-fr_programm_0.pdf\"  target=\"_self\" class=\"button-link button-link-default\" >Programme<span class=\"button-media-date\">19.04.2026<\/span><\/a><\/div><\/div><div class=\"button-list-item\"><div class=\"button-wrapper \"><a href=\"https:\/\/www.sp-ps.ch\/wp-content\/uploads\/2021\/01\/5_-_yvonne_feri_-_le_parlement_-_ce_qui_est_necessaire_maintenant_0.pdf\"  target=\"_self\" class=\"button-link button-link-default\" >Yvonne Feri - Le Parlement - ce qui est ne\u0301cessaire maintenant<span class=\"button-media-date\">19.04.2026<\/span><\/a><\/div><\/div><div class=\"button-list-item\"><div class=\"button-wrapper \"><a href=\"https:\/\/www.sp-ps.ch\/wp-content\/uploads\/2021\/01\/resolution_4000_francs_davs_pour_toutes_et_tous_0.pdf\"  target=\"_self\" class=\"button-link button-link-default\" >r\u00e9solution : Enfin des rentes d\u00e9centes !<span class=\"button-media-date\">19.04.2026<\/span><\/a><\/div><\/div><div class=\"button-list-item\"><div class=\"button-wrapper \"><a href=\"https:\/\/youtu.be\/NTySsFwT1s4\"  target=\"_self\" class=\"button-link button-link-default\" >vid\u00e9o message de Brigitte Breisacher: Alt und gesch\u00e4tzt mit 50+ am Arbeitsplatz 4:35 min.)  ( en allemand )<span class=\"button-media-date\">19.04.2026<\/span><\/a><\/div><\/div><div class=\"button-list-item\"><div class=\"button-wrapper \"><a href=\"https:\/\/youtu.be\/R9w1GWmGX74\"  target=\"_self\" class=\"button-link button-link-default\" >vid\u00e9o message de Natascha Wey: 50 Jahre Arbeit und eine magere Rente - das muss \u00e4ndern! ( 5:57 min. ) ( en suisse allemand )<span class=\"button-media-date\">19.04.2026<\/span><\/a><\/div><\/div><\/div><\/div><\/div>\t\t\t\t<\/div>\n\t\t\t\t<\/div>\n\t\t\t\t<div class=\"elementor-element elementor-element-62f6b3827fa85 elementor-widget elementor-widget-spps_button_list\" data-id=\"62f6b3827fa85\" data-element_type=\"widget\" data-widget_type=\"spps_button_list.default\">\n\t\t\t\t<div class=\"elementor-widget-container\">\n\t\t\t\t\t<div class=\"button-list-wrapper wrapper-spacing-small  \"><div class=\"button-list-title\"><h3>Conf\u00e9rence d\u2019automne du 3 novembre 2018 \u00e0 B\u00e2le<\/h3><\/div><div class=\"button-list-container\"><div class=\"button-list-items\"><div class=\"button-list-item\"><div class=\"button-wrapper \"><a href=\"https:\/\/www.sp-ps.ch\/wp-content\/uploads\/2021\/01\/15_30_uhr_aufruf_gemutzigen_w._fordern_0.pdf\"  target=\"_self\" class=\"button-link button-link-default\" >Aufruf \u00abF\u00f6rderung gemeinn\u00fctziger Wohnungsbau\u00bb<span class=\"button-media-date\">19.04.2026<\/span><\/a><\/div><\/div><div class=\"button-list-item\"><div class=\"button-wrapper \"><a href=\"https:\/\/www.sp-ps.ch\/wp-content\/uploads\/2021\/01\/14.24.iepa_-_ps60_0_0.pdf\"  target=\"_self\" class=\"button-link button-link-default\" >IEPA<span class=\"button-media-date\">19.04.2026<\/span><\/a><\/div><\/div><div class=\"button-list-item\"><div class=\"button-wrapper \"><a href=\"https:\/\/www.sp-ps.ch\/wp-content\/uploads\/2021\/01\/14.42_kalkbreite-fb_0_0.pdf\"  target=\"_self\" class=\"button-link button-link-default\" >Kalkbreite Zurich<span class=\"button-media-date\">19.04.2026<\/span><\/a><\/div><\/div><div class=\"button-list-item\"><div class=\"button-wrapper \"><a href=\"https:\/\/www.sp-ps.ch\/wp-content\/uploads\/2021\/01\/construction_de_logements_dutilite_publique-1_0.pdf\"  target=\"_self\" class=\"button-link button-link-default\" >Papier de position<span class=\"button-media-date\">19.04.2026<\/span><\/a><\/div><\/div><div class=\"button-list-item\"><div class=\"button-wrapper \"><a href=\"https:\/\/www.sp-ps.ch\/wp-content\/uploads\/2021\/01\/programm_herbstanlass_2018-f1.pdf\"  target=\"_self\" class=\"button-link button-link-default\" >Programme<span class=\"button-media-date\">19.04.2026<\/span><\/a><\/div><\/div><div class=\"button-list-item\"><div class=\"button-wrapper \"><a href=\"https:\/\/www.sp-ps.ch\/wp-content\/uploads\/2021\/01\/prasentation_gatti_0.pdf\"  target=\"_self\" class=\"button-link button-link-default\" >Pr\u00e9sentation Gatti<span class=\"button-media-date\">19.04.2026<\/span><\/a><\/div><\/div><div class=\"button-list-item\"><div class=\"button-wrapper \"><a href=\"https:\/\/www.sp-ps.ch\/wp-content\/uploads\/2021\/01\/presentation_sommaruga_0_0.pdf\"  target=\"_self\" class=\"button-link button-link-default\" >Pr\u00e9sentation Sommaruga<span class=\"button-media-date\">19.04.2026<\/span><\/a><\/div><\/div><div class=\"button-list-item\"><div class=\"button-wrapper \"><a href=\"https:\/\/www.sp-ps.ch\/wp-content\/uploads\/2021\/01\/prasentation_vitelli__0.pdf\"  target=\"_self\" class=\"button-link button-link-default\" >Pr\u00e9sentation Vitelli<span class=\"button-media-date\">19.04.2026<\/span><\/a><\/div><\/div><div class=\"button-list-item\"><div class=\"button-wrapper \"><a href=\"https:\/\/www.sp-ps.ch\/wp-content\/uploads\/2021\/01\/resolution_wohnen_f_0_0.pdf\"  target=\"_self\" class=\"button-link button-link-default\" >R\u00e9solution \u00ab Des logements abordables pour tous \u2013 m\u00eame \u00e0 l\u2019\u00e2ge de la retraite ! \u00bb<span class=\"button-media-date\">19.04.2026<\/span><\/a><\/div><\/div><div class=\"button-list-item\"><div class=\"button-wrapper \"><a href=\"https:\/\/www.sp-ps.ch\/wp-content\/uploads\/2021\/01\/resolution_-_aide_sociale_-_oct18_-_f_0_0.pdf\"  target=\"_self\" class=\"button-link button-link-default\" >R\u00e9solution \u00ab Stop au d\u00e9mant\u00e8lement de l\u2019aide social ! \u00bb<span class=\"button-media-date\">19.04.2026<\/span><\/a><\/div><\/div><div class=\"button-list-item\"><div class=\"button-wrapper \"><a href=\"https:\/\/www.sp-ps.ch\/wp-content\/uploads\/2021\/01\/umfrage_zur_frage_2_0_0.pdf\"  target=\"_self\" class=\"button-link button-link-default\" >R\u00e9sultats question 2<span class=\"button-media-date\">19.04.2026<\/span><\/a><\/div><\/div><div class=\"button-list-item\"><div class=\"button-wrapper \"><a href=\"https:\/\/www.sp-ps.ch\/wp-content\/uploads\/2021\/01\/14.06.thurvita_wil_1.pdf\"  target=\"_self\" class=\"button-link button-link-default\" >Thuravita<span class=\"button-media-date\">19.04.2026<\/span><\/a><\/div><\/div><div class=\"button-list-item\"><div class=\"button-wrapper \"><a href=\"https:\/\/www.sp-ps.ch\/wp-content\/uploads\/2021\/01\/14.00_umfrage_bei_den_kantonalen_gruppen_zu_wohnen_im_alter_juni_-_august_2018_0_0.pdf\"  target=\"_self\" class=\"button-link button-link-default\" >Umfrage bei den kantonalen SP60+ ( que en allemand )<span class=\"button-media-date\">19.04.2026<\/span><\/a><\/div><\/div><\/div><\/div><\/div>\t\t\t\t<\/div>\n\t\t\t\t<\/div>\n\t\t\t\t\t<\/div>\n\t\t<\/div>\n\t\t\t\t\t<\/div>\n\t\t<\/section>\n\t\t\t\t<\/div>\n\t\t","protected":false},"excerpt":{"rendered":"","protected":false},"author":1,"featured_media":0,"parent":0,"menu_order":0,"comment_status":"open","ping_status":"closed","template":"","meta":{"footnotes":""},"class_list":["post-67353","page","type-page","status-publish","hentry"],"_links":{"self":[{"href":"https:\/\/www.sp-ps.ch\/fr\/wp-json\/wp\/v2\/pages\/67353","targetHints":{"allow":["GET"]}}],"collection":[{"href":"https:\/\/www.sp-ps.ch\/fr\/wp-json\/wp\/v2\/pages"}],"about":[{"href":"https:\/\/www.sp-ps.ch\/fr\/wp-json\/wp\/v2\/types\/page"}],"author":[{"embeddable":true,"href":"https:\/\/www.sp-ps.ch\/fr\/wp-json\/wp\/v2\/users\/1"}],"replies":[{"embeddable":true,"href":"https:\/\/www.sp-ps.ch\/fr\/wp-json\/wp\/v2\/comments?post=67353"}],"version-history":[{"count":0,"href":"https:\/\/www.sp-ps.ch\/fr\/wp-json\/wp\/v2\/pages\/67353\/revisions"}],"wp:attachment":[{"href":"https:\/\/www.sp-ps.ch\/fr\/wp-json\/wp\/v2\/media?parent=67353"}],"curies":[{"name":"wp","href":"https:\/\/api.w.org\/{rel}","templated":true}]}}