{"id":67358,"date":"2021-11-09T00:00:00","date_gmt":"2021-11-08T23:00:00","guid":{"rendered":"https:\/\/test.sp-ps.ch\/ps60-conference-des-membres-du-11-juin-2022\/"},"modified":"2022-11-25T01:26:03","modified_gmt":"2022-11-25T00:26:03","slug":"ps60-conference-des-membres-du-11-juin-2022","status":"publish","type":"page","link":"https:\/\/www.sp-ps.ch\/fr\/parti\/ps-60\/ps60-conference-des-membres-du-11-juin-2022\/","title":{"rendered":"PS60+ Conf\u00e9rence des membres du 11 juin 2022"},"content":{"rendered":"\t\t<div data-elementor-type=\"wp-post\" data-elementor-id=\"67358\" class=\"elementor elementor-67358\" data-elementor-post-type=\"page\">\n\t\t\t\t\t\t<section class=\"elementor-section elementor-top-section elementor-element elementor-element-62f6b38ad23aa elementor-section-boxed elementor-section-height-default elementor-section-height-default\" data-id=\"62f6b38ad23aa\" data-element_type=\"section\" data-settings=\"{&quot;jet_parallax_layout_list&quot;:[],&quot;background_background&quot;:&quot;classic&quot;}\">\n\t\t\t\t\t\t<div class=\"elementor-container elementor-column-gap-wide\">\n\t\t\t\t\t<div class=\"elementor-column elementor-col-100 elementor-top-column elementor-element elementor-element-62f6b38ad23ab\" data-id=\"62f6b38ad23ab\" data-element_type=\"column\">\n\t\t\t<div class=\"elementor-widget-wrap elementor-element-populated\">\n\t\t\t\t\t\t<div class=\"elementor-element elementor-element-62f6b38ad231e elementor-widget elementor-widget-heading\" data-id=\"62f6b38ad231e\" data-element_type=\"widget\" data-widget_type=\"heading.default\">\n\t\t\t\t<div class=\"elementor-widget-container\">\n\t\t\t\t\t<h1 class=\"elementor-heading-title elementor-size-default\">PS60+ Conf\u00e9rence des membres du 11 juin 2022<\/h1>\t\t\t\t<\/div>\n\t\t\t\t<\/div>\n\t\t\t\t<div class=\"elementor-element elementor-element-62f6b38ad2391 elementor-widget elementor-widget-jet-breadcrumbs\" data-id=\"62f6b38ad2391\" data-element_type=\"widget\" data-widget_type=\"jet-breadcrumbs.default\">\n\t\t\t\t<div class=\"elementor-widget-container\">\n\t\t\t\t\t<div class=\"elementor-jet-breadcrumbs jet-blocks\">\n\t\t<div class=\"jet-breadcrumbs\">\n\t\t<div class=\"jet-breadcrumbs__content\">\n\t\t<div class=\"jet-breadcrumbs__wrap\">\n\t\t<\/div>\n\t\t<\/div>\n\t\t<\/div><\/div>\t\t\t\t<\/div>\n\t\t\t\t<\/div>\n\t\t\t\t\t<\/div>\n\t\t<\/div>\n\t\t\t\t\t<\/div>\n\t\t<\/section>\n\t\t\t\t<section class=\"elementor-section elementor-top-section elementor-element elementor-element-62f6b38ad23ad elementor-section-boxed elementor-section-height-default elementor-section-height-default\" data-id=\"62f6b38ad23ad\" data-element_type=\"section\" data-settings=\"{&quot;jet_parallax_layout_list&quot;:[]}\">\n\t\t\t\t\t\t<div class=\"elementor-container elementor-column-gap-default\">\n\t\t\t\t\t<div class=\"elementor-column elementor-col-100 elementor-top-column elementor-element elementor-element-62f6b38ad23ae\" data-id=\"62f6b38ad23ae\" data-element_type=\"column\">\n\t\t\t<div class=\"elementor-widget-wrap elementor-element-populated\">\n\t\t\t\t\t\t<div class=\"elementor-element elementor-element-62f6b38ad23af elementor-widget elementor-widget-spacer\" data-id=\"62f6b38ad23af\" data-element_type=\"widget\" data-widget_type=\"spacer.default\">\n\t\t\t\t<div class=\"elementor-widget-container\">\n\t\t\t\t\t\t\t<div class=\"elementor-spacer\">\n\t\t\t<div class=\"elementor-spacer-inner\"><\/div>\n\t\t<\/div>\n\t\t\t\t\t\t<\/div>\n\t\t\t\t<\/div>\n\t\t\t\t\t<\/div>\n\t\t<\/div>\n\t\t\t\t\t<\/div>\n\t\t<\/section>\n\t\t\t\t<section class=\"elementor-section elementor-top-section elementor-element elementor-element-62f6b38ad23b1 elementor-section-boxed elementor-section-height-default elementor-section-height-default\" data-id=\"62f6b38ad23b1\" data-element_type=\"section\" data-settings=\"{&quot;jet_parallax_layout_list&quot;:[]}\">\n\t\t\t\t\t\t<div class=\"elementor-container elementor-column-gap-no\">\n\t\t\t\t\t<div class=\"elementor-column elementor-col-100 elementor-top-column elementor-element elementor-element-62f6b38ad23b2\" data-id=\"62f6b38ad23b2\" data-element_type=\"column\">\n\t\t\t<div class=\"elementor-widget-wrap elementor-element-populated\">\n\t\t\t\t\t\t<div class=\"elementor-element elementor-element-62f6b38a58a96 elementor-widget elementor-widget-text-editor\" data-id=\"62f6b38a58a96\" data-element_type=\"widget\" data-widget_type=\"text-editor.default\">\n\t\t\t\t<div class=\"elementor-widget-container\">\n\t\t\t\t\t\t\t\t\t<h2>Politique \u00e9conomique\u00a0: pas sans justice fiscale\u00a0!<\/h2><p><strong>Conf\u00e9rence des membres du<\/strong>\u00a0<strong>samedi 11 juin 2022,<br \/>10h45 \u2013 16h00, H\u00f4tel National, Hirschengraben 24, Berne<\/strong><\/p><p>L&#8217;accent a \u00e9t\u00e9 mis sur la mani\u00e8re dont nous pouvons mettre un terme \u00e0 l\u2019insolente politique de redistribution qui offre des cadeaux fiscaux aux privil\u00e9gi\u00e9s et proc\u00e8de au d\u00e9mant\u00e8lement social \u00e0 l\u2019encontre de la majorit\u00e9 de la population.\u00a0<\/p><p>Pour toute question, veuillez envoyer un courriel \u00e0\u00a0<a href=\"mailto:60plus@pssuisse.ch?subject=Question\">60plus@pssuisse.ch<\/a><\/p>\t\t\t\t\t\t\t\t<\/div>\n\t\t\t\t<\/div>\n\t\t\t\t<div class=\"elementor-element elementor-element-62f6b38a99ae1 elementor-widget elementor-widget-spps_button_list\" data-id=\"62f6b38a99ae1\" data-element_type=\"widget\" data-widget_type=\"spps_button_list.default\">\n\t\t\t\t<div class=\"elementor-widget-container\">\n\t\t\t\t\t<div class=\"button-list-wrapper wrapper-spacing-small  \"><div class=\"button-list-title\"><h3>Pr\u00e9sentations et r\u00e9sultats de la Conf\u00e9rence des membres <\/h3><\/div><div class=\"button-list-container\"><div class=\"button-list-items\"><div class=\"button-list-item\"><div class=\"button-wrapper \"><a href=\"https:\/\/www.sp-ps.ch\/fr\/publications\/communiques-de-presse\/des-rentes-avs-plus-elevees-et-non-des-privileges-fiscaux-pour\"  target=\"_self\" class=\"button-link button-link-default\" >Comuniqu\u00e9 de presse du 11\/06\/2022<span class=\"button-media-date\">15.04.2026<\/span><\/a><\/div><\/div><div class=\"button-list-item\"><div class=\"button-wrapper \"><a href=\"https:\/\/www.sp-ps.ch\/wp-content\/uploads\/2021\/11\/discours_christine_goll_fr_ali-def.pdf\"  target=\"_self\" class=\"button-link button-link-default\" >Discours de Christine Goll <span class=\"button-media-date\">15.04.2026<\/span><\/a><\/div><\/div><div class=\"button-list-item\"><div class=\"button-wrapper \"><a href=\"https:\/\/sp-ps.ch\/de\/ahv21nein\"  target=\"_self\" class=\"button-link button-link-default\" >Groupe whatsapp AVS 21 ( bilingue)<span class=\"button-media-date\">15.04.2026<\/span><\/a><\/div><\/div><div class=\"button-list-item\"><div class=\"button-wrapper \"><a href=\"https:\/\/www.sp-ps.ch\/wp-content\/uploads\/2021\/11\/1-prasentation-david-gallusser_0.pdf\"  target=\"_self\" class=\"button-link button-link-default\" >Pr\u00e9sentation de David Gallusser (en allemand)<span class=\"button-media-date\">15.04.2026<\/span><\/a><\/div><\/div><div class=\"button-list-item\"><div class=\"button-wrapper \"><a href=\"https:\/\/www.sp-ps.ch\/wp-content\/uploads\/2021\/11\/3-prasentation-kaya-pawlowska-2seiten_0.pdf\"  target=\"_self\" class=\"button-link button-link-default\" >Pr\u00e9sentation de Kaya Pawlowska sur la campagne de votation \u00ab NON \u00e0 AVS 21 \u00bb <span class=\"button-media-date\">15.04.2026<\/span><\/a><\/div><\/div><div class=\"button-list-item\"><div class=\"button-wrapper \"><a href=\"https:\/\/www.sp-ps.ch\/wp-content\/uploads\/2021\/11\/2-prasentation-ronja-jansen-v2-2seiten.pdf\"  target=\"_self\" class=\"button-link button-link-default\" >Pr\u00e9sentation de Ronja Jansen ( en allemend )<span class=\"button-media-date\">15.04.2026<\/span><\/a><\/div><\/div><div class=\"button-list-item\"><div class=\"button-wrapper \"><a href=\"https:\/\/www.sp-ps.ch\/wp-content\/uploads\/2021\/11\/resolutionmk2022_fr-ali-def_0.pdf\"  target=\"_self\" class=\"button-link button-link-default\" >R\u00e9solution adopt\u00e9e lors de la Conf\u00e9rence des membres du 11.06.2022<span class=\"button-media-date\">15.04.2026<\/span><\/a><\/div><\/div><div class=\"button-list-item\"><div class=\"button-wrapper \"><a href=\"https:\/\/www.sp-ps.ch\/de\/gallery\/fotos-mitgliederkonferenz-sp60-2022-photos-conference-des-membres-ps60\"  target=\"_self\" class=\"button-link button-link-default\" >Vide\u00e9o et galerie de photos<span class=\"button-media-date\">15.04.2026<\/span><\/a><\/div><\/div><div class=\"button-list-item\"><div class=\"button-wrapper \"><a href=\"https:\/\/milliards-bns.ch\/\"  target=\"_self\" class=\"button-link button-link-default\" >l'initiative populaire \u00ab Renforcer l\u2019AVS avec les b\u00e9n\u00e9fices de la Banque nationale \u00bb \u2013 signer en ligne<span class=\"button-media-date\">15.04.2026<\/span><\/a><\/div><\/div><\/div><\/div><\/div>\t\t\t\t<\/div>\n\t\t\t\t<\/div>\n\t\t\t\t<div class=\"elementor-element elementor-element-62f6b38aa6734 elementor-widget elementor-widget-spps_button_list\" data-id=\"62f6b38aa6734\" data-element_type=\"widget\" data-widget_type=\"spps_button_list.default\">\n\t\t\t\t<div class=\"elementor-widget-container\">\n\t\t\t\t\t<div class=\"button-list-wrapper wrapper-spacing-small  \"><div class=\"button-list-title\"><h3>Programme et documents pour la conf\u00e9rence des membres<\/h3><\/div><div class=\"button-list-container\"><div class=\"button-list-items\"><div class=\"button-list-item\"><div class=\"button-wrapper \"><a href=\"https:\/\/www.sp-ps.ch\/wp-content\/uploads\/2021\/11\/mk-20220611-traktanden-2versand-fra-def.pdf\"  target=\"_self\" class=\"button-link button-link-default\" >Programme et ordre du jour de la conf\u00e9rence des membres du 11 juin 2022 ( Mise \u00e0 jour: 23\/05\/2022 )<span class=\"button-media-date\">15.04.2026<\/span><\/a><\/div><\/div><\/div><\/div><\/div>\t\t\t\t<\/div>\n\t\t\t\t<\/div>\n\t\t\t\t<div class=\"elementor-element elementor-element-62f6b38ace73b elementor-widget elementor-widget-spps_button_list\" data-id=\"62f6b38ace73b\" data-element_type=\"widget\" data-widget_type=\"spps_button_list.default\">\n\t\t\t\t<div class=\"elementor-widget-container\">\n\t\t\t\t\t<div class=\"button-list-wrapper wrapper-spacing-small  \"><div class=\"button-list-title\"><h3>Documents relatifs aux affaires statutaires<\/h3><\/div><div class=\"button-list-container\"><div class=\"button-list-items\"><div class=\"button-list-item\"><div class=\"button-wrapper \"><a href=\"https:\/\/www.sp-ps.ch\/wp-content\/uploads\/2021\/11\/t6-protokoll-mk-2021-def_fr_ali_kopie.pdf\"  target=\"_self\" class=\"button-link button-link-default\" >Proc\u00e8s-verbal de la Conf\u00e9rence des membres du 12.06.2021<span class=\"button-media-date\">15.04.2026<\/span><\/a><\/div><\/div><div class=\"button-list-item\"><div class=\"button-wrapper \"><a href=\"https:\/\/www.sp-ps.ch\/wp-content\/uploads\/2021\/11\/jahresbericht-mk_2021_fr_ali-def.pdf\"  target=\"_self\" class=\"button-link button-link-default\" >Rapport annuel 2021<span class=\"button-media-date\">15.04.2026<\/span><\/a><\/div><\/div><div class=\"button-list-item\"><div class=\"button-wrapper \"><a href=\"https:\/\/www.sp-ps.ch\/wp-content\/uploads\/2021\/11\/reglement-mk2022-version-19-05-2022.pdf\"  target=\"_self\" class=\"button-link button-link-default\" >R\u00e8glement interne et des votes<span class=\"button-media-date\">15.04.2026<\/span><\/a><\/div><\/div><\/div><\/div><\/div>\t\t\t\t<\/div>\n\t\t\t\t<\/div>\n\t\t\t\t\t<\/div>\n\t\t<\/div>\n\t\t\t\t\t<\/div>\n\t\t<\/section>\n\t\t\t\t<\/div>\n\t\t","protected":false},"excerpt":{"rendered":"<p>PS60+ Conf\u00e9rence des membres du 11 juin 2022 Politique \u00e9conomique&nbsp;: pas sans justice fiscale&nbsp;! Conf\u00e9rence des membres du&nbsp;samedi 11 juin 2022, 10h45 \u2013 16h00, H\u00f4tel National, Hirschengraben 24, Berne L&#8217;accent [&hellip;]<\/p>\n","protected":false},"author":1,"featured_media":64753,"parent":30479,"menu_order":0,"comment_status":"open","ping_status":"closed","template":"","meta":{"footnotes":""},"class_list":["post-67358","page","type-page","status-publish","has-post-thumbnail","hentry"],"_links":{"self":[{"href":"https:\/\/www.sp-ps.ch\/fr\/wp-json\/wp\/v2\/pages\/67358","targetHints":{"allow":["GET"]}}],"collection":[{"href":"https:\/\/www.sp-ps.ch\/fr\/wp-json\/wp\/v2\/pages"}],"about":[{"href":"https:\/\/www.sp-ps.ch\/fr\/wp-json\/wp\/v2\/types\/page"}],"author":[{"embeddable":true,"href":"https:\/\/www.sp-ps.ch\/fr\/wp-json\/wp\/v2\/users\/1"}],"replies":[{"embeddable":true,"href":"https:\/\/www.sp-ps.ch\/fr\/wp-json\/wp\/v2\/comments?post=67358"}],"version-history":[{"count":5,"href":"https:\/\/www.sp-ps.ch\/fr\/wp-json\/wp\/v2\/pages\/67358\/revisions"}],"predecessor-version":[{"id":86120,"href":"https:\/\/www.sp-ps.ch\/fr\/wp-json\/wp\/v2\/pages\/67358\/revisions\/86120"}],"up":[{"embeddable":true,"href":"https:\/\/www.sp-ps.ch\/fr\/wp-json\/wp\/v2\/pages\/30479"}],"wp:featuredmedia":[{"embeddable":true,"href":"https:\/\/www.sp-ps.ch\/fr\/wp-json\/wp\/v2\/media\/64753"}],"wp:attachment":[{"href":"https:\/\/www.sp-ps.ch\/fr\/wp-json\/wp\/v2\/media?parent=67358"}],"curies":[{"name":"wp","href":"https:\/\/api.w.org\/{rel}","templated":true}]}}