{"id":67367,"date":"2016-12-01T00:00:00","date_gmt":"2016-11-30T23:00:00","guid":{"rendered":"https:\/\/test.sp-ps.ch\/manuels-de-section\/"},"modified":"2023-11-14T15:34:57","modified_gmt":"2023-11-14T14:34:57","slug":"manuels-des-sections","status":"publish","type":"page","link":"https:\/\/www.sp-ps.ch\/fr\/manuels-des-sections\/","title":{"rendered":"Manuels des sections"},"content":{"rendered":"\t\t<div data-elementor-type=\"wp-post\" data-elementor-id=\"67367\" class=\"elementor elementor-67367 elementor-66886\" data-elementor-post-type=\"page\">\n\t\t\t\t\t\t<section class=\"elementor-section elementor-top-section elementor-element elementor-element-62f6b0a44d10e elementor-section-boxed elementor-section-height-default elementor-section-height-default\" data-id=\"62f6b0a44d10e\" data-element_type=\"section\" data-settings=\"{&quot;jet_parallax_layout_list&quot;:[],&quot;background_background&quot;:&quot;classic&quot;}\">\n\t\t\t\t\t\t<div class=\"elementor-container elementor-column-gap-wide\">\n\t\t\t\t\t<div class=\"elementor-column elementor-col-100 elementor-top-column elementor-element elementor-element-62f6b0a44d110\" data-id=\"62f6b0a44d110\" data-element_type=\"column\">\n\t\t\t<div class=\"elementor-widget-wrap elementor-element-populated\">\n\t\t\t\t\t\t<div class=\"elementor-element elementor-element-62f6b0a44d070 elementor-widget elementor-widget-heading\" data-id=\"62f6b0a44d070\" data-element_type=\"widget\" data-widget_type=\"heading.default\">\n\t\t\t\t<div class=\"elementor-widget-container\">\n\t\t\t\t\t<h1 class=\"elementor-heading-title elementor-size-default\">Manuels des sections<\/h1>\t\t\t\t<\/div>\n\t\t\t\t<\/div>\n\t\t\t\t<div class=\"elementor-element elementor-element-62f6b0a44d0f7 elementor-widget elementor-widget-jet-breadcrumbs\" data-id=\"62f6b0a44d0f7\" data-element_type=\"widget\" data-widget_type=\"jet-breadcrumbs.default\">\n\t\t\t\t<div class=\"elementor-widget-container\">\n\t\t\t\t\t<div class=\"elementor-jet-breadcrumbs jet-blocks\">\n\t\t<div class=\"jet-breadcrumbs\">\n\t\t<div class=\"jet-breadcrumbs__content\">\n\t\t<div class=\"jet-breadcrumbs__wrap\">\n\t\t<\/div>\n\t\t<\/div>\n\t\t<\/div><\/div>\t\t\t\t<\/div>\n\t\t\t\t<\/div>\n\t\t\t\t\t<\/div>\n\t\t<\/div>\n\t\t\t\t\t<\/div>\n\t\t<\/section>\n\t\t\t\t<section class=\"elementor-section elementor-top-section elementor-element elementor-element-62f6b0a44d112 elementor-section-boxed elementor-section-height-default elementor-section-height-default\" data-id=\"62f6b0a44d112\" data-element_type=\"section\" data-settings=\"{&quot;jet_parallax_layout_list&quot;:[]}\">\n\t\t\t\t\t\t<div class=\"elementor-container elementor-column-gap-default\">\n\t\t\t\t\t<div class=\"elementor-column elementor-col-100 elementor-top-column elementor-element elementor-element-62f6b0a44d113\" data-id=\"62f6b0a44d113\" data-element_type=\"column\">\n\t\t\t<div class=\"elementor-widget-wrap elementor-element-populated\">\n\t\t\t\t\t\t<div class=\"elementor-element elementor-element-83523f0 elementor-widget elementor-widget-spacer\" data-id=\"83523f0\" data-element_type=\"widget\" data-widget_type=\"spacer.default\">\n\t\t\t\t<div class=\"elementor-widget-container\">\n\t\t\t\t\t\t\t<div class=\"elementor-spacer\">\n\t\t\t<div class=\"elementor-spacer-inner\"><\/div>\n\t\t<\/div>\n\t\t\t\t\t\t<\/div>\n\t\t\t\t<\/div>\n\t\t\t\t\t<\/div>\n\t\t<\/div>\n\t\t\t\t\t<\/div>\n\t\t<\/section>\n\t\t\t\t<section class=\"elementor-section elementor-top-section elementor-element elementor-element-62f6b0a44d116 elementor-section-boxed elementor-section-height-default elementor-section-height-default\" data-id=\"62f6b0a44d116\" data-element_type=\"section\" data-settings=\"{&quot;jet_parallax_layout_list&quot;:[]}\">\n\t\t\t\t\t\t<div class=\"elementor-container elementor-column-gap-no\">\n\t\t\t\t\t<div class=\"elementor-column elementor-col-100 elementor-top-column elementor-element elementor-element-62f6b0a44d117\" data-id=\"62f6b0a44d117\" data-element_type=\"column\">\n\t\t\t<div class=\"elementor-widget-wrap elementor-element-populated\">\n\t\t\t\t\t\t<div class=\"elementor-element elementor-element-62f6b0a2e1e33 elementor-widget elementor-widget-text-editor\" data-id=\"62f6b0a2e1e33\" data-element_type=\"widget\" data-widget_type=\"text-editor.default\">\n\t\t\t\t<div class=\"elementor-widget-container\">\n\t\t\t\t\t\t\t\t\t<p>Les <strong>manuels des sections<\/strong> sont des guides pr\u00e9cieux pour le travail politique important dans les sections. Tu peux les commander gratuitement ici <a href=\"mailto:info@pssuisse.ch\">info@pssuisse.ch<\/a><\/p>\n\t\t\t\t\t\t\t\t<\/div>\n\t\t\t\t<\/div>\n\t\t\t\t<div class=\"elementor-element elementor-element-62f6b0a333661 elementor-widget elementor-widget-spps_button_list\" data-id=\"62f6b0a333661\" data-element_type=\"widget\" data-widget_type=\"spps_button_list.default\">\n\t\t\t\t<div class=\"elementor-widget-container\">\n\t\t\t\t\t<div class=\"button-list-wrapper wrapper-spacing-small  \"><div class=\"button-list-title\"><h3>Manuels des sections disponibles<\/h3><\/div><div class=\"button-list-container\"><div class=\"button-list-items\"><div class=\"button-list-item\"><div class=\"button-wrapper \"><a href=\"https:\/\/www.sp-ps.ch\/fr\/manuels-des-sections\/1-travail-des-sections\/\"  target=\"_self\" class=\"button-link button-link-default\" >Manuel 1 \u00ab Travail des sections \u00bb<span class=\"button-media-date\">14.04.2026<\/span><\/a><\/div><\/div><div class=\"button-list-item\"><div class=\"button-wrapper \"><a href=\"https:\/\/www.sp-ps.ch\/fr\/manuels-des-sections\/2-campagnes-et-communication\/\"  target=\"_self\" class=\"button-link button-link-default\" >Manuel 2 \u00ab Campagnes et communication \u00bb<span class=\"button-media-date\">14.04.2026<\/span><\/a><\/div><\/div><div class=\"button-list-item\"><div class=\"button-wrapper \"><a href=\"https:\/\/www.sp-ps.ch\/fr\/manuels-des-sections\/3-membres\/\"  target=\"_self\" class=\"button-link button-link-default\" >Manuel 3 \u00ab Membres \u00bb<span class=\"button-media-date\">14.04.2026<\/span><\/a><\/div><\/div><div class=\"button-list-item\"><div class=\"button-wrapper \"><a href=\"https:\/\/www.sp-ps.ch\/fr\/manuels-des-sections\/4-egalite\/\"  target=\"_self\" class=\"button-link button-link-default\" >Manuel 4 \u00ab \u00c9galit\u00e9 dans les sections \u00bb<span class=\"button-media-date\">14.04.2026<\/span><\/a><\/div><\/div><div class=\"button-list-item\"><div class=\"button-wrapper \"><a href=\"https:\/\/www.sp-ps.ch\/fr\/manuels-des-sections\/5-campagnes-electorales\/\"  target=\"_self\" class=\"button-link button-link-default\" >Manuel 5 \u00ab Campagnes \u00e9lectorales \u00bb<span class=\"button-media-date\">14.04.2026<\/span><\/a><\/div><\/div><div class=\"button-list-item\"><div class=\"button-wrapper \"><a href=\"https:\/\/www.sp-ps.ch\/fr\/manuels-des-sections\/6-protection-des-donnees\/\"  target=\"_self\" class=\"button-link button-link-default\" >Manuel 6 \u00ab Protection des donn\u00e9es \u00bb<span class=\"button-media-date\">14.04.2026<\/span><\/a><\/div><\/div><\/div><\/div><\/div>\t\t\t\t<\/div>\n\t\t\t\t<\/div>\n\t\t\t\t\t<\/div>\n\t\t<\/div>\n\t\t\t\t\t<\/div>\n\t\t<\/section>\n\t\t\t\t<\/div>\n\t\t","protected":false},"excerpt":{"rendered":"<p>Les manuels de section sont con\u00e7us pour vous guider dans votre travail politique quotidien, vous donner des id\u00e9es ou encore de &#8220;bonnes pratiques&#8221; en mati\u00e8re de gestion de section. Vous pouvez les t\u00e9l\u00e9charger ici.<\/p>\n","protected":false},"author":23,"featured_media":0,"parent":0,"menu_order":0,"comment_status":"open","ping_status":"closed","template":"","meta":{"footnotes":""},"class_list":["post-67367","page","type-page","status-publish","hentry"],"_links":{"self":[{"href":"https:\/\/www.sp-ps.ch\/fr\/wp-json\/wp\/v2\/pages\/67367","targetHints":{"allow":["GET"]}}],"collection":[{"href":"https:\/\/www.sp-ps.ch\/fr\/wp-json\/wp\/v2\/pages"}],"about":[{"href":"https:\/\/www.sp-ps.ch\/fr\/wp-json\/wp\/v2\/types\/page"}],"author":[{"embeddable":true,"href":"https:\/\/www.sp-ps.ch\/fr\/wp-json\/wp\/v2\/users\/23"}],"replies":[{"embeddable":true,"href":"https:\/\/www.sp-ps.ch\/fr\/wp-json\/wp\/v2\/comments?post=67367"}],"version-history":[{"count":34,"href":"https:\/\/www.sp-ps.ch\/fr\/wp-json\/wp\/v2\/pages\/67367\/revisions"}],"predecessor-version":[{"id":118205,"href":"https:\/\/www.sp-ps.ch\/fr\/wp-json\/wp\/v2\/pages\/67367\/revisions\/118205"}],"wp:attachment":[{"href":"https:\/\/www.sp-ps.ch\/fr\/wp-json\/wp\/v2\/media?parent=67367"}],"curies":[{"name":"wp","href":"https:\/\/api.w.org\/{rel}","templated":true}]}}